{"id":96888,"date":"2025-04-24T13:59:07","date_gmt":"2025-04-24T11:59:08","guid":{"rendered":"https:\/\/www.kamadobbq.be\/?post_type=product&#038;p=96888"},"modified":"2026-03-10T22:20:16","modified_gmt":"2026-03-10T21:20:16","slug":"masterbuilt-plaque-de-cuisson-en-fonte-reversible","status":"publish","type":"product","link":"https:\/\/www.kamadobbq.be\/fr\/shop\/masterbuilt-fr\/masterbuilt-plaque-de-cuisson-en-fonte-reversible\/","title":{"rendered":"Masterbuilt Plaque de Cuisson en Fonte R\u00e9versible"},"content":{"rendered":"<p>Con\u00e7ue pour s&#8217;adapter parfaitement aux mod\u00e8les Masterbuilt Gravity Series 600, Gravity XT et AutoIgnite 545, cette plaque robuste offre une chaleur uniforme et une grande surface de cuisson.<\/p>\n<p>Son design r\u00e9versible \u2013 une face plate et une face stri\u00e9e \u2013 vous permet de cuisiner une grande vari\u00e9t\u00e9 de plats : \u0153ufs, pancakes, burgers, fajitas et bien plus.<\/p>\n<p>&nbsp;<\/p>\n<h2>Caract\u00e9ristiques<\/h2>\n<p><strong>Polyvalence ultime<\/strong> Cuisez, saisissez, fumez et grillez sur une seule plaque.<br \/>\n<strong>Design r\u00e9versible<\/strong> Face plate pour les d\u00e9jeuners, face stri\u00e9e pour les viandes grill\u00e9es.<br \/>\n<strong>Surface pr\u00e9-assaisonn\u00e9e<\/strong> Antiadh\u00e9sive naturelle, pr\u00eate \u00e0 l\u2019emploi.<br \/>\n<strong>Nettoyage facile<\/strong> Avec ouverture pour \u00e9vacuer la graisse pendant la cuisson.<br \/>\n<strong>Installation rapide<\/strong> Remplacez une grille par la plaque.<br \/>\n<strong>Compatible avec<\/strong> <a href=\"https:\/\/www.kamadobbq.be\/fr\/shop\/masterbuilt-fr\/masterbuilt-gravity-series-600\/\" target=\"_blank\" rel=\"noopener\">Gravity Series 600<\/a>, <a href=\"https:\/\/www.kamadobbq.be\/fr\/shop\/masterbuilt-fr\/masterbuilt-gravity-series-xt\/\" target=\"_blank\" rel=\"noopener\">Gravity Series XT<\/a> &amp; <a href=\"https:\/\/www.kamadobbq.be\/fr\/shop\/masterbuilt-fr\/masterbuilt-autoignite-series-545\/\" target=\"_blank\" rel=\"noopener\">AutoIgnite Series 545<\/a>.<br \/>\n<strong>Surface de cuisson<\/strong> 160 cm\u00b2<br \/>\n<strong>Dimensions<\/strong> 42 cm \u00d7 25,5 cm<br \/>\n<strong>Mat\u00e9riau<\/strong> Fonte<\/p>\n<p>&nbsp;<\/p>\n<p>Lib\u00e9rez tout le potentiel de votre barbecue dans votre propre jardin!<\/p>\n","protected":false},"excerpt":{"rendered":"<p>Transformez votre BBQ en cuisine ext\u00e9rieure polyvalente.<\/p>\n<p>Avec l\u2019insertion de plaque de cuisson en fonte r\u00e9versible, donnez une nouvelle dimension \u00e0 vos cuissons au charbon.<\/p>\n<p>&nbsp;<\/p>\n","protected":false},"featured_media":96891,"template":"","meta":{"_acf_changed":false,"_et_pb_use_builder":"","_et_pb_old_content":"","_et_gb_content_width":""},"product_brand":[],"product_cat":[1120],"product_tag":[],"class_list":{"0":"post-96888","1":"product","2":"type-product","3":"status-publish","4":"has-post-thumbnail","6":"product_cat-masterbuilt-fr","8":"first","9":"instock","10":"taxable","11":"shipping-taxable","12":"purchasable","13":"product-type-simple"},"acf":[],"yoast_head":"<!-- This site is optimized with the Yoast SEO Premium plugin v25.4 (Yoast SEO v25.4) - https:\/\/yoast.com\/wordpress\/plugins\/seo\/ -->\n<title>Plaque de Cuisson en Fonte R\u00e9versible \u2013 Pour BBQ Masterbuilt<\/title>\n<meta name=\"description\" content=\"Plaque en fonte pour barbecue Masterbuilt. Surface r\u00e9versible pour petit-d\u00e9j, viandes, l\u00e9gumes. Facile \u00e0 installer et \u00e0 nettoyer. Pour 545, 600 et XT.\" \/>\n<meta name=\"robots\" content=\"index, follow, max-snippet:-1, max-image-preview:large, max-video-preview:-1\" \/>\n<link rel=\"canonical\" href=\"https:\/\/www.kamadobbq.be\/fr\/shop\/masterbuilt-fr\/masterbuilt-plaque-de-cuisson-en-fonte-reversible\/\" \/>\n<meta property=\"og:locale\" content=\"fr_FR\" \/>\n<meta property=\"og:type\" content=\"article\" \/>\n<meta property=\"og:title\" content=\"Plaque de Cuisson en Fonte R\u00e9versible \u2013 Pour BBQ Masterbuilt\" \/>\n<meta property=\"og:description\" content=\"Plaque en fonte pour barbecue Masterbuilt. Surface r\u00e9versible pour petit-d\u00e9j, viandes, l\u00e9gumes. Facile \u00e0 installer et \u00e0 nettoyer. Pour 545, 600 et XT.\" \/>\n<meta property=\"og:url\" content=\"https:\/\/www.kamadobbq.be\/fr\/shop\/masterbuilt-fr\/masterbuilt-plaque-de-cuisson-en-fonte-reversible\/\" \/>\n<meta property=\"og:site_name\" content=\"Kamado BBQ | De Kamado &amp; BBQ Specialist!\" \/>\n<meta property=\"article:publisher\" content=\"https:\/\/www.facebook.com\/KamadoBBQ\/\" \/>\n<meta property=\"article:modified_time\" content=\"2026-03-10T21:20:16+00:00\" \/>\n<meta property=\"og:image\" content=\"https:\/\/www.kamadobbq.be\/wp-content\/uploads\/2025\/04\/Masterbuilt-Bakplaat-inzetstuk.png\" \/>\n\t<meta property=\"og:image:width\" content=\"1000\" \/>\n\t<meta property=\"og:image:height\" content=\"1000\" \/>\n\t<meta property=\"og:image:type\" content=\"image\/png\" \/>\n<meta name=\"twitter:card\" content=\"summary_large_image\" \/>\n<meta name=\"twitter:label1\" content=\"Est. reading time\" \/>\n\t<meta name=\"twitter:data1\" content=\"1 minute\" \/>\n<script type=\"application\/ld+json\" class=\"yoast-schema-graph\">{\"@context\":\"https:\/\/schema.org\",\"@graph\":[{\"@type\":\"WebPage\",\"@id\":\"https:\/\/www.kamadobbq.be\/fr\/shop\/masterbuilt-fr\/masterbuilt-plaque-de-cuisson-en-fonte-reversible\/\",\"url\":\"https:\/\/www.kamadobbq.be\/fr\/shop\/masterbuilt-fr\/masterbuilt-plaque-de-cuisson-en-fonte-reversible\/\",\"name\":\"Plaque de Cuisson en Fonte R\u00e9versible \u2013 Pour BBQ Masterbuilt\",\"isPartOf\":{\"@id\":\"https:\/\/www.kamadobbq.be\/fr\/#website\"},\"primaryImageOfPage\":{\"@id\":\"https:\/\/www.kamadobbq.be\/fr\/shop\/masterbuilt-fr\/masterbuilt-plaque-de-cuisson-en-fonte-reversible\/#primaryimage\"},\"image\":{\"@id\":\"https:\/\/www.kamadobbq.be\/fr\/shop\/masterbuilt-fr\/masterbuilt-plaque-de-cuisson-en-fonte-reversible\/#primaryimage\"},\"thumbnailUrl\":\"https:\/\/www.kamadobbq.be\/wp-content\/uploads\/2025\/04\/Masterbuilt-Bakplaat-inzetstuk.png\",\"datePublished\":\"2025-04-24T11:59:08+00:00\",\"dateModified\":\"2026-03-10T21:20:16+00:00\",\"description\":\"Plaque en fonte pour barbecue Masterbuilt. Surface r\u00e9versible pour petit-d\u00e9j, viandes, l\u00e9gumes. Facile \u00e0 installer et \u00e0 nettoyer. Pour 545, 600 et XT.\",\"breadcrumb\":{\"@id\":\"https:\/\/www.kamadobbq.be\/fr\/shop\/masterbuilt-fr\/masterbuilt-plaque-de-cuisson-en-fonte-reversible\/#breadcrumb\"},\"inLanguage\":\"fr-BE\",\"potentialAction\":[{\"@type\":\"ReadAction\",\"target\":[\"https:\/\/www.kamadobbq.be\/fr\/shop\/masterbuilt-fr\/masterbuilt-plaque-de-cuisson-en-fonte-reversible\/\"]}]},{\"@type\":\"ImageObject\",\"inLanguage\":\"fr-BE\",\"@id\":\"https:\/\/www.kamadobbq.be\/fr\/shop\/masterbuilt-fr\/masterbuilt-plaque-de-cuisson-en-fonte-reversible\/#primaryimage\",\"url\":\"https:\/\/www.kamadobbq.be\/wp-content\/uploads\/2025\/04\/Masterbuilt-Bakplaat-inzetstuk.png\",\"contentUrl\":\"https:\/\/www.kamadobbq.be\/wp-content\/uploads\/2025\/04\/Masterbuilt-Bakplaat-inzetstuk.png\",\"width\":1000,\"height\":1000},{\"@type\":\"BreadcrumbList\",\"@id\":\"https:\/\/www.kamadobbq.be\/fr\/shop\/masterbuilt-fr\/masterbuilt-plaque-de-cuisson-en-fonte-reversible\/#breadcrumb\",\"itemListElement\":[{\"@type\":\"ListItem\",\"position\":1,\"name\":\"Shop\",\"item\":\"https:\/\/www.kamadobbq.be\/fr\/shop\/\"},{\"@type\":\"ListItem\",\"position\":2,\"name\":\"Masterbuilt Plaque de Cuisson en Fonte R\u00e9versible\"}]},{\"@type\":\"WebSite\",\"@id\":\"https:\/\/www.kamadobbq.be\/fr\/#website\",\"url\":\"https:\/\/www.kamadobbq.be\/fr\/\",\"name\":\"Kamado BBQ | De Kamado & BBQ Specialist!\",\"description\":\"Beleef de ultieme barbecue ervaring - Kamado BBQ\",\"publisher\":{\"@id\":\"https:\/\/www.kamadobbq.be\/fr\/#organization\"},\"alternateName\":\"Kamado BBQ\",\"potentialAction\":[{\"@type\":\"SearchAction\",\"target\":{\"@type\":\"EntryPoint\",\"urlTemplate\":\"https:\/\/www.kamadobbq.be\/fr\/?s={search_term_string}\"},\"query-input\":{\"@type\":\"PropertyValueSpecification\",\"valueRequired\":true,\"valueName\":\"search_term_string\"}}],\"inLanguage\":\"fr-BE\"},{\"@type\":[\"Organization\",\"Place\",\"Store\"],\"@id\":\"https:\/\/www.kamadobbq.be\/fr\/#organization\",\"name\":\"Kamado BBQ | De Kamado & BBQ Specialist!\",\"url\":\"https:\/\/www.kamadobbq.be\/fr\/\",\"logo\":{\"@id\":\"https:\/\/www.kamadobbq.be\/fr\/shop\/masterbuilt-fr\/masterbuilt-plaque-de-cuisson-en-fonte-reversible\/#local-main-organization-logo\"},\"image\":{\"@id\":\"https:\/\/www.kamadobbq.be\/fr\/shop\/masterbuilt-fr\/masterbuilt-plaque-de-cuisson-en-fonte-reversible\/#local-main-organization-logo\"},\"sameAs\":[\"https:\/\/www.facebook.com\/KamadoBBQ\/\",\"https:\/\/www.instagram.com\/kamado_bbq\/\"],\"address\":{\"@id\":\"https:\/\/www.kamadobbq.be\/fr\/shop\/masterbuilt-fr\/masterbuilt-plaque-de-cuisson-en-fonte-reversible\/#local-main-place-address\"},\"geo\":{\"@type\":\"GeoCoordinates\",\"latitude\":\"50.979225960799056\",\"longitude\":\"5.122391337257679\"},\"telephone\":[\"+32 13 661 636\"],\"openingHoursSpecification\":[{\"@type\":\"OpeningHoursSpecification\",\"dayOfWeek\":[\"Monday\",\"Tuesday\",\"Wednesday\",\"Thursday\",\"Friday\"],\"opens\":\"10:00\",\"closes\":\"17:30\"},{\"@type\":\"OpeningHoursSpecification\",\"dayOfWeek\":[\"Saturday\"],\"opens\":\"10:00\",\"closes\":\"16:00\"},{\"@type\":\"OpeningHoursSpecification\",\"dayOfWeek\":[\"Sunday\"],\"opens\":\"00:00\",\"closes\":\"00:00\"}],\"email\":\"info@kamadobbq.be\",\"areaServed\":\"Europe\",\"currenciesAccepted\":\"Eur\"},{\"@type\":\"PostalAddress\",\"@id\":\"https:\/\/www.kamadobbq.be\/fr\/shop\/masterbuilt-fr\/masterbuilt-plaque-de-cuisson-en-fonte-reversible\/#local-main-place-address\",\"streetAddress\":\"Meldertsestraat 8\",\"addressLocality\":\"Zelem\",\"postalCode\":\"3545\",\"addressRegion\":\"Belgi\u00eb\",\"addressCountry\":\"BE\"},{\"@type\":\"ImageObject\",\"inLanguage\":\"fr-BE\",\"@id\":\"https:\/\/www.kamadobbq.be\/fr\/shop\/masterbuilt-fr\/masterbuilt-plaque-de-cuisson-en-fonte-reversible\/#local-main-organization-logo\",\"url\":\"https:\/\/www.kamadobbq.be\/wp-content\/uploads\/2022\/02\/kamadobbq-logo-2.svg\",\"contentUrl\":\"https:\/\/www.kamadobbq.be\/wp-content\/uploads\/2022\/02\/kamadobbq-logo-2.svg\",\"caption\":\"Kamado BBQ | De Kamado & BBQ Specialist!\"}]}<\/script>\n<meta name=\"geo.placename\" content=\"Zelem\" \/>\n<meta name=\"geo.position\" content=\"50.979225960799056;5.122391337257679\" \/>\n<meta name=\"geo.region\" content=\"Belgium\" \/>\n<!-- \/ Yoast SEO Premium plugin. -->","yoast_head_json":{"title":"Plaque de Cuisson en Fonte R\u00e9versible \u2013 Pour BBQ Masterbuilt","description":"Plaque en fonte pour barbecue Masterbuilt. Surface r\u00e9versible pour petit-d\u00e9j, viandes, l\u00e9gumes. Facile \u00e0 installer et \u00e0 nettoyer. Pour 545, 600 et XT.","robots":{"index":"index","follow":"follow","max-snippet":"max-snippet:-1","max-image-preview":"max-image-preview:large","max-video-preview":"max-video-preview:-1"},"canonical":"https:\/\/www.kamadobbq.be\/fr\/shop\/masterbuilt-fr\/masterbuilt-plaque-de-cuisson-en-fonte-reversible\/","og_locale":"fr_FR","og_type":"article","og_title":"Plaque de Cuisson en Fonte R\u00e9versible \u2013 Pour BBQ Masterbuilt","og_description":"Plaque en fonte pour barbecue Masterbuilt. Surface r\u00e9versible pour petit-d\u00e9j, viandes, l\u00e9gumes. Facile \u00e0 installer et \u00e0 nettoyer. Pour 545, 600 et XT.","og_url":"https:\/\/www.kamadobbq.be\/fr\/shop\/masterbuilt-fr\/masterbuilt-plaque-de-cuisson-en-fonte-reversible\/","og_site_name":"Kamado BBQ | De Kamado &amp; BBQ Specialist!","article_publisher":"https:\/\/www.facebook.com\/KamadoBBQ\/","article_modified_time":"2026-03-10T21:20:16+00:00","og_image":[{"width":1000,"height":1000,"url":"https:\/\/www.kamadobbq.be\/wp-content\/uploads\/2025\/04\/Masterbuilt-Bakplaat-inzetstuk.png","type":"image\/png"}],"twitter_card":"summary_large_image","twitter_misc":{"Est. reading time":"1 minute"},"schema":{"@context":"https:\/\/schema.org","@graph":[{"@type":"WebPage","@id":"https:\/\/www.kamadobbq.be\/fr\/shop\/masterbuilt-fr\/masterbuilt-plaque-de-cuisson-en-fonte-reversible\/","url":"https:\/\/www.kamadobbq.be\/fr\/shop\/masterbuilt-fr\/masterbuilt-plaque-de-cuisson-en-fonte-reversible\/","name":"Plaque de Cuisson en Fonte R\u00e9versible \u2013 Pour BBQ Masterbuilt","isPartOf":{"@id":"https:\/\/www.kamadobbq.be\/fr\/#website"},"primaryImageOfPage":{"@id":"https:\/\/www.kamadobbq.be\/fr\/shop\/masterbuilt-fr\/masterbuilt-plaque-de-cuisson-en-fonte-reversible\/#primaryimage"},"image":{"@id":"https:\/\/www.kamadobbq.be\/fr\/shop\/masterbuilt-fr\/masterbuilt-plaque-de-cuisson-en-fonte-reversible\/#primaryimage"},"thumbnailUrl":"https:\/\/www.kamadobbq.be\/wp-content\/uploads\/2025\/04\/Masterbuilt-Bakplaat-inzetstuk.png","datePublished":"2025-04-24T11:59:08+00:00","dateModified":"2026-03-10T21:20:16+00:00","description":"Plaque en fonte pour barbecue Masterbuilt. Surface r\u00e9versible pour petit-d\u00e9j, viandes, l\u00e9gumes. Facile \u00e0 installer et \u00e0 nettoyer. Pour 545, 600 et XT.","breadcrumb":{"@id":"https:\/\/www.kamadobbq.be\/fr\/shop\/masterbuilt-fr\/masterbuilt-plaque-de-cuisson-en-fonte-reversible\/#breadcrumb"},"inLanguage":"fr-BE","potentialAction":[{"@type":"ReadAction","target":["https:\/\/www.kamadobbq.be\/fr\/shop\/masterbuilt-fr\/masterbuilt-plaque-de-cuisson-en-fonte-reversible\/"]}]},{"@type":"ImageObject","inLanguage":"fr-BE","@id":"https:\/\/www.kamadobbq.be\/fr\/shop\/masterbuilt-fr\/masterbuilt-plaque-de-cuisson-en-fonte-reversible\/#primaryimage","url":"https:\/\/www.kamadobbq.be\/wp-content\/uploads\/2025\/04\/Masterbuilt-Bakplaat-inzetstuk.png","contentUrl":"https:\/\/www.kamadobbq.be\/wp-content\/uploads\/2025\/04\/Masterbuilt-Bakplaat-inzetstuk.png","width":1000,"height":1000},{"@type":"BreadcrumbList","@id":"https:\/\/www.kamadobbq.be\/fr\/shop\/masterbuilt-fr\/masterbuilt-plaque-de-cuisson-en-fonte-reversible\/#breadcrumb","itemListElement":[{"@type":"ListItem","position":1,"name":"Shop","item":"https:\/\/www.kamadobbq.be\/fr\/shop\/"},{"@type":"ListItem","position":2,"name":"Masterbuilt Plaque de Cuisson en Fonte R\u00e9versible"}]},{"@type":"WebSite","@id":"https:\/\/www.kamadobbq.be\/fr\/#website","url":"https:\/\/www.kamadobbq.be\/fr\/","name":"Kamado BBQ | De Kamado & BBQ Specialist!","description":"Beleef de ultieme barbecue ervaring - Kamado BBQ","publisher":{"@id":"https:\/\/www.kamadobbq.be\/fr\/#organization"},"alternateName":"Kamado BBQ","potentialAction":[{"@type":"SearchAction","target":{"@type":"EntryPoint","urlTemplate":"https:\/\/www.kamadobbq.be\/fr\/?s={search_term_string}"},"query-input":{"@type":"PropertyValueSpecification","valueRequired":true,"valueName":"search_term_string"}}],"inLanguage":"fr-BE"},{"@type":["Organization","Place","Store"],"@id":"https:\/\/www.kamadobbq.be\/fr\/#organization","name":"Kamado BBQ | De Kamado & BBQ Specialist!","url":"https:\/\/www.kamadobbq.be\/fr\/","logo":{"@id":"https:\/\/www.kamadobbq.be\/fr\/shop\/masterbuilt-fr\/masterbuilt-plaque-de-cuisson-en-fonte-reversible\/#local-main-organization-logo"},"image":{"@id":"https:\/\/www.kamadobbq.be\/fr\/shop\/masterbuilt-fr\/masterbuilt-plaque-de-cuisson-en-fonte-reversible\/#local-main-organization-logo"},"sameAs":["https:\/\/www.facebook.com\/KamadoBBQ\/","https:\/\/www.instagram.com\/kamado_bbq\/"],"address":{"@id":"https:\/\/www.kamadobbq.be\/fr\/shop\/masterbuilt-fr\/masterbuilt-plaque-de-cuisson-en-fonte-reversible\/#local-main-place-address"},"geo":{"@type":"GeoCoordinates","latitude":"50.979225960799056","longitude":"5.122391337257679"},"telephone":["+32 13 661 636"],"openingHoursSpecification":[{"@type":"OpeningHoursSpecification","dayOfWeek":["Monday","Tuesday","Wednesday","Thursday","Friday"],"opens":"10:00","closes":"17:30"},{"@type":"OpeningHoursSpecification","dayOfWeek":["Saturday"],"opens":"10:00","closes":"16:00"},{"@type":"OpeningHoursSpecification","dayOfWeek":["Sunday"],"opens":"00:00","closes":"00:00"}],"email":"info@kamadobbq.be","areaServed":"Europe","currenciesAccepted":"Eur"},{"@type":"PostalAddress","@id":"https:\/\/www.kamadobbq.be\/fr\/shop\/masterbuilt-fr\/masterbuilt-plaque-de-cuisson-en-fonte-reversible\/#local-main-place-address","streetAddress":"Meldertsestraat 8","addressLocality":"Zelem","postalCode":"3545","addressRegion":"Belgi\u00eb","addressCountry":"BE"},{"@type":"ImageObject","inLanguage":"fr-BE","@id":"https:\/\/www.kamadobbq.be\/fr\/shop\/masterbuilt-fr\/masterbuilt-plaque-de-cuisson-en-fonte-reversible\/#local-main-organization-logo","url":"https:\/\/www.kamadobbq.be\/wp-content\/uploads\/2022\/02\/kamadobbq-logo-2.svg","contentUrl":"https:\/\/www.kamadobbq.be\/wp-content\/uploads\/2022\/02\/kamadobbq-logo-2.svg","caption":"Kamado BBQ | De Kamado & BBQ Specialist!"}]},"geo.placename":"Zelem","geo.position":{"lat":"50.979225960799056","long":"5.122391337257679"},"geo.region":"Belgium"},"_links":{"self":[{"href":"https:\/\/www.kamadobbq.be\/fr\/wp-json\/wp\/v2\/product\/96888","targetHints":{"allow":["GET"]}}],"collection":[{"href":"https:\/\/www.kamadobbq.be\/fr\/wp-json\/wp\/v2\/product"}],"about":[{"href":"https:\/\/www.kamadobbq.be\/fr\/wp-json\/wp\/v2\/types\/product"}],"wp:featuredmedia":[{"embeddable":true,"href":"https:\/\/www.kamadobbq.be\/fr\/wp-json\/wp\/v2\/media\/96891"}],"wp:attachment":[{"href":"https:\/\/www.kamadobbq.be\/fr\/wp-json\/wp\/v2\/media?parent=96888"}],"wp:term":[{"taxonomy":"product_brand","embeddable":true,"href":"https:\/\/www.kamadobbq.be\/fr\/wp-json\/wp\/v2\/product_brand?post=96888"},{"taxonomy":"product_cat","embeddable":true,"href":"https:\/\/www.kamadobbq.be\/fr\/wp-json\/wp\/v2\/product_cat?post=96888"},{"taxonomy":"product_tag","embeddable":true,"href":"https:\/\/www.kamadobbq.be\/fr\/wp-json\/wp\/v2\/product_tag?post=96888"}],"curies":[{"name":"wp","href":"https:\/\/api.w.org\/{rel}","templated":true}]}}