{"id":96517,"date":"2025-04-11T16:26:39","date_gmt":"2025-04-11T14:26:40","guid":{"rendered":"https:\/\/www.kamadobbq.be\/?post_type=product&#038;p=96517"},"modified":"2025-12-02T00:10:15","modified_gmt":"2025-12-01T23:10:15","slug":"barbecoa-burger-sauce-500-ml","status":"publish","type":"product","link":"https:\/\/www.kamadobbq.be\/fr\/shop\/accessoires-outils-bbq\/rubs-et-sauces\/barbecoa-burger-sauce-500-ml\/","title":{"rendered":"BARBECOA Burger Sauce &#8211; 500 ml"},"content":{"rendered":"<p>Cette sauce de champion est cr\u00e9meuse, pleine de saveur et irr\u00e9sistiblement d\u00e9licieuse. Avec un \u00e9quilibre parfait entre des \u00e9pices savoureuses, un subtil go\u00fbt sucr\u00e9 et l&#8217;acidit\u00e9 n\u00e9cessaire, elle donne vie \u00e0 chaque bouch\u00e9e. Il ne s&#8217;agit pas d&#8217;une sauce ordinaire, mais d&#8217;un v\u00e9ritable assaisonnement qui transforme votre barbecue en un v\u00e9ritable \u00e9v\u00e9nement culinaire.<\/p>\n<p>&nbsp;<\/p>\n<p>Pourquoi la sauce Barbecoa Burger ?<\/p>\n<ul>\n<li>Un BBQ de niveau championnat &#8211; tout droit venu d&#8217;un champion belge du BBQ<\/li>\n<li>Parfaite avec n&#8217;importe quel burger &#8211; du b\u0153uf juteux au poulet juteux ou au d\u00e9lice v\u00e9g\u00e9tarien<\/li>\n<li>Con\u00e7u pour les ma\u00eetres du gril &#8211; avec une saveur riche et pleine qui englobe le charbon de bois et la fum\u00e9e<\/li>\n<li>\u00c9galement d\u00e9licieux avec les frites, les hot-dogs, les viandes grill\u00e9es et bien plus encore !<\/li>\n<\/ul>\n","protected":false},"excerpt":{"rendered":"<p>Sauce pour burger Barbecoa &#8211; La touche finale indispensable pour un barbecue parfait<\/p>\n<p>L&#8217;odeur de la viande qui gr\u00e9sille sur le gril, la bouch\u00e9e croustillante d&#8217;un hamburger parfaitement grill\u00e9, la lueur chaleureuse du charbon de bois qui couve&#8230; et puis cette touche finale qui fait passer le tout au niveau sup\u00e9rieur : la sauce pour burger Barbecoa !<\/p>\n","protected":false},"featured_media":96522,"template":"","meta":{"_acf_changed":false,"_et_pb_use_builder":"","_et_pb_old_content":"","_et_gb_content_width":""},"product_brand":[],"product_cat":[733],"product_tag":[],"class_list":{"0":"post-96517","1":"product","2":"type-product","3":"status-publish","4":"has-post-thumbnail","6":"product_cat-rubs-et-sauces","8":"first","9":"instock","10":"taxable","11":"shipping-taxable","12":"purchasable","13":"product-type-simple"},"acf":[],"yoast_head":"<!-- This site is optimized with the Yoast SEO Premium plugin v25.4 (Yoast SEO v25.4) - https:\/\/yoast.com\/wordpress\/plugins\/seo\/ -->\n<title>BARBECOA Burger Sauce - 500 ml<\/title>\n<meta name=\"description\" content=\"Sauce pour burger Barbecoa - La touche finale indispensable pour un barbecue parfait. Parfaite avec n&#039;importe quel burger - du b\u0153uf juteux au poulet juteux ou au d\u00e9lice v\u00e9g\u00e9tarien.\" \/>\n<meta name=\"robots\" content=\"index, follow, max-snippet:-1, max-image-preview:large, max-video-preview:-1\" \/>\n<link rel=\"canonical\" href=\"https:\/\/www.kamadobbq.be\/fr\/shop\/accessoires-outils-bbq\/rubs-et-sauces\/barbecoa-burger-sauce-500-ml\/\" \/>\n<meta property=\"og:locale\" content=\"fr_FR\" \/>\n<meta property=\"og:type\" content=\"article\" \/>\n<meta property=\"og:title\" content=\"BARBECOA Burger Sauce - 500 ml\" \/>\n<meta property=\"og:description\" content=\"Sauce pour burger Barbecoa - La touche finale indispensable pour un barbecue parfait. Parfaite avec n&#039;importe quel burger - du b\u0153uf juteux au poulet juteux ou au d\u00e9lice v\u00e9g\u00e9tarien.\" \/>\n<meta property=\"og:url\" content=\"https:\/\/www.kamadobbq.be\/fr\/shop\/accessoires-outils-bbq\/rubs-et-sauces\/barbecoa-burger-sauce-500-ml\/\" \/>\n<meta property=\"og:site_name\" content=\"Kamado BBQ | De Kamado &amp; BBQ Specialist!\" \/>\n<meta property=\"article:publisher\" content=\"https:\/\/www.facebook.com\/KamadoBBQ\/\" \/>\n<meta property=\"article:modified_time\" content=\"2025-12-01T23:10:15+00:00\" \/>\n<meta property=\"og:image\" content=\"https:\/\/www.kamadobbq.be\/wp-content\/uploads\/2025\/04\/Burger-Sauce-500-ml.png\" \/>\n\t<meta property=\"og:image:width\" content=\"1000\" \/>\n\t<meta property=\"og:image:height\" content=\"1000\" \/>\n\t<meta property=\"og:image:type\" content=\"image\/png\" \/>\n<meta name=\"twitter:card\" content=\"summary_large_image\" \/>\n<meta name=\"twitter:label1\" content=\"Est. reading time\" \/>\n\t<meta name=\"twitter:data1\" content=\"1 minute\" \/>\n<script type=\"application\/ld+json\" class=\"yoast-schema-graph\">{\"@context\":\"https:\/\/schema.org\",\"@graph\":[{\"@type\":\"WebPage\",\"@id\":\"https:\/\/www.kamadobbq.be\/fr\/shop\/accessoires-outils-bbq\/rubs-et-sauces\/barbecoa-burger-sauce-500-ml\/\",\"url\":\"https:\/\/www.kamadobbq.be\/fr\/shop\/accessoires-outils-bbq\/rubs-et-sauces\/barbecoa-burger-sauce-500-ml\/\",\"name\":\"BARBECOA Burger Sauce - 500 ml\",\"isPartOf\":{\"@id\":\"https:\/\/www.kamadobbq.be\/fr\/#website\"},\"primaryImageOfPage\":{\"@id\":\"https:\/\/www.kamadobbq.be\/fr\/shop\/accessoires-outils-bbq\/rubs-et-sauces\/barbecoa-burger-sauce-500-ml\/#primaryimage\"},\"image\":{\"@id\":\"https:\/\/www.kamadobbq.be\/fr\/shop\/accessoires-outils-bbq\/rubs-et-sauces\/barbecoa-burger-sauce-500-ml\/#primaryimage\"},\"thumbnailUrl\":\"https:\/\/www.kamadobbq.be\/wp-content\/uploads\/2025\/04\/Burger-Sauce-500-ml.png\",\"datePublished\":\"2025-04-11T14:26:40+00:00\",\"dateModified\":\"2025-12-01T23:10:15+00:00\",\"description\":\"Sauce pour burger Barbecoa - La touche finale indispensable pour un barbecue parfait. Parfaite avec n'importe quel burger - du b\u0153uf juteux au poulet juteux ou au d\u00e9lice v\u00e9g\u00e9tarien.\",\"breadcrumb\":{\"@id\":\"https:\/\/www.kamadobbq.be\/fr\/shop\/accessoires-outils-bbq\/rubs-et-sauces\/barbecoa-burger-sauce-500-ml\/#breadcrumb\"},\"inLanguage\":\"fr-BE\",\"potentialAction\":[{\"@type\":\"ReadAction\",\"target\":[\"https:\/\/www.kamadobbq.be\/fr\/shop\/accessoires-outils-bbq\/rubs-et-sauces\/barbecoa-burger-sauce-500-ml\/\"]}]},{\"@type\":\"ImageObject\",\"inLanguage\":\"fr-BE\",\"@id\":\"https:\/\/www.kamadobbq.be\/fr\/shop\/accessoires-outils-bbq\/rubs-et-sauces\/barbecoa-burger-sauce-500-ml\/#primaryimage\",\"url\":\"https:\/\/www.kamadobbq.be\/wp-content\/uploads\/2025\/04\/Burger-Sauce-500-ml.png\",\"contentUrl\":\"https:\/\/www.kamadobbq.be\/wp-content\/uploads\/2025\/04\/Burger-Sauce-500-ml.png\",\"width\":1000,\"height\":1000},{\"@type\":\"BreadcrumbList\",\"@id\":\"https:\/\/www.kamadobbq.be\/fr\/shop\/accessoires-outils-bbq\/rubs-et-sauces\/barbecoa-burger-sauce-500-ml\/#breadcrumb\",\"itemListElement\":[{\"@type\":\"ListItem\",\"position\":1,\"name\":\"Shop\",\"item\":\"https:\/\/www.kamadobbq.be\/fr\/shop\/\"},{\"@type\":\"ListItem\",\"position\":2,\"name\":\"BARBECOA Burger Sauce &#8211; 500 ml\"}]},{\"@type\":\"WebSite\",\"@id\":\"https:\/\/www.kamadobbq.be\/fr\/#website\",\"url\":\"https:\/\/www.kamadobbq.be\/fr\/\",\"name\":\"Kamado BBQ | De Kamado & BBQ Specialist!\",\"description\":\"Beleef de ultieme barbecue ervaring - Kamado BBQ\",\"publisher\":{\"@id\":\"https:\/\/www.kamadobbq.be\/fr\/#organization\"},\"alternateName\":\"Kamado BBQ\",\"potentialAction\":[{\"@type\":\"SearchAction\",\"target\":{\"@type\":\"EntryPoint\",\"urlTemplate\":\"https:\/\/www.kamadobbq.be\/fr\/?s={search_term_string}\"},\"query-input\":{\"@type\":\"PropertyValueSpecification\",\"valueRequired\":true,\"valueName\":\"search_term_string\"}}],\"inLanguage\":\"fr-BE\"},{\"@type\":[\"Organization\",\"Place\",\"Store\"],\"@id\":\"https:\/\/www.kamadobbq.be\/fr\/#organization\",\"name\":\"Kamado BBQ | De Kamado & BBQ Specialist!\",\"url\":\"https:\/\/www.kamadobbq.be\/fr\/\",\"logo\":{\"@id\":\"https:\/\/www.kamadobbq.be\/fr\/shop\/accessoires-outils-bbq\/rubs-et-sauces\/barbecoa-burger-sauce-500-ml\/#local-main-organization-logo\"},\"image\":{\"@id\":\"https:\/\/www.kamadobbq.be\/fr\/shop\/accessoires-outils-bbq\/rubs-et-sauces\/barbecoa-burger-sauce-500-ml\/#local-main-organization-logo\"},\"sameAs\":[\"https:\/\/www.facebook.com\/KamadoBBQ\/\",\"https:\/\/www.instagram.com\/kamado_bbq\/\"],\"address\":{\"@id\":\"https:\/\/www.kamadobbq.be\/fr\/shop\/accessoires-outils-bbq\/rubs-et-sauces\/barbecoa-burger-sauce-500-ml\/#local-main-place-address\"},\"geo\":{\"@type\":\"GeoCoordinates\",\"latitude\":\"50.979225960799056\",\"longitude\":\"5.122391337257679\"},\"telephone\":[\"+32 13 661 636\"],\"openingHoursSpecification\":[{\"@type\":\"OpeningHoursSpecification\",\"dayOfWeek\":[\"Monday\",\"Tuesday\",\"Wednesday\",\"Thursday\",\"Friday\"],\"opens\":\"10:00\",\"closes\":\"17:30\"},{\"@type\":\"OpeningHoursSpecification\",\"dayOfWeek\":[\"Saturday\"],\"opens\":\"10:00\",\"closes\":\"16:00\"},{\"@type\":\"OpeningHoursSpecification\",\"dayOfWeek\":[\"Sunday\"],\"opens\":\"00:00\",\"closes\":\"00:00\"}],\"email\":\"info@kamadobbq.be\",\"areaServed\":\"Europe\",\"currenciesAccepted\":\"Eur\"},{\"@type\":\"PostalAddress\",\"@id\":\"https:\/\/www.kamadobbq.be\/fr\/shop\/accessoires-outils-bbq\/rubs-et-sauces\/barbecoa-burger-sauce-500-ml\/#local-main-place-address\",\"streetAddress\":\"Meldertsestraat 8\",\"addressLocality\":\"Zelem\",\"postalCode\":\"3545\",\"addressRegion\":\"Belgi\u00eb\",\"addressCountry\":\"BE\"},{\"@type\":\"ImageObject\",\"inLanguage\":\"fr-BE\",\"@id\":\"https:\/\/www.kamadobbq.be\/fr\/shop\/accessoires-outils-bbq\/rubs-et-sauces\/barbecoa-burger-sauce-500-ml\/#local-main-organization-logo\",\"url\":\"https:\/\/www.kamadobbq.be\/wp-content\/uploads\/2022\/02\/kamadobbq-logo-2.svg\",\"contentUrl\":\"https:\/\/www.kamadobbq.be\/wp-content\/uploads\/2022\/02\/kamadobbq-logo-2.svg\",\"caption\":\"Kamado BBQ | De Kamado & BBQ Specialist!\"}]}<\/script>\n<meta name=\"geo.placename\" content=\"Zelem\" \/>\n<meta name=\"geo.position\" content=\"50.979225960799056;5.122391337257679\" \/>\n<meta name=\"geo.region\" content=\"Belgium\" \/>\n<!-- \/ Yoast SEO Premium plugin. -->","yoast_head_json":{"title":"BARBECOA Burger Sauce - 500 ml","description":"Sauce pour burger Barbecoa - La touche finale indispensable pour un barbecue parfait. Parfaite avec n'importe quel burger - du b\u0153uf juteux au poulet juteux ou au d\u00e9lice v\u00e9g\u00e9tarien.","robots":{"index":"index","follow":"follow","max-snippet":"max-snippet:-1","max-image-preview":"max-image-preview:large","max-video-preview":"max-video-preview:-1"},"canonical":"https:\/\/www.kamadobbq.be\/fr\/shop\/accessoires-outils-bbq\/rubs-et-sauces\/barbecoa-burger-sauce-500-ml\/","og_locale":"fr_FR","og_type":"article","og_title":"BARBECOA Burger Sauce - 500 ml","og_description":"Sauce pour burger Barbecoa - La touche finale indispensable pour un barbecue parfait. Parfaite avec n'importe quel burger - du b\u0153uf juteux au poulet juteux ou au d\u00e9lice v\u00e9g\u00e9tarien.","og_url":"https:\/\/www.kamadobbq.be\/fr\/shop\/accessoires-outils-bbq\/rubs-et-sauces\/barbecoa-burger-sauce-500-ml\/","og_site_name":"Kamado BBQ | De Kamado &amp; BBQ Specialist!","article_publisher":"https:\/\/www.facebook.com\/KamadoBBQ\/","article_modified_time":"2025-12-01T23:10:15+00:00","og_image":[{"width":1000,"height":1000,"url":"https:\/\/www.kamadobbq.be\/wp-content\/uploads\/2025\/04\/Burger-Sauce-500-ml.png","type":"image\/png"}],"twitter_card":"summary_large_image","twitter_misc":{"Est. reading time":"1 minute"},"schema":{"@context":"https:\/\/schema.org","@graph":[{"@type":"WebPage","@id":"https:\/\/www.kamadobbq.be\/fr\/shop\/accessoires-outils-bbq\/rubs-et-sauces\/barbecoa-burger-sauce-500-ml\/","url":"https:\/\/www.kamadobbq.be\/fr\/shop\/accessoires-outils-bbq\/rubs-et-sauces\/barbecoa-burger-sauce-500-ml\/","name":"BARBECOA Burger Sauce - 500 ml","isPartOf":{"@id":"https:\/\/www.kamadobbq.be\/fr\/#website"},"primaryImageOfPage":{"@id":"https:\/\/www.kamadobbq.be\/fr\/shop\/accessoires-outils-bbq\/rubs-et-sauces\/barbecoa-burger-sauce-500-ml\/#primaryimage"},"image":{"@id":"https:\/\/www.kamadobbq.be\/fr\/shop\/accessoires-outils-bbq\/rubs-et-sauces\/barbecoa-burger-sauce-500-ml\/#primaryimage"},"thumbnailUrl":"https:\/\/www.kamadobbq.be\/wp-content\/uploads\/2025\/04\/Burger-Sauce-500-ml.png","datePublished":"2025-04-11T14:26:40+00:00","dateModified":"2025-12-01T23:10:15+00:00","description":"Sauce pour burger Barbecoa - La touche finale indispensable pour un barbecue parfait. Parfaite avec n'importe quel burger - du b\u0153uf juteux au poulet juteux ou au d\u00e9lice v\u00e9g\u00e9tarien.","breadcrumb":{"@id":"https:\/\/www.kamadobbq.be\/fr\/shop\/accessoires-outils-bbq\/rubs-et-sauces\/barbecoa-burger-sauce-500-ml\/#breadcrumb"},"inLanguage":"fr-BE","potentialAction":[{"@type":"ReadAction","target":["https:\/\/www.kamadobbq.be\/fr\/shop\/accessoires-outils-bbq\/rubs-et-sauces\/barbecoa-burger-sauce-500-ml\/"]}]},{"@type":"ImageObject","inLanguage":"fr-BE","@id":"https:\/\/www.kamadobbq.be\/fr\/shop\/accessoires-outils-bbq\/rubs-et-sauces\/barbecoa-burger-sauce-500-ml\/#primaryimage","url":"https:\/\/www.kamadobbq.be\/wp-content\/uploads\/2025\/04\/Burger-Sauce-500-ml.png","contentUrl":"https:\/\/www.kamadobbq.be\/wp-content\/uploads\/2025\/04\/Burger-Sauce-500-ml.png","width":1000,"height":1000},{"@type":"BreadcrumbList","@id":"https:\/\/www.kamadobbq.be\/fr\/shop\/accessoires-outils-bbq\/rubs-et-sauces\/barbecoa-burger-sauce-500-ml\/#breadcrumb","itemListElement":[{"@type":"ListItem","position":1,"name":"Shop","item":"https:\/\/www.kamadobbq.be\/fr\/shop\/"},{"@type":"ListItem","position":2,"name":"BARBECOA Burger Sauce &#8211; 500 ml"}]},{"@type":"WebSite","@id":"https:\/\/www.kamadobbq.be\/fr\/#website","url":"https:\/\/www.kamadobbq.be\/fr\/","name":"Kamado BBQ | De Kamado & BBQ Specialist!","description":"Beleef de ultieme barbecue ervaring - Kamado BBQ","publisher":{"@id":"https:\/\/www.kamadobbq.be\/fr\/#organization"},"alternateName":"Kamado BBQ","potentialAction":[{"@type":"SearchAction","target":{"@type":"EntryPoint","urlTemplate":"https:\/\/www.kamadobbq.be\/fr\/?s={search_term_string}"},"query-input":{"@type":"PropertyValueSpecification","valueRequired":true,"valueName":"search_term_string"}}],"inLanguage":"fr-BE"},{"@type":["Organization","Place","Store"],"@id":"https:\/\/www.kamadobbq.be\/fr\/#organization","name":"Kamado BBQ | De Kamado & BBQ Specialist!","url":"https:\/\/www.kamadobbq.be\/fr\/","logo":{"@id":"https:\/\/www.kamadobbq.be\/fr\/shop\/accessoires-outils-bbq\/rubs-et-sauces\/barbecoa-burger-sauce-500-ml\/#local-main-organization-logo"},"image":{"@id":"https:\/\/www.kamadobbq.be\/fr\/shop\/accessoires-outils-bbq\/rubs-et-sauces\/barbecoa-burger-sauce-500-ml\/#local-main-organization-logo"},"sameAs":["https:\/\/www.facebook.com\/KamadoBBQ\/","https:\/\/www.instagram.com\/kamado_bbq\/"],"address":{"@id":"https:\/\/www.kamadobbq.be\/fr\/shop\/accessoires-outils-bbq\/rubs-et-sauces\/barbecoa-burger-sauce-500-ml\/#local-main-place-address"},"geo":{"@type":"GeoCoordinates","latitude":"50.979225960799056","longitude":"5.122391337257679"},"telephone":["+32 13 661 636"],"openingHoursSpecification":[{"@type":"OpeningHoursSpecification","dayOfWeek":["Monday","Tuesday","Wednesday","Thursday","Friday"],"opens":"10:00","closes":"17:30"},{"@type":"OpeningHoursSpecification","dayOfWeek":["Saturday"],"opens":"10:00","closes":"16:00"},{"@type":"OpeningHoursSpecification","dayOfWeek":["Sunday"],"opens":"00:00","closes":"00:00"}],"email":"info@kamadobbq.be","areaServed":"Europe","currenciesAccepted":"Eur"},{"@type":"PostalAddress","@id":"https:\/\/www.kamadobbq.be\/fr\/shop\/accessoires-outils-bbq\/rubs-et-sauces\/barbecoa-burger-sauce-500-ml\/#local-main-place-address","streetAddress":"Meldertsestraat 8","addressLocality":"Zelem","postalCode":"3545","addressRegion":"Belgi\u00eb","addressCountry":"BE"},{"@type":"ImageObject","inLanguage":"fr-BE","@id":"https:\/\/www.kamadobbq.be\/fr\/shop\/accessoires-outils-bbq\/rubs-et-sauces\/barbecoa-burger-sauce-500-ml\/#local-main-organization-logo","url":"https:\/\/www.kamadobbq.be\/wp-content\/uploads\/2022\/02\/kamadobbq-logo-2.svg","contentUrl":"https:\/\/www.kamadobbq.be\/wp-content\/uploads\/2022\/02\/kamadobbq-logo-2.svg","caption":"Kamado BBQ | De Kamado & BBQ Specialist!"}]},"geo.placename":"Zelem","geo.position":{"lat":"50.979225960799056","long":"5.122391337257679"},"geo.region":"Belgium"},"_links":{"self":[{"href":"https:\/\/www.kamadobbq.be\/fr\/wp-json\/wp\/v2\/product\/96517","targetHints":{"allow":["GET"]}}],"collection":[{"href":"https:\/\/www.kamadobbq.be\/fr\/wp-json\/wp\/v2\/product"}],"about":[{"href":"https:\/\/www.kamadobbq.be\/fr\/wp-json\/wp\/v2\/types\/product"}],"wp:featuredmedia":[{"embeddable":true,"href":"https:\/\/www.kamadobbq.be\/fr\/wp-json\/wp\/v2\/media\/96522"}],"wp:attachment":[{"href":"https:\/\/www.kamadobbq.be\/fr\/wp-json\/wp\/v2\/media?parent=96517"}],"wp:term":[{"taxonomy":"product_brand","embeddable":true,"href":"https:\/\/www.kamadobbq.be\/fr\/wp-json\/wp\/v2\/product_brand?post=96517"},{"taxonomy":"product_cat","embeddable":true,"href":"https:\/\/www.kamadobbq.be\/fr\/wp-json\/wp\/v2\/product_cat?post=96517"},{"taxonomy":"product_tag","embeddable":true,"href":"https:\/\/www.kamadobbq.be\/fr\/wp-json\/wp\/v2\/product_tag?post=96517"}],"curies":[{"name":"wp","href":"https:\/\/api.w.org\/{rel}","templated":true}]}}