{"id":96240,"date":"2025-04-02T14:40:37","date_gmt":"2025-04-02T12:40:38","guid":{"rendered":"https:\/\/www.kamadobbq.be\/?post_type=product&#038;p=96240"},"modified":"2025-12-02T00:10:09","modified_gmt":"2025-12-01T23:10:09","slug":"fabs-seasoning-green-fever-150-g","status":"publish","type":"product","link":"https:\/\/www.kamadobbq.be\/fr\/shop\/accessoires-outils-bbq\/rubs-et-sauces\/fabs-seasoning-green-fever-150-g\/","title":{"rendered":"Fab&#8217;s Seasoning &#8211; Green Fever &#8211; 150 g"},"content":{"rendered":"<p>Gr\u00e2ce \u00e0 une s\u00e9lection minutieuse d\u2019herbes et d\u2019\u00e9pices, ce rub apporte une fra\u00eecheur herbac\u00e9e et une pointe de piquant subtile \u00e0 vos plats.<\/p>\n<p>Que vous grilliez, r\u00f4tissiez ou pr\u00e9pariez une vinaigrette, ce m\u00e9lange est un incontournable!<\/p>\n<p>&nbsp;<\/p>\n<h2>Id\u00e9al pour<\/h2>\n<ul>\n<li>Salades \u2013 ajoutez une touche herbac\u00e9e et relev\u00e9e \u00e0 vos plats pr\u00e9f\u00e9r\u00e9s<\/li>\n<li>Mayonnaise &amp; sauces \u2013 sublimez vos dips avec une saveur irr\u00e9sistible<\/li>\n<li>Poisson &amp; fruits de mer \u2013 du saumon grill\u00e9 aux crevettes croustillantes, ce rub fait toute la diff\u00e9rence<\/li>\n<li>L\u00e9gumes &amp; grillades \u2013 une association \u00e9tonnante mais d\u00e9licieuse<\/li>\n<\/ul>\n<p>&nbsp;<\/p>\n<p>Tout simplement 150 grammes de pur plaisir barbecue!<\/p>\n<p>&nbsp;<\/p>\n<h2>Ingr\u00e9dients<\/h2>\n<ul>\n<li>Sel de table<\/li>\n<li>Extraits d\u2019herbes et d\u2019\u00e9pices<\/li>\n<li>R\u00e9gulateur d\u2019acidit\u00e9 (E330)<\/li>\n<li>Ar\u00f4me<\/li>\n<\/ul>\n<p>&nbsp;<\/p>\n<h2>Info suppl\u00e9mentaire<\/h2>\n<ul>\n<li><strong>Quantit\u00e9<\/strong> 150 g<\/li>\n<\/ul>\n","protected":false},"excerpt":{"rendered":"<p>Frais, \u00e9pic\u00e9 &amp; aromatique \u2013 un exhausteur de go\u00fbt polyvalent!<\/p>\n<p>Ce m\u00e9lange unique d\u2019herbes fra\u00eeches avec une touche subtile de piment apporte une explosion de saveurs \u00e0 tous vos plats.<\/p>\n<p>L\u2019\u00e9quilibre parfait entre herbes aromatiques et une l\u00e9g\u00e8re chaleur en fait un alli\u00e9 id\u00e9al pour des cr\u00e9ations aussi bien fra\u00eeches que gourmandes.<\/p>\n<p>&nbsp;<\/p>\n","protected":false},"featured_media":120786,"template":"","meta":{"_acf_changed":false,"_et_pb_use_builder":"","_et_pb_old_content":"","_et_gb_content_width":""},"product_brand":[],"product_cat":[733],"product_tag":[],"class_list":{"0":"post-96240","1":"product","2":"type-product","3":"status-publish","4":"has-post-thumbnail","6":"product_cat-rubs-et-sauces","8":"first","9":"instock","10":"taxable","11":"shipping-taxable","12":"purchasable","13":"product-type-simple"},"acf":[],"yoast_head":"<!-- This site is optimized with the Yoast SEO Premium plugin v25.4 (Yoast SEO v25.4) - https:\/\/yoast.com\/wordpress\/plugins\/seo\/ -->\n<title>Fab&#039;s Seasoning - Green Fever - 150 g - Kamado BBQ<\/title>\n<meta name=\"description\" content=\"L\u2019\u00e9quilibre parfait entre herbes aromatiques et une l\u00e9g\u00e8re chaleur en fait un alli\u00e9 id\u00e9al pour des cr\u00e9ations aussi bien fra\u00eeches que gourmandes.\" \/>\n<meta name=\"robots\" content=\"index, follow, max-snippet:-1, max-image-preview:large, max-video-preview:-1\" \/>\n<link rel=\"canonical\" href=\"https:\/\/www.kamadobbq.be\/fr\/shop\/accessoires-outils-bbq\/rubs-et-sauces\/fabs-seasoning-green-fever-150-g\/\" \/>\n<meta property=\"og:locale\" content=\"fr_FR\" \/>\n<meta property=\"og:type\" content=\"article\" \/>\n<meta property=\"og:title\" content=\"Fab&#039;s Seasoning - Green Fever - 150 g - Kamado BBQ\" \/>\n<meta property=\"og:description\" content=\"L\u2019\u00e9quilibre parfait entre herbes aromatiques et une l\u00e9g\u00e8re chaleur en fait un alli\u00e9 id\u00e9al pour des cr\u00e9ations aussi bien fra\u00eeches que gourmandes.\" \/>\n<meta property=\"og:url\" content=\"https:\/\/www.kamadobbq.be\/fr\/shop\/accessoires-outils-bbq\/rubs-et-sauces\/fabs-seasoning-green-fever-150-g\/\" \/>\n<meta property=\"og:site_name\" content=\"Kamado BBQ | De Kamado &amp; BBQ Specialist!\" \/>\n<meta property=\"article:publisher\" content=\"https:\/\/www.facebook.com\/KamadoBBQ\/\" \/>\n<meta property=\"article:modified_time\" content=\"2025-12-01T23:10:09+00:00\" \/>\n<meta property=\"og:image\" content=\"https:\/\/www.kamadobbq.be\/wp-content\/uploads\/2025\/03\/Fabs-Green-Fever-BBQ-Rub-150-g.png\" \/>\n\t<meta property=\"og:image:width\" content=\"1000\" \/>\n\t<meta property=\"og:image:height\" content=\"1000\" \/>\n\t<meta property=\"og:image:type\" content=\"image\/png\" \/>\n<meta name=\"twitter:card\" content=\"summary_large_image\" \/>\n<meta name=\"twitter:label1\" content=\"Est. reading time\" \/>\n\t<meta name=\"twitter:data1\" content=\"1 minute\" \/>\n<script type=\"application\/ld+json\" class=\"yoast-schema-graph\">{\"@context\":\"https:\/\/schema.org\",\"@graph\":[{\"@type\":\"WebPage\",\"@id\":\"https:\/\/www.kamadobbq.be\/fr\/shop\/accessoires-outils-bbq\/rubs-et-sauces\/fabs-seasoning-green-fever-150-g\/\",\"url\":\"https:\/\/www.kamadobbq.be\/fr\/shop\/accessoires-outils-bbq\/rubs-et-sauces\/fabs-seasoning-green-fever-150-g\/\",\"name\":\"Fab's Seasoning - Green Fever - 150 g - Kamado BBQ\",\"isPartOf\":{\"@id\":\"https:\/\/www.kamadobbq.be\/fr\/#website\"},\"primaryImageOfPage\":{\"@id\":\"https:\/\/www.kamadobbq.be\/fr\/shop\/accessoires-outils-bbq\/rubs-et-sauces\/fabs-seasoning-green-fever-150-g\/#primaryimage\"},\"image\":{\"@id\":\"https:\/\/www.kamadobbq.be\/fr\/shop\/accessoires-outils-bbq\/rubs-et-sauces\/fabs-seasoning-green-fever-150-g\/#primaryimage\"},\"thumbnailUrl\":\"https:\/\/www.kamadobbq.be\/wp-content\/uploads\/2025\/03\/fabs-greenfever.jpg\",\"datePublished\":\"2025-04-02T12:40:38+00:00\",\"dateModified\":\"2025-12-01T23:10:09+00:00\",\"description\":\"L\u2019\u00e9quilibre parfait entre herbes aromatiques et une l\u00e9g\u00e8re chaleur en fait un alli\u00e9 id\u00e9al pour des cr\u00e9ations aussi bien fra\u00eeches que gourmandes.\",\"breadcrumb\":{\"@id\":\"https:\/\/www.kamadobbq.be\/fr\/shop\/accessoires-outils-bbq\/rubs-et-sauces\/fabs-seasoning-green-fever-150-g\/#breadcrumb\"},\"inLanguage\":\"fr-BE\",\"potentialAction\":[{\"@type\":\"ReadAction\",\"target\":[\"https:\/\/www.kamadobbq.be\/fr\/shop\/accessoires-outils-bbq\/rubs-et-sauces\/fabs-seasoning-green-fever-150-g\/\"]}]},{\"@type\":\"ImageObject\",\"inLanguage\":\"fr-BE\",\"@id\":\"https:\/\/www.kamadobbq.be\/fr\/shop\/accessoires-outils-bbq\/rubs-et-sauces\/fabs-seasoning-green-fever-150-g\/#primaryimage\",\"url\":\"https:\/\/www.kamadobbq.be\/wp-content\/uploads\/2025\/03\/fabs-greenfever.jpg\",\"contentUrl\":\"https:\/\/www.kamadobbq.be\/wp-content\/uploads\/2025\/03\/fabs-greenfever.jpg\",\"width\":640,\"height\":640},{\"@type\":\"BreadcrumbList\",\"@id\":\"https:\/\/www.kamadobbq.be\/fr\/shop\/accessoires-outils-bbq\/rubs-et-sauces\/fabs-seasoning-green-fever-150-g\/#breadcrumb\",\"itemListElement\":[{\"@type\":\"ListItem\",\"position\":1,\"name\":\"Shop\",\"item\":\"https:\/\/www.kamadobbq.be\/fr\/shop\/\"},{\"@type\":\"ListItem\",\"position\":2,\"name\":\"Fab&#8217;s Seasoning &#8211; Green Fever &#8211; 150 g\"}]},{\"@type\":\"WebSite\",\"@id\":\"https:\/\/www.kamadobbq.be\/fr\/#website\",\"url\":\"https:\/\/www.kamadobbq.be\/fr\/\",\"name\":\"Kamado BBQ | De Kamado & BBQ Specialist!\",\"description\":\"Beleef de ultieme barbecue ervaring - Kamado BBQ\",\"publisher\":{\"@id\":\"https:\/\/www.kamadobbq.be\/fr\/#organization\"},\"alternateName\":\"Kamado BBQ\",\"potentialAction\":[{\"@type\":\"SearchAction\",\"target\":{\"@type\":\"EntryPoint\",\"urlTemplate\":\"https:\/\/www.kamadobbq.be\/fr\/?s={search_term_string}\"},\"query-input\":{\"@type\":\"PropertyValueSpecification\",\"valueRequired\":true,\"valueName\":\"search_term_string\"}}],\"inLanguage\":\"fr-BE\"},{\"@type\":[\"Organization\",\"Place\",\"Store\"],\"@id\":\"https:\/\/www.kamadobbq.be\/fr\/#organization\",\"name\":\"Kamado BBQ | De Kamado & BBQ Specialist!\",\"url\":\"https:\/\/www.kamadobbq.be\/fr\/\",\"logo\":{\"@id\":\"https:\/\/www.kamadobbq.be\/fr\/shop\/accessoires-outils-bbq\/rubs-et-sauces\/fabs-seasoning-green-fever-150-g\/#local-main-organization-logo\"},\"image\":{\"@id\":\"https:\/\/www.kamadobbq.be\/fr\/shop\/accessoires-outils-bbq\/rubs-et-sauces\/fabs-seasoning-green-fever-150-g\/#local-main-organization-logo\"},\"sameAs\":[\"https:\/\/www.facebook.com\/KamadoBBQ\/\",\"https:\/\/www.instagram.com\/kamado_bbq\/\"],\"address\":{\"@id\":\"https:\/\/www.kamadobbq.be\/fr\/shop\/accessoires-outils-bbq\/rubs-et-sauces\/fabs-seasoning-green-fever-150-g\/#local-main-place-address\"},\"geo\":{\"@type\":\"GeoCoordinates\",\"latitude\":\"50.979225960799056\",\"longitude\":\"5.122391337257679\"},\"telephone\":[\"+32 13 661 636\"],\"openingHoursSpecification\":[{\"@type\":\"OpeningHoursSpecification\",\"dayOfWeek\":[\"Monday\",\"Tuesday\",\"Wednesday\",\"Thursday\",\"Friday\"],\"opens\":\"10:00\",\"closes\":\"17:30\"},{\"@type\":\"OpeningHoursSpecification\",\"dayOfWeek\":[\"Saturday\"],\"opens\":\"10:00\",\"closes\":\"16:00\"},{\"@type\":\"OpeningHoursSpecification\",\"dayOfWeek\":[\"Sunday\"],\"opens\":\"00:00\",\"closes\":\"00:00\"}],\"email\":\"info@kamadobbq.be\",\"areaServed\":\"Europe\",\"currenciesAccepted\":\"Eur\"},{\"@type\":\"PostalAddress\",\"@id\":\"https:\/\/www.kamadobbq.be\/fr\/shop\/accessoires-outils-bbq\/rubs-et-sauces\/fabs-seasoning-green-fever-150-g\/#local-main-place-address\",\"streetAddress\":\"Meldertsestraat 8\",\"addressLocality\":\"Zelem\",\"postalCode\":\"3545\",\"addressRegion\":\"Belgi\u00eb\",\"addressCountry\":\"BE\"},{\"@type\":\"ImageObject\",\"inLanguage\":\"fr-BE\",\"@id\":\"https:\/\/www.kamadobbq.be\/fr\/shop\/accessoires-outils-bbq\/rubs-et-sauces\/fabs-seasoning-green-fever-150-g\/#local-main-organization-logo\",\"url\":\"https:\/\/www.kamadobbq.be\/wp-content\/uploads\/2022\/02\/kamadobbq-logo-2.svg\",\"contentUrl\":\"https:\/\/www.kamadobbq.be\/wp-content\/uploads\/2022\/02\/kamadobbq-logo-2.svg\",\"caption\":\"Kamado BBQ | De Kamado & BBQ Specialist!\"}]}<\/script>\n<meta name=\"geo.placename\" content=\"Zelem\" \/>\n<meta name=\"geo.position\" content=\"50.979225960799056;5.122391337257679\" \/>\n<meta name=\"geo.region\" content=\"Belgium\" \/>\n<!-- \/ Yoast SEO Premium plugin. -->","yoast_head_json":{"title":"Fab's Seasoning - Green Fever - 150 g - Kamado BBQ","description":"L\u2019\u00e9quilibre parfait entre herbes aromatiques et une l\u00e9g\u00e8re chaleur en fait un alli\u00e9 id\u00e9al pour des cr\u00e9ations aussi bien fra\u00eeches que gourmandes.","robots":{"index":"index","follow":"follow","max-snippet":"max-snippet:-1","max-image-preview":"max-image-preview:large","max-video-preview":"max-video-preview:-1"},"canonical":"https:\/\/www.kamadobbq.be\/fr\/shop\/accessoires-outils-bbq\/rubs-et-sauces\/fabs-seasoning-green-fever-150-g\/","og_locale":"fr_FR","og_type":"article","og_title":"Fab's Seasoning - Green Fever - 150 g - Kamado BBQ","og_description":"L\u2019\u00e9quilibre parfait entre herbes aromatiques et une l\u00e9g\u00e8re chaleur en fait un alli\u00e9 id\u00e9al pour des cr\u00e9ations aussi bien fra\u00eeches que gourmandes.","og_url":"https:\/\/www.kamadobbq.be\/fr\/shop\/accessoires-outils-bbq\/rubs-et-sauces\/fabs-seasoning-green-fever-150-g\/","og_site_name":"Kamado BBQ | De Kamado &amp; BBQ Specialist!","article_publisher":"https:\/\/www.facebook.com\/KamadoBBQ\/","article_modified_time":"2025-12-01T23:10:09+00:00","og_image":[{"width":1000,"height":1000,"url":"https:\/\/www.kamadobbq.be\/wp-content\/uploads\/2025\/03\/Fabs-Green-Fever-BBQ-Rub-150-g.png","type":"image\/png"}],"twitter_card":"summary_large_image","twitter_misc":{"Est. reading time":"1 minute"},"schema":{"@context":"https:\/\/schema.org","@graph":[{"@type":"WebPage","@id":"https:\/\/www.kamadobbq.be\/fr\/shop\/accessoires-outils-bbq\/rubs-et-sauces\/fabs-seasoning-green-fever-150-g\/","url":"https:\/\/www.kamadobbq.be\/fr\/shop\/accessoires-outils-bbq\/rubs-et-sauces\/fabs-seasoning-green-fever-150-g\/","name":"Fab's Seasoning - Green Fever - 150 g - Kamado BBQ","isPartOf":{"@id":"https:\/\/www.kamadobbq.be\/fr\/#website"},"primaryImageOfPage":{"@id":"https:\/\/www.kamadobbq.be\/fr\/shop\/accessoires-outils-bbq\/rubs-et-sauces\/fabs-seasoning-green-fever-150-g\/#primaryimage"},"image":{"@id":"https:\/\/www.kamadobbq.be\/fr\/shop\/accessoires-outils-bbq\/rubs-et-sauces\/fabs-seasoning-green-fever-150-g\/#primaryimage"},"thumbnailUrl":"https:\/\/www.kamadobbq.be\/wp-content\/uploads\/2025\/03\/fabs-greenfever.jpg","datePublished":"2025-04-02T12:40:38+00:00","dateModified":"2025-12-01T23:10:09+00:00","description":"L\u2019\u00e9quilibre parfait entre herbes aromatiques et une l\u00e9g\u00e8re chaleur en fait un alli\u00e9 id\u00e9al pour des cr\u00e9ations aussi bien fra\u00eeches que gourmandes.","breadcrumb":{"@id":"https:\/\/www.kamadobbq.be\/fr\/shop\/accessoires-outils-bbq\/rubs-et-sauces\/fabs-seasoning-green-fever-150-g\/#breadcrumb"},"inLanguage":"fr-BE","potentialAction":[{"@type":"ReadAction","target":["https:\/\/www.kamadobbq.be\/fr\/shop\/accessoires-outils-bbq\/rubs-et-sauces\/fabs-seasoning-green-fever-150-g\/"]}]},{"@type":"ImageObject","inLanguage":"fr-BE","@id":"https:\/\/www.kamadobbq.be\/fr\/shop\/accessoires-outils-bbq\/rubs-et-sauces\/fabs-seasoning-green-fever-150-g\/#primaryimage","url":"https:\/\/www.kamadobbq.be\/wp-content\/uploads\/2025\/03\/fabs-greenfever.jpg","contentUrl":"https:\/\/www.kamadobbq.be\/wp-content\/uploads\/2025\/03\/fabs-greenfever.jpg","width":640,"height":640},{"@type":"BreadcrumbList","@id":"https:\/\/www.kamadobbq.be\/fr\/shop\/accessoires-outils-bbq\/rubs-et-sauces\/fabs-seasoning-green-fever-150-g\/#breadcrumb","itemListElement":[{"@type":"ListItem","position":1,"name":"Shop","item":"https:\/\/www.kamadobbq.be\/fr\/shop\/"},{"@type":"ListItem","position":2,"name":"Fab&#8217;s Seasoning &#8211; Green Fever &#8211; 150 g"}]},{"@type":"WebSite","@id":"https:\/\/www.kamadobbq.be\/fr\/#website","url":"https:\/\/www.kamadobbq.be\/fr\/","name":"Kamado BBQ | De Kamado & BBQ Specialist!","description":"Beleef de ultieme barbecue ervaring - Kamado BBQ","publisher":{"@id":"https:\/\/www.kamadobbq.be\/fr\/#organization"},"alternateName":"Kamado BBQ","potentialAction":[{"@type":"SearchAction","target":{"@type":"EntryPoint","urlTemplate":"https:\/\/www.kamadobbq.be\/fr\/?s={search_term_string}"},"query-input":{"@type":"PropertyValueSpecification","valueRequired":true,"valueName":"search_term_string"}}],"inLanguage":"fr-BE"},{"@type":["Organization","Place","Store"],"@id":"https:\/\/www.kamadobbq.be\/fr\/#organization","name":"Kamado BBQ | De Kamado & BBQ Specialist!","url":"https:\/\/www.kamadobbq.be\/fr\/","logo":{"@id":"https:\/\/www.kamadobbq.be\/fr\/shop\/accessoires-outils-bbq\/rubs-et-sauces\/fabs-seasoning-green-fever-150-g\/#local-main-organization-logo"},"image":{"@id":"https:\/\/www.kamadobbq.be\/fr\/shop\/accessoires-outils-bbq\/rubs-et-sauces\/fabs-seasoning-green-fever-150-g\/#local-main-organization-logo"},"sameAs":["https:\/\/www.facebook.com\/KamadoBBQ\/","https:\/\/www.instagram.com\/kamado_bbq\/"],"address":{"@id":"https:\/\/www.kamadobbq.be\/fr\/shop\/accessoires-outils-bbq\/rubs-et-sauces\/fabs-seasoning-green-fever-150-g\/#local-main-place-address"},"geo":{"@type":"GeoCoordinates","latitude":"50.979225960799056","longitude":"5.122391337257679"},"telephone":["+32 13 661 636"],"openingHoursSpecification":[{"@type":"OpeningHoursSpecification","dayOfWeek":["Monday","Tuesday","Wednesday","Thursday","Friday"],"opens":"10:00","closes":"17:30"},{"@type":"OpeningHoursSpecification","dayOfWeek":["Saturday"],"opens":"10:00","closes":"16:00"},{"@type":"OpeningHoursSpecification","dayOfWeek":["Sunday"],"opens":"00:00","closes":"00:00"}],"email":"info@kamadobbq.be","areaServed":"Europe","currenciesAccepted":"Eur"},{"@type":"PostalAddress","@id":"https:\/\/www.kamadobbq.be\/fr\/shop\/accessoires-outils-bbq\/rubs-et-sauces\/fabs-seasoning-green-fever-150-g\/#local-main-place-address","streetAddress":"Meldertsestraat 8","addressLocality":"Zelem","postalCode":"3545","addressRegion":"Belgi\u00eb","addressCountry":"BE"},{"@type":"ImageObject","inLanguage":"fr-BE","@id":"https:\/\/www.kamadobbq.be\/fr\/shop\/accessoires-outils-bbq\/rubs-et-sauces\/fabs-seasoning-green-fever-150-g\/#local-main-organization-logo","url":"https:\/\/www.kamadobbq.be\/wp-content\/uploads\/2022\/02\/kamadobbq-logo-2.svg","contentUrl":"https:\/\/www.kamadobbq.be\/wp-content\/uploads\/2022\/02\/kamadobbq-logo-2.svg","caption":"Kamado BBQ | De Kamado & BBQ Specialist!"}]},"geo.placename":"Zelem","geo.position":{"lat":"50.979225960799056","long":"5.122391337257679"},"geo.region":"Belgium"},"_links":{"self":[{"href":"https:\/\/www.kamadobbq.be\/fr\/wp-json\/wp\/v2\/product\/96240","targetHints":{"allow":["GET"]}}],"collection":[{"href":"https:\/\/www.kamadobbq.be\/fr\/wp-json\/wp\/v2\/product"}],"about":[{"href":"https:\/\/www.kamadobbq.be\/fr\/wp-json\/wp\/v2\/types\/product"}],"wp:featuredmedia":[{"embeddable":true,"href":"https:\/\/www.kamadobbq.be\/fr\/wp-json\/wp\/v2\/media\/120786"}],"wp:attachment":[{"href":"https:\/\/www.kamadobbq.be\/fr\/wp-json\/wp\/v2\/media?parent=96240"}],"wp:term":[{"taxonomy":"product_brand","embeddable":true,"href":"https:\/\/www.kamadobbq.be\/fr\/wp-json\/wp\/v2\/product_brand?post=96240"},{"taxonomy":"product_cat","embeddable":true,"href":"https:\/\/www.kamadobbq.be\/fr\/wp-json\/wp\/v2\/product_cat?post=96240"},{"taxonomy":"product_tag","embeddable":true,"href":"https:\/\/www.kamadobbq.be\/fr\/wp-json\/wp\/v2\/product_tag?post=96240"}],"curies":[{"name":"wp","href":"https:\/\/api.w.org\/{rel}","templated":true}]}}