{"id":93965,"date":"2025-02-20T15:45:20","date_gmt":"2025-02-20T14:45:20","guid":{"rendered":"https:\/\/www.kamadobbq.be\/?post_type=product&#038;p=93965"},"modified":"2026-03-05T13:13:49","modified_gmt":"2026-03-05T12:13:49","slug":"masterbuilt-gravity-series-1150","status":"publish","type":"product","link":"https:\/\/www.kamadobbq.be\/fr\/shop\/masterbuilt-fr\/masterbuilt-gravity-series-1150\/","title":{"rendered":"Masterbuilt Gravity Series 1150"},"content":{"rendered":"<p data-start=\"628\" data-end=\"920\">Il vous suffit de charger votre charbon de bois dans la tr\u00e9mie GravityFed\u2122, de r\u00e9gler la temp\u00e9rature de cuisson via le panneau de commande num\u00e9rique ou l\u2019application Masterbuilt, et de laisser le ventilateur DigitalFan\u2122 faire le travail en maintenant des temp\u00e9ratures allant de 105 \u00e0 370 \u00b0C.<\/p>\n<p data-start=\"922\" data-end=\"1127\">Avec la possibilit\u00e9 de fumer, saisir, r\u00f4tir et cuire au four, explorez une infinit\u00e9 d\u2019options de cuisson tout en profitant de la saveur riche et in\u00e9gal\u00e9e du charbon de bois \u2013 uniquement chez Masterbuilt.<\/p>\n<p>&nbsp;<\/p>\n<p><iframe title=\"Gravity Series 1150 Digital Charcoal Grill and Smoker\" width=\"1080\" height=\"608\" src=\"https:\/\/www.youtube.com\/embed\/ZD2cFGE0F6w?feature=oembed\"  allow=\"accelerometer; autoplay; clipboard-write; encrypted-media; gyroscope; picture-in-picture; web-share\" referrerpolicy=\"strict-origin-when-cross-origin\" allowfullscreen><\/iframe><\/p>\n<p>&nbsp;<\/p>\n<h2>R\u00e9sum\u00e9<\/h2>\n<ul>\n<li><strong>POLYVALENCE DE CUISSON SUPR\u00caME<\/strong> D\u00e9couvrez la polyvalence in\u00e9gal\u00e9e de la cuisson au charbon de bois, avec la possibilit\u00e9 de saisir \u00e0 haute temp\u00e9rature jusqu&#8217;\u00e0 370 \u00b0C ou de fumer lentement \u00e0 basse temp\u00e9rature jusqu&#8217;\u00e0 105 \u00b0C. Prenez le contr\u00f4le total de vos grillades et profitez d\u2019un barbecue-fumoir combin\u00e9 capable de griller, r\u00f4tir, fumer et saisir en un seul appareil.<\/li>\n<li><strong>CAPACIT\u00c9 DE CUISSON G\u00c9N\u00c9REUSE<\/strong> Avec une surface de cuisson de 7500 cm\u00b2, ce barbecue-fumoir num\u00e9rique au charbon de bois vous permet de cuisiner facilement pour une grande tabl\u00e9e.<\/li>\n<li><strong>COMMANDE R\u00c9VOLUTIONNAIRE PAR APPLICATION<\/strong> Contr\u00f4lez votre barbecue \u00e0 distance gr\u00e2ce \u00e0 l\u2019application Masterbuilt : ajustez la temp\u00e9rature de cuisson, surveillez jusqu\u2019\u00e0 4 thermom\u00e8tres \u00e0 viande, recevez des alertes et d\u00e9couvrez de nouvelles recettes sublim\u00e9es par l\u2019ar\u00f4me du charbon de bois. Vous pouvez aussi utiliser le panneau de commande num\u00e9rique pour r\u00e9gler facilement la temp\u00e9rature et le temps de cuisson.<\/li>\n<li><strong>LAISSEZ LA GRAVIT\u00c9 FAIRE LE TRAVAIL<\/strong> La tr\u00e9mie \u00e0 charbon de bois GravityFed\u2122 peut contenir jusqu&#8217;\u00e0 5,4 kg de morceaux de charbon ou 8 kg de briquettes, offrant jusqu&#8217;\u00e0 15 heures de cuisson ininterrompue. Plus besoin de recharger constamment le combustible : savourez une exp\u00e9rience de cuisson au charbon de bois sans interruption.<\/li>\n<li><strong>PR\u00caT \u00c0 GRILLER EN UN RIEN DE TEMPS<\/strong> Ce barbecue-fumoir \u00e0 gravit\u00e9 chauffe rapidement: 105 \u00b0C en seulement 9 minutes et 370 \u00b0C en 15 minutes. Il fonctionne aussi bien comme un barbecue traditionnel au charbon de bois que comme un fumoir \u00e0 cuisson lente. Le ventilateur DigitalFan\u2122 ajuste automatiquement la temp\u00e9rature pour une cuisson optimale.<\/li>\n<li><strong>GRILLES EN FONTE R\u00c9VERSIBLES POUR FUMER ET SAISIR<\/strong> Les grilles en fonte r\u00e9versibles permettent de saisir \u00e0 haute temp\u00e9rature pour enfermer les saveurs ou de maintenir l\u2019humidit\u00e9 lors d\u2019une cuisson lente \u00e0 basse temp\u00e9rature.<\/li>\n<li><strong>GARDEZ LES ALIMENTS AU CHAUD<\/strong> Les grilles-r\u00e9chauds \u00e9maill\u00e9es permettent de garder vos plats au chaud tout en poursuivant la cuisson. Elles sont \u00e9galement id\u00e9ales pour le fumage lent \u00e0 basse temp\u00e9rature.<\/li>\n<li><strong>NETTOYAGE RAPIDE ET FACILE<\/strong> Gagnez du temps apr\u00e8s la cuisson gr\u00e2ce au seau \u00e0 cendres amovible et au r\u00e9cipient \u00e0 graisse frontal facile d\u2019acc\u00e8s.<\/li>\n<li><strong>ACCESSOIRES DISPONIBLES<\/strong> Masterbuilt propose une large gamme d\u2019accessoires pour enrichir votre exp\u00e9rience de cuisson : four \u00e0 pizza, r\u00f4tissoire, plancha et bien d\u2019autres encore (vendus s\u00e9par\u00e9ment).<\/li>\n<li><strong>GARANTIE PROLONG\u00c9E<\/strong> Profitez d&#8217;une garantie gratuite de 2 ans.<\/li>\n<\/ul>\n<p>&nbsp;<\/p>\n<h2>specifications<\/h2>\n<ul>\n<li data-start=\"0\" data-end=\"38\"><strong data-start=\"2\" data-end=\"36\" data-is-only-node=\"\">Surface de cuisson <\/strong>7 419 cm\u00b2<\/li>\n<li data-start=\"39\" data-end=\"75\"><strong data-start=\"41\" data-end=\"73\" data-is-only-node=\"\">Capacit\u00e9 de la tr\u00e9mie <\/strong>8 kg<\/li>\n<li data-start=\"76\" data-end=\"100\"><strong data-start=\"78\" data-end=\"98\" data-is-only-node=\"\">Largeur <\/strong>147 cm<\/li>\n<li data-start=\"101\" data-end=\"125\"><strong data-start=\"103\" data-end=\"123\" data-is-only-node=\"\">Longueur <\/strong>81 cm<\/li>\n<li data-start=\"126\" data-end=\"150\" data-is-last-node=\"\"><strong data-start=\"128\" data-end=\"148\" data-is-only-node=\"\">Hauteur <\/strong>132 cm<\/li>\n<\/ul>\n","protected":false},"excerpt":{"rendered":"<p data-start=\"175\" data-end=\"626\">Faites l\u2019exp\u00e9rience d\u2019une cuisson au charbon de bois pratique et savoureuse, directement dans le confort de votre jardin, gr\u00e2ce au barbecue-fumoir num\u00e9rique Gravity Series 1150 de Masterbuilt.<\/p>\n<p data-start=\"175\" data-end=\"626\">Con\u00e7u par des experts pour sublimer vos grillades au charbon de bois, ce barbecue-fumoir combin\u00e9 offre un contr\u00f4le automatique de la temp\u00e9rature et int\u00e8gre une technologie d\u2019application r\u00e9volutionnaire qui transforme votre exp\u00e9rience culinaire en ext\u00e9rieur.<\/p>\n<p data-start=\"922\" data-end=\"1127\">\n","protected":false},"featured_media":93978,"template":"","meta":{"_acf_changed":false,"_et_pb_use_builder":"off","_et_pb_old_content":"","_et_gb_content_width":""},"product_brand":[],"product_cat":[1120],"product_tag":[],"class_list":{"0":"post-93965","1":"product","2":"type-product","3":"status-publish","4":"has-post-thumbnail","6":"product_cat-masterbuilt-fr","8":"first","9":"instock","10":"taxable","11":"shipping-taxable","12":"purchasable","13":"product-type-simple"},"acf":[],"yoast_head":"<!-- This site is optimized with the Yoast SEO Premium plugin v25.4 (Yoast SEO v25.4) - https:\/\/yoast.com\/wordpress\/plugins\/seo\/ -->\n<title>Masterbuilt Gravity Series 1150 - Kamado BBQ<\/title>\n<meta name=\"description\" content=\"Con\u00e7u par des experts pour sublimer vos grillades au charbon de bois, ce barbecue-fumoir combin\u00e9 offre un contr\u00f4le automatique de la temp\u00e9rature.\" \/>\n<meta name=\"robots\" content=\"index, follow, max-snippet:-1, max-image-preview:large, max-video-preview:-1\" \/>\n<link rel=\"canonical\" href=\"https:\/\/www.kamadobbq.be\/fr\/shop\/masterbuilt-fr\/masterbuilt-gravity-series-1150\/\" \/>\n<meta property=\"og:locale\" content=\"fr_FR\" \/>\n<meta property=\"og:type\" content=\"article\" \/>\n<meta property=\"og:title\" content=\"Masterbuilt Gravity Series 1150 - Kamado BBQ\" \/>\n<meta property=\"og:description\" content=\"Con\u00e7u par des experts pour sublimer vos grillades au charbon de bois, ce barbecue-fumoir combin\u00e9 offre un contr\u00f4le automatique de la temp\u00e9rature.\" \/>\n<meta property=\"og:url\" content=\"https:\/\/www.kamadobbq.be\/fr\/shop\/masterbuilt-fr\/masterbuilt-gravity-series-1150\/\" \/>\n<meta property=\"og:site_name\" content=\"Kamado BBQ | De Kamado &amp; BBQ Specialist!\" \/>\n<meta property=\"article:publisher\" content=\"https:\/\/www.facebook.com\/KamadoBBQ\/\" \/>\n<meta property=\"article:modified_time\" content=\"2026-03-05T12:13:49+00:00\" \/>\n<meta property=\"og:image\" content=\"https:\/\/www.kamadobbq.be\/wp-content\/uploads\/2025\/02\/Masterbuilt-Gravity-1150.png\" \/>\n\t<meta property=\"og:image:width\" content=\"1000\" \/>\n\t<meta property=\"og:image:height\" content=\"1000\" \/>\n\t<meta property=\"og:image:type\" content=\"image\/png\" \/>\n<meta name=\"twitter:card\" content=\"summary_large_image\" \/>\n<meta name=\"twitter:label1\" content=\"Est. reading time\" \/>\n\t<meta name=\"twitter:data1\" content=\"3 minutes\" \/>\n<script type=\"application\/ld+json\" class=\"yoast-schema-graph\">{\"@context\":\"https:\/\/schema.org\",\"@graph\":[{\"@type\":\"WebPage\",\"@id\":\"https:\/\/www.kamadobbq.be\/fr\/shop\/masterbuilt-fr\/masterbuilt-gravity-series-1150\/\",\"url\":\"https:\/\/www.kamadobbq.be\/fr\/shop\/masterbuilt-fr\/masterbuilt-gravity-series-1150\/\",\"name\":\"Masterbuilt Gravity Series 1150 - Kamado BBQ\",\"isPartOf\":{\"@id\":\"https:\/\/www.kamadobbq.be\/fr\/#website\"},\"primaryImageOfPage\":{\"@id\":\"https:\/\/www.kamadobbq.be\/fr\/shop\/masterbuilt-fr\/masterbuilt-gravity-series-1150\/#primaryimage\"},\"image\":{\"@id\":\"https:\/\/www.kamadobbq.be\/fr\/shop\/masterbuilt-fr\/masterbuilt-gravity-series-1150\/#primaryimage\"},\"thumbnailUrl\":\"https:\/\/www.kamadobbq.be\/wp-content\/uploads\/2025\/02\/Masterbuilt-Gravity-1150.png\",\"datePublished\":\"2025-02-20T14:45:20+00:00\",\"dateModified\":\"2026-03-05T12:13:49+00:00\",\"description\":\"Con\u00e7u par des experts pour sublimer vos grillades au charbon de bois, ce barbecue-fumoir combin\u00e9 offre un contr\u00f4le automatique de la temp\u00e9rature.\",\"breadcrumb\":{\"@id\":\"https:\/\/www.kamadobbq.be\/fr\/shop\/masterbuilt-fr\/masterbuilt-gravity-series-1150\/#breadcrumb\"},\"inLanguage\":\"fr-BE\",\"potentialAction\":[{\"@type\":\"ReadAction\",\"target\":[\"https:\/\/www.kamadobbq.be\/fr\/shop\/masterbuilt-fr\/masterbuilt-gravity-series-1150\/\"]}]},{\"@type\":\"ImageObject\",\"inLanguage\":\"fr-BE\",\"@id\":\"https:\/\/www.kamadobbq.be\/fr\/shop\/masterbuilt-fr\/masterbuilt-gravity-series-1150\/#primaryimage\",\"url\":\"https:\/\/www.kamadobbq.be\/wp-content\/uploads\/2025\/02\/Masterbuilt-Gravity-1150.png\",\"contentUrl\":\"https:\/\/www.kamadobbq.be\/wp-content\/uploads\/2025\/02\/Masterbuilt-Gravity-1150.png\",\"width\":1000,\"height\":1000},{\"@type\":\"BreadcrumbList\",\"@id\":\"https:\/\/www.kamadobbq.be\/fr\/shop\/masterbuilt-fr\/masterbuilt-gravity-series-1150\/#breadcrumb\",\"itemListElement\":[{\"@type\":\"ListItem\",\"position\":1,\"name\":\"Shop\",\"item\":\"https:\/\/www.kamadobbq.be\/fr\/shop\/\"},{\"@type\":\"ListItem\",\"position\":2,\"name\":\"Masterbuilt Gravity Series 1150\"}]},{\"@type\":\"WebSite\",\"@id\":\"https:\/\/www.kamadobbq.be\/fr\/#website\",\"url\":\"https:\/\/www.kamadobbq.be\/fr\/\",\"name\":\"Kamado BBQ | De Kamado & BBQ Specialist!\",\"description\":\"Beleef de ultieme barbecue ervaring - Kamado BBQ\",\"publisher\":{\"@id\":\"https:\/\/www.kamadobbq.be\/fr\/#organization\"},\"alternateName\":\"Kamado BBQ\",\"potentialAction\":[{\"@type\":\"SearchAction\",\"target\":{\"@type\":\"EntryPoint\",\"urlTemplate\":\"https:\/\/www.kamadobbq.be\/fr\/?s={search_term_string}\"},\"query-input\":{\"@type\":\"PropertyValueSpecification\",\"valueRequired\":true,\"valueName\":\"search_term_string\"}}],\"inLanguage\":\"fr-BE\"},{\"@type\":[\"Organization\",\"Place\",\"Store\"],\"@id\":\"https:\/\/www.kamadobbq.be\/fr\/#organization\",\"name\":\"Kamado BBQ | De Kamado & BBQ Specialist!\",\"url\":\"https:\/\/www.kamadobbq.be\/fr\/\",\"logo\":{\"@id\":\"https:\/\/www.kamadobbq.be\/fr\/shop\/masterbuilt-fr\/masterbuilt-gravity-series-1150\/#local-main-organization-logo\"},\"image\":{\"@id\":\"https:\/\/www.kamadobbq.be\/fr\/shop\/masterbuilt-fr\/masterbuilt-gravity-series-1150\/#local-main-organization-logo\"},\"sameAs\":[\"https:\/\/www.facebook.com\/KamadoBBQ\/\",\"https:\/\/www.instagram.com\/kamado_bbq\/\"],\"address\":{\"@id\":\"https:\/\/www.kamadobbq.be\/fr\/shop\/masterbuilt-fr\/masterbuilt-gravity-series-1150\/#local-main-place-address\"},\"geo\":{\"@type\":\"GeoCoordinates\",\"latitude\":\"50.979225960799056\",\"longitude\":\"5.122391337257679\"},\"telephone\":[\"+32 13 661 636\"],\"openingHoursSpecification\":[{\"@type\":\"OpeningHoursSpecification\",\"dayOfWeek\":[\"Monday\",\"Tuesday\",\"Wednesday\",\"Thursday\",\"Friday\"],\"opens\":\"10:00\",\"closes\":\"17:30\"},{\"@type\":\"OpeningHoursSpecification\",\"dayOfWeek\":[\"Saturday\"],\"opens\":\"10:00\",\"closes\":\"16:00\"},{\"@type\":\"OpeningHoursSpecification\",\"dayOfWeek\":[\"Sunday\"],\"opens\":\"00:00\",\"closes\":\"00:00\"}],\"email\":\"info@kamadobbq.be\",\"areaServed\":\"Europe\",\"currenciesAccepted\":\"Eur\"},{\"@type\":\"PostalAddress\",\"@id\":\"https:\/\/www.kamadobbq.be\/fr\/shop\/masterbuilt-fr\/masterbuilt-gravity-series-1150\/#local-main-place-address\",\"streetAddress\":\"Meldertsestraat 8\",\"addressLocality\":\"Zelem\",\"postalCode\":\"3545\",\"addressRegion\":\"Belgi\u00eb\",\"addressCountry\":\"BE\"},{\"@type\":\"ImageObject\",\"inLanguage\":\"fr-BE\",\"@id\":\"https:\/\/www.kamadobbq.be\/fr\/shop\/masterbuilt-fr\/masterbuilt-gravity-series-1150\/#local-main-organization-logo\",\"url\":\"https:\/\/www.kamadobbq.be\/wp-content\/uploads\/2022\/02\/kamadobbq-logo-2.svg\",\"contentUrl\":\"https:\/\/www.kamadobbq.be\/wp-content\/uploads\/2022\/02\/kamadobbq-logo-2.svg\",\"caption\":\"Kamado BBQ | De Kamado & BBQ Specialist!\"}]}<\/script>\n<meta property=\"og:video\" content=\"https:\/\/www.youtube.com\/embed\/ZD2cFGE0F6w\" \/>\n<meta property=\"og:video:type\" content=\"text\/html\" \/>\n<meta property=\"og:video:duration\" content=\"96\" \/>\n<meta property=\"og:video:width\" content=\"480\" \/>\n<meta property=\"og:video:height\" content=\"270\" \/>\n<meta property=\"ya:ovs:adult\" content=\"false\" \/>\n<meta property=\"ya:ovs:upload_date\" content=\"2025-02-20T14:45:20+00:00\" \/>\n<meta property=\"ya:ovs:allow_embed\" content=\"true\" \/>\n<meta name=\"geo.placename\" content=\"Zelem\" \/>\n<meta name=\"geo.position\" content=\"50.979225960799056;5.122391337257679\" \/>\n<meta name=\"geo.region\" content=\"Belgium\" \/>\n<!-- \/ Yoast SEO Premium plugin. -->","yoast_head_json":{"title":"Masterbuilt Gravity Series 1150 - Kamado BBQ","description":"Con\u00e7u par des experts pour sublimer vos grillades au charbon de bois, ce barbecue-fumoir combin\u00e9 offre un contr\u00f4le automatique de la temp\u00e9rature.","robots":{"index":"index","follow":"follow","max-snippet":"max-snippet:-1","max-image-preview":"max-image-preview:large","max-video-preview":"max-video-preview:-1"},"canonical":"https:\/\/www.kamadobbq.be\/fr\/shop\/masterbuilt-fr\/masterbuilt-gravity-series-1150\/","og_locale":"fr_FR","og_type":"article","og_title":"Masterbuilt Gravity Series 1150 - Kamado BBQ","og_description":"Con\u00e7u par des experts pour sublimer vos grillades au charbon de bois, ce barbecue-fumoir combin\u00e9 offre un contr\u00f4le automatique de la temp\u00e9rature.","og_url":"https:\/\/www.kamadobbq.be\/fr\/shop\/masterbuilt-fr\/masterbuilt-gravity-series-1150\/","og_site_name":"Kamado BBQ | De Kamado &amp; BBQ Specialist!","article_publisher":"https:\/\/www.facebook.com\/KamadoBBQ\/","article_modified_time":"2026-03-05T12:13:49+00:00","og_image":[{"width":1000,"height":1000,"url":"https:\/\/www.kamadobbq.be\/wp-content\/uploads\/2025\/02\/Masterbuilt-Gravity-1150.png","type":"image\/png"}],"twitter_card":"summary_large_image","twitter_misc":{"Est. reading time":"3 minutes"},"schema":{"@context":"https:\/\/schema.org","@graph":[{"@type":"WebPage","@id":"https:\/\/www.kamadobbq.be\/fr\/shop\/masterbuilt-fr\/masterbuilt-gravity-series-1150\/","url":"https:\/\/www.kamadobbq.be\/fr\/shop\/masterbuilt-fr\/masterbuilt-gravity-series-1150\/","name":"Masterbuilt Gravity Series 1150 - Kamado BBQ","isPartOf":{"@id":"https:\/\/www.kamadobbq.be\/fr\/#website"},"primaryImageOfPage":{"@id":"https:\/\/www.kamadobbq.be\/fr\/shop\/masterbuilt-fr\/masterbuilt-gravity-series-1150\/#primaryimage"},"image":{"@id":"https:\/\/www.kamadobbq.be\/fr\/shop\/masterbuilt-fr\/masterbuilt-gravity-series-1150\/#primaryimage"},"thumbnailUrl":"https:\/\/www.kamadobbq.be\/wp-content\/uploads\/2025\/02\/Masterbuilt-Gravity-1150.png","datePublished":"2025-02-20T14:45:20+00:00","dateModified":"2026-03-05T12:13:49+00:00","description":"Con\u00e7u par des experts pour sublimer vos grillades au charbon de bois, ce barbecue-fumoir combin\u00e9 offre un contr\u00f4le automatique de la temp\u00e9rature.","breadcrumb":{"@id":"https:\/\/www.kamadobbq.be\/fr\/shop\/masterbuilt-fr\/masterbuilt-gravity-series-1150\/#breadcrumb"},"inLanguage":"fr-BE","potentialAction":[{"@type":"ReadAction","target":["https:\/\/www.kamadobbq.be\/fr\/shop\/masterbuilt-fr\/masterbuilt-gravity-series-1150\/"]}]},{"@type":"ImageObject","inLanguage":"fr-BE","@id":"https:\/\/www.kamadobbq.be\/fr\/shop\/masterbuilt-fr\/masterbuilt-gravity-series-1150\/#primaryimage","url":"https:\/\/www.kamadobbq.be\/wp-content\/uploads\/2025\/02\/Masterbuilt-Gravity-1150.png","contentUrl":"https:\/\/www.kamadobbq.be\/wp-content\/uploads\/2025\/02\/Masterbuilt-Gravity-1150.png","width":1000,"height":1000},{"@type":"BreadcrumbList","@id":"https:\/\/www.kamadobbq.be\/fr\/shop\/masterbuilt-fr\/masterbuilt-gravity-series-1150\/#breadcrumb","itemListElement":[{"@type":"ListItem","position":1,"name":"Shop","item":"https:\/\/www.kamadobbq.be\/fr\/shop\/"},{"@type":"ListItem","position":2,"name":"Masterbuilt Gravity Series 1150"}]},{"@type":"WebSite","@id":"https:\/\/www.kamadobbq.be\/fr\/#website","url":"https:\/\/www.kamadobbq.be\/fr\/","name":"Kamado BBQ | De Kamado & BBQ Specialist!","description":"Beleef de ultieme barbecue ervaring - Kamado BBQ","publisher":{"@id":"https:\/\/www.kamadobbq.be\/fr\/#organization"},"alternateName":"Kamado BBQ","potentialAction":[{"@type":"SearchAction","target":{"@type":"EntryPoint","urlTemplate":"https:\/\/www.kamadobbq.be\/fr\/?s={search_term_string}"},"query-input":{"@type":"PropertyValueSpecification","valueRequired":true,"valueName":"search_term_string"}}],"inLanguage":"fr-BE"},{"@type":["Organization","Place","Store"],"@id":"https:\/\/www.kamadobbq.be\/fr\/#organization","name":"Kamado BBQ | De Kamado & BBQ Specialist!","url":"https:\/\/www.kamadobbq.be\/fr\/","logo":{"@id":"https:\/\/www.kamadobbq.be\/fr\/shop\/masterbuilt-fr\/masterbuilt-gravity-series-1150\/#local-main-organization-logo"},"image":{"@id":"https:\/\/www.kamadobbq.be\/fr\/shop\/masterbuilt-fr\/masterbuilt-gravity-series-1150\/#local-main-organization-logo"},"sameAs":["https:\/\/www.facebook.com\/KamadoBBQ\/","https:\/\/www.instagram.com\/kamado_bbq\/"],"address":{"@id":"https:\/\/www.kamadobbq.be\/fr\/shop\/masterbuilt-fr\/masterbuilt-gravity-series-1150\/#local-main-place-address"},"geo":{"@type":"GeoCoordinates","latitude":"50.979225960799056","longitude":"5.122391337257679"},"telephone":["+32 13 661 636"],"openingHoursSpecification":[{"@type":"OpeningHoursSpecification","dayOfWeek":["Monday","Tuesday","Wednesday","Thursday","Friday"],"opens":"10:00","closes":"17:30"},{"@type":"OpeningHoursSpecification","dayOfWeek":["Saturday"],"opens":"10:00","closes":"16:00"},{"@type":"OpeningHoursSpecification","dayOfWeek":["Sunday"],"opens":"00:00","closes":"00:00"}],"email":"info@kamadobbq.be","areaServed":"Europe","currenciesAccepted":"Eur"},{"@type":"PostalAddress","@id":"https:\/\/www.kamadobbq.be\/fr\/shop\/masterbuilt-fr\/masterbuilt-gravity-series-1150\/#local-main-place-address","streetAddress":"Meldertsestraat 8","addressLocality":"Zelem","postalCode":"3545","addressRegion":"Belgi\u00eb","addressCountry":"BE"},{"@type":"ImageObject","inLanguage":"fr-BE","@id":"https:\/\/www.kamadobbq.be\/fr\/shop\/masterbuilt-fr\/masterbuilt-gravity-series-1150\/#local-main-organization-logo","url":"https:\/\/www.kamadobbq.be\/wp-content\/uploads\/2022\/02\/kamadobbq-logo-2.svg","contentUrl":"https:\/\/www.kamadobbq.be\/wp-content\/uploads\/2022\/02\/kamadobbq-logo-2.svg","caption":"Kamado BBQ | De Kamado & BBQ Specialist!"}]},"og_video":"https:\/\/www.youtube.com\/embed\/ZD2cFGE0F6w","og_video_type":"text\/html","og_video_duration":"96","og_video_width":"480","og_video_height":"270","ya_ovs_adult":"false","ya_ovs_upload_date":"2025-02-20T14:45:20+00:00","ya_ovs_allow_embed":"true","geo.placename":"Zelem","geo.position":{"lat":"50.979225960799056","long":"5.122391337257679"},"geo.region":"Belgium"},"_links":{"self":[{"href":"https:\/\/www.kamadobbq.be\/fr\/wp-json\/wp\/v2\/product\/93965","targetHints":{"allow":["GET"]}}],"collection":[{"href":"https:\/\/www.kamadobbq.be\/fr\/wp-json\/wp\/v2\/product"}],"about":[{"href":"https:\/\/www.kamadobbq.be\/fr\/wp-json\/wp\/v2\/types\/product"}],"wp:featuredmedia":[{"embeddable":true,"href":"https:\/\/www.kamadobbq.be\/fr\/wp-json\/wp\/v2\/media\/93978"}],"wp:attachment":[{"href":"https:\/\/www.kamadobbq.be\/fr\/wp-json\/wp\/v2\/media?parent=93965"}],"wp:term":[{"taxonomy":"product_brand","embeddable":true,"href":"https:\/\/www.kamadobbq.be\/fr\/wp-json\/wp\/v2\/product_brand?post=93965"},{"taxonomy":"product_cat","embeddable":true,"href":"https:\/\/www.kamadobbq.be\/fr\/wp-json\/wp\/v2\/product_cat?post=93965"},{"taxonomy":"product_tag","embeddable":true,"href":"https:\/\/www.kamadobbq.be\/fr\/wp-json\/wp\/v2\/product_tag?post=93965"}],"curies":[{"name":"wp","href":"https:\/\/api.w.org\/{rel}","templated":true}]}}