{"id":91472,"date":"2025-01-24T11:01:56","date_gmt":"2025-01-24T10:01:56","guid":{"rendered":"https:\/\/www.kamadobbq.be\/?post_type=product&#038;p=91472"},"modified":"2025-11-07T11:55:56","modified_gmt":"2025-11-07T10:55:56","slug":"gozney-arc-arc-xl-booster","status":"publish","type":"product","link":"https:\/\/www.kamadobbq.be\/fr\/shop\/gozney-fr\/gozney-accessoires-fr\/gozney-arc-arc-xl-booster\/","title":{"rendered":"Gozney Arc + Arc XL Booster"},"content":{"rendered":"<p>Con\u00e7u pour l\u2019Arc et l\u2019Arc XL, cet accessoire sur\u00e9lev\u00e9 facilite le lancement, la surveillance et la rotation de vos pizzas.<\/p>\n<p>Son design durable et \u00e9l\u00e9gant est \u00e0 la fois pratique et apporte une touche de raffinement \u00e0 votre espace culinaire.<\/p>\n<p>Faites passer votre passion pour les pizzas au niveau sup\u00e9rieur avec le Booster Arc + Arc XL.<\/p>\n","protected":false},"excerpt":{"rendered":"<p>\u00c9levez votre exp\u00e9rience de pr\u00e9paration de pizzas avec le Booster Arc + Arc XL.<\/p>\n<p>Le Booster est facile \u00e0 assembler, con\u00e7u pour durer et sp\u00e9cialement pens\u00e9 pour sur\u00e9lever votre four de comptoir \u00e0 une hauteur de travail confortable et ergonomique, id\u00e9al pour pr\u00e9parer des pizzas dignes d\u2019un restaurant.<\/p>\n<p>&nbsp;<\/p>\n","protected":false},"featured_media":91475,"template":"","meta":{"_acf_changed":false,"_et_pb_use_builder":"","_et_pb_old_content":"","_et_gb_content_width":""},"product_brand":[],"product_cat":[1211,1234],"product_tag":[],"class_list":{"0":"post-91472","1":"product","2":"type-product","3":"status-publish","4":"has-post-thumbnail","6":"product_cat-gozney-fr","7":"product_cat-gozney-accessoires-fr","9":"first","10":"instock","11":"taxable","12":"shipping-taxable","13":"purchasable","14":"product-type-simple"},"acf":[],"yoast_head":"<!-- This site is optimized with the Yoast SEO Premium plugin v25.4 (Yoast SEO v25.4) - https:\/\/yoast.com\/wordpress\/plugins\/seo\/ -->\n<title>Acheter Gozney Arc + Arc XL Booster - Con\u00e7u pour durer!<\/title>\n<meta name=\"description\" content=\"Gozney Arc + Arc XL Booster, con\u00e7u pour durer et sp\u00e9cialement pens\u00e9 pour sur\u00e9lever votre four de comptoir \u00e0 une hauteur de travail confortable.\" \/>\n<meta name=\"robots\" content=\"index, follow, max-snippet:-1, max-image-preview:large, max-video-preview:-1\" \/>\n<link rel=\"canonical\" href=\"https:\/\/www.kamadobbq.be\/fr\/shop\/gozney-fr\/gozney-accessoires-fr\/gozney-arc-arc-xl-booster\/\" \/>\n<meta property=\"og:locale\" content=\"fr_FR\" \/>\n<meta property=\"og:type\" content=\"article\" \/>\n<meta property=\"og:title\" content=\"Acheter Gozney Arc + Arc XL Booster - Con\u00e7u pour durer!\" \/>\n<meta property=\"og:description\" content=\"Gozney Arc + Arc XL Booster, con\u00e7u pour durer et sp\u00e9cialement pens\u00e9 pour sur\u00e9lever votre four de comptoir \u00e0 une hauteur de travail confortable.\" \/>\n<meta property=\"og:url\" content=\"https:\/\/www.kamadobbq.be\/fr\/shop\/gozney-fr\/gozney-accessoires-fr\/gozney-arc-arc-xl-booster\/\" \/>\n<meta property=\"og:site_name\" content=\"Kamado BBQ | De Kamado &amp; BBQ Specialist!\" \/>\n<meta property=\"article:publisher\" content=\"https:\/\/www.facebook.com\/KamadoBBQ\/\" \/>\n<meta property=\"article:modified_time\" content=\"2025-11-07T10:55:56+00:00\" \/>\n<meta property=\"og:image\" content=\"https:\/\/www.kamadobbq.be\/wp-content\/uploads\/2025\/01\/Gozney-Arc-Booster.png\" \/>\n\t<meta property=\"og:image:width\" content=\"1000\" \/>\n\t<meta property=\"og:image:height\" content=\"1000\" \/>\n\t<meta property=\"og:image:type\" content=\"image\/png\" \/>\n<meta name=\"twitter:card\" content=\"summary_large_image\" \/>\n<meta name=\"twitter:label1\" content=\"Est. reading time\" \/>\n\t<meta name=\"twitter:data1\" content=\"1 minute\" \/>\n<script type=\"application\/ld+json\" class=\"yoast-schema-graph\">{\"@context\":\"https:\/\/schema.org\",\"@graph\":[{\"@type\":\"WebPage\",\"@id\":\"https:\/\/www.kamadobbq.be\/fr\/shop\/gozney-fr\/gozney-accessoires-fr\/gozney-arc-arc-xl-booster\/\",\"url\":\"https:\/\/www.kamadobbq.be\/fr\/shop\/gozney-fr\/gozney-accessoires-fr\/gozney-arc-arc-xl-booster\/\",\"name\":\"Acheter Gozney Arc + Arc XL Booster - Con\u00e7u pour durer!\",\"isPartOf\":{\"@id\":\"https:\/\/www.kamadobbq.be\/fr\/#website\"},\"primaryImageOfPage\":{\"@id\":\"https:\/\/www.kamadobbq.be\/fr\/shop\/gozney-fr\/gozney-accessoires-fr\/gozney-arc-arc-xl-booster\/#primaryimage\"},\"image\":{\"@id\":\"https:\/\/www.kamadobbq.be\/fr\/shop\/gozney-fr\/gozney-accessoires-fr\/gozney-arc-arc-xl-booster\/#primaryimage\"},\"thumbnailUrl\":\"https:\/\/www.kamadobbq.be\/wp-content\/uploads\/2025\/01\/Gozney-Arc-Booster.png\",\"datePublished\":\"2025-01-24T10:01:56+00:00\",\"dateModified\":\"2025-11-07T10:55:56+00:00\",\"description\":\"Gozney Arc + Arc XL Booster, con\u00e7u pour durer et sp\u00e9cialement pens\u00e9 pour sur\u00e9lever votre four de comptoir \u00e0 une hauteur de travail confortable.\",\"breadcrumb\":{\"@id\":\"https:\/\/www.kamadobbq.be\/fr\/shop\/gozney-fr\/gozney-accessoires-fr\/gozney-arc-arc-xl-booster\/#breadcrumb\"},\"inLanguage\":\"fr-BE\",\"potentialAction\":[{\"@type\":\"ReadAction\",\"target\":[\"https:\/\/www.kamadobbq.be\/fr\/shop\/gozney-fr\/gozney-accessoires-fr\/gozney-arc-arc-xl-booster\/\"]}]},{\"@type\":\"ImageObject\",\"inLanguage\":\"fr-BE\",\"@id\":\"https:\/\/www.kamadobbq.be\/fr\/shop\/gozney-fr\/gozney-accessoires-fr\/gozney-arc-arc-xl-booster\/#primaryimage\",\"url\":\"https:\/\/www.kamadobbq.be\/wp-content\/uploads\/2025\/01\/Gozney-Arc-Booster.png\",\"contentUrl\":\"https:\/\/www.kamadobbq.be\/wp-content\/uploads\/2025\/01\/Gozney-Arc-Booster.png\",\"width\":1000,\"height\":1000},{\"@type\":\"BreadcrumbList\",\"@id\":\"https:\/\/www.kamadobbq.be\/fr\/shop\/gozney-fr\/gozney-accessoires-fr\/gozney-arc-arc-xl-booster\/#breadcrumb\",\"itemListElement\":[{\"@type\":\"ListItem\",\"position\":1,\"name\":\"Shop\",\"item\":\"https:\/\/www.kamadobbq.be\/fr\/shop\/\"},{\"@type\":\"ListItem\",\"position\":2,\"name\":\"Gozney Arc + Arc XL Booster\"}]},{\"@type\":\"WebSite\",\"@id\":\"https:\/\/www.kamadobbq.be\/fr\/#website\",\"url\":\"https:\/\/www.kamadobbq.be\/fr\/\",\"name\":\"Kamado BBQ | De Kamado & BBQ Specialist!\",\"description\":\"Beleef de ultieme barbecue ervaring - Kamado BBQ\",\"publisher\":{\"@id\":\"https:\/\/www.kamadobbq.be\/fr\/#organization\"},\"alternateName\":\"Kamado BBQ\",\"potentialAction\":[{\"@type\":\"SearchAction\",\"target\":{\"@type\":\"EntryPoint\",\"urlTemplate\":\"https:\/\/www.kamadobbq.be\/fr\/?s={search_term_string}\"},\"query-input\":{\"@type\":\"PropertyValueSpecification\",\"valueRequired\":true,\"valueName\":\"search_term_string\"}}],\"inLanguage\":\"fr-BE\"},{\"@type\":[\"Organization\",\"Place\",\"Store\"],\"@id\":\"https:\/\/www.kamadobbq.be\/fr\/#organization\",\"name\":\"Kamado BBQ | De Kamado & BBQ Specialist!\",\"url\":\"https:\/\/www.kamadobbq.be\/fr\/\",\"logo\":{\"@id\":\"https:\/\/www.kamadobbq.be\/fr\/shop\/gozney-fr\/gozney-accessoires-fr\/gozney-arc-arc-xl-booster\/#local-main-organization-logo\"},\"image\":{\"@id\":\"https:\/\/www.kamadobbq.be\/fr\/shop\/gozney-fr\/gozney-accessoires-fr\/gozney-arc-arc-xl-booster\/#local-main-organization-logo\"},\"sameAs\":[\"https:\/\/www.facebook.com\/KamadoBBQ\/\",\"https:\/\/www.instagram.com\/kamado_bbq\/\"],\"address\":{\"@id\":\"https:\/\/www.kamadobbq.be\/fr\/shop\/gozney-fr\/gozney-accessoires-fr\/gozney-arc-arc-xl-booster\/#local-main-place-address\"},\"geo\":{\"@type\":\"GeoCoordinates\",\"latitude\":\"50.979225960799056\",\"longitude\":\"5.122391337257679\"},\"telephone\":[\"+32 13 661 636\"],\"openingHoursSpecification\":[{\"@type\":\"OpeningHoursSpecification\",\"dayOfWeek\":[\"Monday\",\"Tuesday\",\"Wednesday\",\"Thursday\",\"Friday\"],\"opens\":\"10:00\",\"closes\":\"17:30\"},{\"@type\":\"OpeningHoursSpecification\",\"dayOfWeek\":[\"Saturday\"],\"opens\":\"10:00\",\"closes\":\"16:00\"},{\"@type\":\"OpeningHoursSpecification\",\"dayOfWeek\":[\"Sunday\"],\"opens\":\"00:00\",\"closes\":\"00:00\"}],\"email\":\"info@kamadobbq.be\",\"areaServed\":\"Europe\",\"currenciesAccepted\":\"Eur\"},{\"@type\":\"PostalAddress\",\"@id\":\"https:\/\/www.kamadobbq.be\/fr\/shop\/gozney-fr\/gozney-accessoires-fr\/gozney-arc-arc-xl-booster\/#local-main-place-address\",\"streetAddress\":\"Meldertsestraat 8\",\"addressLocality\":\"Zelem\",\"postalCode\":\"3545\",\"addressRegion\":\"Belgi\u00eb\",\"addressCountry\":\"BE\"},{\"@type\":\"ImageObject\",\"inLanguage\":\"fr-BE\",\"@id\":\"https:\/\/www.kamadobbq.be\/fr\/shop\/gozney-fr\/gozney-accessoires-fr\/gozney-arc-arc-xl-booster\/#local-main-organization-logo\",\"url\":\"https:\/\/www.kamadobbq.be\/wp-content\/uploads\/2022\/02\/kamadobbq-logo-2.svg\",\"contentUrl\":\"https:\/\/www.kamadobbq.be\/wp-content\/uploads\/2022\/02\/kamadobbq-logo-2.svg\",\"caption\":\"Kamado BBQ | De Kamado & BBQ Specialist!\"}]}<\/script>\n<meta name=\"geo.placename\" content=\"Zelem\" \/>\n<meta name=\"geo.position\" content=\"50.979225960799056;5.122391337257679\" \/>\n<meta name=\"geo.region\" content=\"Belgium\" \/>\n<!-- \/ Yoast SEO Premium plugin. -->","yoast_head_json":{"title":"Acheter Gozney Arc + Arc XL Booster - Con\u00e7u pour durer!","description":"Gozney Arc + Arc XL Booster, con\u00e7u pour durer et sp\u00e9cialement pens\u00e9 pour sur\u00e9lever votre four de comptoir \u00e0 une hauteur de travail confortable.","robots":{"index":"index","follow":"follow","max-snippet":"max-snippet:-1","max-image-preview":"max-image-preview:large","max-video-preview":"max-video-preview:-1"},"canonical":"https:\/\/www.kamadobbq.be\/fr\/shop\/gozney-fr\/gozney-accessoires-fr\/gozney-arc-arc-xl-booster\/","og_locale":"fr_FR","og_type":"article","og_title":"Acheter Gozney Arc + Arc XL Booster - Con\u00e7u pour durer!","og_description":"Gozney Arc + Arc XL Booster, con\u00e7u pour durer et sp\u00e9cialement pens\u00e9 pour sur\u00e9lever votre four de comptoir \u00e0 une hauteur de travail confortable.","og_url":"https:\/\/www.kamadobbq.be\/fr\/shop\/gozney-fr\/gozney-accessoires-fr\/gozney-arc-arc-xl-booster\/","og_site_name":"Kamado BBQ | De Kamado &amp; BBQ Specialist!","article_publisher":"https:\/\/www.facebook.com\/KamadoBBQ\/","article_modified_time":"2025-11-07T10:55:56+00:00","og_image":[{"width":1000,"height":1000,"url":"https:\/\/www.kamadobbq.be\/wp-content\/uploads\/2025\/01\/Gozney-Arc-Booster.png","type":"image\/png"}],"twitter_card":"summary_large_image","twitter_misc":{"Est. reading time":"1 minute"},"schema":{"@context":"https:\/\/schema.org","@graph":[{"@type":"WebPage","@id":"https:\/\/www.kamadobbq.be\/fr\/shop\/gozney-fr\/gozney-accessoires-fr\/gozney-arc-arc-xl-booster\/","url":"https:\/\/www.kamadobbq.be\/fr\/shop\/gozney-fr\/gozney-accessoires-fr\/gozney-arc-arc-xl-booster\/","name":"Acheter Gozney Arc + Arc XL Booster - Con\u00e7u pour durer!","isPartOf":{"@id":"https:\/\/www.kamadobbq.be\/fr\/#website"},"primaryImageOfPage":{"@id":"https:\/\/www.kamadobbq.be\/fr\/shop\/gozney-fr\/gozney-accessoires-fr\/gozney-arc-arc-xl-booster\/#primaryimage"},"image":{"@id":"https:\/\/www.kamadobbq.be\/fr\/shop\/gozney-fr\/gozney-accessoires-fr\/gozney-arc-arc-xl-booster\/#primaryimage"},"thumbnailUrl":"https:\/\/www.kamadobbq.be\/wp-content\/uploads\/2025\/01\/Gozney-Arc-Booster.png","datePublished":"2025-01-24T10:01:56+00:00","dateModified":"2025-11-07T10:55:56+00:00","description":"Gozney Arc + Arc XL Booster, con\u00e7u pour durer et sp\u00e9cialement pens\u00e9 pour sur\u00e9lever votre four de comptoir \u00e0 une hauteur de travail confortable.","breadcrumb":{"@id":"https:\/\/www.kamadobbq.be\/fr\/shop\/gozney-fr\/gozney-accessoires-fr\/gozney-arc-arc-xl-booster\/#breadcrumb"},"inLanguage":"fr-BE","potentialAction":[{"@type":"ReadAction","target":["https:\/\/www.kamadobbq.be\/fr\/shop\/gozney-fr\/gozney-accessoires-fr\/gozney-arc-arc-xl-booster\/"]}]},{"@type":"ImageObject","inLanguage":"fr-BE","@id":"https:\/\/www.kamadobbq.be\/fr\/shop\/gozney-fr\/gozney-accessoires-fr\/gozney-arc-arc-xl-booster\/#primaryimage","url":"https:\/\/www.kamadobbq.be\/wp-content\/uploads\/2025\/01\/Gozney-Arc-Booster.png","contentUrl":"https:\/\/www.kamadobbq.be\/wp-content\/uploads\/2025\/01\/Gozney-Arc-Booster.png","width":1000,"height":1000},{"@type":"BreadcrumbList","@id":"https:\/\/www.kamadobbq.be\/fr\/shop\/gozney-fr\/gozney-accessoires-fr\/gozney-arc-arc-xl-booster\/#breadcrumb","itemListElement":[{"@type":"ListItem","position":1,"name":"Shop","item":"https:\/\/www.kamadobbq.be\/fr\/shop\/"},{"@type":"ListItem","position":2,"name":"Gozney Arc + Arc XL Booster"}]},{"@type":"WebSite","@id":"https:\/\/www.kamadobbq.be\/fr\/#website","url":"https:\/\/www.kamadobbq.be\/fr\/","name":"Kamado BBQ | De Kamado & BBQ Specialist!","description":"Beleef de ultieme barbecue ervaring - Kamado BBQ","publisher":{"@id":"https:\/\/www.kamadobbq.be\/fr\/#organization"},"alternateName":"Kamado BBQ","potentialAction":[{"@type":"SearchAction","target":{"@type":"EntryPoint","urlTemplate":"https:\/\/www.kamadobbq.be\/fr\/?s={search_term_string}"},"query-input":{"@type":"PropertyValueSpecification","valueRequired":true,"valueName":"search_term_string"}}],"inLanguage":"fr-BE"},{"@type":["Organization","Place","Store"],"@id":"https:\/\/www.kamadobbq.be\/fr\/#organization","name":"Kamado BBQ | De Kamado & BBQ Specialist!","url":"https:\/\/www.kamadobbq.be\/fr\/","logo":{"@id":"https:\/\/www.kamadobbq.be\/fr\/shop\/gozney-fr\/gozney-accessoires-fr\/gozney-arc-arc-xl-booster\/#local-main-organization-logo"},"image":{"@id":"https:\/\/www.kamadobbq.be\/fr\/shop\/gozney-fr\/gozney-accessoires-fr\/gozney-arc-arc-xl-booster\/#local-main-organization-logo"},"sameAs":["https:\/\/www.facebook.com\/KamadoBBQ\/","https:\/\/www.instagram.com\/kamado_bbq\/"],"address":{"@id":"https:\/\/www.kamadobbq.be\/fr\/shop\/gozney-fr\/gozney-accessoires-fr\/gozney-arc-arc-xl-booster\/#local-main-place-address"},"geo":{"@type":"GeoCoordinates","latitude":"50.979225960799056","longitude":"5.122391337257679"},"telephone":["+32 13 661 636"],"openingHoursSpecification":[{"@type":"OpeningHoursSpecification","dayOfWeek":["Monday","Tuesday","Wednesday","Thursday","Friday"],"opens":"10:00","closes":"17:30"},{"@type":"OpeningHoursSpecification","dayOfWeek":["Saturday"],"opens":"10:00","closes":"16:00"},{"@type":"OpeningHoursSpecification","dayOfWeek":["Sunday"],"opens":"00:00","closes":"00:00"}],"email":"info@kamadobbq.be","areaServed":"Europe","currenciesAccepted":"Eur"},{"@type":"PostalAddress","@id":"https:\/\/www.kamadobbq.be\/fr\/shop\/gozney-fr\/gozney-accessoires-fr\/gozney-arc-arc-xl-booster\/#local-main-place-address","streetAddress":"Meldertsestraat 8","addressLocality":"Zelem","postalCode":"3545","addressRegion":"Belgi\u00eb","addressCountry":"BE"},{"@type":"ImageObject","inLanguage":"fr-BE","@id":"https:\/\/www.kamadobbq.be\/fr\/shop\/gozney-fr\/gozney-accessoires-fr\/gozney-arc-arc-xl-booster\/#local-main-organization-logo","url":"https:\/\/www.kamadobbq.be\/wp-content\/uploads\/2022\/02\/kamadobbq-logo-2.svg","contentUrl":"https:\/\/www.kamadobbq.be\/wp-content\/uploads\/2022\/02\/kamadobbq-logo-2.svg","caption":"Kamado BBQ | De Kamado & BBQ Specialist!"}]},"geo.placename":"Zelem","geo.position":{"lat":"50.979225960799056","long":"5.122391337257679"},"geo.region":"Belgium"},"_links":{"self":[{"href":"https:\/\/www.kamadobbq.be\/fr\/wp-json\/wp\/v2\/product\/91472","targetHints":{"allow":["GET"]}}],"collection":[{"href":"https:\/\/www.kamadobbq.be\/fr\/wp-json\/wp\/v2\/product"}],"about":[{"href":"https:\/\/www.kamadobbq.be\/fr\/wp-json\/wp\/v2\/types\/product"}],"wp:featuredmedia":[{"embeddable":true,"href":"https:\/\/www.kamadobbq.be\/fr\/wp-json\/wp\/v2\/media\/91475"}],"wp:attachment":[{"href":"https:\/\/www.kamadobbq.be\/fr\/wp-json\/wp\/v2\/media?parent=91472"}],"wp:term":[{"taxonomy":"product_brand","embeddable":true,"href":"https:\/\/www.kamadobbq.be\/fr\/wp-json\/wp\/v2\/product_brand?post=91472"},{"taxonomy":"product_cat","embeddable":true,"href":"https:\/\/www.kamadobbq.be\/fr\/wp-json\/wp\/v2\/product_cat?post=91472"},{"taxonomy":"product_tag","embeddable":true,"href":"https:\/\/www.kamadobbq.be\/fr\/wp-json\/wp\/v2\/product_tag?post=91472"}],"curies":[{"name":"wp","href":"https:\/\/api.w.org\/{rel}","templated":true}]}}