{"id":84430,"date":"2023-04-18T11:49:10","date_gmt":"2023-04-18T09:49:10","guid":{"rendered":"https:\/\/www.kamadobbq.be\/shop\/non%20class\u00e9\/bois-de-feu-pour-ofyr-hetre\/"},"modified":"2026-04-21T17:28:44","modified_gmt":"2026-04-21T15:28:44","slug":"bois-de-feu-pour-ofyr-hetre","status":"publish","type":"product","link":"https:\/\/www.kamadobbq.be\/fr\/shop\/ofyr-fr\/ofyr-accessoires-fr\/bois-de-feu-pour-ofyr-hetre\/","title":{"rendered":"Bois de feu pour OFYR &#8211; H\u00eatre"},"content":{"rendered":"<p>Le bois de h\u00eatre est le type de bois le plus couramment utilis\u00e9 par les po\u00eales de masse. Ce type de bois dur br\u00fble plus longtemps que le bois tendre, ce qui permet d&#8217;obtenir un meilleur rendement. En termes de duret\u00e9, il se situe entre le fr\u00eane et le ch\u00eane.<\/p>\n<p>Le bois de h\u00eatre est id\u00e9al pour la pr\u00e9paration de plats dans un OFYR, un four \u00e0 bois, un barbecue ou un braai, car son temps de combustion est relativement long.<\/p>\n<p>&nbsp;<\/p>\n<h2>Caract\u00e9ristiques<\/h2>\n<ul>\n<li>Le bois de h\u00eatre est un bois de chauffage dur de haute qualit\u00e9 pour votre chemin\u00e9e, votre po\u00eale, votre OFYR ou votre four \u00e0 pizza.<\/li>\n<li>Ce bois de h\u00eatre s\u00e9ch\u00e9 a un taux d&#8217;humidit\u00e9 de -20%.<\/li>\n<li>Le bois est sci\u00e9 et fendu \u00e0 une longueur de +-30 cm.<\/li>\n<li>Il est livr\u00e9 empil\u00e9 dans de solides caisses en bois.<\/li>\n<li>Disponible en caisses de 1 m\u00b3 et 1,8 m\u00b3.<\/li>\n<li>Les livraisons sont group\u00e9es par r\u00e9gion et prennent 1 \u00e0 2 semaines.<\/li>\n<li><strong>Disponible uniquement en Belgique!<\/strong><\/li>\n<\/ul>\n","protected":false},"excerpt":{"rendered":"<p>Allumez votre OFYR ou votre four \u00e0 pizza avec ce bois de qualit\u00e9 !<\/p>\n<ul>\n<li>Bois de h\u00eatre s\u00e9ch\u00e9 au four.<\/li>\n<li>Sci\u00e9 \u00e0 30 cm.<\/li>\n<li>Disponible en diff\u00e9rents volumes.<\/li>\n<li>D\u00e9lai de livraison standard de 1 \u00e0 2 semaines.<\/li>\n<li><strong>Disponible uniquement en Belgique!<\/strong><\/li>\n<\/ul>\n<p>&nbsp;<\/p>\n","protected":false},"featured_media":47400,"template":"","meta":{"_acf_changed":false,"_et_pb_use_builder":"","_et_pb_old_content":"","_et_gb_content_width":""},"product_brand":[],"product_cat":[1111,693],"product_tag":[],"class_list":{"0":"post-84430","1":"product","2":"type-product","3":"status-publish","4":"has-post-thumbnail","6":"product_cat-ofyr-accessoires-fr","7":"product_cat-charbon-et-bois-de-fumage-combustibles","9":"first","10":"instock","11":"taxable","12":"shipping-taxable","13":"purchasable","14":"product-type-variable","15":"has-default-attributes"},"acf":[],"yoast_head":"<!-- This site is optimized with the Yoast SEO Premium plugin v25.4 (Yoast SEO v25.4) - https:\/\/yoast.com\/wordpress\/plugins\/seo\/ -->\n<title>Bois de feu pour OFYR - H\u00eatre! Super sec ! Livraison gratuite!<\/title>\n<meta name=\"description\" content=\"Bois de feu pour OFYR - H\u00eatre. Allumez votre OFYR avec ce bois de qualit\u00e9! Bois de h\u00eatre s\u00e9ch\u00e9 au four. Sci\u00e9 \u00e0 30cm. Acheter du bois de chauffage OFYR BBQ!\" \/>\n<meta name=\"robots\" content=\"index, follow, max-snippet:-1, max-image-preview:large, max-video-preview:-1\" \/>\n<link rel=\"canonical\" href=\"https:\/\/www.kamadobbq.be\/fr\/shop\/ofyr-fr\/ofyr-accessoires-fr\/bois-de-feu-pour-ofyr-hetre\/\" \/>\n<meta property=\"og:locale\" content=\"fr_FR\" \/>\n<meta property=\"og:type\" content=\"article\" \/>\n<meta property=\"og:title\" content=\"Bois de feu pour OFYR - H\u00eatre! Super sec ! Livraison gratuite!\" \/>\n<meta property=\"og:description\" content=\"Bois de feu pour OFYR - H\u00eatre. Allumez votre OFYR avec ce bois de qualit\u00e9! Bois de h\u00eatre s\u00e9ch\u00e9 au four. Sci\u00e9 \u00e0 30cm. Acheter du bois de chauffage OFYR BBQ!\" \/>\n<meta property=\"og:url\" content=\"https:\/\/www.kamadobbq.be\/fr\/shop\/ofyr-fr\/ofyr-accessoires-fr\/bois-de-feu-pour-ofyr-hetre\/\" \/>\n<meta property=\"og:site_name\" content=\"Kamado BBQ | De Kamado &amp; BBQ Specialist!\" \/>\n<meta property=\"article:publisher\" content=\"https:\/\/www.facebook.com\/KamadoBBQ\/\" \/>\n<meta property=\"article:modified_time\" content=\"2026-04-21T15:28:44+00:00\" \/>\n<meta property=\"og:image\" content=\"https:\/\/www.kamadobbq.be\/wp-content\/uploads\/2023\/04\/ovengedroogd-beukenhout-haardhouttoppers.nl_-compress.png\" \/>\n\t<meta property=\"og:image:width\" content=\"768\" \/>\n\t<meta property=\"og:image:height\" content=\"781\" \/>\n\t<meta property=\"og:image:type\" content=\"image\/png\" \/>\n<meta name=\"twitter:card\" content=\"summary_large_image\" \/>\n<meta name=\"twitter:label1\" content=\"Est. reading time\" \/>\n\t<meta name=\"twitter:data1\" content=\"2 minutes\" \/>\n<script type=\"application\/ld+json\" class=\"yoast-schema-graph\">{\"@context\":\"https:\/\/schema.org\",\"@graph\":[{\"@type\":\"WebPage\",\"@id\":\"https:\/\/www.kamadobbq.be\/fr\/shop\/ofyr-fr\/ofyr-accessoires-fr\/bois-de-feu-pour-ofyr-hetre\/\",\"url\":\"https:\/\/www.kamadobbq.be\/fr\/shop\/ofyr-fr\/ofyr-accessoires-fr\/bois-de-feu-pour-ofyr-hetre\/\",\"name\":\"Bois de feu pour OFYR - H\u00eatre! Super sec ! Livraison gratuite!\",\"isPartOf\":{\"@id\":\"https:\/\/www.kamadobbq.be\/fr\/#website\"},\"primaryImageOfPage\":{\"@id\":\"https:\/\/www.kamadobbq.be\/fr\/shop\/ofyr-fr\/ofyr-accessoires-fr\/bois-de-feu-pour-ofyr-hetre\/#primaryimage\"},\"image\":{\"@id\":\"https:\/\/www.kamadobbq.be\/fr\/shop\/ofyr-fr\/ofyr-accessoires-fr\/bois-de-feu-pour-ofyr-hetre\/#primaryimage\"},\"thumbnailUrl\":\"https:\/\/www.kamadobbq.be\/wp-content\/uploads\/2023\/04\/ovengedroogd-beukenhout-haardhouttoppers.nl_-compress.png\",\"datePublished\":\"2023-04-18T09:49:10+00:00\",\"dateModified\":\"2026-04-21T15:28:44+00:00\",\"description\":\"Bois de feu pour OFYR - H\u00eatre. Allumez votre OFYR avec ce bois de qualit\u00e9! Bois de h\u00eatre s\u00e9ch\u00e9 au four. Sci\u00e9 \u00e0 30cm. Acheter du bois de chauffage OFYR BBQ!\",\"breadcrumb\":{\"@id\":\"https:\/\/www.kamadobbq.be\/fr\/shop\/ofyr-fr\/ofyr-accessoires-fr\/bois-de-feu-pour-ofyr-hetre\/#breadcrumb\"},\"inLanguage\":\"fr-BE\",\"potentialAction\":[{\"@type\":\"ReadAction\",\"target\":[\"https:\/\/www.kamadobbq.be\/fr\/shop\/ofyr-fr\/ofyr-accessoires-fr\/bois-de-feu-pour-ofyr-hetre\/\"]}]},{\"@type\":\"ImageObject\",\"inLanguage\":\"fr-BE\",\"@id\":\"https:\/\/www.kamadobbq.be\/fr\/shop\/ofyr-fr\/ofyr-accessoires-fr\/bois-de-feu-pour-ofyr-hetre\/#primaryimage\",\"url\":\"https:\/\/www.kamadobbq.be\/wp-content\/uploads\/2023\/04\/ovengedroogd-beukenhout-haardhouttoppers.nl_-compress.png\",\"contentUrl\":\"https:\/\/www.kamadobbq.be\/wp-content\/uploads\/2023\/04\/ovengedroogd-beukenhout-haardhouttoppers.nl_-compress.png\",\"width\":768,\"height\":781},{\"@type\":\"BreadcrumbList\",\"@id\":\"https:\/\/www.kamadobbq.be\/fr\/shop\/ofyr-fr\/ofyr-accessoires-fr\/bois-de-feu-pour-ofyr-hetre\/#breadcrumb\",\"itemListElement\":[{\"@type\":\"ListItem\",\"position\":1,\"name\":\"Shop\",\"item\":\"https:\/\/www.kamadobbq.be\/fr\/shop\/\"},{\"@type\":\"ListItem\",\"position\":2,\"name\":\"Bois de feu pour OFYR &#8211; H\u00eatre\"}]},{\"@type\":\"WebSite\",\"@id\":\"https:\/\/www.kamadobbq.be\/fr\/#website\",\"url\":\"https:\/\/www.kamadobbq.be\/fr\/\",\"name\":\"Kamado BBQ | De Kamado & BBQ Specialist!\",\"description\":\"Beleef de ultieme barbecue ervaring - Kamado BBQ\",\"publisher\":{\"@id\":\"https:\/\/www.kamadobbq.be\/fr\/#organization\"},\"alternateName\":\"Kamado BBQ\",\"potentialAction\":[{\"@type\":\"SearchAction\",\"target\":{\"@type\":\"EntryPoint\",\"urlTemplate\":\"https:\/\/www.kamadobbq.be\/fr\/?s={search_term_string}\"},\"query-input\":{\"@type\":\"PropertyValueSpecification\",\"valueRequired\":true,\"valueName\":\"search_term_string\"}}],\"inLanguage\":\"fr-BE\"},{\"@type\":[\"Organization\",\"Place\",\"Store\"],\"@id\":\"https:\/\/www.kamadobbq.be\/fr\/#organization\",\"name\":\"Kamado BBQ | De Kamado & BBQ Specialist!\",\"url\":\"https:\/\/www.kamadobbq.be\/fr\/\",\"logo\":{\"@id\":\"https:\/\/www.kamadobbq.be\/fr\/shop\/ofyr-fr\/ofyr-accessoires-fr\/bois-de-feu-pour-ofyr-hetre\/#local-main-organization-logo\"},\"image\":{\"@id\":\"https:\/\/www.kamadobbq.be\/fr\/shop\/ofyr-fr\/ofyr-accessoires-fr\/bois-de-feu-pour-ofyr-hetre\/#local-main-organization-logo\"},\"sameAs\":[\"https:\/\/www.facebook.com\/KamadoBBQ\/\",\"https:\/\/www.instagram.com\/kamado_bbq\/\"],\"address\":{\"@id\":\"https:\/\/www.kamadobbq.be\/fr\/shop\/ofyr-fr\/ofyr-accessoires-fr\/bois-de-feu-pour-ofyr-hetre\/#local-main-place-address\"},\"geo\":{\"@type\":\"GeoCoordinates\",\"latitude\":\"50.979225960799056\",\"longitude\":\"5.122391337257679\"},\"telephone\":[\"+32 13 661 636\"],\"openingHoursSpecification\":[{\"@type\":\"OpeningHoursSpecification\",\"dayOfWeek\":[\"Monday\",\"Tuesday\",\"Wednesday\",\"Thursday\",\"Friday\"],\"opens\":\"10:00\",\"closes\":\"17:30\"},{\"@type\":\"OpeningHoursSpecification\",\"dayOfWeek\":[\"Saturday\"],\"opens\":\"10:00\",\"closes\":\"16:00\"},{\"@type\":\"OpeningHoursSpecification\",\"dayOfWeek\":[\"Sunday\"],\"opens\":\"00:00\",\"closes\":\"00:00\"}],\"email\":\"info@kamadobbq.be\",\"areaServed\":\"Europe\",\"currenciesAccepted\":\"Eur\"},{\"@type\":\"PostalAddress\",\"@id\":\"https:\/\/www.kamadobbq.be\/fr\/shop\/ofyr-fr\/ofyr-accessoires-fr\/bois-de-feu-pour-ofyr-hetre\/#local-main-place-address\",\"streetAddress\":\"Meldertsestraat 8\",\"addressLocality\":\"Zelem\",\"postalCode\":\"3545\",\"addressRegion\":\"Belgi\u00eb\",\"addressCountry\":\"BE\"},{\"@type\":\"ImageObject\",\"inLanguage\":\"fr-BE\",\"@id\":\"https:\/\/www.kamadobbq.be\/fr\/shop\/ofyr-fr\/ofyr-accessoires-fr\/bois-de-feu-pour-ofyr-hetre\/#local-main-organization-logo\",\"url\":\"https:\/\/www.kamadobbq.be\/wp-content\/uploads\/2022\/02\/kamadobbq-logo-2.svg\",\"contentUrl\":\"https:\/\/www.kamadobbq.be\/wp-content\/uploads\/2022\/02\/kamadobbq-logo-2.svg\",\"caption\":\"Kamado BBQ | De Kamado & BBQ Specialist!\"}]}<\/script>\n<meta name=\"geo.placename\" content=\"Zelem\" \/>\n<meta name=\"geo.position\" content=\"50.979225960799056;5.122391337257679\" \/>\n<meta name=\"geo.region\" content=\"Belgium\" \/>\n<!-- \/ Yoast SEO Premium plugin. -->","yoast_head_json":{"title":"Bois de feu pour OFYR - H\u00eatre! Super sec ! Livraison gratuite!","description":"Bois de feu pour OFYR - H\u00eatre. Allumez votre OFYR avec ce bois de qualit\u00e9! Bois de h\u00eatre s\u00e9ch\u00e9 au four. Sci\u00e9 \u00e0 30cm. Acheter du bois de chauffage OFYR BBQ!","robots":{"index":"index","follow":"follow","max-snippet":"max-snippet:-1","max-image-preview":"max-image-preview:large","max-video-preview":"max-video-preview:-1"},"canonical":"https:\/\/www.kamadobbq.be\/fr\/shop\/ofyr-fr\/ofyr-accessoires-fr\/bois-de-feu-pour-ofyr-hetre\/","og_locale":"fr_FR","og_type":"article","og_title":"Bois de feu pour OFYR - H\u00eatre! Super sec ! Livraison gratuite!","og_description":"Bois de feu pour OFYR - H\u00eatre. Allumez votre OFYR avec ce bois de qualit\u00e9! Bois de h\u00eatre s\u00e9ch\u00e9 au four. Sci\u00e9 \u00e0 30cm. Acheter du bois de chauffage OFYR BBQ!","og_url":"https:\/\/www.kamadobbq.be\/fr\/shop\/ofyr-fr\/ofyr-accessoires-fr\/bois-de-feu-pour-ofyr-hetre\/","og_site_name":"Kamado BBQ | De Kamado &amp; BBQ Specialist!","article_publisher":"https:\/\/www.facebook.com\/KamadoBBQ\/","article_modified_time":"2026-04-21T15:28:44+00:00","og_image":[{"width":768,"height":781,"url":"https:\/\/www.kamadobbq.be\/wp-content\/uploads\/2023\/04\/ovengedroogd-beukenhout-haardhouttoppers.nl_-compress.png","type":"image\/png"}],"twitter_card":"summary_large_image","twitter_misc":{"Est. reading time":"2 minutes"},"schema":{"@context":"https:\/\/schema.org","@graph":[{"@type":"WebPage","@id":"https:\/\/www.kamadobbq.be\/fr\/shop\/ofyr-fr\/ofyr-accessoires-fr\/bois-de-feu-pour-ofyr-hetre\/","url":"https:\/\/www.kamadobbq.be\/fr\/shop\/ofyr-fr\/ofyr-accessoires-fr\/bois-de-feu-pour-ofyr-hetre\/","name":"Bois de feu pour OFYR - H\u00eatre! Super sec ! Livraison gratuite!","isPartOf":{"@id":"https:\/\/www.kamadobbq.be\/fr\/#website"},"primaryImageOfPage":{"@id":"https:\/\/www.kamadobbq.be\/fr\/shop\/ofyr-fr\/ofyr-accessoires-fr\/bois-de-feu-pour-ofyr-hetre\/#primaryimage"},"image":{"@id":"https:\/\/www.kamadobbq.be\/fr\/shop\/ofyr-fr\/ofyr-accessoires-fr\/bois-de-feu-pour-ofyr-hetre\/#primaryimage"},"thumbnailUrl":"https:\/\/www.kamadobbq.be\/wp-content\/uploads\/2023\/04\/ovengedroogd-beukenhout-haardhouttoppers.nl_-compress.png","datePublished":"2023-04-18T09:49:10+00:00","dateModified":"2026-04-21T15:28:44+00:00","description":"Bois de feu pour OFYR - H\u00eatre. Allumez votre OFYR avec ce bois de qualit\u00e9! Bois de h\u00eatre s\u00e9ch\u00e9 au four. Sci\u00e9 \u00e0 30cm. Acheter du bois de chauffage OFYR BBQ!","breadcrumb":{"@id":"https:\/\/www.kamadobbq.be\/fr\/shop\/ofyr-fr\/ofyr-accessoires-fr\/bois-de-feu-pour-ofyr-hetre\/#breadcrumb"},"inLanguage":"fr-BE","potentialAction":[{"@type":"ReadAction","target":["https:\/\/www.kamadobbq.be\/fr\/shop\/ofyr-fr\/ofyr-accessoires-fr\/bois-de-feu-pour-ofyr-hetre\/"]}]},{"@type":"ImageObject","inLanguage":"fr-BE","@id":"https:\/\/www.kamadobbq.be\/fr\/shop\/ofyr-fr\/ofyr-accessoires-fr\/bois-de-feu-pour-ofyr-hetre\/#primaryimage","url":"https:\/\/www.kamadobbq.be\/wp-content\/uploads\/2023\/04\/ovengedroogd-beukenhout-haardhouttoppers.nl_-compress.png","contentUrl":"https:\/\/www.kamadobbq.be\/wp-content\/uploads\/2023\/04\/ovengedroogd-beukenhout-haardhouttoppers.nl_-compress.png","width":768,"height":781},{"@type":"BreadcrumbList","@id":"https:\/\/www.kamadobbq.be\/fr\/shop\/ofyr-fr\/ofyr-accessoires-fr\/bois-de-feu-pour-ofyr-hetre\/#breadcrumb","itemListElement":[{"@type":"ListItem","position":1,"name":"Shop","item":"https:\/\/www.kamadobbq.be\/fr\/shop\/"},{"@type":"ListItem","position":2,"name":"Bois de feu pour OFYR &#8211; H\u00eatre"}]},{"@type":"WebSite","@id":"https:\/\/www.kamadobbq.be\/fr\/#website","url":"https:\/\/www.kamadobbq.be\/fr\/","name":"Kamado BBQ | De Kamado & BBQ Specialist!","description":"Beleef de ultieme barbecue ervaring - Kamado BBQ","publisher":{"@id":"https:\/\/www.kamadobbq.be\/fr\/#organization"},"alternateName":"Kamado BBQ","potentialAction":[{"@type":"SearchAction","target":{"@type":"EntryPoint","urlTemplate":"https:\/\/www.kamadobbq.be\/fr\/?s={search_term_string}"},"query-input":{"@type":"PropertyValueSpecification","valueRequired":true,"valueName":"search_term_string"}}],"inLanguage":"fr-BE"},{"@type":["Organization","Place","Store"],"@id":"https:\/\/www.kamadobbq.be\/fr\/#organization","name":"Kamado BBQ | De Kamado & BBQ Specialist!","url":"https:\/\/www.kamadobbq.be\/fr\/","logo":{"@id":"https:\/\/www.kamadobbq.be\/fr\/shop\/ofyr-fr\/ofyr-accessoires-fr\/bois-de-feu-pour-ofyr-hetre\/#local-main-organization-logo"},"image":{"@id":"https:\/\/www.kamadobbq.be\/fr\/shop\/ofyr-fr\/ofyr-accessoires-fr\/bois-de-feu-pour-ofyr-hetre\/#local-main-organization-logo"},"sameAs":["https:\/\/www.facebook.com\/KamadoBBQ\/","https:\/\/www.instagram.com\/kamado_bbq\/"],"address":{"@id":"https:\/\/www.kamadobbq.be\/fr\/shop\/ofyr-fr\/ofyr-accessoires-fr\/bois-de-feu-pour-ofyr-hetre\/#local-main-place-address"},"geo":{"@type":"GeoCoordinates","latitude":"50.979225960799056","longitude":"5.122391337257679"},"telephone":["+32 13 661 636"],"openingHoursSpecification":[{"@type":"OpeningHoursSpecification","dayOfWeek":["Monday","Tuesday","Wednesday","Thursday","Friday"],"opens":"10:00","closes":"17:30"},{"@type":"OpeningHoursSpecification","dayOfWeek":["Saturday"],"opens":"10:00","closes":"16:00"},{"@type":"OpeningHoursSpecification","dayOfWeek":["Sunday"],"opens":"00:00","closes":"00:00"}],"email":"info@kamadobbq.be","areaServed":"Europe","currenciesAccepted":"Eur"},{"@type":"PostalAddress","@id":"https:\/\/www.kamadobbq.be\/fr\/shop\/ofyr-fr\/ofyr-accessoires-fr\/bois-de-feu-pour-ofyr-hetre\/#local-main-place-address","streetAddress":"Meldertsestraat 8","addressLocality":"Zelem","postalCode":"3545","addressRegion":"Belgi\u00eb","addressCountry":"BE"},{"@type":"ImageObject","inLanguage":"fr-BE","@id":"https:\/\/www.kamadobbq.be\/fr\/shop\/ofyr-fr\/ofyr-accessoires-fr\/bois-de-feu-pour-ofyr-hetre\/#local-main-organization-logo","url":"https:\/\/www.kamadobbq.be\/wp-content\/uploads\/2022\/02\/kamadobbq-logo-2.svg","contentUrl":"https:\/\/www.kamadobbq.be\/wp-content\/uploads\/2022\/02\/kamadobbq-logo-2.svg","caption":"Kamado BBQ | De Kamado & BBQ Specialist!"}]},"geo.placename":"Zelem","geo.position":{"lat":"50.979225960799056","long":"5.122391337257679"},"geo.region":"Belgium"},"_links":{"self":[{"href":"https:\/\/www.kamadobbq.be\/fr\/wp-json\/wp\/v2\/product\/84430","targetHints":{"allow":["GET"]}}],"collection":[{"href":"https:\/\/www.kamadobbq.be\/fr\/wp-json\/wp\/v2\/product"}],"about":[{"href":"https:\/\/www.kamadobbq.be\/fr\/wp-json\/wp\/v2\/types\/product"}],"wp:featuredmedia":[{"embeddable":true,"href":"https:\/\/www.kamadobbq.be\/fr\/wp-json\/wp\/v2\/media\/47400"}],"wp:attachment":[{"href":"https:\/\/www.kamadobbq.be\/fr\/wp-json\/wp\/v2\/media?parent=84430"}],"wp:term":[{"taxonomy":"product_brand","embeddable":true,"href":"https:\/\/www.kamadobbq.be\/fr\/wp-json\/wp\/v2\/product_brand?post=84430"},{"taxonomy":"product_cat","embeddable":true,"href":"https:\/\/www.kamadobbq.be\/fr\/wp-json\/wp\/v2\/product_cat?post=84430"},{"taxonomy":"product_tag","embeddable":true,"href":"https:\/\/www.kamadobbq.be\/fr\/wp-json\/wp\/v2\/product_tag?post=84430"}],"curies":[{"name":"wp","href":"https:\/\/api.w.org\/{rel}","templated":true}]}}