{"id":82215,"date":"2024-08-29T11:33:56","date_gmt":"2024-08-29T09:34:03","guid":{"rendered":"https:\/\/www.kamadobbq.be\/?post_type=product&#038;p=82215"},"modified":"2025-12-01T00:04:26","modified_gmt":"2025-11-30T23:04:26","slug":"monolith-classic-pro-2-0-solo-avec-buggy","status":"publish","type":"product","link":"https:\/\/www.kamadobbq.be\/fr\/shop\/monolith-fr\/monolith-barbecues\/monolith-classic-pro-2-0-solo-avec-buggy\/","title":{"rendered":"Monolith Classic Pro 2.0 Solo avec Buggy"},"content":{"rendered":"<p>Consiste en<\/p>\n<ul>\n<li><a href=\"https:\/\/www.kamadobbq.be\/fr\/shop\/monolith-fr\/monolith-barbecues\/monolith-classic-2-0-solo\/\" target=\"_blank\" rel=\"noopener\">Monolith Classic Pro 2.0<\/a><\/li>\n<li><a href=\"https:\/\/www.kamadobbq.be\/fr\/shop\/monolith-fr\/monolith-barbecues\/monolith-chariot-buggy-avec-tablette-laterale\/\" target=\"_blank\" rel=\"noopener\">Monolith Buggy avec tablette lat\u00e9rale<\/a><\/li>\n<\/ul>\n","protected":false},"excerpt":{"rendered":"<p>Avec ce combo, vous pouvez d\u00e9placer votre Monolith Pro Classic 2.0 en toute simplicit\u00e9 et disposer d&#8217;un espace de travail suppl\u00e9mentaire!<\/p>\n<p>&nbsp;<\/p>\n","protected":false},"featured_media":82218,"template":"","meta":{"_acf_changed":false,"_et_pb_use_builder":"","_et_pb_old_content":"","_et_gb_content_width":""},"product_brand":[],"product_cat":[1177,1179],"product_tag":[],"class_list":{"0":"post-82215","1":"product","2":"type-product","3":"status-publish","4":"has-post-thumbnail","6":"product_cat-monolith-fr","7":"product_cat-monolith-barbecues","9":"first","10":"instock","11":"taxable","12":"shipping-taxable","13":"purchasable","14":"product-type-simple"},"acf":[],"yoast_head":"<!-- This site is optimized with the Yoast SEO Premium plugin v25.4 (Yoast SEO v25.4) - https:\/\/yoast.com\/wordpress\/plugins\/seo\/ -->\n<title>Monolith Classic Pro 2.0 Solo avec Buggy - Kamado BBQ<\/title>\n<meta name=\"description\" content=\"Monolith Classic Pro 2.0 Solo avec Buggy! Gr\u00e2ce \u00e0 cette combinaison, vous pouvez d\u00e9placer votre Monolith Classic Pro 2.0 en toute simplicit\u00e9.\" \/>\n<meta name=\"robots\" content=\"index, follow, max-snippet:-1, max-image-preview:large, max-video-preview:-1\" \/>\n<link rel=\"canonical\" href=\"https:\/\/www.kamadobbq.be\/fr\/shop\/monolith-fr\/monolith-barbecues\/monolith-classic-pro-2-0-solo-avec-buggy\/\" \/>\n<meta property=\"og:locale\" content=\"fr_FR\" \/>\n<meta property=\"og:type\" content=\"article\" \/>\n<meta property=\"og:title\" content=\"Monolith Classic Pro 2.0 Solo avec Buggy - Kamado BBQ\" \/>\n<meta property=\"og:description\" content=\"Monolith Classic Pro 2.0 Solo avec Buggy! Gr\u00e2ce \u00e0 cette combinaison, vous pouvez d\u00e9placer votre Monolith Classic Pro 2.0 en toute simplicit\u00e9.\" \/>\n<meta property=\"og:url\" content=\"https:\/\/www.kamadobbq.be\/fr\/shop\/monolith-fr\/monolith-barbecues\/monolith-classic-pro-2-0-solo-avec-buggy\/\" \/>\n<meta property=\"og:site_name\" content=\"Kamado BBQ | De Kamado &amp; BBQ Specialist!\" \/>\n<meta property=\"article:publisher\" content=\"https:\/\/www.facebook.com\/KamadoBBQ\/\" \/>\n<meta property=\"article:modified_time\" content=\"2025-11-30T23:04:26+00:00\" \/>\n<meta property=\"og:image\" content=\"https:\/\/www.kamadobbq.be\/wp-content\/uploads\/2024\/08\/Monolith-Classic-2-Buggy-compress.png\" \/>\n\t<meta property=\"og:image:width\" content=\"1000\" \/>\n\t<meta property=\"og:image:height\" content=\"1000\" \/>\n\t<meta property=\"og:image:type\" content=\"image\/png\" \/>\n<meta name=\"twitter:card\" content=\"summary_large_image\" \/>\n<meta name=\"twitter:label1\" content=\"Est. reading time\" \/>\n\t<meta name=\"twitter:data1\" content=\"1 minute\" \/>\n<script type=\"application\/ld+json\" class=\"yoast-schema-graph\">{\"@context\":\"https:\/\/schema.org\",\"@graph\":[{\"@type\":\"WebPage\",\"@id\":\"https:\/\/www.kamadobbq.be\/fr\/shop\/monolith-fr\/monolith-barbecues\/monolith-classic-pro-2-0-solo-avec-buggy\/\",\"url\":\"https:\/\/www.kamadobbq.be\/fr\/shop\/monolith-fr\/monolith-barbecues\/monolith-classic-pro-2-0-solo-avec-buggy\/\",\"name\":\"Monolith Classic Pro 2.0 Solo avec Buggy - Kamado BBQ\",\"isPartOf\":{\"@id\":\"https:\/\/www.kamadobbq.be\/fr\/#website\"},\"primaryImageOfPage\":{\"@id\":\"https:\/\/www.kamadobbq.be\/fr\/shop\/monolith-fr\/monolith-barbecues\/monolith-classic-pro-2-0-solo-avec-buggy\/#primaryimage\"},\"image\":{\"@id\":\"https:\/\/www.kamadobbq.be\/fr\/shop\/monolith-fr\/monolith-barbecues\/monolith-classic-pro-2-0-solo-avec-buggy\/#primaryimage\"},\"thumbnailUrl\":\"https:\/\/www.kamadobbq.be\/wp-content\/uploads\/2024\/08\/Monolith-Classic-2-Buggy-compress.png\",\"datePublished\":\"2024-08-29T09:34:03+00:00\",\"dateModified\":\"2025-11-30T23:04:26+00:00\",\"description\":\"Monolith Classic Pro 2.0 Solo avec Buggy! Gr\u00e2ce \u00e0 cette combinaison, vous pouvez d\u00e9placer votre Monolith Classic Pro 2.0 en toute simplicit\u00e9.\",\"breadcrumb\":{\"@id\":\"https:\/\/www.kamadobbq.be\/fr\/shop\/monolith-fr\/monolith-barbecues\/monolith-classic-pro-2-0-solo-avec-buggy\/#breadcrumb\"},\"inLanguage\":\"fr-BE\",\"potentialAction\":[{\"@type\":\"ReadAction\",\"target\":[\"https:\/\/www.kamadobbq.be\/fr\/shop\/monolith-fr\/monolith-barbecues\/monolith-classic-pro-2-0-solo-avec-buggy\/\"]}]},{\"@type\":\"ImageObject\",\"inLanguage\":\"fr-BE\",\"@id\":\"https:\/\/www.kamadobbq.be\/fr\/shop\/monolith-fr\/monolith-barbecues\/monolith-classic-pro-2-0-solo-avec-buggy\/#primaryimage\",\"url\":\"https:\/\/www.kamadobbq.be\/wp-content\/uploads\/2024\/08\/Monolith-Classic-2-Buggy-compress.png\",\"contentUrl\":\"https:\/\/www.kamadobbq.be\/wp-content\/uploads\/2024\/08\/Monolith-Classic-2-Buggy-compress.png\",\"width\":1000,\"height\":1000},{\"@type\":\"BreadcrumbList\",\"@id\":\"https:\/\/www.kamadobbq.be\/fr\/shop\/monolith-fr\/monolith-barbecues\/monolith-classic-pro-2-0-solo-avec-buggy\/#breadcrumb\",\"itemListElement\":[{\"@type\":\"ListItem\",\"position\":1,\"name\":\"Shop\",\"item\":\"https:\/\/www.kamadobbq.be\/fr\/shop\/\"},{\"@type\":\"ListItem\",\"position\":2,\"name\":\"Monolith Classic Pro 2.0 Solo avec Buggy\"}]},{\"@type\":\"WebSite\",\"@id\":\"https:\/\/www.kamadobbq.be\/fr\/#website\",\"url\":\"https:\/\/www.kamadobbq.be\/fr\/\",\"name\":\"Kamado BBQ | De Kamado & BBQ Specialist!\",\"description\":\"Beleef de ultieme barbecue ervaring - Kamado BBQ\",\"publisher\":{\"@id\":\"https:\/\/www.kamadobbq.be\/fr\/#organization\"},\"alternateName\":\"Kamado BBQ\",\"potentialAction\":[{\"@type\":\"SearchAction\",\"target\":{\"@type\":\"EntryPoint\",\"urlTemplate\":\"https:\/\/www.kamadobbq.be\/fr\/?s={search_term_string}\"},\"query-input\":{\"@type\":\"PropertyValueSpecification\",\"valueRequired\":true,\"valueName\":\"search_term_string\"}}],\"inLanguage\":\"fr-BE\"},{\"@type\":[\"Organization\",\"Place\",\"Store\"],\"@id\":\"https:\/\/www.kamadobbq.be\/fr\/#organization\",\"name\":\"Kamado BBQ | De Kamado & BBQ Specialist!\",\"url\":\"https:\/\/www.kamadobbq.be\/fr\/\",\"logo\":{\"@id\":\"https:\/\/www.kamadobbq.be\/fr\/shop\/monolith-fr\/monolith-barbecues\/monolith-classic-pro-2-0-solo-avec-buggy\/#local-main-organization-logo\"},\"image\":{\"@id\":\"https:\/\/www.kamadobbq.be\/fr\/shop\/monolith-fr\/monolith-barbecues\/monolith-classic-pro-2-0-solo-avec-buggy\/#local-main-organization-logo\"},\"sameAs\":[\"https:\/\/www.facebook.com\/KamadoBBQ\/\",\"https:\/\/www.instagram.com\/kamado_bbq\/\"],\"address\":{\"@id\":\"https:\/\/www.kamadobbq.be\/fr\/shop\/monolith-fr\/monolith-barbecues\/monolith-classic-pro-2-0-solo-avec-buggy\/#local-main-place-address\"},\"geo\":{\"@type\":\"GeoCoordinates\",\"latitude\":\"50.979225960799056\",\"longitude\":\"5.122391337257679\"},\"telephone\":[\"+32 13 661 636\"],\"openingHoursSpecification\":[{\"@type\":\"OpeningHoursSpecification\",\"dayOfWeek\":[\"Monday\",\"Tuesday\",\"Wednesday\",\"Thursday\",\"Friday\"],\"opens\":\"10:00\",\"closes\":\"17:30\"},{\"@type\":\"OpeningHoursSpecification\",\"dayOfWeek\":[\"Saturday\"],\"opens\":\"10:00\",\"closes\":\"16:00\"},{\"@type\":\"OpeningHoursSpecification\",\"dayOfWeek\":[\"Sunday\"],\"opens\":\"00:00\",\"closes\":\"00:00\"}],\"email\":\"info@kamadobbq.be\",\"areaServed\":\"Europe\",\"currenciesAccepted\":\"Eur\"},{\"@type\":\"PostalAddress\",\"@id\":\"https:\/\/www.kamadobbq.be\/fr\/shop\/monolith-fr\/monolith-barbecues\/monolith-classic-pro-2-0-solo-avec-buggy\/#local-main-place-address\",\"streetAddress\":\"Meldertsestraat 8\",\"addressLocality\":\"Zelem\",\"postalCode\":\"3545\",\"addressRegion\":\"Belgi\u00eb\",\"addressCountry\":\"BE\"},{\"@type\":\"ImageObject\",\"inLanguage\":\"fr-BE\",\"@id\":\"https:\/\/www.kamadobbq.be\/fr\/shop\/monolith-fr\/monolith-barbecues\/monolith-classic-pro-2-0-solo-avec-buggy\/#local-main-organization-logo\",\"url\":\"https:\/\/www.kamadobbq.be\/wp-content\/uploads\/2022\/02\/kamadobbq-logo-2.svg\",\"contentUrl\":\"https:\/\/www.kamadobbq.be\/wp-content\/uploads\/2022\/02\/kamadobbq-logo-2.svg\",\"caption\":\"Kamado BBQ | De Kamado & BBQ Specialist!\"}]}<\/script>\n<meta name=\"geo.placename\" content=\"Zelem\" \/>\n<meta name=\"geo.position\" content=\"50.979225960799056;5.122391337257679\" \/>\n<meta name=\"geo.region\" content=\"Belgium\" \/>\n<!-- \/ Yoast SEO Premium plugin. -->","yoast_head_json":{"title":"Monolith Classic Pro 2.0 Solo avec Buggy - Kamado BBQ","description":"Monolith Classic Pro 2.0 Solo avec Buggy! Gr\u00e2ce \u00e0 cette combinaison, vous pouvez d\u00e9placer votre Monolith Classic Pro 2.0 en toute simplicit\u00e9.","robots":{"index":"index","follow":"follow","max-snippet":"max-snippet:-1","max-image-preview":"max-image-preview:large","max-video-preview":"max-video-preview:-1"},"canonical":"https:\/\/www.kamadobbq.be\/fr\/shop\/monolith-fr\/monolith-barbecues\/monolith-classic-pro-2-0-solo-avec-buggy\/","og_locale":"fr_FR","og_type":"article","og_title":"Monolith Classic Pro 2.0 Solo avec Buggy - Kamado BBQ","og_description":"Monolith Classic Pro 2.0 Solo avec Buggy! Gr\u00e2ce \u00e0 cette combinaison, vous pouvez d\u00e9placer votre Monolith Classic Pro 2.0 en toute simplicit\u00e9.","og_url":"https:\/\/www.kamadobbq.be\/fr\/shop\/monolith-fr\/monolith-barbecues\/monolith-classic-pro-2-0-solo-avec-buggy\/","og_site_name":"Kamado BBQ | De Kamado &amp; BBQ Specialist!","article_publisher":"https:\/\/www.facebook.com\/KamadoBBQ\/","article_modified_time":"2025-11-30T23:04:26+00:00","og_image":[{"width":1000,"height":1000,"url":"https:\/\/www.kamadobbq.be\/wp-content\/uploads\/2024\/08\/Monolith-Classic-2-Buggy-compress.png","type":"image\/png"}],"twitter_card":"summary_large_image","twitter_misc":{"Est. reading time":"1 minute"},"schema":{"@context":"https:\/\/schema.org","@graph":[{"@type":"WebPage","@id":"https:\/\/www.kamadobbq.be\/fr\/shop\/monolith-fr\/monolith-barbecues\/monolith-classic-pro-2-0-solo-avec-buggy\/","url":"https:\/\/www.kamadobbq.be\/fr\/shop\/monolith-fr\/monolith-barbecues\/monolith-classic-pro-2-0-solo-avec-buggy\/","name":"Monolith Classic Pro 2.0 Solo avec Buggy - Kamado BBQ","isPartOf":{"@id":"https:\/\/www.kamadobbq.be\/fr\/#website"},"primaryImageOfPage":{"@id":"https:\/\/www.kamadobbq.be\/fr\/shop\/monolith-fr\/monolith-barbecues\/monolith-classic-pro-2-0-solo-avec-buggy\/#primaryimage"},"image":{"@id":"https:\/\/www.kamadobbq.be\/fr\/shop\/monolith-fr\/monolith-barbecues\/monolith-classic-pro-2-0-solo-avec-buggy\/#primaryimage"},"thumbnailUrl":"https:\/\/www.kamadobbq.be\/wp-content\/uploads\/2024\/08\/Monolith-Classic-2-Buggy-compress.png","datePublished":"2024-08-29T09:34:03+00:00","dateModified":"2025-11-30T23:04:26+00:00","description":"Monolith Classic Pro 2.0 Solo avec Buggy! Gr\u00e2ce \u00e0 cette combinaison, vous pouvez d\u00e9placer votre Monolith Classic Pro 2.0 en toute simplicit\u00e9.","breadcrumb":{"@id":"https:\/\/www.kamadobbq.be\/fr\/shop\/monolith-fr\/monolith-barbecues\/monolith-classic-pro-2-0-solo-avec-buggy\/#breadcrumb"},"inLanguage":"fr-BE","potentialAction":[{"@type":"ReadAction","target":["https:\/\/www.kamadobbq.be\/fr\/shop\/monolith-fr\/monolith-barbecues\/monolith-classic-pro-2-0-solo-avec-buggy\/"]}]},{"@type":"ImageObject","inLanguage":"fr-BE","@id":"https:\/\/www.kamadobbq.be\/fr\/shop\/monolith-fr\/monolith-barbecues\/monolith-classic-pro-2-0-solo-avec-buggy\/#primaryimage","url":"https:\/\/www.kamadobbq.be\/wp-content\/uploads\/2024\/08\/Monolith-Classic-2-Buggy-compress.png","contentUrl":"https:\/\/www.kamadobbq.be\/wp-content\/uploads\/2024\/08\/Monolith-Classic-2-Buggy-compress.png","width":1000,"height":1000},{"@type":"BreadcrumbList","@id":"https:\/\/www.kamadobbq.be\/fr\/shop\/monolith-fr\/monolith-barbecues\/monolith-classic-pro-2-0-solo-avec-buggy\/#breadcrumb","itemListElement":[{"@type":"ListItem","position":1,"name":"Shop","item":"https:\/\/www.kamadobbq.be\/fr\/shop\/"},{"@type":"ListItem","position":2,"name":"Monolith Classic Pro 2.0 Solo avec Buggy"}]},{"@type":"WebSite","@id":"https:\/\/www.kamadobbq.be\/fr\/#website","url":"https:\/\/www.kamadobbq.be\/fr\/","name":"Kamado BBQ | De Kamado & BBQ Specialist!","description":"Beleef de ultieme barbecue ervaring - Kamado BBQ","publisher":{"@id":"https:\/\/www.kamadobbq.be\/fr\/#organization"},"alternateName":"Kamado BBQ","potentialAction":[{"@type":"SearchAction","target":{"@type":"EntryPoint","urlTemplate":"https:\/\/www.kamadobbq.be\/fr\/?s={search_term_string}"},"query-input":{"@type":"PropertyValueSpecification","valueRequired":true,"valueName":"search_term_string"}}],"inLanguage":"fr-BE"},{"@type":["Organization","Place","Store"],"@id":"https:\/\/www.kamadobbq.be\/fr\/#organization","name":"Kamado BBQ | De Kamado & BBQ Specialist!","url":"https:\/\/www.kamadobbq.be\/fr\/","logo":{"@id":"https:\/\/www.kamadobbq.be\/fr\/shop\/monolith-fr\/monolith-barbecues\/monolith-classic-pro-2-0-solo-avec-buggy\/#local-main-organization-logo"},"image":{"@id":"https:\/\/www.kamadobbq.be\/fr\/shop\/monolith-fr\/monolith-barbecues\/monolith-classic-pro-2-0-solo-avec-buggy\/#local-main-organization-logo"},"sameAs":["https:\/\/www.facebook.com\/KamadoBBQ\/","https:\/\/www.instagram.com\/kamado_bbq\/"],"address":{"@id":"https:\/\/www.kamadobbq.be\/fr\/shop\/monolith-fr\/monolith-barbecues\/monolith-classic-pro-2-0-solo-avec-buggy\/#local-main-place-address"},"geo":{"@type":"GeoCoordinates","latitude":"50.979225960799056","longitude":"5.122391337257679"},"telephone":["+32 13 661 636"],"openingHoursSpecification":[{"@type":"OpeningHoursSpecification","dayOfWeek":["Monday","Tuesday","Wednesday","Thursday","Friday"],"opens":"10:00","closes":"17:30"},{"@type":"OpeningHoursSpecification","dayOfWeek":["Saturday"],"opens":"10:00","closes":"16:00"},{"@type":"OpeningHoursSpecification","dayOfWeek":["Sunday"],"opens":"00:00","closes":"00:00"}],"email":"info@kamadobbq.be","areaServed":"Europe","currenciesAccepted":"Eur"},{"@type":"PostalAddress","@id":"https:\/\/www.kamadobbq.be\/fr\/shop\/monolith-fr\/monolith-barbecues\/monolith-classic-pro-2-0-solo-avec-buggy\/#local-main-place-address","streetAddress":"Meldertsestraat 8","addressLocality":"Zelem","postalCode":"3545","addressRegion":"Belgi\u00eb","addressCountry":"BE"},{"@type":"ImageObject","inLanguage":"fr-BE","@id":"https:\/\/www.kamadobbq.be\/fr\/shop\/monolith-fr\/monolith-barbecues\/monolith-classic-pro-2-0-solo-avec-buggy\/#local-main-organization-logo","url":"https:\/\/www.kamadobbq.be\/wp-content\/uploads\/2022\/02\/kamadobbq-logo-2.svg","contentUrl":"https:\/\/www.kamadobbq.be\/wp-content\/uploads\/2022\/02\/kamadobbq-logo-2.svg","caption":"Kamado BBQ | De Kamado & BBQ Specialist!"}]},"geo.placename":"Zelem","geo.position":{"lat":"50.979225960799056","long":"5.122391337257679"},"geo.region":"Belgium"},"_links":{"self":[{"href":"https:\/\/www.kamadobbq.be\/fr\/wp-json\/wp\/v2\/product\/82215","targetHints":{"allow":["GET"]}}],"collection":[{"href":"https:\/\/www.kamadobbq.be\/fr\/wp-json\/wp\/v2\/product"}],"about":[{"href":"https:\/\/www.kamadobbq.be\/fr\/wp-json\/wp\/v2\/types\/product"}],"wp:featuredmedia":[{"embeddable":true,"href":"https:\/\/www.kamadobbq.be\/fr\/wp-json\/wp\/v2\/media\/82218"}],"wp:attachment":[{"href":"https:\/\/www.kamadobbq.be\/fr\/wp-json\/wp\/v2\/media?parent=82215"}],"wp:term":[{"taxonomy":"product_brand","embeddable":true,"href":"https:\/\/www.kamadobbq.be\/fr\/wp-json\/wp\/v2\/product_brand?post=82215"},{"taxonomy":"product_cat","embeddable":true,"href":"https:\/\/www.kamadobbq.be\/fr\/wp-json\/wp\/v2\/product_cat?post=82215"},{"taxonomy":"product_tag","embeddable":true,"href":"https:\/\/www.kamadobbq.be\/fr\/wp-json\/wp\/v2\/product_tag?post=82215"}],"curies":[{"name":"wp","href":"https:\/\/api.w.org\/{rel}","templated":true}]}}