{"id":81665,"date":"2024-08-22T11:39:08","date_gmt":"2024-08-22T09:39:12","guid":{"rendered":"https:\/\/www.kamadobbq.be\/?post_type=product&#038;p=81665"},"modified":"2026-03-30T15:47:08","modified_gmt":"2026-03-30T13:47:08","slug":"monolith-avantgarde-66-solo","status":"publish","type":"product","link":"https:\/\/www.kamadobbq.be\/fr\/shop\/monolith-fr\/monolith-barbecues\/monolith-avantgarde-66-solo\/","title":{"rendered":"Monolith Avantgarde.66 Solo"},"content":{"rendered":"<p>Tout d&#8217;abord, l&#8217;int\u00e9rieur du barbecue en c\u00e9ramique est rest\u00e9 inchang\u00e9 depuis la s\u00e9rie Pro 1.0, conservant le syst\u00e8me de barbecue SGS (Smart Grid System) \u00e9prouv\u00e9 et ing\u00e9nieux et le foyer en plusieurs parties. Les mises \u00e0 jour portent sur des d\u00e9tails essentiels.<\/p>\n<h2>Innovations<\/h2>\n<ul>\n<li><strong>Poign\u00e9e avec lumi\u00e8re LED int\u00e9gr\u00e9e:<\/strong> Lorsque vous cuisinez encore sur votre kamado tard dans la nuit, il est pratique de pouvoir voir clairement ce que vous faites. La lumi\u00e8re LED int\u00e9gr\u00e9e \u00e9claire directement la grille. Le bouton correspondant se trouve sur le c\u00f4t\u00e9 de la poign\u00e9e. La poign\u00e9e est livr\u00e9e sans piles; vous pouvez les installer vous-m\u00eame en retirant les vis de la plaque d&#8217;acier.<\/li>\n<li><strong>Raccords en acier inoxydable de haute qualit\u00e9:<\/strong> Toutes les pi\u00e8ces en acier entourant la c\u00e9ramique sont en acier inoxydable 304 de haute qualit\u00e9.<\/li>\n<\/ul>\n<h2>Structure interne*<\/h2>\n<p>Le syst\u00e8me de grille intelligent du Monolith Avantgarde.66 offre un certain nombre de fonctions pratiques pour votre exp\u00e9rience du barbecue. Avec un diam\u00e8tre de grille de 52 cm, ce kamado est parfait pour griller, cuire, fumer et cuisiner. Le syst\u00e8me permet de pr\u00e9parer des repas sur plusieurs niveaux si n\u00e9cessaire. <img decoding=\"async\" class=\"alignnone size-large wp-image-72450\" src=\"https:\/\/www.kamadobbq.be\/wp-content\/uploads\/2024\/04\/Monolith-uitleg-indirect-pizza-Classic-363x1024.webp\" alt=\"Monolith interne opbouw\" width=\"363\" height=\"1024\" \/> Ce syst\u00e8me innovant utilise des zones de barbecue divis\u00e9es \u00e0 diff\u00e9rentes hauteurs, o\u00f9 la grille de barbecue en acier inoxydable peut \u00eatre utilis\u00e9e en deux parties. Il en va de m\u00eame pour les grilles en fonte, les pierres d\u00e9flectrices, les planchas en fonte et les bacs de r\u00e9cup\u00e9ration en acier inoxydable. La 1\/2 division des bacs de r\u00e9cup\u00e9ration et des pierres d\u00e9flectrices permet m\u00eame d&#8217;utiliser simultan\u00e9ment une zone directe et une zone indirecte dans le barbecue, tout en r\u00e9duisant consid\u00e9rablement le risque de br\u00fblure des graisses. Le syst\u00e8me Smart Grid est \u00e9galement dot\u00e9 de deux poign\u00e9es pratiques qui vous permettent de retirer facilement l&#8217;ensemble du syst\u00e8me du kamado. La conception \u00e9tanche \u00e0 l&#8217;air assure des temp\u00e9ratures constantes dans le Monolith. Tous les \u00e9l\u00e9ments du barbecue en c\u00e9ramique Monolith ont \u00e9t\u00e9 con\u00e7us dans un souci d&#8217;\u00e9tanch\u00e9it\u00e9, avec notamment des joints de haute qualit\u00e9 et une hotte de ventilation en fonte pour un contr\u00f4le pr\u00e9cis de la temp\u00e9rature sans fluctuation. Gr\u00e2ce \u00e0 l&#8217;excellente \u00e9tanch\u00e9it\u00e9, les charbons sont rapidement incandescents et s&#8217;\u00e9teignent facilement en fermant simplement l&#8217;arriv\u00e9e d&#8217;air et la hotte de ventilation, de sorte que vous pouvez m\u00eame r\u00e9utiliser le charbon de bois pour votre prochaine s\u00e9ance de barbecue. Le foyer c\u00e9ramique .66&#8217;s Monolith comprend un cadre m\u00e9tallique avec cinq segments en c\u00e9ramique qui minimisent les fissures et garantissent une longue dur\u00e9e de vie. Le syst\u00e8me de collecte des cendres est rapide et pratique \u00e0 vider gr\u00e2ce \u00e0 la pelle \u00e0 cendres incluse. *Pierre \u00e0 pizza non incluse. La photo a \u00e9t\u00e9 prise \u00e0 des fins d&#8217;illustration et repr\u00e9sente un Monolith Pro Series. La construction interne est similaire \u00e0 celle des mod\u00e8les Avantgarde. <strong>Attention!<\/strong> Les pieds ne sont pas inclus.<\/p>\n<p><strong>&#8211; Dimensions du colis:<\/strong> 80 cm x 76 cm x 97 cm<br \/>\n<strong>&#8211; Poids:<\/strong> \u00b1 150 kg<\/p>\n","protected":false},"excerpt":{"rendered":"<p>Le Monolith Avantgarde.66 a tout ce que vous attendez d&#8217;un kamado!<\/p>\n<p>Le syst\u00e8me de barbecue SGS (Smart Grid System) \u00e9prouv\u00e9 et ing\u00e9nieux, avec un \u00e9clairage LED dans la poign\u00e9e, une finition en acier inoxydable et une c\u00e9ramique de haute qualit\u00e9 qui distribue la chaleur de mani\u00e8re homog\u00e8ne.<\/p>\n<p>De plus, la finition noire mate du kamado conf\u00e8re un aspect \u00e9l\u00e9gant \u00e0 votre jardin!<\/p>\n<p>&nbsp;<\/p>\n","protected":false},"featured_media":81671,"template":"","meta":{"_acf_changed":false,"_et_pb_use_builder":"","_et_pb_old_content":"","_et_gb_content_width":""},"product_brand":[],"product_cat":[1177,1179],"product_tag":[],"class_list":{"0":"post-81665","1":"product","2":"type-product","3":"status-publish","4":"has-post-thumbnail","6":"product_cat-monolith-fr","7":"product_cat-monolith-barbecues","9":"first","10":"instock","11":"taxable","12":"shipping-taxable","13":"purchasable","14":"product-type-simple"},"acf":[],"yoast_head":"<!-- This site is optimized with the Yoast SEO Premium plugin v25.4 (Yoast SEO v25.4) - https:\/\/yoast.com\/wordpress\/plugins\/seo\/ -->\n<title>Monolith Avantgarde.66 Solo | Un aspect \u00e9l\u00e9gant \u00e0 votre jardin<\/title>\n<meta name=\"description\" content=\"Monolithe Avantgarde.66 Solo! Kamado de qualit\u00e9 sup\u00e9rieure! C\u00e9ramique de haute qualit\u00e9, anthracite satin\u00e9e et construite avec pr\u00e9cision allemande !\" \/>\n<meta name=\"robots\" content=\"index, follow, max-snippet:-1, max-image-preview:large, max-video-preview:-1\" \/>\n<link rel=\"canonical\" href=\"https:\/\/www.kamadobbq.be\/fr\/shop\/monolith-fr\/monolith-barbecues\/monolith-avantgarde-66-solo\/\" \/>\n<meta property=\"og:locale\" content=\"fr_FR\" \/>\n<meta property=\"og:type\" content=\"article\" \/>\n<meta property=\"og:title\" content=\"Monolith Avantgarde.66 Solo | Un aspect \u00e9l\u00e9gant \u00e0 votre jardin\" \/>\n<meta property=\"og:description\" content=\"Monolithe Avantgarde.66 Solo! Kamado de qualit\u00e9 sup\u00e9rieure! C\u00e9ramique de haute qualit\u00e9, anthracite satin\u00e9e et construite avec pr\u00e9cision allemande !\" \/>\n<meta property=\"og:url\" content=\"https:\/\/www.kamadobbq.be\/fr\/shop\/monolith-fr\/monolith-barbecues\/monolith-avantgarde-66-solo\/\" \/>\n<meta property=\"og:site_name\" content=\"Kamado BBQ | De Kamado &amp; BBQ Specialist!\" \/>\n<meta property=\"article:publisher\" content=\"https:\/\/www.facebook.com\/KamadoBBQ\/\" \/>\n<meta property=\"article:modified_time\" content=\"2026-03-30T13:47:08+00:00\" \/>\n<meta property=\"og:image\" content=\"https:\/\/www.kamadobbq.be\/wp-content\/uploads\/2024\/08\/Monolith-Avantgarde-Lechef-Solo-compress.png\" \/>\n\t<meta property=\"og:image:width\" content=\"1000\" \/>\n\t<meta property=\"og:image:height\" content=\"1000\" \/>\n\t<meta property=\"og:image:type\" content=\"image\/png\" \/>\n<meta name=\"twitter:card\" content=\"summary_large_image\" \/>\n<meta name=\"twitter:label1\" content=\"Est. reading time\" \/>\n\t<meta name=\"twitter:data1\" content=\"3 minutes\" \/>\n<script type=\"application\/ld+json\" class=\"yoast-schema-graph\">{\"@context\":\"https:\/\/schema.org\",\"@graph\":[{\"@type\":\"WebPage\",\"@id\":\"https:\/\/www.kamadobbq.be\/fr\/shop\/monolith-fr\/monolith-barbecues\/monolith-avantgarde-66-solo\/\",\"url\":\"https:\/\/www.kamadobbq.be\/fr\/shop\/monolith-fr\/monolith-barbecues\/monolith-avantgarde-66-solo\/\",\"name\":\"Monolith Avantgarde.66 Solo | Un aspect \u00e9l\u00e9gant \u00e0 votre jardin\",\"isPartOf\":{\"@id\":\"https:\/\/www.kamadobbq.be\/fr\/#website\"},\"primaryImageOfPage\":{\"@id\":\"https:\/\/www.kamadobbq.be\/fr\/shop\/monolith-fr\/monolith-barbecues\/monolith-avantgarde-66-solo\/#primaryimage\"},\"image\":{\"@id\":\"https:\/\/www.kamadobbq.be\/fr\/shop\/monolith-fr\/monolith-barbecues\/monolith-avantgarde-66-solo\/#primaryimage\"},\"thumbnailUrl\":\"https:\/\/www.kamadobbq.be\/wp-content\/uploads\/2024\/08\/Monolith-Avantgarde-Lechef-Solo-compress.png\",\"datePublished\":\"2024-08-22T09:39:12+00:00\",\"dateModified\":\"2026-03-30T13:47:08+00:00\",\"description\":\"Monolithe Avantgarde.66 Solo! Kamado de qualit\u00e9 sup\u00e9rieure! C\u00e9ramique de haute qualit\u00e9, anthracite satin\u00e9e et construite avec pr\u00e9cision allemande !\",\"breadcrumb\":{\"@id\":\"https:\/\/www.kamadobbq.be\/fr\/shop\/monolith-fr\/monolith-barbecues\/monolith-avantgarde-66-solo\/#breadcrumb\"},\"inLanguage\":\"fr-BE\",\"potentialAction\":[{\"@type\":\"ReadAction\",\"target\":[\"https:\/\/www.kamadobbq.be\/fr\/shop\/monolith-fr\/monolith-barbecues\/monolith-avantgarde-66-solo\/\"]}]},{\"@type\":\"ImageObject\",\"inLanguage\":\"fr-BE\",\"@id\":\"https:\/\/www.kamadobbq.be\/fr\/shop\/monolith-fr\/monolith-barbecues\/monolith-avantgarde-66-solo\/#primaryimage\",\"url\":\"https:\/\/www.kamadobbq.be\/wp-content\/uploads\/2024\/08\/Monolith-Avantgarde-Lechef-Solo-compress.png\",\"contentUrl\":\"https:\/\/www.kamadobbq.be\/wp-content\/uploads\/2024\/08\/Monolith-Avantgarde-Lechef-Solo-compress.png\",\"width\":1000,\"height\":1000},{\"@type\":\"BreadcrumbList\",\"@id\":\"https:\/\/www.kamadobbq.be\/fr\/shop\/monolith-fr\/monolith-barbecues\/monolith-avantgarde-66-solo\/#breadcrumb\",\"itemListElement\":[{\"@type\":\"ListItem\",\"position\":1,\"name\":\"Shop\",\"item\":\"https:\/\/www.kamadobbq.be\/fr\/shop\/\"},{\"@type\":\"ListItem\",\"position\":2,\"name\":\"Monolith Avantgarde.66 Solo\"}]},{\"@type\":\"WebSite\",\"@id\":\"https:\/\/www.kamadobbq.be\/fr\/#website\",\"url\":\"https:\/\/www.kamadobbq.be\/fr\/\",\"name\":\"Kamado BBQ | De Kamado & BBQ Specialist!\",\"description\":\"Beleef de ultieme barbecue ervaring - Kamado BBQ\",\"publisher\":{\"@id\":\"https:\/\/www.kamadobbq.be\/fr\/#organization\"},\"alternateName\":\"Kamado BBQ\",\"potentialAction\":[{\"@type\":\"SearchAction\",\"target\":{\"@type\":\"EntryPoint\",\"urlTemplate\":\"https:\/\/www.kamadobbq.be\/fr\/?s={search_term_string}\"},\"query-input\":{\"@type\":\"PropertyValueSpecification\",\"valueRequired\":true,\"valueName\":\"search_term_string\"}}],\"inLanguage\":\"fr-BE\"},{\"@type\":[\"Organization\",\"Place\",\"Store\"],\"@id\":\"https:\/\/www.kamadobbq.be\/fr\/#organization\",\"name\":\"Kamado BBQ | De Kamado & BBQ Specialist!\",\"url\":\"https:\/\/www.kamadobbq.be\/fr\/\",\"logo\":{\"@id\":\"https:\/\/www.kamadobbq.be\/fr\/shop\/monolith-fr\/monolith-barbecues\/monolith-avantgarde-66-solo\/#local-main-organization-logo\"},\"image\":{\"@id\":\"https:\/\/www.kamadobbq.be\/fr\/shop\/monolith-fr\/monolith-barbecues\/monolith-avantgarde-66-solo\/#local-main-organization-logo\"},\"sameAs\":[\"https:\/\/www.facebook.com\/KamadoBBQ\/\",\"https:\/\/www.instagram.com\/kamado_bbq\/\"],\"address\":{\"@id\":\"https:\/\/www.kamadobbq.be\/fr\/shop\/monolith-fr\/monolith-barbecues\/monolith-avantgarde-66-solo\/#local-main-place-address\"},\"geo\":{\"@type\":\"GeoCoordinates\",\"latitude\":\"50.979225960799056\",\"longitude\":\"5.122391337257679\"},\"telephone\":[\"+32 13 661 636\"],\"openingHoursSpecification\":[{\"@type\":\"OpeningHoursSpecification\",\"dayOfWeek\":[\"Monday\",\"Tuesday\",\"Wednesday\",\"Thursday\",\"Friday\"],\"opens\":\"10:00\",\"closes\":\"17:30\"},{\"@type\":\"OpeningHoursSpecification\",\"dayOfWeek\":[\"Saturday\"],\"opens\":\"10:00\",\"closes\":\"16:00\"},{\"@type\":\"OpeningHoursSpecification\",\"dayOfWeek\":[\"Sunday\"],\"opens\":\"00:00\",\"closes\":\"00:00\"}],\"email\":\"info@kamadobbq.be\",\"areaServed\":\"Europe\",\"currenciesAccepted\":\"Eur\"},{\"@type\":\"PostalAddress\",\"@id\":\"https:\/\/www.kamadobbq.be\/fr\/shop\/monolith-fr\/monolith-barbecues\/monolith-avantgarde-66-solo\/#local-main-place-address\",\"streetAddress\":\"Meldertsestraat 8\",\"addressLocality\":\"Zelem\",\"postalCode\":\"3545\",\"addressRegion\":\"Belgi\u00eb\",\"addressCountry\":\"BE\"},{\"@type\":\"ImageObject\",\"inLanguage\":\"fr-BE\",\"@id\":\"https:\/\/www.kamadobbq.be\/fr\/shop\/monolith-fr\/monolith-barbecues\/monolith-avantgarde-66-solo\/#local-main-organization-logo\",\"url\":\"https:\/\/www.kamadobbq.be\/wp-content\/uploads\/2022\/02\/kamadobbq-logo-2.svg\",\"contentUrl\":\"https:\/\/www.kamadobbq.be\/wp-content\/uploads\/2022\/02\/kamadobbq-logo-2.svg\",\"caption\":\"Kamado BBQ | De Kamado & BBQ Specialist!\"}]}<\/script>\n<meta name=\"geo.placename\" content=\"Zelem\" \/>\n<meta name=\"geo.position\" content=\"50.979225960799056;5.122391337257679\" \/>\n<meta name=\"geo.region\" content=\"Belgium\" \/>\n<!-- \/ Yoast SEO Premium plugin. -->","yoast_head_json":{"title":"Monolith Avantgarde.66 Solo | Un aspect \u00e9l\u00e9gant \u00e0 votre jardin","description":"Monolithe Avantgarde.66 Solo! Kamado de qualit\u00e9 sup\u00e9rieure! C\u00e9ramique de haute qualit\u00e9, anthracite satin\u00e9e et construite avec pr\u00e9cision allemande !","robots":{"index":"index","follow":"follow","max-snippet":"max-snippet:-1","max-image-preview":"max-image-preview:large","max-video-preview":"max-video-preview:-1"},"canonical":"https:\/\/www.kamadobbq.be\/fr\/shop\/monolith-fr\/monolith-barbecues\/monolith-avantgarde-66-solo\/","og_locale":"fr_FR","og_type":"article","og_title":"Monolith Avantgarde.66 Solo | Un aspect \u00e9l\u00e9gant \u00e0 votre jardin","og_description":"Monolithe Avantgarde.66 Solo! Kamado de qualit\u00e9 sup\u00e9rieure! C\u00e9ramique de haute qualit\u00e9, anthracite satin\u00e9e et construite avec pr\u00e9cision allemande !","og_url":"https:\/\/www.kamadobbq.be\/fr\/shop\/monolith-fr\/monolith-barbecues\/monolith-avantgarde-66-solo\/","og_site_name":"Kamado BBQ | De Kamado &amp; BBQ Specialist!","article_publisher":"https:\/\/www.facebook.com\/KamadoBBQ\/","article_modified_time":"2026-03-30T13:47:08+00:00","og_image":[{"width":1000,"height":1000,"url":"https:\/\/www.kamadobbq.be\/wp-content\/uploads\/2024\/08\/Monolith-Avantgarde-Lechef-Solo-compress.png","type":"image\/png"}],"twitter_card":"summary_large_image","twitter_misc":{"Est. reading time":"3 minutes"},"schema":{"@context":"https:\/\/schema.org","@graph":[{"@type":"WebPage","@id":"https:\/\/www.kamadobbq.be\/fr\/shop\/monolith-fr\/monolith-barbecues\/monolith-avantgarde-66-solo\/","url":"https:\/\/www.kamadobbq.be\/fr\/shop\/monolith-fr\/monolith-barbecues\/monolith-avantgarde-66-solo\/","name":"Monolith Avantgarde.66 Solo | Un aspect \u00e9l\u00e9gant \u00e0 votre jardin","isPartOf":{"@id":"https:\/\/www.kamadobbq.be\/fr\/#website"},"primaryImageOfPage":{"@id":"https:\/\/www.kamadobbq.be\/fr\/shop\/monolith-fr\/monolith-barbecues\/monolith-avantgarde-66-solo\/#primaryimage"},"image":{"@id":"https:\/\/www.kamadobbq.be\/fr\/shop\/monolith-fr\/monolith-barbecues\/monolith-avantgarde-66-solo\/#primaryimage"},"thumbnailUrl":"https:\/\/www.kamadobbq.be\/wp-content\/uploads\/2024\/08\/Monolith-Avantgarde-Lechef-Solo-compress.png","datePublished":"2024-08-22T09:39:12+00:00","dateModified":"2026-03-30T13:47:08+00:00","description":"Monolithe Avantgarde.66 Solo! Kamado de qualit\u00e9 sup\u00e9rieure! C\u00e9ramique de haute qualit\u00e9, anthracite satin\u00e9e et construite avec pr\u00e9cision allemande !","breadcrumb":{"@id":"https:\/\/www.kamadobbq.be\/fr\/shop\/monolith-fr\/monolith-barbecues\/monolith-avantgarde-66-solo\/#breadcrumb"},"inLanguage":"fr-BE","potentialAction":[{"@type":"ReadAction","target":["https:\/\/www.kamadobbq.be\/fr\/shop\/monolith-fr\/monolith-barbecues\/monolith-avantgarde-66-solo\/"]}]},{"@type":"ImageObject","inLanguage":"fr-BE","@id":"https:\/\/www.kamadobbq.be\/fr\/shop\/monolith-fr\/monolith-barbecues\/monolith-avantgarde-66-solo\/#primaryimage","url":"https:\/\/www.kamadobbq.be\/wp-content\/uploads\/2024\/08\/Monolith-Avantgarde-Lechef-Solo-compress.png","contentUrl":"https:\/\/www.kamadobbq.be\/wp-content\/uploads\/2024\/08\/Monolith-Avantgarde-Lechef-Solo-compress.png","width":1000,"height":1000},{"@type":"BreadcrumbList","@id":"https:\/\/www.kamadobbq.be\/fr\/shop\/monolith-fr\/monolith-barbecues\/monolith-avantgarde-66-solo\/#breadcrumb","itemListElement":[{"@type":"ListItem","position":1,"name":"Shop","item":"https:\/\/www.kamadobbq.be\/fr\/shop\/"},{"@type":"ListItem","position":2,"name":"Monolith Avantgarde.66 Solo"}]},{"@type":"WebSite","@id":"https:\/\/www.kamadobbq.be\/fr\/#website","url":"https:\/\/www.kamadobbq.be\/fr\/","name":"Kamado BBQ | De Kamado & BBQ Specialist!","description":"Beleef de ultieme barbecue ervaring - Kamado BBQ","publisher":{"@id":"https:\/\/www.kamadobbq.be\/fr\/#organization"},"alternateName":"Kamado BBQ","potentialAction":[{"@type":"SearchAction","target":{"@type":"EntryPoint","urlTemplate":"https:\/\/www.kamadobbq.be\/fr\/?s={search_term_string}"},"query-input":{"@type":"PropertyValueSpecification","valueRequired":true,"valueName":"search_term_string"}}],"inLanguage":"fr-BE"},{"@type":["Organization","Place","Store"],"@id":"https:\/\/www.kamadobbq.be\/fr\/#organization","name":"Kamado BBQ | De Kamado & BBQ Specialist!","url":"https:\/\/www.kamadobbq.be\/fr\/","logo":{"@id":"https:\/\/www.kamadobbq.be\/fr\/shop\/monolith-fr\/monolith-barbecues\/monolith-avantgarde-66-solo\/#local-main-organization-logo"},"image":{"@id":"https:\/\/www.kamadobbq.be\/fr\/shop\/monolith-fr\/monolith-barbecues\/monolith-avantgarde-66-solo\/#local-main-organization-logo"},"sameAs":["https:\/\/www.facebook.com\/KamadoBBQ\/","https:\/\/www.instagram.com\/kamado_bbq\/"],"address":{"@id":"https:\/\/www.kamadobbq.be\/fr\/shop\/monolith-fr\/monolith-barbecues\/monolith-avantgarde-66-solo\/#local-main-place-address"},"geo":{"@type":"GeoCoordinates","latitude":"50.979225960799056","longitude":"5.122391337257679"},"telephone":["+32 13 661 636"],"openingHoursSpecification":[{"@type":"OpeningHoursSpecification","dayOfWeek":["Monday","Tuesday","Wednesday","Thursday","Friday"],"opens":"10:00","closes":"17:30"},{"@type":"OpeningHoursSpecification","dayOfWeek":["Saturday"],"opens":"10:00","closes":"16:00"},{"@type":"OpeningHoursSpecification","dayOfWeek":["Sunday"],"opens":"00:00","closes":"00:00"}],"email":"info@kamadobbq.be","areaServed":"Europe","currenciesAccepted":"Eur"},{"@type":"PostalAddress","@id":"https:\/\/www.kamadobbq.be\/fr\/shop\/monolith-fr\/monolith-barbecues\/monolith-avantgarde-66-solo\/#local-main-place-address","streetAddress":"Meldertsestraat 8","addressLocality":"Zelem","postalCode":"3545","addressRegion":"Belgi\u00eb","addressCountry":"BE"},{"@type":"ImageObject","inLanguage":"fr-BE","@id":"https:\/\/www.kamadobbq.be\/fr\/shop\/monolith-fr\/monolith-barbecues\/monolith-avantgarde-66-solo\/#local-main-organization-logo","url":"https:\/\/www.kamadobbq.be\/wp-content\/uploads\/2022\/02\/kamadobbq-logo-2.svg","contentUrl":"https:\/\/www.kamadobbq.be\/wp-content\/uploads\/2022\/02\/kamadobbq-logo-2.svg","caption":"Kamado BBQ | De Kamado & BBQ Specialist!"}]},"geo.placename":"Zelem","geo.position":{"lat":"50.979225960799056","long":"5.122391337257679"},"geo.region":"Belgium"},"_links":{"self":[{"href":"https:\/\/www.kamadobbq.be\/fr\/wp-json\/wp\/v2\/product\/81665","targetHints":{"allow":["GET"]}}],"collection":[{"href":"https:\/\/www.kamadobbq.be\/fr\/wp-json\/wp\/v2\/product"}],"about":[{"href":"https:\/\/www.kamadobbq.be\/fr\/wp-json\/wp\/v2\/types\/product"}],"wp:featuredmedia":[{"embeddable":true,"href":"https:\/\/www.kamadobbq.be\/fr\/wp-json\/wp\/v2\/media\/81671"}],"wp:attachment":[{"href":"https:\/\/www.kamadobbq.be\/fr\/wp-json\/wp\/v2\/media?parent=81665"}],"wp:term":[{"taxonomy":"product_brand","embeddable":true,"href":"https:\/\/www.kamadobbq.be\/fr\/wp-json\/wp\/v2\/product_brand?post=81665"},{"taxonomy":"product_cat","embeddable":true,"href":"https:\/\/www.kamadobbq.be\/fr\/wp-json\/wp\/v2\/product_cat?post=81665"},{"taxonomy":"product_tag","embeddable":true,"href":"https:\/\/www.kamadobbq.be\/fr\/wp-json\/wp\/v2\/product_tag?post=81665"}],"curies":[{"name":"wp","href":"https:\/\/api.w.org\/{rel}","templated":true}]}}