{"id":60474,"date":"2023-10-27T13:52:22","date_gmt":"2023-10-27T11:52:24","guid":{"rendered":"https:\/\/www.kamadobbq.be\/?post_type=product&#038;p=60474"},"modified":"2026-03-30T14:23:07","modified_gmt":"2026-03-30T12:23:07","slug":"the-bastard-vx-large-solo","status":"publish","type":"product","link":"https:\/\/www.kamadobbq.be\/fr\/shop\/the-bastard-fr\/the-bastards-barbecues\/the-bastard-vx-large-solo\/","title":{"rendered":"The Bastard VX Large Solo"},"content":{"rendered":"<h2>THE.BEST.CONTROL.<\/h2>\n<p>Le nouveau capuchon sup\u00e9rieur de The Bastard Le VX peut \u00eatre utilis\u00e9 pour un contr\u00f4le parfait de la temp\u00e9rature. Retournez le couvercle du bouchon sup\u00e9rieur pour augmenter le flux d&#8217;air sans retirer la partie sup\u00e9rieure.<\/p>\n<h2><img decoding=\"async\" class=\"alignnone wp-image-42012\" src=\"https:\/\/www.kamadobbq.be\/wp-content\/uploads\/2023\/01\/VX_Large_017-1024x1024.png\" alt=\"\" width=\"290\" height=\"290\" \/><\/h2>\n<h2 class=\"elementor-heading-title elementor-size-default\">YOU.CAN.HANDLE.<\/h2>\n<p class=\"elementor-heading-title elementor-size-default\">La poign\u00e9e ergonomique am\u00e9lior\u00e9e et les supports robustes en acier inoxydable embouti sont rev\u00eatus de poudre.<\/p>\n<p><img decoding=\"async\" class=\"alignnone wp-image-42018\" src=\"https:\/\/www.kamadobbq.be\/wp-content\/uploads\/2023\/01\/VX_Large_019-1024x1024.png\" alt=\"\" width=\"290\" height=\"290\" \/><\/p>\n<h2>THE.EVERLASTING.HINGE.<\/h2>\n<p>La charni\u00e8re de The Bastard VX est optimis\u00e9 pour \u00eatre install\u00e9 dans votre cuisine ext\u00e9rieure ou sur votre table. Sa forte capacit\u00e9 de levage rend la manutention plus facile que jamais.<\/p>\n<p><img decoding=\"async\" class=\"alignnone wp-image-42015\" src=\"https:\/\/www.kamadobbq.be\/wp-content\/uploads\/2023\/01\/VX_Large_018-1024x1024.png\" alt=\"\" width=\"290\" height=\"290\" \/><\/p>\n<h2>MODERN.NEW.LOOK.<\/h2>\n<p>Gr\u00e2ce \u00e0 notre thermom\u00e8tre noir nouvellement con\u00e7u, vous pouvez toujours \u00eatre s\u00fbr de la temp\u00e9rature de vos aliments. Un thermom\u00e8tre o\u00f9 la fonction et le style s&#8217;\u00e9pousent.<\/p>\n<p><img decoding=\"async\" class=\"alignnone wp-image-41964\" src=\"https:\/\/www.kamadobbq.be\/wp-content\/uploads\/2023\/01\/Groot_15-1024x1024.png\" alt=\"\" width=\"290\" height=\"290\" \/><\/p>\n<h2 class=\"elementor-heading-title elementor-size-default\">ALWAYS.IN.CONTROL.<\/h2>\n<p>Efficace et pr\u00e9cis, le clapet de The Bastard Le VX a une double porte coulissante. Le design plat unique est modulaire, laissant la pr\u00e9cieuse c\u00e9ramique compl\u00e8tement intacte.<\/p>\n<p><img decoding=\"async\" class=\"alignnone wp-image-42027\" src=\"https:\/\/www.kamadobbq.be\/wp-content\/uploads\/2023\/01\/20220805-VX-Bastard-016-1024x576-1-compress.webp\" alt=\"\" width=\"290\" height=\"163\" \/><\/p>\n<h2 class=\"elementor-heading-title elementor-size-default\">MEGA.STRONG.FIREBOX<\/h2>\n<p>Magnifique \u00e0 l&#8217;ext\u00e9rieur et \u00e0 l&#8217;int\u00e9rieur ! Un seau \u00e0 cendres et un panier \u00e0 charbon de bois plus grands pour des sessions de grillades plus longues. Moins cassable et facile \u00e0 remplacer gr\u00e2ce aux multiples pi\u00e8ces.<\/p>\n<p><img decoding=\"async\" class=\"alignnone wp-image-42030\" src=\"https:\/\/www.kamadobbq.be\/wp-content\/uploads\/2023\/01\/firebox.png\" alt=\"\" width=\"290\" height=\"290\" \/><\/p>\n<h2>D\u00e9tails<\/h2>\n<ul>\n<li>Couleur: Noir mat Urban<\/li>\n<li>Hauteur: 136 cm<\/li>\n<li>Grill \u00f8 49 cm<\/li>\n<\/ul>\n<h2>VX innovations<\/h2>\n<ul>\n<li>Poign\u00e9e ergonomique am\u00e9lior\u00e9e<\/li>\n<li>Registre en acier inoxydable avec portes coulissantes<\/li>\n<li>Capuchon sup\u00e9rieur avec travail de pr\u00e9cision et option de basculement<\/li>\n<li>Thermom\u00e8tre noir<\/li>\n<li>Charni\u00e8re avec forte capacit\u00e9<\/li>\n<\/ul>\n<p>Comprend : Syst\u00e8me de cuisson \u00e0 plusieurs niveaux, panier \u00e0 charbon et \u00e9l\u00e9vateur du bac \u00e0 cendres.<\/p>\n<p>*<a href=\"https:\/\/www.kamadobbq.be\/fr\/service-expedition-collection\/\">Conditions de livraison et d&#8217;installation personnalis\u00e9es.<\/a><\/p>\n","protected":false},"excerpt":{"rendered":"<p>Toute aventure culinaire commence par une recette et m\u00eame la meilleure recette peut \u00eatre modifi\u00e9e. C&#8217;est le d\u00e9but de quelque chose de nouveau, le d\u00e9but d&#8217;une nouvelle cr\u00e9ation. C&#8217;est le philosophie du The Bastard.<\/p>\n<p>Prenez quelque chose de bien, essayez de l&#8217;am\u00e9liorer, mettez-vous au d\u00e9fi et rendez-le encore meilleur.<\/p>\n<p>C&#8217;est-\u00e0-dire The Bastard VX!<\/p>\n<p>&nbsp;<\/p>\n","protected":false},"featured_media":60477,"template":"","meta":{"_acf_changed":false,"_et_pb_use_builder":"","_et_pb_old_content":"","_et_gb_content_width":""},"product_brand":[],"product_cat":[1100,1115],"product_tag":[],"class_list":{"0":"post-60474","1":"product","2":"type-product","3":"status-publish","4":"has-post-thumbnail","6":"product_cat-the-bastard-fr","7":"product_cat-the-bastards-barbecues","9":"first","10":"onbackorder","11":"taxable","12":"shipping-taxable","13":"purchasable","14":"product-type-simple"},"acf":[],"yoast_head":"<!-- This site is optimized with the Yoast SEO Premium plugin v25.4 (Yoast SEO v25.4) - https:\/\/yoast.com\/wordpress\/plugins\/seo\/ -->\n<title>The Bastard VX Large Solo | Kamado BBQ<\/title>\n<meta name=\"description\" content=\"The Bastard VX Large Solo! Prenez quelque chose de bien, essayez de l&#039;am\u00e9liorer, mettez-vous au d\u00e9fi et rendez-le encore meilleur.\" \/>\n<meta name=\"robots\" content=\"index, follow, max-snippet:-1, max-image-preview:large, max-video-preview:-1\" \/>\n<link rel=\"canonical\" href=\"https:\/\/www.kamadobbq.be\/fr\/shop\/the-bastard-fr\/the-bastards-barbecues\/the-bastard-vx-large-solo\/\" \/>\n<meta property=\"og:locale\" content=\"fr_FR\" \/>\n<meta property=\"og:type\" content=\"article\" \/>\n<meta property=\"og:title\" content=\"The Bastard VX Large Solo | Kamado BBQ\" \/>\n<meta property=\"og:description\" content=\"The Bastard VX Large Solo! Prenez quelque chose de bien, essayez de l&#039;am\u00e9liorer, mettez-vous au d\u00e9fi et rendez-le encore meilleur.\" \/>\n<meta property=\"og:url\" content=\"https:\/\/www.kamadobbq.be\/fr\/shop\/the-bastard-fr\/the-bastards-barbecues\/the-bastard-vx-large-solo\/\" \/>\n<meta property=\"og:site_name\" content=\"Kamado BBQ | De Kamado &amp; BBQ Specialist!\" \/>\n<meta property=\"article:publisher\" content=\"https:\/\/www.facebook.com\/KamadoBBQ\/\" \/>\n<meta property=\"article:modified_time\" content=\"2026-03-30T12:23:07+00:00\" \/>\n<meta property=\"og:image\" content=\"https:\/\/www.kamadobbq.be\/wp-content\/uploads\/2023\/10\/VX-L-Solo-no-pack-1-compress.png\" \/>\n\t<meta property=\"og:image:width\" content=\"1000\" \/>\n\t<meta property=\"og:image:height\" content=\"1000\" \/>\n\t<meta property=\"og:image:type\" content=\"image\/png\" \/>\n<meta name=\"twitter:card\" content=\"summary_large_image\" \/>\n<meta name=\"twitter:label1\" content=\"Est. reading time\" \/>\n\t<meta name=\"twitter:data1\" content=\"3 minutes\" \/>\n<script type=\"application\/ld+json\" class=\"yoast-schema-graph\">{\"@context\":\"https:\/\/schema.org\",\"@graph\":[{\"@type\":\"WebPage\",\"@id\":\"https:\/\/www.kamadobbq.be\/fr\/shop\/the-bastard-fr\/the-bastards-barbecues\/the-bastard-vx-large-solo\/\",\"url\":\"https:\/\/www.kamadobbq.be\/fr\/shop\/the-bastard-fr\/the-bastards-barbecues\/the-bastard-vx-large-solo\/\",\"name\":\"The Bastard VX Large Solo | Kamado BBQ\",\"isPartOf\":{\"@id\":\"https:\/\/www.kamadobbq.be\/fr\/#website\"},\"primaryImageOfPage\":{\"@id\":\"https:\/\/www.kamadobbq.be\/fr\/shop\/the-bastard-fr\/the-bastards-barbecues\/the-bastard-vx-large-solo\/#primaryimage\"},\"image\":{\"@id\":\"https:\/\/www.kamadobbq.be\/fr\/shop\/the-bastard-fr\/the-bastards-barbecues\/the-bastard-vx-large-solo\/#primaryimage\"},\"thumbnailUrl\":\"https:\/\/www.kamadobbq.be\/wp-content\/uploads\/2023\/10\/VX-L-Solo-no-pack-1-compress.png\",\"datePublished\":\"2023-10-27T11:52:24+00:00\",\"dateModified\":\"2026-03-30T12:23:07+00:00\",\"description\":\"The Bastard VX Large Solo! Prenez quelque chose de bien, essayez de l'am\u00e9liorer, mettez-vous au d\u00e9fi et rendez-le encore meilleur.\",\"breadcrumb\":{\"@id\":\"https:\/\/www.kamadobbq.be\/fr\/shop\/the-bastard-fr\/the-bastards-barbecues\/the-bastard-vx-large-solo\/#breadcrumb\"},\"inLanguage\":\"fr-BE\",\"potentialAction\":[{\"@type\":\"ReadAction\",\"target\":[\"https:\/\/www.kamadobbq.be\/fr\/shop\/the-bastard-fr\/the-bastards-barbecues\/the-bastard-vx-large-solo\/\"]}]},{\"@type\":\"ImageObject\",\"inLanguage\":\"fr-BE\",\"@id\":\"https:\/\/www.kamadobbq.be\/fr\/shop\/the-bastard-fr\/the-bastards-barbecues\/the-bastard-vx-large-solo\/#primaryimage\",\"url\":\"https:\/\/www.kamadobbq.be\/wp-content\/uploads\/2023\/10\/VX-L-Solo-no-pack-1-compress.png\",\"contentUrl\":\"https:\/\/www.kamadobbq.be\/wp-content\/uploads\/2023\/10\/VX-L-Solo-no-pack-1-compress.png\",\"width\":1000,\"height\":1000,\"caption\":\"The Bastard VX L Solo no pack\"},{\"@type\":\"BreadcrumbList\",\"@id\":\"https:\/\/www.kamadobbq.be\/fr\/shop\/the-bastard-fr\/the-bastards-barbecues\/the-bastard-vx-large-solo\/#breadcrumb\",\"itemListElement\":[{\"@type\":\"ListItem\",\"position\":1,\"name\":\"Shop\",\"item\":\"https:\/\/www.kamadobbq.be\/fr\/shop\/\"},{\"@type\":\"ListItem\",\"position\":2,\"name\":\"The Bastard VX Large Solo\"}]},{\"@type\":\"WebSite\",\"@id\":\"https:\/\/www.kamadobbq.be\/fr\/#website\",\"url\":\"https:\/\/www.kamadobbq.be\/fr\/\",\"name\":\"Kamado BBQ | De Kamado & BBQ Specialist!\",\"description\":\"Beleef de ultieme barbecue ervaring - Kamado BBQ\",\"publisher\":{\"@id\":\"https:\/\/www.kamadobbq.be\/fr\/#organization\"},\"alternateName\":\"Kamado BBQ\",\"potentialAction\":[{\"@type\":\"SearchAction\",\"target\":{\"@type\":\"EntryPoint\",\"urlTemplate\":\"https:\/\/www.kamadobbq.be\/fr\/?s={search_term_string}\"},\"query-input\":{\"@type\":\"PropertyValueSpecification\",\"valueRequired\":true,\"valueName\":\"search_term_string\"}}],\"inLanguage\":\"fr-BE\"},{\"@type\":[\"Organization\",\"Place\",\"Store\"],\"@id\":\"https:\/\/www.kamadobbq.be\/fr\/#organization\",\"name\":\"Kamado BBQ | De Kamado & BBQ Specialist!\",\"url\":\"https:\/\/www.kamadobbq.be\/fr\/\",\"logo\":{\"@id\":\"https:\/\/www.kamadobbq.be\/fr\/shop\/the-bastard-fr\/the-bastards-barbecues\/the-bastard-vx-large-solo\/#local-main-organization-logo\"},\"image\":{\"@id\":\"https:\/\/www.kamadobbq.be\/fr\/shop\/the-bastard-fr\/the-bastards-barbecues\/the-bastard-vx-large-solo\/#local-main-organization-logo\"},\"sameAs\":[\"https:\/\/www.facebook.com\/KamadoBBQ\/\",\"https:\/\/www.instagram.com\/kamado_bbq\/\"],\"address\":{\"@id\":\"https:\/\/www.kamadobbq.be\/fr\/shop\/the-bastard-fr\/the-bastards-barbecues\/the-bastard-vx-large-solo\/#local-main-place-address\"},\"geo\":{\"@type\":\"GeoCoordinates\",\"latitude\":\"50.979225960799056\",\"longitude\":\"5.122391337257679\"},\"telephone\":[\"+32 13 661 636\"],\"openingHoursSpecification\":[{\"@type\":\"OpeningHoursSpecification\",\"dayOfWeek\":[\"Monday\",\"Tuesday\",\"Wednesday\",\"Thursday\",\"Friday\"],\"opens\":\"10:00\",\"closes\":\"17:30\"},{\"@type\":\"OpeningHoursSpecification\",\"dayOfWeek\":[\"Saturday\"],\"opens\":\"10:00\",\"closes\":\"16:00\"},{\"@type\":\"OpeningHoursSpecification\",\"dayOfWeek\":[\"Sunday\"],\"opens\":\"00:00\",\"closes\":\"00:00\"}],\"email\":\"info@kamadobbq.be\",\"areaServed\":\"Europe\",\"currenciesAccepted\":\"Eur\"},{\"@type\":\"PostalAddress\",\"@id\":\"https:\/\/www.kamadobbq.be\/fr\/shop\/the-bastard-fr\/the-bastards-barbecues\/the-bastard-vx-large-solo\/#local-main-place-address\",\"streetAddress\":\"Meldertsestraat 8\",\"addressLocality\":\"Zelem\",\"postalCode\":\"3545\",\"addressRegion\":\"Belgi\u00eb\",\"addressCountry\":\"BE\"},{\"@type\":\"ImageObject\",\"inLanguage\":\"fr-BE\",\"@id\":\"https:\/\/www.kamadobbq.be\/fr\/shop\/the-bastard-fr\/the-bastards-barbecues\/the-bastard-vx-large-solo\/#local-main-organization-logo\",\"url\":\"https:\/\/www.kamadobbq.be\/wp-content\/uploads\/2022\/02\/kamadobbq-logo-2.svg\",\"contentUrl\":\"https:\/\/www.kamadobbq.be\/wp-content\/uploads\/2022\/02\/kamadobbq-logo-2.svg\",\"caption\":\"Kamado BBQ | De Kamado & BBQ Specialist!\"}]}<\/script>\n<meta name=\"geo.placename\" content=\"Zelem\" \/>\n<meta name=\"geo.position\" content=\"50.979225960799056;5.122391337257679\" \/>\n<meta name=\"geo.region\" content=\"Belgium\" \/>\n<!-- \/ Yoast SEO Premium plugin. -->","yoast_head_json":{"title":"The Bastard VX Large Solo | Kamado BBQ","description":"The Bastard VX Large Solo! Prenez quelque chose de bien, essayez de l'am\u00e9liorer, mettez-vous au d\u00e9fi et rendez-le encore meilleur.","robots":{"index":"index","follow":"follow","max-snippet":"max-snippet:-1","max-image-preview":"max-image-preview:large","max-video-preview":"max-video-preview:-1"},"canonical":"https:\/\/www.kamadobbq.be\/fr\/shop\/the-bastard-fr\/the-bastards-barbecues\/the-bastard-vx-large-solo\/","og_locale":"fr_FR","og_type":"article","og_title":"The Bastard VX Large Solo | Kamado BBQ","og_description":"The Bastard VX Large Solo! Prenez quelque chose de bien, essayez de l'am\u00e9liorer, mettez-vous au d\u00e9fi et rendez-le encore meilleur.","og_url":"https:\/\/www.kamadobbq.be\/fr\/shop\/the-bastard-fr\/the-bastards-barbecues\/the-bastard-vx-large-solo\/","og_site_name":"Kamado BBQ | De Kamado &amp; BBQ Specialist!","article_publisher":"https:\/\/www.facebook.com\/KamadoBBQ\/","article_modified_time":"2026-03-30T12:23:07+00:00","og_image":[{"width":1000,"height":1000,"url":"https:\/\/www.kamadobbq.be\/wp-content\/uploads\/2023\/10\/VX-L-Solo-no-pack-1-compress.png","type":"image\/png"}],"twitter_card":"summary_large_image","twitter_misc":{"Est. reading time":"3 minutes"},"schema":{"@context":"https:\/\/schema.org","@graph":[{"@type":"WebPage","@id":"https:\/\/www.kamadobbq.be\/fr\/shop\/the-bastard-fr\/the-bastards-barbecues\/the-bastard-vx-large-solo\/","url":"https:\/\/www.kamadobbq.be\/fr\/shop\/the-bastard-fr\/the-bastards-barbecues\/the-bastard-vx-large-solo\/","name":"The Bastard VX Large Solo | Kamado BBQ","isPartOf":{"@id":"https:\/\/www.kamadobbq.be\/fr\/#website"},"primaryImageOfPage":{"@id":"https:\/\/www.kamadobbq.be\/fr\/shop\/the-bastard-fr\/the-bastards-barbecues\/the-bastard-vx-large-solo\/#primaryimage"},"image":{"@id":"https:\/\/www.kamadobbq.be\/fr\/shop\/the-bastard-fr\/the-bastards-barbecues\/the-bastard-vx-large-solo\/#primaryimage"},"thumbnailUrl":"https:\/\/www.kamadobbq.be\/wp-content\/uploads\/2023\/10\/VX-L-Solo-no-pack-1-compress.png","datePublished":"2023-10-27T11:52:24+00:00","dateModified":"2026-03-30T12:23:07+00:00","description":"The Bastard VX Large Solo! Prenez quelque chose de bien, essayez de l'am\u00e9liorer, mettez-vous au d\u00e9fi et rendez-le encore meilleur.","breadcrumb":{"@id":"https:\/\/www.kamadobbq.be\/fr\/shop\/the-bastard-fr\/the-bastards-barbecues\/the-bastard-vx-large-solo\/#breadcrumb"},"inLanguage":"fr-BE","potentialAction":[{"@type":"ReadAction","target":["https:\/\/www.kamadobbq.be\/fr\/shop\/the-bastard-fr\/the-bastards-barbecues\/the-bastard-vx-large-solo\/"]}]},{"@type":"ImageObject","inLanguage":"fr-BE","@id":"https:\/\/www.kamadobbq.be\/fr\/shop\/the-bastard-fr\/the-bastards-barbecues\/the-bastard-vx-large-solo\/#primaryimage","url":"https:\/\/www.kamadobbq.be\/wp-content\/uploads\/2023\/10\/VX-L-Solo-no-pack-1-compress.png","contentUrl":"https:\/\/www.kamadobbq.be\/wp-content\/uploads\/2023\/10\/VX-L-Solo-no-pack-1-compress.png","width":1000,"height":1000,"caption":"The Bastard VX L Solo no pack"},{"@type":"BreadcrumbList","@id":"https:\/\/www.kamadobbq.be\/fr\/shop\/the-bastard-fr\/the-bastards-barbecues\/the-bastard-vx-large-solo\/#breadcrumb","itemListElement":[{"@type":"ListItem","position":1,"name":"Shop","item":"https:\/\/www.kamadobbq.be\/fr\/shop\/"},{"@type":"ListItem","position":2,"name":"The Bastard VX Large Solo"}]},{"@type":"WebSite","@id":"https:\/\/www.kamadobbq.be\/fr\/#website","url":"https:\/\/www.kamadobbq.be\/fr\/","name":"Kamado BBQ | De Kamado & BBQ Specialist!","description":"Beleef de ultieme barbecue ervaring - Kamado BBQ","publisher":{"@id":"https:\/\/www.kamadobbq.be\/fr\/#organization"},"alternateName":"Kamado BBQ","potentialAction":[{"@type":"SearchAction","target":{"@type":"EntryPoint","urlTemplate":"https:\/\/www.kamadobbq.be\/fr\/?s={search_term_string}"},"query-input":{"@type":"PropertyValueSpecification","valueRequired":true,"valueName":"search_term_string"}}],"inLanguage":"fr-BE"},{"@type":["Organization","Place","Store"],"@id":"https:\/\/www.kamadobbq.be\/fr\/#organization","name":"Kamado BBQ | De Kamado & BBQ Specialist!","url":"https:\/\/www.kamadobbq.be\/fr\/","logo":{"@id":"https:\/\/www.kamadobbq.be\/fr\/shop\/the-bastard-fr\/the-bastards-barbecues\/the-bastard-vx-large-solo\/#local-main-organization-logo"},"image":{"@id":"https:\/\/www.kamadobbq.be\/fr\/shop\/the-bastard-fr\/the-bastards-barbecues\/the-bastard-vx-large-solo\/#local-main-organization-logo"},"sameAs":["https:\/\/www.facebook.com\/KamadoBBQ\/","https:\/\/www.instagram.com\/kamado_bbq\/"],"address":{"@id":"https:\/\/www.kamadobbq.be\/fr\/shop\/the-bastard-fr\/the-bastards-barbecues\/the-bastard-vx-large-solo\/#local-main-place-address"},"geo":{"@type":"GeoCoordinates","latitude":"50.979225960799056","longitude":"5.122391337257679"},"telephone":["+32 13 661 636"],"openingHoursSpecification":[{"@type":"OpeningHoursSpecification","dayOfWeek":["Monday","Tuesday","Wednesday","Thursday","Friday"],"opens":"10:00","closes":"17:30"},{"@type":"OpeningHoursSpecification","dayOfWeek":["Saturday"],"opens":"10:00","closes":"16:00"},{"@type":"OpeningHoursSpecification","dayOfWeek":["Sunday"],"opens":"00:00","closes":"00:00"}],"email":"info@kamadobbq.be","areaServed":"Europe","currenciesAccepted":"Eur"},{"@type":"PostalAddress","@id":"https:\/\/www.kamadobbq.be\/fr\/shop\/the-bastard-fr\/the-bastards-barbecues\/the-bastard-vx-large-solo\/#local-main-place-address","streetAddress":"Meldertsestraat 8","addressLocality":"Zelem","postalCode":"3545","addressRegion":"Belgi\u00eb","addressCountry":"BE"},{"@type":"ImageObject","inLanguage":"fr-BE","@id":"https:\/\/www.kamadobbq.be\/fr\/shop\/the-bastard-fr\/the-bastards-barbecues\/the-bastard-vx-large-solo\/#local-main-organization-logo","url":"https:\/\/www.kamadobbq.be\/wp-content\/uploads\/2022\/02\/kamadobbq-logo-2.svg","contentUrl":"https:\/\/www.kamadobbq.be\/wp-content\/uploads\/2022\/02\/kamadobbq-logo-2.svg","caption":"Kamado BBQ | De Kamado & BBQ Specialist!"}]},"geo.placename":"Zelem","geo.position":{"lat":"50.979225960799056","long":"5.122391337257679"},"geo.region":"Belgium"},"_links":{"self":[{"href":"https:\/\/www.kamadobbq.be\/fr\/wp-json\/wp\/v2\/product\/60474","targetHints":{"allow":["GET"]}}],"collection":[{"href":"https:\/\/www.kamadobbq.be\/fr\/wp-json\/wp\/v2\/product"}],"about":[{"href":"https:\/\/www.kamadobbq.be\/fr\/wp-json\/wp\/v2\/types\/product"}],"wp:featuredmedia":[{"embeddable":true,"href":"https:\/\/www.kamadobbq.be\/fr\/wp-json\/wp\/v2\/media\/60477"}],"wp:attachment":[{"href":"https:\/\/www.kamadobbq.be\/fr\/wp-json\/wp\/v2\/media?parent=60474"}],"wp:term":[{"taxonomy":"product_brand","embeddable":true,"href":"https:\/\/www.kamadobbq.be\/fr\/wp-json\/wp\/v2\/product_brand?post=60474"},{"taxonomy":"product_cat","embeddable":true,"href":"https:\/\/www.kamadobbq.be\/fr\/wp-json\/wp\/v2\/product_cat?post=60474"},{"taxonomy":"product_tag","embeddable":true,"href":"https:\/\/www.kamadobbq.be\/fr\/wp-json\/wp\/v2\/product_tag?post=60474"}],"curies":[{"name":"wp","href":"https:\/\/api.w.org\/{rel}","templated":true}]}}