{"id":59631,"date":"2023-10-06T15:36:58","date_gmt":"2023-10-06T13:36:58","guid":{"rendered":"https:\/\/www.kamadobbq.be\/shop\/non%20class\u00e9\/ofyr-etouffoir-noir-85\/"},"modified":"2025-12-02T00:05:49","modified_gmt":"2025-12-01T23:05:49","slug":"ofyr-etouffoir-noir-85","status":"publish","type":"product","link":"https:\/\/www.kamadobbq.be\/fr\/shop\/ofyr-fr\/ofyr-accessoires-fr\/ofyr-etouffoir-noir-85\/","title":{"rendered":"OFYR \u00c9touffoir Noir 85"},"content":{"rendered":"<ul>\n<li>Il est recommand\u00e9 d&#8217;utiliser l&#8217;\u00e9touffoir pour \u00e9teindre le feu et d&#8217;utiliser le couvercle pour recouvrir enti\u00e8rement la plaque.<\/li>\n<li>La poign\u00e9e en bois peut rester dehors et doit \u00eatre huil\u00e9e r\u00e9guli\u00e8rement.<\/li>\n<li>Il existe la housse de protection souple pour couvrir la plaque et sert de protection suppl\u00e9mentaire sur l&#8217;OFYR.<\/li>\n<\/ul>\n<h2>Sp\u00e9cifications<\/h2>\n<ul>\n<li><strong>Mat\u00e9riel <\/strong>Acier laqu\u00e9 noir<\/li>\n<li><strong>Dimensions<\/strong> \u00d8 50 cm<\/li>\n<li><strong>Poids Total <\/strong>3 kg<\/li>\n<\/ul>\n","protected":false},"excerpt":{"rendered":"<p>Les \u00e9touffoirs 85, 100 et XL vous permettent d\u2019\u00e9teindre en toute s\u00e9curit\u00e9 votre OFYR apr\u00e8s utilisation, \u00e9touffer le feu et couvrir les cendres.<\/p>\n<p>Ils sont en acier thermo laqu\u00e9 noir avec une poign\u00e9e en bois d\u2019acajou.<\/p>\n<p>&nbsp;<\/p>\n","protected":false},"featured_media":85043,"template":"","meta":{"_acf_changed":false,"_et_pb_use_builder":"","_et_pb_old_content":"","_et_gb_content_width":""},"product_brand":[],"product_cat":[1105,1111],"product_tag":[],"class_list":{"0":"post-59631","1":"product","2":"type-product","3":"status-publish","4":"has-post-thumbnail","6":"product_cat-ofyr-fr","7":"product_cat-ofyr-accessoires-fr","9":"first","10":"instock","11":"taxable","12":"shipping-taxable","13":"purchasable","14":"product-type-simple"},"acf":[],"yoast_head":"<!-- This site is optimized with the Yoast SEO Premium plugin v25.4 (Yoast SEO v25.4) - https:\/\/yoast.com\/wordpress\/plugins\/seo\/ -->\n<title>OFYR \u00c9touffoir Noir 85 | Kamado BBQ<\/title>\n<meta name=\"description\" content=\"OFYR \u00c9touffoir Noir 85 Fabriqu\u00e9 en acier et muni d&#039;un bouton en acajou. Pour \u00e9teindre votre OFYR en toute s\u00e9curit\u00e9 apr\u00e8s utilisation.\" \/>\n<meta name=\"robots\" content=\"index, follow, max-snippet:-1, max-image-preview:large, max-video-preview:-1\" \/>\n<link rel=\"canonical\" href=\"https:\/\/www.kamadobbq.be\/fr\/shop\/ofyr-fr\/ofyr-accessoires-fr\/ofyr-etouffoir-noir-85\/\" \/>\n<meta property=\"og:locale\" content=\"fr_FR\" \/>\n<meta property=\"og:type\" content=\"article\" \/>\n<meta property=\"og:title\" content=\"OFYR \u00c9touffoir Noir 85 | Kamado BBQ\" \/>\n<meta property=\"og:description\" content=\"OFYR \u00c9touffoir Noir 85 Fabriqu\u00e9 en acier et muni d&#039;un bouton en acajou. Pour \u00e9teindre votre OFYR en toute s\u00e9curit\u00e9 apr\u00e8s utilisation.\" \/>\n<meta property=\"og:url\" content=\"https:\/\/www.kamadobbq.be\/fr\/shop\/ofyr-fr\/ofyr-accessoires-fr\/ofyr-etouffoir-noir-85\/\" \/>\n<meta property=\"og:site_name\" content=\"Kamado BBQ | De Kamado &amp; BBQ Specialist!\" \/>\n<meta property=\"article:publisher\" content=\"https:\/\/www.facebook.com\/KamadoBBQ\/\" \/>\n<meta property=\"article:modified_time\" content=\"2025-12-01T23:05:49+00:00\" \/>\n<meta property=\"og:image\" content=\"https:\/\/www.kamadobbq.be\/wp-content\/uploads\/2023\/10\/OFYR-Snuffer-Black-85.png\" \/>\n\t<meta property=\"og:image:width\" content=\"1000\" \/>\n\t<meta property=\"og:image:height\" content=\"1000\" \/>\n\t<meta property=\"og:image:type\" content=\"image\/png\" \/>\n<meta name=\"twitter:card\" content=\"summary_large_image\" \/>\n<meta name=\"twitter:label1\" content=\"Est. reading time\" \/>\n\t<meta name=\"twitter:data1\" content=\"1 minute\" \/>\n<script type=\"application\/ld+json\" class=\"yoast-schema-graph\">{\"@context\":\"https:\/\/schema.org\",\"@graph\":[{\"@type\":\"WebPage\",\"@id\":\"https:\/\/www.kamadobbq.be\/fr\/shop\/ofyr-fr\/ofyr-accessoires-fr\/ofyr-etouffoir-noir-85\/\",\"url\":\"https:\/\/www.kamadobbq.be\/fr\/shop\/ofyr-fr\/ofyr-accessoires-fr\/ofyr-etouffoir-noir-85\/\",\"name\":\"OFYR \u00c9touffoir Noir 85 | Kamado BBQ\",\"isPartOf\":{\"@id\":\"https:\/\/www.kamadobbq.be\/fr\/#website\"},\"primaryImageOfPage\":{\"@id\":\"https:\/\/www.kamadobbq.be\/fr\/shop\/ofyr-fr\/ofyr-accessoires-fr\/ofyr-etouffoir-noir-85\/#primaryimage\"},\"image\":{\"@id\":\"https:\/\/www.kamadobbq.be\/fr\/shop\/ofyr-fr\/ofyr-accessoires-fr\/ofyr-etouffoir-noir-85\/#primaryimage\"},\"thumbnailUrl\":\"https:\/\/www.kamadobbq.be\/wp-content\/uploads\/2023\/10\/OFYR-Snuffer-Black-85.png\",\"datePublished\":\"2023-10-06T13:36:58+00:00\",\"dateModified\":\"2025-12-01T23:05:49+00:00\",\"description\":\"OFYR \u00c9touffoir Noir 85 Fabriqu\u00e9 en acier et muni d'un bouton en acajou. Pour \u00e9teindre votre OFYR en toute s\u00e9curit\u00e9 apr\u00e8s utilisation.\",\"breadcrumb\":{\"@id\":\"https:\/\/www.kamadobbq.be\/fr\/shop\/ofyr-fr\/ofyr-accessoires-fr\/ofyr-etouffoir-noir-85\/#breadcrumb\"},\"inLanguage\":\"fr-BE\",\"potentialAction\":[{\"@type\":\"ReadAction\",\"target\":[\"https:\/\/www.kamadobbq.be\/fr\/shop\/ofyr-fr\/ofyr-accessoires-fr\/ofyr-etouffoir-noir-85\/\"]}]},{\"@type\":\"ImageObject\",\"inLanguage\":\"fr-BE\",\"@id\":\"https:\/\/www.kamadobbq.be\/fr\/shop\/ofyr-fr\/ofyr-accessoires-fr\/ofyr-etouffoir-noir-85\/#primaryimage\",\"url\":\"https:\/\/www.kamadobbq.be\/wp-content\/uploads\/2023\/10\/OFYR-Snuffer-Black-85.png\",\"contentUrl\":\"https:\/\/www.kamadobbq.be\/wp-content\/uploads\/2023\/10\/OFYR-Snuffer-Black-85.png\",\"width\":1000,\"height\":1000},{\"@type\":\"BreadcrumbList\",\"@id\":\"https:\/\/www.kamadobbq.be\/fr\/shop\/ofyr-fr\/ofyr-accessoires-fr\/ofyr-etouffoir-noir-85\/#breadcrumb\",\"itemListElement\":[{\"@type\":\"ListItem\",\"position\":1,\"name\":\"Shop\",\"item\":\"https:\/\/www.kamadobbq.be\/fr\/shop\/\"},{\"@type\":\"ListItem\",\"position\":2,\"name\":\"OFYR \u00c9touffoir Noir 85\"}]},{\"@type\":\"WebSite\",\"@id\":\"https:\/\/www.kamadobbq.be\/fr\/#website\",\"url\":\"https:\/\/www.kamadobbq.be\/fr\/\",\"name\":\"Kamado BBQ | De Kamado & BBQ Specialist!\",\"description\":\"Beleef de ultieme barbecue ervaring - Kamado BBQ\",\"publisher\":{\"@id\":\"https:\/\/www.kamadobbq.be\/fr\/#organization\"},\"alternateName\":\"Kamado BBQ\",\"potentialAction\":[{\"@type\":\"SearchAction\",\"target\":{\"@type\":\"EntryPoint\",\"urlTemplate\":\"https:\/\/www.kamadobbq.be\/fr\/?s={search_term_string}\"},\"query-input\":{\"@type\":\"PropertyValueSpecification\",\"valueRequired\":true,\"valueName\":\"search_term_string\"}}],\"inLanguage\":\"fr-BE\"},{\"@type\":[\"Organization\",\"Place\",\"Store\"],\"@id\":\"https:\/\/www.kamadobbq.be\/fr\/#organization\",\"name\":\"Kamado BBQ | De Kamado & BBQ Specialist!\",\"url\":\"https:\/\/www.kamadobbq.be\/fr\/\",\"logo\":{\"@id\":\"https:\/\/www.kamadobbq.be\/fr\/shop\/ofyr-fr\/ofyr-accessoires-fr\/ofyr-etouffoir-noir-85\/#local-main-organization-logo\"},\"image\":{\"@id\":\"https:\/\/www.kamadobbq.be\/fr\/shop\/ofyr-fr\/ofyr-accessoires-fr\/ofyr-etouffoir-noir-85\/#local-main-organization-logo\"},\"sameAs\":[\"https:\/\/www.facebook.com\/KamadoBBQ\/\",\"https:\/\/www.instagram.com\/kamado_bbq\/\"],\"address\":{\"@id\":\"https:\/\/www.kamadobbq.be\/fr\/shop\/ofyr-fr\/ofyr-accessoires-fr\/ofyr-etouffoir-noir-85\/#local-main-place-address\"},\"geo\":{\"@type\":\"GeoCoordinates\",\"latitude\":\"50.979225960799056\",\"longitude\":\"5.122391337257679\"},\"telephone\":[\"+32 13 661 636\"],\"openingHoursSpecification\":[{\"@type\":\"OpeningHoursSpecification\",\"dayOfWeek\":[\"Monday\",\"Tuesday\",\"Wednesday\",\"Thursday\",\"Friday\"],\"opens\":\"10:00\",\"closes\":\"17:30\"},{\"@type\":\"OpeningHoursSpecification\",\"dayOfWeek\":[\"Saturday\"],\"opens\":\"10:00\",\"closes\":\"16:00\"},{\"@type\":\"OpeningHoursSpecification\",\"dayOfWeek\":[\"Sunday\"],\"opens\":\"00:00\",\"closes\":\"00:00\"}],\"email\":\"info@kamadobbq.be\",\"areaServed\":\"Europe\",\"currenciesAccepted\":\"Eur\"},{\"@type\":\"PostalAddress\",\"@id\":\"https:\/\/www.kamadobbq.be\/fr\/shop\/ofyr-fr\/ofyr-accessoires-fr\/ofyr-etouffoir-noir-85\/#local-main-place-address\",\"streetAddress\":\"Meldertsestraat 8\",\"addressLocality\":\"Zelem\",\"postalCode\":\"3545\",\"addressRegion\":\"Belgi\u00eb\",\"addressCountry\":\"BE\"},{\"@type\":\"ImageObject\",\"inLanguage\":\"fr-BE\",\"@id\":\"https:\/\/www.kamadobbq.be\/fr\/shop\/ofyr-fr\/ofyr-accessoires-fr\/ofyr-etouffoir-noir-85\/#local-main-organization-logo\",\"url\":\"https:\/\/www.kamadobbq.be\/wp-content\/uploads\/2022\/02\/kamadobbq-logo-2.svg\",\"contentUrl\":\"https:\/\/www.kamadobbq.be\/wp-content\/uploads\/2022\/02\/kamadobbq-logo-2.svg\",\"caption\":\"Kamado BBQ | De Kamado & BBQ Specialist!\"}]}<\/script>\n<meta name=\"geo.placename\" content=\"Zelem\" \/>\n<meta name=\"geo.position\" content=\"50.979225960799056;5.122391337257679\" \/>\n<meta name=\"geo.region\" content=\"Belgium\" \/>\n<!-- \/ Yoast SEO Premium plugin. -->","yoast_head_json":{"title":"OFYR \u00c9touffoir Noir 85 | Kamado BBQ","description":"OFYR \u00c9touffoir Noir 85 Fabriqu\u00e9 en acier et muni d'un bouton en acajou. Pour \u00e9teindre votre OFYR en toute s\u00e9curit\u00e9 apr\u00e8s utilisation.","robots":{"index":"index","follow":"follow","max-snippet":"max-snippet:-1","max-image-preview":"max-image-preview:large","max-video-preview":"max-video-preview:-1"},"canonical":"https:\/\/www.kamadobbq.be\/fr\/shop\/ofyr-fr\/ofyr-accessoires-fr\/ofyr-etouffoir-noir-85\/","og_locale":"fr_FR","og_type":"article","og_title":"OFYR \u00c9touffoir Noir 85 | Kamado BBQ","og_description":"OFYR \u00c9touffoir Noir 85 Fabriqu\u00e9 en acier et muni d'un bouton en acajou. Pour \u00e9teindre votre OFYR en toute s\u00e9curit\u00e9 apr\u00e8s utilisation.","og_url":"https:\/\/www.kamadobbq.be\/fr\/shop\/ofyr-fr\/ofyr-accessoires-fr\/ofyr-etouffoir-noir-85\/","og_site_name":"Kamado BBQ | De Kamado &amp; BBQ Specialist!","article_publisher":"https:\/\/www.facebook.com\/KamadoBBQ\/","article_modified_time":"2025-12-01T23:05:49+00:00","og_image":[{"width":1000,"height":1000,"url":"https:\/\/www.kamadobbq.be\/wp-content\/uploads\/2023\/10\/OFYR-Snuffer-Black-85.png","type":"image\/png"}],"twitter_card":"summary_large_image","twitter_misc":{"Est. reading time":"1 minute"},"schema":{"@context":"https:\/\/schema.org","@graph":[{"@type":"WebPage","@id":"https:\/\/www.kamadobbq.be\/fr\/shop\/ofyr-fr\/ofyr-accessoires-fr\/ofyr-etouffoir-noir-85\/","url":"https:\/\/www.kamadobbq.be\/fr\/shop\/ofyr-fr\/ofyr-accessoires-fr\/ofyr-etouffoir-noir-85\/","name":"OFYR \u00c9touffoir Noir 85 | Kamado BBQ","isPartOf":{"@id":"https:\/\/www.kamadobbq.be\/fr\/#website"},"primaryImageOfPage":{"@id":"https:\/\/www.kamadobbq.be\/fr\/shop\/ofyr-fr\/ofyr-accessoires-fr\/ofyr-etouffoir-noir-85\/#primaryimage"},"image":{"@id":"https:\/\/www.kamadobbq.be\/fr\/shop\/ofyr-fr\/ofyr-accessoires-fr\/ofyr-etouffoir-noir-85\/#primaryimage"},"thumbnailUrl":"https:\/\/www.kamadobbq.be\/wp-content\/uploads\/2023\/10\/OFYR-Snuffer-Black-85.png","datePublished":"2023-10-06T13:36:58+00:00","dateModified":"2025-12-01T23:05:49+00:00","description":"OFYR \u00c9touffoir Noir 85 Fabriqu\u00e9 en acier et muni d'un bouton en acajou. Pour \u00e9teindre votre OFYR en toute s\u00e9curit\u00e9 apr\u00e8s utilisation.","breadcrumb":{"@id":"https:\/\/www.kamadobbq.be\/fr\/shop\/ofyr-fr\/ofyr-accessoires-fr\/ofyr-etouffoir-noir-85\/#breadcrumb"},"inLanguage":"fr-BE","potentialAction":[{"@type":"ReadAction","target":["https:\/\/www.kamadobbq.be\/fr\/shop\/ofyr-fr\/ofyr-accessoires-fr\/ofyr-etouffoir-noir-85\/"]}]},{"@type":"ImageObject","inLanguage":"fr-BE","@id":"https:\/\/www.kamadobbq.be\/fr\/shop\/ofyr-fr\/ofyr-accessoires-fr\/ofyr-etouffoir-noir-85\/#primaryimage","url":"https:\/\/www.kamadobbq.be\/wp-content\/uploads\/2023\/10\/OFYR-Snuffer-Black-85.png","contentUrl":"https:\/\/www.kamadobbq.be\/wp-content\/uploads\/2023\/10\/OFYR-Snuffer-Black-85.png","width":1000,"height":1000},{"@type":"BreadcrumbList","@id":"https:\/\/www.kamadobbq.be\/fr\/shop\/ofyr-fr\/ofyr-accessoires-fr\/ofyr-etouffoir-noir-85\/#breadcrumb","itemListElement":[{"@type":"ListItem","position":1,"name":"Shop","item":"https:\/\/www.kamadobbq.be\/fr\/shop\/"},{"@type":"ListItem","position":2,"name":"OFYR \u00c9touffoir Noir 85"}]},{"@type":"WebSite","@id":"https:\/\/www.kamadobbq.be\/fr\/#website","url":"https:\/\/www.kamadobbq.be\/fr\/","name":"Kamado BBQ | De Kamado & BBQ Specialist!","description":"Beleef de ultieme barbecue ervaring - Kamado BBQ","publisher":{"@id":"https:\/\/www.kamadobbq.be\/fr\/#organization"},"alternateName":"Kamado BBQ","potentialAction":[{"@type":"SearchAction","target":{"@type":"EntryPoint","urlTemplate":"https:\/\/www.kamadobbq.be\/fr\/?s={search_term_string}"},"query-input":{"@type":"PropertyValueSpecification","valueRequired":true,"valueName":"search_term_string"}}],"inLanguage":"fr-BE"},{"@type":["Organization","Place","Store"],"@id":"https:\/\/www.kamadobbq.be\/fr\/#organization","name":"Kamado BBQ | De Kamado & BBQ Specialist!","url":"https:\/\/www.kamadobbq.be\/fr\/","logo":{"@id":"https:\/\/www.kamadobbq.be\/fr\/shop\/ofyr-fr\/ofyr-accessoires-fr\/ofyr-etouffoir-noir-85\/#local-main-organization-logo"},"image":{"@id":"https:\/\/www.kamadobbq.be\/fr\/shop\/ofyr-fr\/ofyr-accessoires-fr\/ofyr-etouffoir-noir-85\/#local-main-organization-logo"},"sameAs":["https:\/\/www.facebook.com\/KamadoBBQ\/","https:\/\/www.instagram.com\/kamado_bbq\/"],"address":{"@id":"https:\/\/www.kamadobbq.be\/fr\/shop\/ofyr-fr\/ofyr-accessoires-fr\/ofyr-etouffoir-noir-85\/#local-main-place-address"},"geo":{"@type":"GeoCoordinates","latitude":"50.979225960799056","longitude":"5.122391337257679"},"telephone":["+32 13 661 636"],"openingHoursSpecification":[{"@type":"OpeningHoursSpecification","dayOfWeek":["Monday","Tuesday","Wednesday","Thursday","Friday"],"opens":"10:00","closes":"17:30"},{"@type":"OpeningHoursSpecification","dayOfWeek":["Saturday"],"opens":"10:00","closes":"16:00"},{"@type":"OpeningHoursSpecification","dayOfWeek":["Sunday"],"opens":"00:00","closes":"00:00"}],"email":"info@kamadobbq.be","areaServed":"Europe","currenciesAccepted":"Eur"},{"@type":"PostalAddress","@id":"https:\/\/www.kamadobbq.be\/fr\/shop\/ofyr-fr\/ofyr-accessoires-fr\/ofyr-etouffoir-noir-85\/#local-main-place-address","streetAddress":"Meldertsestraat 8","addressLocality":"Zelem","postalCode":"3545","addressRegion":"Belgi\u00eb","addressCountry":"BE"},{"@type":"ImageObject","inLanguage":"fr-BE","@id":"https:\/\/www.kamadobbq.be\/fr\/shop\/ofyr-fr\/ofyr-accessoires-fr\/ofyr-etouffoir-noir-85\/#local-main-organization-logo","url":"https:\/\/www.kamadobbq.be\/wp-content\/uploads\/2022\/02\/kamadobbq-logo-2.svg","contentUrl":"https:\/\/www.kamadobbq.be\/wp-content\/uploads\/2022\/02\/kamadobbq-logo-2.svg","caption":"Kamado BBQ | De Kamado & BBQ Specialist!"}]},"geo.placename":"Zelem","geo.position":{"lat":"50.979225960799056","long":"5.122391337257679"},"geo.region":"Belgium"},"_links":{"self":[{"href":"https:\/\/www.kamadobbq.be\/fr\/wp-json\/wp\/v2\/product\/59631","targetHints":{"allow":["GET"]}}],"collection":[{"href":"https:\/\/www.kamadobbq.be\/fr\/wp-json\/wp\/v2\/product"}],"about":[{"href":"https:\/\/www.kamadobbq.be\/fr\/wp-json\/wp\/v2\/types\/product"}],"wp:featuredmedia":[{"embeddable":true,"href":"https:\/\/www.kamadobbq.be\/fr\/wp-json\/wp\/v2\/media\/85043"}],"wp:attachment":[{"href":"https:\/\/www.kamadobbq.be\/fr\/wp-json\/wp\/v2\/media?parent=59631"}],"wp:term":[{"taxonomy":"product_brand","embeddable":true,"href":"https:\/\/www.kamadobbq.be\/fr\/wp-json\/wp\/v2\/product_brand?post=59631"},{"taxonomy":"product_cat","embeddable":true,"href":"https:\/\/www.kamadobbq.be\/fr\/wp-json\/wp\/v2\/product_cat?post=59631"},{"taxonomy":"product_tag","embeddable":true,"href":"https:\/\/www.kamadobbq.be\/fr\/wp-json\/wp\/v2\/product_tag?post=59631"}],"curies":[{"name":"wp","href":"https:\/\/api.w.org\/{rel}","templated":true}]}}