{"id":59618,"date":"2023-10-06T15:10:33","date_gmt":"2023-10-06T13:10:33","guid":{"rendered":"https:\/\/www.kamadobbq.be\/shop\/non%20class\u00e9\/ofyr-set-de-casseroles-en-fonte-21-26\/"},"modified":"2026-03-17T16:22:06","modified_gmt":"2026-03-17T15:22:06","slug":"ofyr-set-de-casseroles-en-fonte-21-26","status":"publish","type":"product","link":"https:\/\/www.kamadobbq.be\/fr\/shop\/ofyr-fr\/ofyr-accessoires-fr\/ofyr-set-de-casseroles-en-fonte-21-26\/","title":{"rendered":"OFYR Set de Casseroles en fonte 21-26"},"content":{"rendered":"<p>Le bouton sur le couvercle de la casserole peut devenir rouge. Par cons\u00e9quent, utilisez des gants r\u00e9sistants \u00e0 la chaleur, comme ceux de l\u2019OFYR, pour retirer le couvercle chaud.<\/p>\n<ul>\n<li>Votre unit\u00e9 de cuisson OFYR est parfaitement adapt\u00e9e pour l&#8217;utilisation de casseroles. Elles peuvent \u00eatre plac\u00e9e sur la plaque de cuisson, la grille et m\u00eame dans le four \u00e0 pizza.<\/li>\n<li>Les casseroles et les couvercles sont en fonte. Facile \u00e0 nettoyer avec de l&#8217;eau savonneuse, \u00e0 bien s\u00e9cher et \u00e0 huiler de nouveau pour la protection.<\/li>\n<li>Lavage \u00e0 la main uniquement<\/li>\n<\/ul>\n<p>&nbsp;<\/p>\n<h2>Sp\u00e9cifications<\/h2>\n<ul>\n<li><strong>Mat\u00e9riel <\/strong>Fonte<\/li>\n<li><strong>Poids Total<\/strong> 7,7 kg<\/li>\n<\/ul>\n","protected":false},"excerpt":{"rendered":"<p>Cet ensemble se compose de deux po\u00eales en fonte \u00e9l\u00e9gantes de 21 cm et 26 cm de diam\u00e8tre.<\/p>\n<p>Les casseroles sont parfaites pour \u00eatre utilis\u00e9es sur la plaque de cuisson de l\u2019OFYR pour pr\u00e9parer toutes sortes de plats. Les casseroles se caract\u00e9risent par une parfaite r\u00e9partition de la chaleur.<\/p>\n<p>&nbsp;<\/p>\n","protected":false},"featured_media":59610,"template":"","meta":{"_acf_changed":false,"_et_pb_use_builder":"","_et_pb_old_content":"","_et_gb_content_width":""},"product_brand":[],"product_cat":[1253,1105,1111,675],"product_tag":[],"class_list":{"0":"post-59618","1":"product","2":"type-product","3":"status-publish","4":"has-post-thumbnail","6":"product_cat-fonte","7":"product_cat-ofyr-fr","8":"product_cat-ofyr-accessoires-fr","9":"product_cat-accessoires-de-barbecue","11":"first","12":"instock","13":"taxable","14":"shipping-taxable","15":"purchasable","16":"product-type-simple"},"acf":[],"yoast_head":"<!-- This site is optimized with the Yoast SEO Premium plugin v25.4 (Yoast SEO v25.4) - https:\/\/yoast.com\/wordpress\/plugins\/seo\/ -->\n<title>OFYR Set de Casseroles en fonte 21-26 - Kamado BBQ<\/title>\n<meta name=\"description\" content=\"OFYR Set de Casseroles en fonte 21-26 sont excellents pour une utilisation sur la table de cuisson OFYR pour pr\u00e9parer toutes sortes de plats\" \/>\n<meta name=\"robots\" content=\"index, follow, max-snippet:-1, max-image-preview:large, max-video-preview:-1\" \/>\n<link rel=\"canonical\" href=\"https:\/\/www.kamadobbq.be\/fr\/shop\/ofyr-fr\/ofyr-accessoires-fr\/ofyr-set-de-casseroles-en-fonte-21-26\/\" \/>\n<meta property=\"og:locale\" content=\"fr_FR\" \/>\n<meta property=\"og:type\" content=\"article\" \/>\n<meta property=\"og:title\" content=\"OFYR Set de Casseroles en fonte 21-26 - Kamado BBQ\" \/>\n<meta property=\"og:description\" content=\"OFYR Set de Casseroles en fonte 21-26 sont excellents pour une utilisation sur la table de cuisson OFYR pour pr\u00e9parer toutes sortes de plats\" \/>\n<meta property=\"og:url\" content=\"https:\/\/www.kamadobbq.be\/fr\/shop\/ofyr-fr\/ofyr-accessoires-fr\/ofyr-set-de-casseroles-en-fonte-21-26\/\" \/>\n<meta property=\"og:site_name\" content=\"Kamado BBQ | De Kamado &amp; BBQ Specialist!\" \/>\n<meta property=\"article:publisher\" content=\"https:\/\/www.facebook.com\/KamadoBBQ\/\" \/>\n<meta property=\"article:modified_time\" content=\"2026-03-17T15:22:06+00:00\" \/>\n<meta property=\"og:image\" content=\"https:\/\/www.kamadobbq.be\/wp-content\/uploads\/2023\/10\/OA-CI-C-SET-21-26-1200x1200-bd93c0f-compress.jpg\" \/>\n\t<meta property=\"og:image:width\" content=\"1200\" \/>\n\t<meta property=\"og:image:height\" content=\"1200\" \/>\n\t<meta property=\"og:image:type\" content=\"image\/jpeg\" \/>\n<meta name=\"twitter:card\" content=\"summary_large_image\" \/>\n<meta name=\"twitter:label1\" content=\"Est. reading time\" \/>\n\t<meta name=\"twitter:data1\" content=\"1 minute\" \/>\n<script type=\"application\/ld+json\" class=\"yoast-schema-graph\">{\"@context\":\"https:\/\/schema.org\",\"@graph\":[{\"@type\":\"WebPage\",\"@id\":\"https:\/\/www.kamadobbq.be\/fr\/shop\/ofyr-fr\/ofyr-accessoires-fr\/ofyr-set-de-casseroles-en-fonte-21-26\/\",\"url\":\"https:\/\/www.kamadobbq.be\/fr\/shop\/ofyr-fr\/ofyr-accessoires-fr\/ofyr-set-de-casseroles-en-fonte-21-26\/\",\"name\":\"OFYR Set de Casseroles en fonte 21-26 - Kamado BBQ\",\"isPartOf\":{\"@id\":\"https:\/\/www.kamadobbq.be\/fr\/#website\"},\"primaryImageOfPage\":{\"@id\":\"https:\/\/www.kamadobbq.be\/fr\/shop\/ofyr-fr\/ofyr-accessoires-fr\/ofyr-set-de-casseroles-en-fonte-21-26\/#primaryimage\"},\"image\":{\"@id\":\"https:\/\/www.kamadobbq.be\/fr\/shop\/ofyr-fr\/ofyr-accessoires-fr\/ofyr-set-de-casseroles-en-fonte-21-26\/#primaryimage\"},\"thumbnailUrl\":\"https:\/\/www.kamadobbq.be\/wp-content\/uploads\/2023\/10\/OA-CI-C-SET-21-26-1200x1200-bd93c0f-compress.jpg\",\"datePublished\":\"2023-10-06T13:10:33+00:00\",\"dateModified\":\"2026-03-17T15:22:06+00:00\",\"description\":\"OFYR Set de Casseroles en fonte 21-26 sont excellents pour une utilisation sur la table de cuisson OFYR pour pr\u00e9parer toutes sortes de plats\",\"breadcrumb\":{\"@id\":\"https:\/\/www.kamadobbq.be\/fr\/shop\/ofyr-fr\/ofyr-accessoires-fr\/ofyr-set-de-casseroles-en-fonte-21-26\/#breadcrumb\"},\"inLanguage\":\"fr-BE\",\"potentialAction\":[{\"@type\":\"ReadAction\",\"target\":[\"https:\/\/www.kamadobbq.be\/fr\/shop\/ofyr-fr\/ofyr-accessoires-fr\/ofyr-set-de-casseroles-en-fonte-21-26\/\"]}]},{\"@type\":\"ImageObject\",\"inLanguage\":\"fr-BE\",\"@id\":\"https:\/\/www.kamadobbq.be\/fr\/shop\/ofyr-fr\/ofyr-accessoires-fr\/ofyr-set-de-casseroles-en-fonte-21-26\/#primaryimage\",\"url\":\"https:\/\/www.kamadobbq.be\/wp-content\/uploads\/2023\/10\/OA-CI-C-SET-21-26-1200x1200-bd93c0f-compress.jpg\",\"contentUrl\":\"https:\/\/www.kamadobbq.be\/wp-content\/uploads\/2023\/10\/OA-CI-C-SET-21-26-1200x1200-bd93c0f-compress.jpg\",\"width\":1200,\"height\":1200},{\"@type\":\"BreadcrumbList\",\"@id\":\"https:\/\/www.kamadobbq.be\/fr\/shop\/ofyr-fr\/ofyr-accessoires-fr\/ofyr-set-de-casseroles-en-fonte-21-26\/#breadcrumb\",\"itemListElement\":[{\"@type\":\"ListItem\",\"position\":1,\"name\":\"Shop\",\"item\":\"https:\/\/www.kamadobbq.be\/fr\/shop\/\"},{\"@type\":\"ListItem\",\"position\":2,\"name\":\"OFYR Set de Casseroles en fonte 21-26\"}]},{\"@type\":\"WebSite\",\"@id\":\"https:\/\/www.kamadobbq.be\/fr\/#website\",\"url\":\"https:\/\/www.kamadobbq.be\/fr\/\",\"name\":\"Kamado BBQ | De Kamado & BBQ Specialist!\",\"description\":\"Beleef de ultieme barbecue ervaring - Kamado BBQ\",\"publisher\":{\"@id\":\"https:\/\/www.kamadobbq.be\/fr\/#organization\"},\"alternateName\":\"Kamado BBQ\",\"potentialAction\":[{\"@type\":\"SearchAction\",\"target\":{\"@type\":\"EntryPoint\",\"urlTemplate\":\"https:\/\/www.kamadobbq.be\/fr\/?s={search_term_string}\"},\"query-input\":{\"@type\":\"PropertyValueSpecification\",\"valueRequired\":true,\"valueName\":\"search_term_string\"}}],\"inLanguage\":\"fr-BE\"},{\"@type\":[\"Organization\",\"Place\",\"Store\"],\"@id\":\"https:\/\/www.kamadobbq.be\/fr\/#organization\",\"name\":\"Kamado BBQ | De Kamado & BBQ Specialist!\",\"url\":\"https:\/\/www.kamadobbq.be\/fr\/\",\"logo\":{\"@id\":\"https:\/\/www.kamadobbq.be\/fr\/shop\/ofyr-fr\/ofyr-accessoires-fr\/ofyr-set-de-casseroles-en-fonte-21-26\/#local-main-organization-logo\"},\"image\":{\"@id\":\"https:\/\/www.kamadobbq.be\/fr\/shop\/ofyr-fr\/ofyr-accessoires-fr\/ofyr-set-de-casseroles-en-fonte-21-26\/#local-main-organization-logo\"},\"sameAs\":[\"https:\/\/www.facebook.com\/KamadoBBQ\/\",\"https:\/\/www.instagram.com\/kamado_bbq\/\"],\"address\":{\"@id\":\"https:\/\/www.kamadobbq.be\/fr\/shop\/ofyr-fr\/ofyr-accessoires-fr\/ofyr-set-de-casseroles-en-fonte-21-26\/#local-main-place-address\"},\"geo\":{\"@type\":\"GeoCoordinates\",\"latitude\":\"50.979225960799056\",\"longitude\":\"5.122391337257679\"},\"telephone\":[\"+32 13 661 636\"],\"openingHoursSpecification\":[{\"@type\":\"OpeningHoursSpecification\",\"dayOfWeek\":[\"Monday\",\"Tuesday\",\"Wednesday\",\"Thursday\",\"Friday\"],\"opens\":\"10:00\",\"closes\":\"17:30\"},{\"@type\":\"OpeningHoursSpecification\",\"dayOfWeek\":[\"Saturday\"],\"opens\":\"10:00\",\"closes\":\"16:00\"},{\"@type\":\"OpeningHoursSpecification\",\"dayOfWeek\":[\"Sunday\"],\"opens\":\"00:00\",\"closes\":\"00:00\"}],\"email\":\"info@kamadobbq.be\",\"areaServed\":\"Europe\",\"currenciesAccepted\":\"Eur\"},{\"@type\":\"PostalAddress\",\"@id\":\"https:\/\/www.kamadobbq.be\/fr\/shop\/ofyr-fr\/ofyr-accessoires-fr\/ofyr-set-de-casseroles-en-fonte-21-26\/#local-main-place-address\",\"streetAddress\":\"Meldertsestraat 8\",\"addressLocality\":\"Zelem\",\"postalCode\":\"3545\",\"addressRegion\":\"Belgi\u00eb\",\"addressCountry\":\"BE\"},{\"@type\":\"ImageObject\",\"inLanguage\":\"fr-BE\",\"@id\":\"https:\/\/www.kamadobbq.be\/fr\/shop\/ofyr-fr\/ofyr-accessoires-fr\/ofyr-set-de-casseroles-en-fonte-21-26\/#local-main-organization-logo\",\"url\":\"https:\/\/www.kamadobbq.be\/wp-content\/uploads\/2022\/02\/kamadobbq-logo-2.svg\",\"contentUrl\":\"https:\/\/www.kamadobbq.be\/wp-content\/uploads\/2022\/02\/kamadobbq-logo-2.svg\",\"caption\":\"Kamado BBQ | De Kamado & BBQ Specialist!\"}]}<\/script>\n<meta name=\"geo.placename\" content=\"Zelem\" \/>\n<meta name=\"geo.position\" content=\"50.979225960799056;5.122391337257679\" \/>\n<meta name=\"geo.region\" content=\"Belgium\" \/>\n<!-- \/ Yoast SEO Premium plugin. -->","yoast_head_json":{"title":"OFYR Set de Casseroles en fonte 21-26 - Kamado BBQ","description":"OFYR Set de Casseroles en fonte 21-26 sont excellents pour une utilisation sur la table de cuisson OFYR pour pr\u00e9parer toutes sortes de plats","robots":{"index":"index","follow":"follow","max-snippet":"max-snippet:-1","max-image-preview":"max-image-preview:large","max-video-preview":"max-video-preview:-1"},"canonical":"https:\/\/www.kamadobbq.be\/fr\/shop\/ofyr-fr\/ofyr-accessoires-fr\/ofyr-set-de-casseroles-en-fonte-21-26\/","og_locale":"fr_FR","og_type":"article","og_title":"OFYR Set de Casseroles en fonte 21-26 - Kamado BBQ","og_description":"OFYR Set de Casseroles en fonte 21-26 sont excellents pour une utilisation sur la table de cuisson OFYR pour pr\u00e9parer toutes sortes de plats","og_url":"https:\/\/www.kamadobbq.be\/fr\/shop\/ofyr-fr\/ofyr-accessoires-fr\/ofyr-set-de-casseroles-en-fonte-21-26\/","og_site_name":"Kamado BBQ | De Kamado &amp; BBQ Specialist!","article_publisher":"https:\/\/www.facebook.com\/KamadoBBQ\/","article_modified_time":"2026-03-17T15:22:06+00:00","og_image":[{"width":1200,"height":1200,"url":"https:\/\/www.kamadobbq.be\/wp-content\/uploads\/2023\/10\/OA-CI-C-SET-21-26-1200x1200-bd93c0f-compress.jpg","type":"image\/jpeg"}],"twitter_card":"summary_large_image","twitter_misc":{"Est. reading time":"1 minute"},"schema":{"@context":"https:\/\/schema.org","@graph":[{"@type":"WebPage","@id":"https:\/\/www.kamadobbq.be\/fr\/shop\/ofyr-fr\/ofyr-accessoires-fr\/ofyr-set-de-casseroles-en-fonte-21-26\/","url":"https:\/\/www.kamadobbq.be\/fr\/shop\/ofyr-fr\/ofyr-accessoires-fr\/ofyr-set-de-casseroles-en-fonte-21-26\/","name":"OFYR Set de Casseroles en fonte 21-26 - Kamado BBQ","isPartOf":{"@id":"https:\/\/www.kamadobbq.be\/fr\/#website"},"primaryImageOfPage":{"@id":"https:\/\/www.kamadobbq.be\/fr\/shop\/ofyr-fr\/ofyr-accessoires-fr\/ofyr-set-de-casseroles-en-fonte-21-26\/#primaryimage"},"image":{"@id":"https:\/\/www.kamadobbq.be\/fr\/shop\/ofyr-fr\/ofyr-accessoires-fr\/ofyr-set-de-casseroles-en-fonte-21-26\/#primaryimage"},"thumbnailUrl":"https:\/\/www.kamadobbq.be\/wp-content\/uploads\/2023\/10\/OA-CI-C-SET-21-26-1200x1200-bd93c0f-compress.jpg","datePublished":"2023-10-06T13:10:33+00:00","dateModified":"2026-03-17T15:22:06+00:00","description":"OFYR Set de Casseroles en fonte 21-26 sont excellents pour une utilisation sur la table de cuisson OFYR pour pr\u00e9parer toutes sortes de plats","breadcrumb":{"@id":"https:\/\/www.kamadobbq.be\/fr\/shop\/ofyr-fr\/ofyr-accessoires-fr\/ofyr-set-de-casseroles-en-fonte-21-26\/#breadcrumb"},"inLanguage":"fr-BE","potentialAction":[{"@type":"ReadAction","target":["https:\/\/www.kamadobbq.be\/fr\/shop\/ofyr-fr\/ofyr-accessoires-fr\/ofyr-set-de-casseroles-en-fonte-21-26\/"]}]},{"@type":"ImageObject","inLanguage":"fr-BE","@id":"https:\/\/www.kamadobbq.be\/fr\/shop\/ofyr-fr\/ofyr-accessoires-fr\/ofyr-set-de-casseroles-en-fonte-21-26\/#primaryimage","url":"https:\/\/www.kamadobbq.be\/wp-content\/uploads\/2023\/10\/OA-CI-C-SET-21-26-1200x1200-bd93c0f-compress.jpg","contentUrl":"https:\/\/www.kamadobbq.be\/wp-content\/uploads\/2023\/10\/OA-CI-C-SET-21-26-1200x1200-bd93c0f-compress.jpg","width":1200,"height":1200},{"@type":"BreadcrumbList","@id":"https:\/\/www.kamadobbq.be\/fr\/shop\/ofyr-fr\/ofyr-accessoires-fr\/ofyr-set-de-casseroles-en-fonte-21-26\/#breadcrumb","itemListElement":[{"@type":"ListItem","position":1,"name":"Shop","item":"https:\/\/www.kamadobbq.be\/fr\/shop\/"},{"@type":"ListItem","position":2,"name":"OFYR Set de Casseroles en fonte 21-26"}]},{"@type":"WebSite","@id":"https:\/\/www.kamadobbq.be\/fr\/#website","url":"https:\/\/www.kamadobbq.be\/fr\/","name":"Kamado BBQ | De Kamado & BBQ Specialist!","description":"Beleef de ultieme barbecue ervaring - Kamado BBQ","publisher":{"@id":"https:\/\/www.kamadobbq.be\/fr\/#organization"},"alternateName":"Kamado BBQ","potentialAction":[{"@type":"SearchAction","target":{"@type":"EntryPoint","urlTemplate":"https:\/\/www.kamadobbq.be\/fr\/?s={search_term_string}"},"query-input":{"@type":"PropertyValueSpecification","valueRequired":true,"valueName":"search_term_string"}}],"inLanguage":"fr-BE"},{"@type":["Organization","Place","Store"],"@id":"https:\/\/www.kamadobbq.be\/fr\/#organization","name":"Kamado BBQ | De Kamado & BBQ Specialist!","url":"https:\/\/www.kamadobbq.be\/fr\/","logo":{"@id":"https:\/\/www.kamadobbq.be\/fr\/shop\/ofyr-fr\/ofyr-accessoires-fr\/ofyr-set-de-casseroles-en-fonte-21-26\/#local-main-organization-logo"},"image":{"@id":"https:\/\/www.kamadobbq.be\/fr\/shop\/ofyr-fr\/ofyr-accessoires-fr\/ofyr-set-de-casseroles-en-fonte-21-26\/#local-main-organization-logo"},"sameAs":["https:\/\/www.facebook.com\/KamadoBBQ\/","https:\/\/www.instagram.com\/kamado_bbq\/"],"address":{"@id":"https:\/\/www.kamadobbq.be\/fr\/shop\/ofyr-fr\/ofyr-accessoires-fr\/ofyr-set-de-casseroles-en-fonte-21-26\/#local-main-place-address"},"geo":{"@type":"GeoCoordinates","latitude":"50.979225960799056","longitude":"5.122391337257679"},"telephone":["+32 13 661 636"],"openingHoursSpecification":[{"@type":"OpeningHoursSpecification","dayOfWeek":["Monday","Tuesday","Wednesday","Thursday","Friday"],"opens":"10:00","closes":"17:30"},{"@type":"OpeningHoursSpecification","dayOfWeek":["Saturday"],"opens":"10:00","closes":"16:00"},{"@type":"OpeningHoursSpecification","dayOfWeek":["Sunday"],"opens":"00:00","closes":"00:00"}],"email":"info@kamadobbq.be","areaServed":"Europe","currenciesAccepted":"Eur"},{"@type":"PostalAddress","@id":"https:\/\/www.kamadobbq.be\/fr\/shop\/ofyr-fr\/ofyr-accessoires-fr\/ofyr-set-de-casseroles-en-fonte-21-26\/#local-main-place-address","streetAddress":"Meldertsestraat 8","addressLocality":"Zelem","postalCode":"3545","addressRegion":"Belgi\u00eb","addressCountry":"BE"},{"@type":"ImageObject","inLanguage":"fr-BE","@id":"https:\/\/www.kamadobbq.be\/fr\/shop\/ofyr-fr\/ofyr-accessoires-fr\/ofyr-set-de-casseroles-en-fonte-21-26\/#local-main-organization-logo","url":"https:\/\/www.kamadobbq.be\/wp-content\/uploads\/2022\/02\/kamadobbq-logo-2.svg","contentUrl":"https:\/\/www.kamadobbq.be\/wp-content\/uploads\/2022\/02\/kamadobbq-logo-2.svg","caption":"Kamado BBQ | De Kamado & BBQ Specialist!"}]},"geo.placename":"Zelem","geo.position":{"lat":"50.979225960799056","long":"5.122391337257679"},"geo.region":"Belgium"},"_links":{"self":[{"href":"https:\/\/www.kamadobbq.be\/fr\/wp-json\/wp\/v2\/product\/59618","targetHints":{"allow":["GET"]}}],"collection":[{"href":"https:\/\/www.kamadobbq.be\/fr\/wp-json\/wp\/v2\/product"}],"about":[{"href":"https:\/\/www.kamadobbq.be\/fr\/wp-json\/wp\/v2\/types\/product"}],"wp:featuredmedia":[{"embeddable":true,"href":"https:\/\/www.kamadobbq.be\/fr\/wp-json\/wp\/v2\/media\/59610"}],"wp:attachment":[{"href":"https:\/\/www.kamadobbq.be\/fr\/wp-json\/wp\/v2\/media?parent=59618"}],"wp:term":[{"taxonomy":"product_brand","embeddable":true,"href":"https:\/\/www.kamadobbq.be\/fr\/wp-json\/wp\/v2\/product_brand?post=59618"},{"taxonomy":"product_cat","embeddable":true,"href":"https:\/\/www.kamadobbq.be\/fr\/wp-json\/wp\/v2\/product_cat?post=59618"},{"taxonomy":"product_tag","embeddable":true,"href":"https:\/\/www.kamadobbq.be\/fr\/wp-json\/wp\/v2\/product_tag?post=59618"}],"curies":[{"name":"wp","href":"https:\/\/api.w.org\/{rel}","templated":true}]}}