{"id":58130,"date":"2023-09-08T13:17:05","date_gmt":"2023-09-08T11:17:05","guid":{"rendered":"https:\/\/www.kamadobbq.be\/shop\/non%20class\u00e9\/58130\/"},"modified":"2025-12-02T00:05:41","modified_gmt":"2025-12-01T23:05:41","slug":"ooni-volt-12-housse-de-protection","status":"publish","type":"product","link":"https:\/\/www.kamadobbq.be\/fr\/shop\/pizza-ooni\/accessoires-pizza-ooni\/ooni-volt-12-housse-de-protection\/","title":{"rendered":"Ooni Volt 12 &#8211; Housse de protection"},"content":{"rendered":"<p>Le couvercle offre une protection \u00e0 votre four lorsqu&#8217;il n&#8217;est pas utilis\u00e9.<\/p>\n<ul>\n<li>Prot\u00e8ge votre four \u00e0 pizza Ooni Volt 12<\/li>\n<li>Fabriqu\u00e9e en mat\u00e9riaux de haute qualit\u00e9 et r\u00e9sistante aux intemp\u00e9ries<\/li>\n<li>Tr\u00e8s bon ajustement<\/li>\n<li>Prot\u00e8ge votre four lorsqu&#8217;il n&#8217;est pas utilis\u00e9<\/li>\n<\/ul>\n<h2>Caract\u00e9ristiques techniques<\/h2>\n<ul>\n<li><strong>Hauteur<\/strong> 30 cm<\/li>\n<li><strong>Largeur<\/strong> 52 cm<\/li>\n<li><strong>Profondeur<\/strong> 62 cm<\/li>\n<li><strong>Poids<\/strong> 750 grammes<\/li>\n<li><strong>Mati\u00e8re<\/strong> Polyester + Aluminium<\/li>\n<\/ul>\n","protected":false},"excerpt":{"rendered":"<p>Prot\u00e9gez votre four \u00e0 pizza Ooni Volt 12 avec cette housse sp\u00e9ciale. La housse, sp\u00e9cialement con\u00e7ue pour le four \u00e0 pizza Volt 12, est fabriqu\u00e9e \u00e0 partir de mat\u00e9riaux de haute qualit\u00e9 et offre une protection maximale \u00e0 votre four.<\/p>\n<p>Elle r\u00e9siste aux intemp\u00e9ries, poss\u00e8de une fermeture r\u00e9glable pour un ajustement parfait, s&#8217;adapte \u00e9troitement \u00e0 vos pieds pour \u00e9viter de glisser et poss\u00e8de un panneau avant protecteur rigide.<\/p>\n<p>&nbsp;<\/p>\n","protected":false},"featured_media":58107,"template":"","meta":{"_acf_changed":false,"_et_pb_use_builder":"","_et_pb_old_content":"","_et_gb_content_width":""},"product_brand":[],"product_cat":[611,822],"product_tag":[],"class_list":{"0":"post-58130","1":"product","2":"type-product","3":"status-publish","4":"has-post-thumbnail","6":"product_cat-pizza-ooni","7":"product_cat-accessoires-pizza-ooni","9":"first","10":"outofstock","11":"taxable","12":"shipping-taxable","13":"purchasable","14":"product-type-simple"},"acf":[],"yoast_head":"<!-- This site is optimized with the Yoast SEO Premium plugin v25.4 (Yoast SEO v25.4) - https:\/\/yoast.com\/wordpress\/plugins\/seo\/ -->\n<title>Ooni Volt 12 - Housse de protection - Kamado BBQ<\/title>\n<meta name=\"description\" content=\"Ooni Volt 12 - Housse de protection! Prot\u00e9gez votre four \u00e0 pizza Ooni Volt 12 avec cette housse sp\u00e9ciale. R\u00e9siste aux intemp\u00e9ries.\" \/>\n<meta name=\"robots\" content=\"index, follow, max-snippet:-1, max-image-preview:large, max-video-preview:-1\" \/>\n<link rel=\"canonical\" href=\"https:\/\/www.kamadobbq.be\/fr\/shop\/pizza-ooni\/accessoires-pizza-ooni\/ooni-volt-12-housse-de-protection\/\" \/>\n<meta property=\"og:locale\" content=\"fr_FR\" \/>\n<meta property=\"og:type\" content=\"article\" \/>\n<meta property=\"og:title\" content=\"Ooni Volt 12 - Housse de protection - Kamado BBQ\" \/>\n<meta property=\"og:description\" content=\"Ooni Volt 12 - Housse de protection! Prot\u00e9gez votre four \u00e0 pizza Ooni Volt 12 avec cette housse sp\u00e9ciale. R\u00e9siste aux intemp\u00e9ries.\" \/>\n<meta property=\"og:url\" content=\"https:\/\/www.kamadobbq.be\/fr\/shop\/pizza-ooni\/accessoires-pizza-ooni\/ooni-volt-12-housse-de-protection\/\" \/>\n<meta property=\"og:site_name\" content=\"Kamado BBQ | De Kamado &amp; BBQ Specialist!\" \/>\n<meta property=\"article:publisher\" content=\"https:\/\/www.facebook.com\/KamadoBBQ\/\" \/>\n<meta property=\"article:modified_time\" content=\"2025-12-01T23:05:41+00:00\" \/>\n<meta property=\"og:image\" content=\"https:\/\/www.kamadobbq.be\/wp-content\/uploads\/2023\/09\/349183-HoesVoorPizzaovenVolt12-1_1.jpeg\" \/>\n\t<meta property=\"og:image:width\" content=\"1080\" \/>\n\t<meta property=\"og:image:height\" content=\"1080\" \/>\n\t<meta property=\"og:image:type\" content=\"image\/jpeg\" \/>\n<meta name=\"twitter:card\" content=\"summary_large_image\" \/>\n<script type=\"application\/ld+json\" class=\"yoast-schema-graph\">{\"@context\":\"https:\/\/schema.org\",\"@graph\":[{\"@type\":\"WebPage\",\"@id\":\"https:\/\/www.kamadobbq.be\/fr\/shop\/pizza-ooni\/accessoires-pizza-ooni\/ooni-volt-12-housse-de-protection\/\",\"url\":\"https:\/\/www.kamadobbq.be\/fr\/shop\/pizza-ooni\/accessoires-pizza-ooni\/ooni-volt-12-housse-de-protection\/\",\"name\":\"Ooni Volt 12 - Housse de protection - Kamado BBQ\",\"isPartOf\":{\"@id\":\"https:\/\/www.kamadobbq.be\/fr\/#website\"},\"primaryImageOfPage\":{\"@id\":\"https:\/\/www.kamadobbq.be\/fr\/shop\/pizza-ooni\/accessoires-pizza-ooni\/ooni-volt-12-housse-de-protection\/#primaryimage\"},\"image\":{\"@id\":\"https:\/\/www.kamadobbq.be\/fr\/shop\/pizza-ooni\/accessoires-pizza-ooni\/ooni-volt-12-housse-de-protection\/#primaryimage\"},\"thumbnailUrl\":\"https:\/\/www.kamadobbq.be\/wp-content\/uploads\/2023\/09\/349183-HoesVoorPizzaovenVolt12-1_1.jpeg\",\"datePublished\":\"2023-09-08T11:17:05+00:00\",\"dateModified\":\"2025-12-01T23:05:41+00:00\",\"description\":\"Ooni Volt 12 - Housse de protection! Prot\u00e9gez votre four \u00e0 pizza Ooni Volt 12 avec cette housse sp\u00e9ciale. R\u00e9siste aux intemp\u00e9ries.\",\"breadcrumb\":{\"@id\":\"https:\/\/www.kamadobbq.be\/fr\/shop\/pizza-ooni\/accessoires-pizza-ooni\/ooni-volt-12-housse-de-protection\/#breadcrumb\"},\"inLanguage\":\"fr-BE\",\"potentialAction\":[{\"@type\":\"ReadAction\",\"target\":[\"https:\/\/www.kamadobbq.be\/fr\/shop\/pizza-ooni\/accessoires-pizza-ooni\/ooni-volt-12-housse-de-protection\/\"]}]},{\"@type\":\"ImageObject\",\"inLanguage\":\"fr-BE\",\"@id\":\"https:\/\/www.kamadobbq.be\/fr\/shop\/pizza-ooni\/accessoires-pizza-ooni\/ooni-volt-12-housse-de-protection\/#primaryimage\",\"url\":\"https:\/\/www.kamadobbq.be\/wp-content\/uploads\/2023\/09\/349183-HoesVoorPizzaovenVolt12-1_1.jpeg\",\"contentUrl\":\"https:\/\/www.kamadobbq.be\/wp-content\/uploads\/2023\/09\/349183-HoesVoorPizzaovenVolt12-1_1.jpeg\",\"width\":1080,\"height\":1080},{\"@type\":\"BreadcrumbList\",\"@id\":\"https:\/\/www.kamadobbq.be\/fr\/shop\/pizza-ooni\/accessoires-pizza-ooni\/ooni-volt-12-housse-de-protection\/#breadcrumb\",\"itemListElement\":[{\"@type\":\"ListItem\",\"position\":1,\"name\":\"Shop\",\"item\":\"https:\/\/www.kamadobbq.be\/fr\/shop\/\"},{\"@type\":\"ListItem\",\"position\":2,\"name\":\"Ooni Volt 12 &#8211; Housse de protection\"}]},{\"@type\":\"WebSite\",\"@id\":\"https:\/\/www.kamadobbq.be\/fr\/#website\",\"url\":\"https:\/\/www.kamadobbq.be\/fr\/\",\"name\":\"Kamado BBQ | De Kamado & BBQ Specialist!\",\"description\":\"Beleef de ultieme barbecue ervaring - Kamado BBQ\",\"publisher\":{\"@id\":\"https:\/\/www.kamadobbq.be\/fr\/#organization\"},\"alternateName\":\"Kamado BBQ\",\"potentialAction\":[{\"@type\":\"SearchAction\",\"target\":{\"@type\":\"EntryPoint\",\"urlTemplate\":\"https:\/\/www.kamadobbq.be\/fr\/?s={search_term_string}\"},\"query-input\":{\"@type\":\"PropertyValueSpecification\",\"valueRequired\":true,\"valueName\":\"search_term_string\"}}],\"inLanguage\":\"fr-BE\"},{\"@type\":[\"Organization\",\"Place\",\"Store\"],\"@id\":\"https:\/\/www.kamadobbq.be\/fr\/#organization\",\"name\":\"Kamado BBQ | De Kamado & BBQ Specialist!\",\"url\":\"https:\/\/www.kamadobbq.be\/fr\/\",\"logo\":{\"@id\":\"https:\/\/www.kamadobbq.be\/fr\/shop\/pizza-ooni\/accessoires-pizza-ooni\/ooni-volt-12-housse-de-protection\/#local-main-organization-logo\"},\"image\":{\"@id\":\"https:\/\/www.kamadobbq.be\/fr\/shop\/pizza-ooni\/accessoires-pizza-ooni\/ooni-volt-12-housse-de-protection\/#local-main-organization-logo\"},\"sameAs\":[\"https:\/\/www.facebook.com\/KamadoBBQ\/\",\"https:\/\/www.instagram.com\/kamado_bbq\/\"],\"address\":{\"@id\":\"https:\/\/www.kamadobbq.be\/fr\/shop\/pizza-ooni\/accessoires-pizza-ooni\/ooni-volt-12-housse-de-protection\/#local-main-place-address\"},\"geo\":{\"@type\":\"GeoCoordinates\",\"latitude\":\"50.979225960799056\",\"longitude\":\"5.122391337257679\"},\"telephone\":[\"+32 13 661 636\"],\"openingHoursSpecification\":[{\"@type\":\"OpeningHoursSpecification\",\"dayOfWeek\":[\"Monday\",\"Tuesday\",\"Wednesday\",\"Thursday\",\"Friday\"],\"opens\":\"10:00\",\"closes\":\"17:30\"},{\"@type\":\"OpeningHoursSpecification\",\"dayOfWeek\":[\"Saturday\"],\"opens\":\"10:00\",\"closes\":\"16:00\"},{\"@type\":\"OpeningHoursSpecification\",\"dayOfWeek\":[\"Sunday\"],\"opens\":\"00:00\",\"closes\":\"00:00\"}],\"email\":\"info@kamadobbq.be\",\"areaServed\":\"Europe\",\"currenciesAccepted\":\"Eur\"},{\"@type\":\"PostalAddress\",\"@id\":\"https:\/\/www.kamadobbq.be\/fr\/shop\/pizza-ooni\/accessoires-pizza-ooni\/ooni-volt-12-housse-de-protection\/#local-main-place-address\",\"streetAddress\":\"Meldertsestraat 8\",\"addressLocality\":\"Zelem\",\"postalCode\":\"3545\",\"addressRegion\":\"Belgi\u00eb\",\"addressCountry\":\"BE\"},{\"@type\":\"ImageObject\",\"inLanguage\":\"fr-BE\",\"@id\":\"https:\/\/www.kamadobbq.be\/fr\/shop\/pizza-ooni\/accessoires-pizza-ooni\/ooni-volt-12-housse-de-protection\/#local-main-organization-logo\",\"url\":\"https:\/\/www.kamadobbq.be\/wp-content\/uploads\/2022\/02\/kamadobbq-logo-2.svg\",\"contentUrl\":\"https:\/\/www.kamadobbq.be\/wp-content\/uploads\/2022\/02\/kamadobbq-logo-2.svg\",\"caption\":\"Kamado BBQ | De Kamado & BBQ Specialist!\"}]}<\/script>\n<meta name=\"geo.placename\" content=\"Zelem\" \/>\n<meta name=\"geo.position\" content=\"50.979225960799056;5.122391337257679\" \/>\n<meta name=\"geo.region\" content=\"Belgium\" \/>\n<!-- \/ Yoast SEO Premium plugin. -->","yoast_head_json":{"title":"Ooni Volt 12 - Housse de protection - Kamado BBQ","description":"Ooni Volt 12 - Housse de protection! Prot\u00e9gez votre four \u00e0 pizza Ooni Volt 12 avec cette housse sp\u00e9ciale. R\u00e9siste aux intemp\u00e9ries.","robots":{"index":"index","follow":"follow","max-snippet":"max-snippet:-1","max-image-preview":"max-image-preview:large","max-video-preview":"max-video-preview:-1"},"canonical":"https:\/\/www.kamadobbq.be\/fr\/shop\/pizza-ooni\/accessoires-pizza-ooni\/ooni-volt-12-housse-de-protection\/","og_locale":"fr_FR","og_type":"article","og_title":"Ooni Volt 12 - Housse de protection - Kamado BBQ","og_description":"Ooni Volt 12 - Housse de protection! Prot\u00e9gez votre four \u00e0 pizza Ooni Volt 12 avec cette housse sp\u00e9ciale. R\u00e9siste aux intemp\u00e9ries.","og_url":"https:\/\/www.kamadobbq.be\/fr\/shop\/pizza-ooni\/accessoires-pizza-ooni\/ooni-volt-12-housse-de-protection\/","og_site_name":"Kamado BBQ | De Kamado &amp; BBQ Specialist!","article_publisher":"https:\/\/www.facebook.com\/KamadoBBQ\/","article_modified_time":"2025-12-01T23:05:41+00:00","og_image":[{"width":1080,"height":1080,"url":"https:\/\/www.kamadobbq.be\/wp-content\/uploads\/2023\/09\/349183-HoesVoorPizzaovenVolt12-1_1.jpeg","type":"image\/jpeg"}],"twitter_card":"summary_large_image","schema":{"@context":"https:\/\/schema.org","@graph":[{"@type":"WebPage","@id":"https:\/\/www.kamadobbq.be\/fr\/shop\/pizza-ooni\/accessoires-pizza-ooni\/ooni-volt-12-housse-de-protection\/","url":"https:\/\/www.kamadobbq.be\/fr\/shop\/pizza-ooni\/accessoires-pizza-ooni\/ooni-volt-12-housse-de-protection\/","name":"Ooni Volt 12 - Housse de protection - Kamado BBQ","isPartOf":{"@id":"https:\/\/www.kamadobbq.be\/fr\/#website"},"primaryImageOfPage":{"@id":"https:\/\/www.kamadobbq.be\/fr\/shop\/pizza-ooni\/accessoires-pizza-ooni\/ooni-volt-12-housse-de-protection\/#primaryimage"},"image":{"@id":"https:\/\/www.kamadobbq.be\/fr\/shop\/pizza-ooni\/accessoires-pizza-ooni\/ooni-volt-12-housse-de-protection\/#primaryimage"},"thumbnailUrl":"https:\/\/www.kamadobbq.be\/wp-content\/uploads\/2023\/09\/349183-HoesVoorPizzaovenVolt12-1_1.jpeg","datePublished":"2023-09-08T11:17:05+00:00","dateModified":"2025-12-01T23:05:41+00:00","description":"Ooni Volt 12 - Housse de protection! Prot\u00e9gez votre four \u00e0 pizza Ooni Volt 12 avec cette housse sp\u00e9ciale. R\u00e9siste aux intemp\u00e9ries.","breadcrumb":{"@id":"https:\/\/www.kamadobbq.be\/fr\/shop\/pizza-ooni\/accessoires-pizza-ooni\/ooni-volt-12-housse-de-protection\/#breadcrumb"},"inLanguage":"fr-BE","potentialAction":[{"@type":"ReadAction","target":["https:\/\/www.kamadobbq.be\/fr\/shop\/pizza-ooni\/accessoires-pizza-ooni\/ooni-volt-12-housse-de-protection\/"]}]},{"@type":"ImageObject","inLanguage":"fr-BE","@id":"https:\/\/www.kamadobbq.be\/fr\/shop\/pizza-ooni\/accessoires-pizza-ooni\/ooni-volt-12-housse-de-protection\/#primaryimage","url":"https:\/\/www.kamadobbq.be\/wp-content\/uploads\/2023\/09\/349183-HoesVoorPizzaovenVolt12-1_1.jpeg","contentUrl":"https:\/\/www.kamadobbq.be\/wp-content\/uploads\/2023\/09\/349183-HoesVoorPizzaovenVolt12-1_1.jpeg","width":1080,"height":1080},{"@type":"BreadcrumbList","@id":"https:\/\/www.kamadobbq.be\/fr\/shop\/pizza-ooni\/accessoires-pizza-ooni\/ooni-volt-12-housse-de-protection\/#breadcrumb","itemListElement":[{"@type":"ListItem","position":1,"name":"Shop","item":"https:\/\/www.kamadobbq.be\/fr\/shop\/"},{"@type":"ListItem","position":2,"name":"Ooni Volt 12 &#8211; Housse de protection"}]},{"@type":"WebSite","@id":"https:\/\/www.kamadobbq.be\/fr\/#website","url":"https:\/\/www.kamadobbq.be\/fr\/","name":"Kamado BBQ | De Kamado & BBQ Specialist!","description":"Beleef de ultieme barbecue ervaring - Kamado BBQ","publisher":{"@id":"https:\/\/www.kamadobbq.be\/fr\/#organization"},"alternateName":"Kamado BBQ","potentialAction":[{"@type":"SearchAction","target":{"@type":"EntryPoint","urlTemplate":"https:\/\/www.kamadobbq.be\/fr\/?s={search_term_string}"},"query-input":{"@type":"PropertyValueSpecification","valueRequired":true,"valueName":"search_term_string"}}],"inLanguage":"fr-BE"},{"@type":["Organization","Place","Store"],"@id":"https:\/\/www.kamadobbq.be\/fr\/#organization","name":"Kamado BBQ | De Kamado & BBQ Specialist!","url":"https:\/\/www.kamadobbq.be\/fr\/","logo":{"@id":"https:\/\/www.kamadobbq.be\/fr\/shop\/pizza-ooni\/accessoires-pizza-ooni\/ooni-volt-12-housse-de-protection\/#local-main-organization-logo"},"image":{"@id":"https:\/\/www.kamadobbq.be\/fr\/shop\/pizza-ooni\/accessoires-pizza-ooni\/ooni-volt-12-housse-de-protection\/#local-main-organization-logo"},"sameAs":["https:\/\/www.facebook.com\/KamadoBBQ\/","https:\/\/www.instagram.com\/kamado_bbq\/"],"address":{"@id":"https:\/\/www.kamadobbq.be\/fr\/shop\/pizza-ooni\/accessoires-pizza-ooni\/ooni-volt-12-housse-de-protection\/#local-main-place-address"},"geo":{"@type":"GeoCoordinates","latitude":"50.979225960799056","longitude":"5.122391337257679"},"telephone":["+32 13 661 636"],"openingHoursSpecification":[{"@type":"OpeningHoursSpecification","dayOfWeek":["Monday","Tuesday","Wednesday","Thursday","Friday"],"opens":"10:00","closes":"17:30"},{"@type":"OpeningHoursSpecification","dayOfWeek":["Saturday"],"opens":"10:00","closes":"16:00"},{"@type":"OpeningHoursSpecification","dayOfWeek":["Sunday"],"opens":"00:00","closes":"00:00"}],"email":"info@kamadobbq.be","areaServed":"Europe","currenciesAccepted":"Eur"},{"@type":"PostalAddress","@id":"https:\/\/www.kamadobbq.be\/fr\/shop\/pizza-ooni\/accessoires-pizza-ooni\/ooni-volt-12-housse-de-protection\/#local-main-place-address","streetAddress":"Meldertsestraat 8","addressLocality":"Zelem","postalCode":"3545","addressRegion":"Belgi\u00eb","addressCountry":"BE"},{"@type":"ImageObject","inLanguage":"fr-BE","@id":"https:\/\/www.kamadobbq.be\/fr\/shop\/pizza-ooni\/accessoires-pizza-ooni\/ooni-volt-12-housse-de-protection\/#local-main-organization-logo","url":"https:\/\/www.kamadobbq.be\/wp-content\/uploads\/2022\/02\/kamadobbq-logo-2.svg","contentUrl":"https:\/\/www.kamadobbq.be\/wp-content\/uploads\/2022\/02\/kamadobbq-logo-2.svg","caption":"Kamado BBQ | De Kamado & BBQ Specialist!"}]},"geo.placename":"Zelem","geo.position":{"lat":"50.979225960799056","long":"5.122391337257679"},"geo.region":"Belgium"},"_links":{"self":[{"href":"https:\/\/www.kamadobbq.be\/fr\/wp-json\/wp\/v2\/product\/58130","targetHints":{"allow":["GET"]}}],"collection":[{"href":"https:\/\/www.kamadobbq.be\/fr\/wp-json\/wp\/v2\/product"}],"about":[{"href":"https:\/\/www.kamadobbq.be\/fr\/wp-json\/wp\/v2\/types\/product"}],"wp:featuredmedia":[{"embeddable":true,"href":"https:\/\/www.kamadobbq.be\/fr\/wp-json\/wp\/v2\/media\/58107"}],"wp:attachment":[{"href":"https:\/\/www.kamadobbq.be\/fr\/wp-json\/wp\/v2\/media?parent=58130"}],"wp:term":[{"taxonomy":"product_brand","embeddable":true,"href":"https:\/\/www.kamadobbq.be\/fr\/wp-json\/wp\/v2\/product_brand?post=58130"},{"taxonomy":"product_cat","embeddable":true,"href":"https:\/\/www.kamadobbq.be\/fr\/wp-json\/wp\/v2\/product_cat?post=58130"},{"taxonomy":"product_tag","embeddable":true,"href":"https:\/\/www.kamadobbq.be\/fr\/wp-json\/wp\/v2\/product_tag?post=58130"}],"curies":[{"name":"wp","href":"https:\/\/api.w.org\/{rel}","templated":true}]}}