{"id":56796,"date":"2023-08-19T12:53:15","date_gmt":"2023-08-19T10:53:16","guid":{"rendered":"https:\/\/www.kamadobbq.be\/?post_type=product&#038;p=56796"},"modified":"2026-02-09T12:46:19","modified_gmt":"2026-02-09T11:46:19","slug":"buches-de-chene-11-kg","status":"publish","type":"product","link":"https:\/\/www.kamadobbq.be\/fr\/shop\/accessoires-outils-bbq\/charbon-et-bois-de-fumage-combustibles\/buches-de-chene-11-kg\/","title":{"rendered":"B\u00fbches de Ch\u00eane &#8211; 11 kg"},"content":{"rendered":"<p>Les morceaux de bois dur de ch\u00eane produits de mani\u00e8re durable sont sp\u00e9cialement con\u00e7us pour le four \u00e0 pizza Karu 16. Le bois est \u00e9galement s\u00e9ch\u00e9 au four \u00e0 un taux d&#8217;humidit\u00e9 de 15 \u00e0 20 % pour une pr\u00e9paration optimale de vos pizzas. Le poids de la bo\u00eete est de 11 kg.<\/p>\n<p>Le contenu de la bo\u00eete est le suivant : 8 x copeaux d&#8217;\u00e9clairage Ooni Premium, des b\u00fbches de ch\u00eane dur Ooni Premium de 13 cm (25 % du contenu), des morceaux de ch\u00eane Ooni Premium de 10 cm (25 % du contenu) et des b\u00fbches de ch\u00eane dur Ooni Premium de 20 cm (50 % du contenu).<\/p>\n<p>&nbsp;<\/p>\n<h2>Caract\u00e9ristiques principales<\/h2>\n<ul>\n<li>\u00a0Ensemble complet de bois de ch\u00eane pour le four \u00e0 pizza Ooni Karu 16 ou Karu 2 Pro<\/li>\n<li>Le paquet comprend des copeaux de bois d&#8217;allumage de premi\u00e8re qualit\u00e9, du bois d&#8217;allumage et diverses b\u00fbches.<\/li>\n<li>Le bois ajoute une saveur subtile et fum\u00e9e \u00e0 vos plats.<\/li>\n<li>Les pi\u00e8ces de bois dur de ch\u00eane provenant de sources durables sont sp\u00e9cialement con\u00e7ues pour le Karu 16 en fonction de sa taille.<\/li>\n<li>Le bois est s\u00e9ch\u00e9 au four pour atteindre un taux d&#8217;humidit\u00e9 de 15 \u00e0 20 %.<\/li>\n<li><strong>Poids<\/strong> 11 kg<\/li>\n<li>Contenu de la bo\u00eete: 8 copeaux de bois d&#8217;allumage de premi\u00e8re qualit\u00e9 et un m\u00e9lange de b\u00fbches de ch\u00eane de 10 cm (25%), 13 cm (25%) et 20 cm (50%).<\/li>\n<\/ul>\n<p>&nbsp;<\/p>\n<h2>Sp\u00e9cifications<\/h2>\n<ul>\n<li><strong>Marque<\/strong> Ooni<\/li>\n<li><strong>Poids<\/strong> 11 kg<\/li>\n<li><strong>Bo\u00eete<\/strong> d&#8217;emballage<\/li>\n<li><strong>Mat\u00e9riau<\/strong> Ch\u00eane<\/li>\n<\/ul>\n<p>&nbsp;<\/p>\n","protected":false},"excerpt":{"rendered":"<p>Le pack ch\u00eane d&#8217;Ooni contient tout ce dont vous avez besoin pour cuisiner avec du feu dans votre four \u00e0 pizza Karu 16.<\/p>\n<p>Le pack comprend des copeaux de bois d&#8217;allumage naturel, des b\u00e2tons de bois d&#8217;allumage et diverses b\u00fbches \u00e0 placer dans le tiroir \u00e0 combustible \u00e0 l&#8217;arri\u00e8re du four pour cr\u00e9er un feu qui ajoute une saveur subtile et fum\u00e9e aux plats que vous pr\u00e9parez dans le four.<\/p>\n<p>&nbsp;<\/p>\n","protected":false},"featured_media":56946,"template":"","meta":{"_acf_changed":false,"_et_pb_use_builder":"","_et_pb_old_content":"","_et_gb_content_width":""},"product_brand":[],"product_cat":[693,611,822],"product_tag":[],"class_list":{"0":"post-56796","1":"product","2":"type-product","3":"status-publish","4":"has-post-thumbnail","6":"product_cat-charbon-et-bois-de-fumage-combustibles","7":"product_cat-pizza-ooni","8":"product_cat-accessoires-pizza-ooni","10":"first","11":"instock","12":"taxable","13":"shipping-taxable","14":"purchasable","15":"product-type-simple"},"acf":[],"yoast_head":"<!-- This site is optimized with the Yoast SEO Premium plugin v25.4 (Yoast SEO v25.4) - https:\/\/yoast.com\/wordpress\/plugins\/seo\/ -->\n<title>B\u00fbches de Ch\u00eane - 11 kg |<\/title>\n<meta name=\"description\" content=\"Cette b\u00fbche de ch\u00eane de Ooni est du bois de chauffage pour votre four \u00e0 pizza Ooni. Ensemble complet de bois de ch\u00eane pour le four \u00e0 pizza\" \/>\n<meta name=\"robots\" content=\"index, follow, max-snippet:-1, max-image-preview:large, max-video-preview:-1\" \/>\n<link rel=\"canonical\" href=\"https:\/\/www.kamadobbq.be\/fr\/shop\/accessoires-outils-bbq\/charbon-et-bois-de-fumage-combustibles\/buches-de-chene-11-kg\/\" \/>\n<meta property=\"og:locale\" content=\"fr_FR\" \/>\n<meta property=\"og:type\" content=\"article\" \/>\n<meta property=\"og:title\" content=\"B\u00fbches de Ch\u00eane - 11 kg |\" \/>\n<meta property=\"og:description\" content=\"Cette b\u00fbche de ch\u00eane de Ooni est du bois de chauffage pour votre four \u00e0 pizza Ooni. Ensemble complet de bois de ch\u00eane pour le four \u00e0 pizza\" \/>\n<meta property=\"og:url\" content=\"https:\/\/www.kamadobbq.be\/fr\/shop\/accessoires-outils-bbq\/charbon-et-bois-de-fumage-combustibles\/buches-de-chene-11-kg\/\" \/>\n<meta property=\"og:site_name\" content=\"Kamado BBQ | De Kamado &amp; BBQ Specialist!\" \/>\n<meta property=\"article:publisher\" content=\"https:\/\/www.facebook.com\/KamadoBBQ\/\" \/>\n<meta property=\"article:modified_time\" content=\"2026-02-09T11:46:19+00:00\" \/>\n<meta property=\"og:image\" content=\"https:\/\/www.kamadobbq.be\/wp-content\/uploads\/2023\/08\/346762-OoniEikenhoutpakketAssorti-1_11.jpeg\" \/>\n\t<meta property=\"og:image:width\" content=\"1080\" \/>\n\t<meta property=\"og:image:height\" content=\"1080\" \/>\n\t<meta property=\"og:image:type\" content=\"image\/jpeg\" \/>\n<meta name=\"twitter:card\" content=\"summary_large_image\" \/>\n<meta name=\"twitter:label1\" content=\"Est. reading time\" \/>\n\t<meta name=\"twitter:data1\" content=\"2 minutes\" \/>\n<script type=\"application\/ld+json\" class=\"yoast-schema-graph\">{\"@context\":\"https:\/\/schema.org\",\"@graph\":[{\"@type\":\"WebPage\",\"@id\":\"https:\/\/www.kamadobbq.be\/fr\/shop\/accessoires-outils-bbq\/charbon-et-bois-de-fumage-combustibles\/buches-de-chene-11-kg\/\",\"url\":\"https:\/\/www.kamadobbq.be\/fr\/shop\/accessoires-outils-bbq\/charbon-et-bois-de-fumage-combustibles\/buches-de-chene-11-kg\/\",\"name\":\"B\u00fbches de Ch\u00eane - 11 kg |\",\"isPartOf\":{\"@id\":\"https:\/\/www.kamadobbq.be\/fr\/#website\"},\"primaryImageOfPage\":{\"@id\":\"https:\/\/www.kamadobbq.be\/fr\/shop\/accessoires-outils-bbq\/charbon-et-bois-de-fumage-combustibles\/buches-de-chene-11-kg\/#primaryimage\"},\"image\":{\"@id\":\"https:\/\/www.kamadobbq.be\/fr\/shop\/accessoires-outils-bbq\/charbon-et-bois-de-fumage-combustibles\/buches-de-chene-11-kg\/#primaryimage\"},\"thumbnailUrl\":\"https:\/\/www.kamadobbq.be\/wp-content\/uploads\/2023\/08\/346762-OoniEikenhoutpakketAssorti-1_11.jpeg\",\"datePublished\":\"2023-08-19T10:53:16+00:00\",\"dateModified\":\"2026-02-09T11:46:19+00:00\",\"description\":\"Cette b\u00fbche de ch\u00eane de Ooni est du bois de chauffage pour votre four \u00e0 pizza Ooni. Ensemble complet de bois de ch\u00eane pour le four \u00e0 pizza\",\"breadcrumb\":{\"@id\":\"https:\/\/www.kamadobbq.be\/fr\/shop\/accessoires-outils-bbq\/charbon-et-bois-de-fumage-combustibles\/buches-de-chene-11-kg\/#breadcrumb\"},\"inLanguage\":\"fr-BE\",\"potentialAction\":[{\"@type\":\"ReadAction\",\"target\":[\"https:\/\/www.kamadobbq.be\/fr\/shop\/accessoires-outils-bbq\/charbon-et-bois-de-fumage-combustibles\/buches-de-chene-11-kg\/\"]}]},{\"@type\":\"ImageObject\",\"inLanguage\":\"fr-BE\",\"@id\":\"https:\/\/www.kamadobbq.be\/fr\/shop\/accessoires-outils-bbq\/charbon-et-bois-de-fumage-combustibles\/buches-de-chene-11-kg\/#primaryimage\",\"url\":\"https:\/\/www.kamadobbq.be\/wp-content\/uploads\/2023\/08\/346762-OoniEikenhoutpakketAssorti-1_11.jpeg\",\"contentUrl\":\"https:\/\/www.kamadobbq.be\/wp-content\/uploads\/2023\/08\/346762-OoniEikenhoutpakketAssorti-1_11.jpeg\",\"width\":1080,\"height\":1080},{\"@type\":\"BreadcrumbList\",\"@id\":\"https:\/\/www.kamadobbq.be\/fr\/shop\/accessoires-outils-bbq\/charbon-et-bois-de-fumage-combustibles\/buches-de-chene-11-kg\/#breadcrumb\",\"itemListElement\":[{\"@type\":\"ListItem\",\"position\":1,\"name\":\"Shop\",\"item\":\"https:\/\/www.kamadobbq.be\/fr\/shop\/\"},{\"@type\":\"ListItem\",\"position\":2,\"name\":\"B\u00fbches de Ch\u00eane &#8211; 11 kg\"}]},{\"@type\":\"WebSite\",\"@id\":\"https:\/\/www.kamadobbq.be\/fr\/#website\",\"url\":\"https:\/\/www.kamadobbq.be\/fr\/\",\"name\":\"Kamado BBQ | De Kamado & BBQ Specialist!\",\"description\":\"Beleef de ultieme barbecue ervaring - Kamado BBQ\",\"publisher\":{\"@id\":\"https:\/\/www.kamadobbq.be\/fr\/#organization\"},\"alternateName\":\"Kamado BBQ\",\"potentialAction\":[{\"@type\":\"SearchAction\",\"target\":{\"@type\":\"EntryPoint\",\"urlTemplate\":\"https:\/\/www.kamadobbq.be\/fr\/?s={search_term_string}\"},\"query-input\":{\"@type\":\"PropertyValueSpecification\",\"valueRequired\":true,\"valueName\":\"search_term_string\"}}],\"inLanguage\":\"fr-BE\"},{\"@type\":[\"Organization\",\"Place\",\"Store\"],\"@id\":\"https:\/\/www.kamadobbq.be\/fr\/#organization\",\"name\":\"Kamado BBQ | De Kamado & BBQ Specialist!\",\"url\":\"https:\/\/www.kamadobbq.be\/fr\/\",\"logo\":{\"@id\":\"https:\/\/www.kamadobbq.be\/fr\/shop\/accessoires-outils-bbq\/charbon-et-bois-de-fumage-combustibles\/buches-de-chene-11-kg\/#local-main-organization-logo\"},\"image\":{\"@id\":\"https:\/\/www.kamadobbq.be\/fr\/shop\/accessoires-outils-bbq\/charbon-et-bois-de-fumage-combustibles\/buches-de-chene-11-kg\/#local-main-organization-logo\"},\"sameAs\":[\"https:\/\/www.facebook.com\/KamadoBBQ\/\",\"https:\/\/www.instagram.com\/kamado_bbq\/\"],\"address\":{\"@id\":\"https:\/\/www.kamadobbq.be\/fr\/shop\/accessoires-outils-bbq\/charbon-et-bois-de-fumage-combustibles\/buches-de-chene-11-kg\/#local-main-place-address\"},\"geo\":{\"@type\":\"GeoCoordinates\",\"latitude\":\"50.979225960799056\",\"longitude\":\"5.122391337257679\"},\"telephone\":[\"+32 13 661 636\"],\"openingHoursSpecification\":[{\"@type\":\"OpeningHoursSpecification\",\"dayOfWeek\":[\"Monday\",\"Tuesday\",\"Wednesday\",\"Thursday\",\"Friday\"],\"opens\":\"10:00\",\"closes\":\"17:30\"},{\"@type\":\"OpeningHoursSpecification\",\"dayOfWeek\":[\"Saturday\"],\"opens\":\"10:00\",\"closes\":\"16:00\"},{\"@type\":\"OpeningHoursSpecification\",\"dayOfWeek\":[\"Sunday\"],\"opens\":\"00:00\",\"closes\":\"00:00\"}],\"email\":\"info@kamadobbq.be\",\"areaServed\":\"Europe\",\"currenciesAccepted\":\"Eur\"},{\"@type\":\"PostalAddress\",\"@id\":\"https:\/\/www.kamadobbq.be\/fr\/shop\/accessoires-outils-bbq\/charbon-et-bois-de-fumage-combustibles\/buches-de-chene-11-kg\/#local-main-place-address\",\"streetAddress\":\"Meldertsestraat 8\",\"addressLocality\":\"Zelem\",\"postalCode\":\"3545\",\"addressRegion\":\"Belgi\u00eb\",\"addressCountry\":\"BE\"},{\"@type\":\"ImageObject\",\"inLanguage\":\"fr-BE\",\"@id\":\"https:\/\/www.kamadobbq.be\/fr\/shop\/accessoires-outils-bbq\/charbon-et-bois-de-fumage-combustibles\/buches-de-chene-11-kg\/#local-main-organization-logo\",\"url\":\"https:\/\/www.kamadobbq.be\/wp-content\/uploads\/2022\/02\/kamadobbq-logo-2.svg\",\"contentUrl\":\"https:\/\/www.kamadobbq.be\/wp-content\/uploads\/2022\/02\/kamadobbq-logo-2.svg\",\"caption\":\"Kamado BBQ | De Kamado & BBQ Specialist!\"}]}<\/script>\n<meta name=\"geo.placename\" content=\"Zelem\" \/>\n<meta name=\"geo.position\" content=\"50.979225960799056;5.122391337257679\" \/>\n<meta name=\"geo.region\" content=\"Belgium\" \/>\n<!-- \/ Yoast SEO Premium plugin. -->","yoast_head_json":{"title":"B\u00fbches de Ch\u00eane - 11 kg |","description":"Cette b\u00fbche de ch\u00eane de Ooni est du bois de chauffage pour votre four \u00e0 pizza Ooni. Ensemble complet de bois de ch\u00eane pour le four \u00e0 pizza","robots":{"index":"index","follow":"follow","max-snippet":"max-snippet:-1","max-image-preview":"max-image-preview:large","max-video-preview":"max-video-preview:-1"},"canonical":"https:\/\/www.kamadobbq.be\/fr\/shop\/accessoires-outils-bbq\/charbon-et-bois-de-fumage-combustibles\/buches-de-chene-11-kg\/","og_locale":"fr_FR","og_type":"article","og_title":"B\u00fbches de Ch\u00eane - 11 kg |","og_description":"Cette b\u00fbche de ch\u00eane de Ooni est du bois de chauffage pour votre four \u00e0 pizza Ooni. Ensemble complet de bois de ch\u00eane pour le four \u00e0 pizza","og_url":"https:\/\/www.kamadobbq.be\/fr\/shop\/accessoires-outils-bbq\/charbon-et-bois-de-fumage-combustibles\/buches-de-chene-11-kg\/","og_site_name":"Kamado BBQ | De Kamado &amp; BBQ Specialist!","article_publisher":"https:\/\/www.facebook.com\/KamadoBBQ\/","article_modified_time":"2026-02-09T11:46:19+00:00","og_image":[{"width":1080,"height":1080,"url":"https:\/\/www.kamadobbq.be\/wp-content\/uploads\/2023\/08\/346762-OoniEikenhoutpakketAssorti-1_11.jpeg","type":"image\/jpeg"}],"twitter_card":"summary_large_image","twitter_misc":{"Est. reading time":"2 minutes"},"schema":{"@context":"https:\/\/schema.org","@graph":[{"@type":"WebPage","@id":"https:\/\/www.kamadobbq.be\/fr\/shop\/accessoires-outils-bbq\/charbon-et-bois-de-fumage-combustibles\/buches-de-chene-11-kg\/","url":"https:\/\/www.kamadobbq.be\/fr\/shop\/accessoires-outils-bbq\/charbon-et-bois-de-fumage-combustibles\/buches-de-chene-11-kg\/","name":"B\u00fbches de Ch\u00eane - 11 kg |","isPartOf":{"@id":"https:\/\/www.kamadobbq.be\/fr\/#website"},"primaryImageOfPage":{"@id":"https:\/\/www.kamadobbq.be\/fr\/shop\/accessoires-outils-bbq\/charbon-et-bois-de-fumage-combustibles\/buches-de-chene-11-kg\/#primaryimage"},"image":{"@id":"https:\/\/www.kamadobbq.be\/fr\/shop\/accessoires-outils-bbq\/charbon-et-bois-de-fumage-combustibles\/buches-de-chene-11-kg\/#primaryimage"},"thumbnailUrl":"https:\/\/www.kamadobbq.be\/wp-content\/uploads\/2023\/08\/346762-OoniEikenhoutpakketAssorti-1_11.jpeg","datePublished":"2023-08-19T10:53:16+00:00","dateModified":"2026-02-09T11:46:19+00:00","description":"Cette b\u00fbche de ch\u00eane de Ooni est du bois de chauffage pour votre four \u00e0 pizza Ooni. Ensemble complet de bois de ch\u00eane pour le four \u00e0 pizza","breadcrumb":{"@id":"https:\/\/www.kamadobbq.be\/fr\/shop\/accessoires-outils-bbq\/charbon-et-bois-de-fumage-combustibles\/buches-de-chene-11-kg\/#breadcrumb"},"inLanguage":"fr-BE","potentialAction":[{"@type":"ReadAction","target":["https:\/\/www.kamadobbq.be\/fr\/shop\/accessoires-outils-bbq\/charbon-et-bois-de-fumage-combustibles\/buches-de-chene-11-kg\/"]}]},{"@type":"ImageObject","inLanguage":"fr-BE","@id":"https:\/\/www.kamadobbq.be\/fr\/shop\/accessoires-outils-bbq\/charbon-et-bois-de-fumage-combustibles\/buches-de-chene-11-kg\/#primaryimage","url":"https:\/\/www.kamadobbq.be\/wp-content\/uploads\/2023\/08\/346762-OoniEikenhoutpakketAssorti-1_11.jpeg","contentUrl":"https:\/\/www.kamadobbq.be\/wp-content\/uploads\/2023\/08\/346762-OoniEikenhoutpakketAssorti-1_11.jpeg","width":1080,"height":1080},{"@type":"BreadcrumbList","@id":"https:\/\/www.kamadobbq.be\/fr\/shop\/accessoires-outils-bbq\/charbon-et-bois-de-fumage-combustibles\/buches-de-chene-11-kg\/#breadcrumb","itemListElement":[{"@type":"ListItem","position":1,"name":"Shop","item":"https:\/\/www.kamadobbq.be\/fr\/shop\/"},{"@type":"ListItem","position":2,"name":"B\u00fbches de Ch\u00eane &#8211; 11 kg"}]},{"@type":"WebSite","@id":"https:\/\/www.kamadobbq.be\/fr\/#website","url":"https:\/\/www.kamadobbq.be\/fr\/","name":"Kamado BBQ | De Kamado & BBQ Specialist!","description":"Beleef de ultieme barbecue ervaring - Kamado BBQ","publisher":{"@id":"https:\/\/www.kamadobbq.be\/fr\/#organization"},"alternateName":"Kamado BBQ","potentialAction":[{"@type":"SearchAction","target":{"@type":"EntryPoint","urlTemplate":"https:\/\/www.kamadobbq.be\/fr\/?s={search_term_string}"},"query-input":{"@type":"PropertyValueSpecification","valueRequired":true,"valueName":"search_term_string"}}],"inLanguage":"fr-BE"},{"@type":["Organization","Place","Store"],"@id":"https:\/\/www.kamadobbq.be\/fr\/#organization","name":"Kamado BBQ | De Kamado & BBQ Specialist!","url":"https:\/\/www.kamadobbq.be\/fr\/","logo":{"@id":"https:\/\/www.kamadobbq.be\/fr\/shop\/accessoires-outils-bbq\/charbon-et-bois-de-fumage-combustibles\/buches-de-chene-11-kg\/#local-main-organization-logo"},"image":{"@id":"https:\/\/www.kamadobbq.be\/fr\/shop\/accessoires-outils-bbq\/charbon-et-bois-de-fumage-combustibles\/buches-de-chene-11-kg\/#local-main-organization-logo"},"sameAs":["https:\/\/www.facebook.com\/KamadoBBQ\/","https:\/\/www.instagram.com\/kamado_bbq\/"],"address":{"@id":"https:\/\/www.kamadobbq.be\/fr\/shop\/accessoires-outils-bbq\/charbon-et-bois-de-fumage-combustibles\/buches-de-chene-11-kg\/#local-main-place-address"},"geo":{"@type":"GeoCoordinates","latitude":"50.979225960799056","longitude":"5.122391337257679"},"telephone":["+32 13 661 636"],"openingHoursSpecification":[{"@type":"OpeningHoursSpecification","dayOfWeek":["Monday","Tuesday","Wednesday","Thursday","Friday"],"opens":"10:00","closes":"17:30"},{"@type":"OpeningHoursSpecification","dayOfWeek":["Saturday"],"opens":"10:00","closes":"16:00"},{"@type":"OpeningHoursSpecification","dayOfWeek":["Sunday"],"opens":"00:00","closes":"00:00"}],"email":"info@kamadobbq.be","areaServed":"Europe","currenciesAccepted":"Eur"},{"@type":"PostalAddress","@id":"https:\/\/www.kamadobbq.be\/fr\/shop\/accessoires-outils-bbq\/charbon-et-bois-de-fumage-combustibles\/buches-de-chene-11-kg\/#local-main-place-address","streetAddress":"Meldertsestraat 8","addressLocality":"Zelem","postalCode":"3545","addressRegion":"Belgi\u00eb","addressCountry":"BE"},{"@type":"ImageObject","inLanguage":"fr-BE","@id":"https:\/\/www.kamadobbq.be\/fr\/shop\/accessoires-outils-bbq\/charbon-et-bois-de-fumage-combustibles\/buches-de-chene-11-kg\/#local-main-organization-logo","url":"https:\/\/www.kamadobbq.be\/wp-content\/uploads\/2022\/02\/kamadobbq-logo-2.svg","contentUrl":"https:\/\/www.kamadobbq.be\/wp-content\/uploads\/2022\/02\/kamadobbq-logo-2.svg","caption":"Kamado BBQ | De Kamado & BBQ Specialist!"}]},"geo.placename":"Zelem","geo.position":{"lat":"50.979225960799056","long":"5.122391337257679"},"geo.region":"Belgium"},"_links":{"self":[{"href":"https:\/\/www.kamadobbq.be\/fr\/wp-json\/wp\/v2\/product\/56796","targetHints":{"allow":["GET"]}}],"collection":[{"href":"https:\/\/www.kamadobbq.be\/fr\/wp-json\/wp\/v2\/product"}],"about":[{"href":"https:\/\/www.kamadobbq.be\/fr\/wp-json\/wp\/v2\/types\/product"}],"wp:featuredmedia":[{"embeddable":true,"href":"https:\/\/www.kamadobbq.be\/fr\/wp-json\/wp\/v2\/media\/56946"}],"wp:attachment":[{"href":"https:\/\/www.kamadobbq.be\/fr\/wp-json\/wp\/v2\/media?parent=56796"}],"wp:term":[{"taxonomy":"product_brand","embeddable":true,"href":"https:\/\/www.kamadobbq.be\/fr\/wp-json\/wp\/v2\/product_brand?post=56796"},{"taxonomy":"product_cat","embeddable":true,"href":"https:\/\/www.kamadobbq.be\/fr\/wp-json\/wp\/v2\/product_cat?post=56796"},{"taxonomy":"product_tag","embeddable":true,"href":"https:\/\/www.kamadobbq.be\/fr\/wp-json\/wp\/v2\/product_tag?post=56796"}],"curies":[{"name":"wp","href":"https:\/\/api.w.org\/{rel}","templated":true}]}}