{"id":49120,"date":"2023-05-10T15:23:43","date_gmt":"2023-05-10T13:23:43","guid":{"rendered":"https:\/\/www.kamadobbq.be\/shop\/non%20class\u00e9\/the-bastard-cast-iron-scrubber\/"},"modified":"2026-02-08T20:12:29","modified_gmt":"2026-02-08T19:12:29","slug":"the-bastard-cast-iron-scrubber","status":"publish","type":"product","link":"https:\/\/www.kamadobbq.be\/fr\/shop\/the-bastard-fr\/the-bastard-accessoires-fr\/the-bastard-cast-iron-scrubber\/","title":{"rendered":"The Bastard Laveur \u00e0 Fonte"},"content":{"rendered":"<p>Nettoyez en une fois les r\u00e9sidus incrust\u00e9s pour un entretien durable de toute la fonte. Utilisez la brosse Cast Iron Scrubber pour les plaques de cuisson, les po\u00eales, les woks ou les cocottes.<\/p>\n<p>Pour en savoir plus sur l&#8217;entretien de la fonte, cliquez <strong><a href=\"https:\/\/www.kamadobbq.be\/wp-content\/uploads\/2026\/01\/Kamado-BBQ-Entretien-de-Fonte-FR.pdf\" target=\"_blank\" rel=\"noopener\">ICI<\/a><\/strong>.<\/p>\n","protected":false},"excerpt":{"rendered":"<p>Utilisez le Cast Iron Scrubber pour nettoyer facilement tous vos produits en fonte.<\/p>\n<p>&nbsp;<\/p>\n","protected":false},"featured_media":49118,"template":"","meta":{"_acf_changed":false,"_et_pb_use_builder":"","_et_pb_old_content":"","_et_gb_content_width":""},"product_brand":[],"product_cat":[1100,1103,675],"product_tag":[],"class_list":{"0":"post-49120","1":"product","2":"type-product","3":"status-publish","4":"has-post-thumbnail","6":"product_cat-the-bastard-fr","7":"product_cat-the-bastard-accessoires-fr","8":"product_cat-accessoires-de-barbecue","10":"first","11":"instock","12":"taxable","13":"shipping-taxable","14":"purchasable","15":"product-type-simple"},"acf":[],"yoast_head":"<!-- This site is optimized with the Yoast SEO Premium plugin v25.4 (Yoast SEO v25.4) - https:\/\/yoast.com\/wordpress\/plugins\/seo\/ -->\n<title>The Bastard Laveur \u00e0 Fonte | Kamado BBQ<\/title>\n<meta name=\"description\" content=\"The Bastard Laveur \u00e0 Fonte! Nettoyez en une fois les r\u00e9sidus incrust\u00e9s pour un entretien durable de toute la fonte. Extr\u00eamement facile.\" \/>\n<meta name=\"robots\" content=\"index, follow, max-snippet:-1, max-image-preview:large, max-video-preview:-1\" \/>\n<link rel=\"canonical\" href=\"https:\/\/www.kamadobbq.be\/fr\/shop\/the-bastard-fr\/the-bastard-accessoires-fr\/the-bastard-cast-iron-scrubber\/\" \/>\n<meta property=\"og:locale\" content=\"fr_FR\" \/>\n<meta property=\"og:type\" content=\"article\" \/>\n<meta property=\"og:title\" content=\"The Bastard Laveur \u00e0 Fonte | Kamado BBQ\" \/>\n<meta property=\"og:description\" content=\"The Bastard Laveur \u00e0 Fonte! Nettoyez en une fois les r\u00e9sidus incrust\u00e9s pour un entretien durable de toute la fonte. Extr\u00eamement facile.\" \/>\n<meta property=\"og:url\" content=\"https:\/\/www.kamadobbq.be\/fr\/shop\/the-bastard-fr\/the-bastard-accessoires-fr\/the-bastard-cast-iron-scrubber\/\" \/>\n<meta property=\"og:site_name\" content=\"Kamado BBQ | De Kamado &amp; BBQ Specialist!\" \/>\n<meta property=\"article:publisher\" content=\"https:\/\/www.facebook.com\/KamadoBBQ\/\" \/>\n<meta property=\"article:modified_time\" content=\"2026-02-08T19:12:29+00:00\" \/>\n<meta property=\"og:image\" content=\"https:\/\/www.kamadobbq.be\/wp-content\/uploads\/2023\/05\/BB089-compress.jpg\" \/>\n\t<meta property=\"og:image:width\" content=\"1000\" \/>\n\t<meta property=\"og:image:height\" content=\"1000\" \/>\n\t<meta property=\"og:image:type\" content=\"image\/jpeg\" \/>\n<meta name=\"twitter:card\" content=\"summary_large_image\" \/>\n<meta name=\"twitter:label1\" content=\"Est. reading time\" \/>\n\t<meta name=\"twitter:data1\" content=\"1 minute\" \/>\n<script type=\"application\/ld+json\" class=\"yoast-schema-graph\">{\"@context\":\"https:\/\/schema.org\",\"@graph\":[{\"@type\":\"WebPage\",\"@id\":\"https:\/\/www.kamadobbq.be\/fr\/shop\/the-bastard-fr\/the-bastard-accessoires-fr\/the-bastard-cast-iron-scrubber\/\",\"url\":\"https:\/\/www.kamadobbq.be\/fr\/shop\/the-bastard-fr\/the-bastard-accessoires-fr\/the-bastard-cast-iron-scrubber\/\",\"name\":\"The Bastard Laveur \u00e0 Fonte | Kamado BBQ\",\"isPartOf\":{\"@id\":\"https:\/\/www.kamadobbq.be\/fr\/#website\"},\"primaryImageOfPage\":{\"@id\":\"https:\/\/www.kamadobbq.be\/fr\/shop\/the-bastard-fr\/the-bastard-accessoires-fr\/the-bastard-cast-iron-scrubber\/#primaryimage\"},\"image\":{\"@id\":\"https:\/\/www.kamadobbq.be\/fr\/shop\/the-bastard-fr\/the-bastard-accessoires-fr\/the-bastard-cast-iron-scrubber\/#primaryimage\"},\"thumbnailUrl\":\"https:\/\/www.kamadobbq.be\/wp-content\/uploads\/2023\/05\/BB089-compress.jpg\",\"datePublished\":\"2023-05-10T13:23:43+00:00\",\"dateModified\":\"2026-02-08T19:12:29+00:00\",\"description\":\"The Bastard Laveur \u00e0 Fonte! Nettoyez en une fois les r\u00e9sidus incrust\u00e9s pour un entretien durable de toute la fonte. Extr\u00eamement facile.\",\"breadcrumb\":{\"@id\":\"https:\/\/www.kamadobbq.be\/fr\/shop\/the-bastard-fr\/the-bastard-accessoires-fr\/the-bastard-cast-iron-scrubber\/#breadcrumb\"},\"inLanguage\":\"fr-BE\",\"potentialAction\":[{\"@type\":\"ReadAction\",\"target\":[\"https:\/\/www.kamadobbq.be\/fr\/shop\/the-bastard-fr\/the-bastard-accessoires-fr\/the-bastard-cast-iron-scrubber\/\"]}]},{\"@type\":\"ImageObject\",\"inLanguage\":\"fr-BE\",\"@id\":\"https:\/\/www.kamadobbq.be\/fr\/shop\/the-bastard-fr\/the-bastard-accessoires-fr\/the-bastard-cast-iron-scrubber\/#primaryimage\",\"url\":\"https:\/\/www.kamadobbq.be\/wp-content\/uploads\/2023\/05\/BB089-compress.jpg\",\"contentUrl\":\"https:\/\/www.kamadobbq.be\/wp-content\/uploads\/2023\/05\/BB089-compress.jpg\",\"width\":1000,\"height\":1000},{\"@type\":\"BreadcrumbList\",\"@id\":\"https:\/\/www.kamadobbq.be\/fr\/shop\/the-bastard-fr\/the-bastard-accessoires-fr\/the-bastard-cast-iron-scrubber\/#breadcrumb\",\"itemListElement\":[{\"@type\":\"ListItem\",\"position\":1,\"name\":\"Shop\",\"item\":\"https:\/\/www.kamadobbq.be\/fr\/shop\/\"},{\"@type\":\"ListItem\",\"position\":2,\"name\":\"The Bastard Laveur \u00e0 Fonte\"}]},{\"@type\":\"WebSite\",\"@id\":\"https:\/\/www.kamadobbq.be\/fr\/#website\",\"url\":\"https:\/\/www.kamadobbq.be\/fr\/\",\"name\":\"Kamado BBQ | De Kamado & BBQ Specialist!\",\"description\":\"Beleef de ultieme barbecue ervaring - Kamado BBQ\",\"publisher\":{\"@id\":\"https:\/\/www.kamadobbq.be\/fr\/#organization\"},\"alternateName\":\"Kamado BBQ\",\"potentialAction\":[{\"@type\":\"SearchAction\",\"target\":{\"@type\":\"EntryPoint\",\"urlTemplate\":\"https:\/\/www.kamadobbq.be\/fr\/?s={search_term_string}\"},\"query-input\":{\"@type\":\"PropertyValueSpecification\",\"valueRequired\":true,\"valueName\":\"search_term_string\"}}],\"inLanguage\":\"fr-BE\"},{\"@type\":[\"Organization\",\"Place\",\"Store\"],\"@id\":\"https:\/\/www.kamadobbq.be\/fr\/#organization\",\"name\":\"Kamado BBQ | De Kamado & BBQ Specialist!\",\"url\":\"https:\/\/www.kamadobbq.be\/fr\/\",\"logo\":{\"@id\":\"https:\/\/www.kamadobbq.be\/fr\/shop\/the-bastard-fr\/the-bastard-accessoires-fr\/the-bastard-cast-iron-scrubber\/#local-main-organization-logo\"},\"image\":{\"@id\":\"https:\/\/www.kamadobbq.be\/fr\/shop\/the-bastard-fr\/the-bastard-accessoires-fr\/the-bastard-cast-iron-scrubber\/#local-main-organization-logo\"},\"sameAs\":[\"https:\/\/www.facebook.com\/KamadoBBQ\/\",\"https:\/\/www.instagram.com\/kamado_bbq\/\"],\"address\":{\"@id\":\"https:\/\/www.kamadobbq.be\/fr\/shop\/the-bastard-fr\/the-bastard-accessoires-fr\/the-bastard-cast-iron-scrubber\/#local-main-place-address\"},\"geo\":{\"@type\":\"GeoCoordinates\",\"latitude\":\"50.979225960799056\",\"longitude\":\"5.122391337257679\"},\"telephone\":[\"+32 13 661 636\"],\"openingHoursSpecification\":[{\"@type\":\"OpeningHoursSpecification\",\"dayOfWeek\":[\"Monday\",\"Tuesday\",\"Wednesday\",\"Thursday\",\"Friday\"],\"opens\":\"10:00\",\"closes\":\"17:30\"},{\"@type\":\"OpeningHoursSpecification\",\"dayOfWeek\":[\"Saturday\"],\"opens\":\"10:00\",\"closes\":\"16:00\"},{\"@type\":\"OpeningHoursSpecification\",\"dayOfWeek\":[\"Sunday\"],\"opens\":\"00:00\",\"closes\":\"00:00\"}],\"email\":\"info@kamadobbq.be\",\"areaServed\":\"Europe\",\"currenciesAccepted\":\"Eur\"},{\"@type\":\"PostalAddress\",\"@id\":\"https:\/\/www.kamadobbq.be\/fr\/shop\/the-bastard-fr\/the-bastard-accessoires-fr\/the-bastard-cast-iron-scrubber\/#local-main-place-address\",\"streetAddress\":\"Meldertsestraat 8\",\"addressLocality\":\"Zelem\",\"postalCode\":\"3545\",\"addressRegion\":\"Belgi\u00eb\",\"addressCountry\":\"BE\"},{\"@type\":\"ImageObject\",\"inLanguage\":\"fr-BE\",\"@id\":\"https:\/\/www.kamadobbq.be\/fr\/shop\/the-bastard-fr\/the-bastard-accessoires-fr\/the-bastard-cast-iron-scrubber\/#local-main-organization-logo\",\"url\":\"https:\/\/www.kamadobbq.be\/wp-content\/uploads\/2022\/02\/kamadobbq-logo-2.svg\",\"contentUrl\":\"https:\/\/www.kamadobbq.be\/wp-content\/uploads\/2022\/02\/kamadobbq-logo-2.svg\",\"caption\":\"Kamado BBQ | De Kamado & BBQ Specialist!\"}]}<\/script>\n<meta name=\"geo.placename\" content=\"Zelem\" \/>\n<meta name=\"geo.position\" content=\"50.979225960799056;5.122391337257679\" \/>\n<meta name=\"geo.region\" content=\"Belgium\" \/>\n<!-- \/ Yoast SEO Premium plugin. -->","yoast_head_json":{"title":"The Bastard Laveur \u00e0 Fonte | Kamado BBQ","description":"The Bastard Laveur \u00e0 Fonte! Nettoyez en une fois les r\u00e9sidus incrust\u00e9s pour un entretien durable de toute la fonte. Extr\u00eamement facile.","robots":{"index":"index","follow":"follow","max-snippet":"max-snippet:-1","max-image-preview":"max-image-preview:large","max-video-preview":"max-video-preview:-1"},"canonical":"https:\/\/www.kamadobbq.be\/fr\/shop\/the-bastard-fr\/the-bastard-accessoires-fr\/the-bastard-cast-iron-scrubber\/","og_locale":"fr_FR","og_type":"article","og_title":"The Bastard Laveur \u00e0 Fonte | Kamado BBQ","og_description":"The Bastard Laveur \u00e0 Fonte! Nettoyez en une fois les r\u00e9sidus incrust\u00e9s pour un entretien durable de toute la fonte. Extr\u00eamement facile.","og_url":"https:\/\/www.kamadobbq.be\/fr\/shop\/the-bastard-fr\/the-bastard-accessoires-fr\/the-bastard-cast-iron-scrubber\/","og_site_name":"Kamado BBQ | De Kamado &amp; BBQ Specialist!","article_publisher":"https:\/\/www.facebook.com\/KamadoBBQ\/","article_modified_time":"2026-02-08T19:12:29+00:00","og_image":[{"width":1000,"height":1000,"url":"https:\/\/www.kamadobbq.be\/wp-content\/uploads\/2023\/05\/BB089-compress.jpg","type":"image\/jpeg"}],"twitter_card":"summary_large_image","twitter_misc":{"Est. reading time":"1 minute"},"schema":{"@context":"https:\/\/schema.org","@graph":[{"@type":"WebPage","@id":"https:\/\/www.kamadobbq.be\/fr\/shop\/the-bastard-fr\/the-bastard-accessoires-fr\/the-bastard-cast-iron-scrubber\/","url":"https:\/\/www.kamadobbq.be\/fr\/shop\/the-bastard-fr\/the-bastard-accessoires-fr\/the-bastard-cast-iron-scrubber\/","name":"The Bastard Laveur \u00e0 Fonte | Kamado BBQ","isPartOf":{"@id":"https:\/\/www.kamadobbq.be\/fr\/#website"},"primaryImageOfPage":{"@id":"https:\/\/www.kamadobbq.be\/fr\/shop\/the-bastard-fr\/the-bastard-accessoires-fr\/the-bastard-cast-iron-scrubber\/#primaryimage"},"image":{"@id":"https:\/\/www.kamadobbq.be\/fr\/shop\/the-bastard-fr\/the-bastard-accessoires-fr\/the-bastard-cast-iron-scrubber\/#primaryimage"},"thumbnailUrl":"https:\/\/www.kamadobbq.be\/wp-content\/uploads\/2023\/05\/BB089-compress.jpg","datePublished":"2023-05-10T13:23:43+00:00","dateModified":"2026-02-08T19:12:29+00:00","description":"The Bastard Laveur \u00e0 Fonte! Nettoyez en une fois les r\u00e9sidus incrust\u00e9s pour un entretien durable de toute la fonte. Extr\u00eamement facile.","breadcrumb":{"@id":"https:\/\/www.kamadobbq.be\/fr\/shop\/the-bastard-fr\/the-bastard-accessoires-fr\/the-bastard-cast-iron-scrubber\/#breadcrumb"},"inLanguage":"fr-BE","potentialAction":[{"@type":"ReadAction","target":["https:\/\/www.kamadobbq.be\/fr\/shop\/the-bastard-fr\/the-bastard-accessoires-fr\/the-bastard-cast-iron-scrubber\/"]}]},{"@type":"ImageObject","inLanguage":"fr-BE","@id":"https:\/\/www.kamadobbq.be\/fr\/shop\/the-bastard-fr\/the-bastard-accessoires-fr\/the-bastard-cast-iron-scrubber\/#primaryimage","url":"https:\/\/www.kamadobbq.be\/wp-content\/uploads\/2023\/05\/BB089-compress.jpg","contentUrl":"https:\/\/www.kamadobbq.be\/wp-content\/uploads\/2023\/05\/BB089-compress.jpg","width":1000,"height":1000},{"@type":"BreadcrumbList","@id":"https:\/\/www.kamadobbq.be\/fr\/shop\/the-bastard-fr\/the-bastard-accessoires-fr\/the-bastard-cast-iron-scrubber\/#breadcrumb","itemListElement":[{"@type":"ListItem","position":1,"name":"Shop","item":"https:\/\/www.kamadobbq.be\/fr\/shop\/"},{"@type":"ListItem","position":2,"name":"The Bastard Laveur \u00e0 Fonte"}]},{"@type":"WebSite","@id":"https:\/\/www.kamadobbq.be\/fr\/#website","url":"https:\/\/www.kamadobbq.be\/fr\/","name":"Kamado BBQ | De Kamado & BBQ Specialist!","description":"Beleef de ultieme barbecue ervaring - Kamado BBQ","publisher":{"@id":"https:\/\/www.kamadobbq.be\/fr\/#organization"},"alternateName":"Kamado BBQ","potentialAction":[{"@type":"SearchAction","target":{"@type":"EntryPoint","urlTemplate":"https:\/\/www.kamadobbq.be\/fr\/?s={search_term_string}"},"query-input":{"@type":"PropertyValueSpecification","valueRequired":true,"valueName":"search_term_string"}}],"inLanguage":"fr-BE"},{"@type":["Organization","Place","Store"],"@id":"https:\/\/www.kamadobbq.be\/fr\/#organization","name":"Kamado BBQ | De Kamado & BBQ Specialist!","url":"https:\/\/www.kamadobbq.be\/fr\/","logo":{"@id":"https:\/\/www.kamadobbq.be\/fr\/shop\/the-bastard-fr\/the-bastard-accessoires-fr\/the-bastard-cast-iron-scrubber\/#local-main-organization-logo"},"image":{"@id":"https:\/\/www.kamadobbq.be\/fr\/shop\/the-bastard-fr\/the-bastard-accessoires-fr\/the-bastard-cast-iron-scrubber\/#local-main-organization-logo"},"sameAs":["https:\/\/www.facebook.com\/KamadoBBQ\/","https:\/\/www.instagram.com\/kamado_bbq\/"],"address":{"@id":"https:\/\/www.kamadobbq.be\/fr\/shop\/the-bastard-fr\/the-bastard-accessoires-fr\/the-bastard-cast-iron-scrubber\/#local-main-place-address"},"geo":{"@type":"GeoCoordinates","latitude":"50.979225960799056","longitude":"5.122391337257679"},"telephone":["+32 13 661 636"],"openingHoursSpecification":[{"@type":"OpeningHoursSpecification","dayOfWeek":["Monday","Tuesday","Wednesday","Thursday","Friday"],"opens":"10:00","closes":"17:30"},{"@type":"OpeningHoursSpecification","dayOfWeek":["Saturday"],"opens":"10:00","closes":"16:00"},{"@type":"OpeningHoursSpecification","dayOfWeek":["Sunday"],"opens":"00:00","closes":"00:00"}],"email":"info@kamadobbq.be","areaServed":"Europe","currenciesAccepted":"Eur"},{"@type":"PostalAddress","@id":"https:\/\/www.kamadobbq.be\/fr\/shop\/the-bastard-fr\/the-bastard-accessoires-fr\/the-bastard-cast-iron-scrubber\/#local-main-place-address","streetAddress":"Meldertsestraat 8","addressLocality":"Zelem","postalCode":"3545","addressRegion":"Belgi\u00eb","addressCountry":"BE"},{"@type":"ImageObject","inLanguage":"fr-BE","@id":"https:\/\/www.kamadobbq.be\/fr\/shop\/the-bastard-fr\/the-bastard-accessoires-fr\/the-bastard-cast-iron-scrubber\/#local-main-organization-logo","url":"https:\/\/www.kamadobbq.be\/wp-content\/uploads\/2022\/02\/kamadobbq-logo-2.svg","contentUrl":"https:\/\/www.kamadobbq.be\/wp-content\/uploads\/2022\/02\/kamadobbq-logo-2.svg","caption":"Kamado BBQ | De Kamado & BBQ Specialist!"}]},"geo.placename":"Zelem","geo.position":{"lat":"50.979225960799056","long":"5.122391337257679"},"geo.region":"Belgium"},"_links":{"self":[{"href":"https:\/\/www.kamadobbq.be\/fr\/wp-json\/wp\/v2\/product\/49120","targetHints":{"allow":["GET"]}}],"collection":[{"href":"https:\/\/www.kamadobbq.be\/fr\/wp-json\/wp\/v2\/product"}],"about":[{"href":"https:\/\/www.kamadobbq.be\/fr\/wp-json\/wp\/v2\/types\/product"}],"wp:featuredmedia":[{"embeddable":true,"href":"https:\/\/www.kamadobbq.be\/fr\/wp-json\/wp\/v2\/media\/49118"}],"wp:attachment":[{"href":"https:\/\/www.kamadobbq.be\/fr\/wp-json\/wp\/v2\/media?parent=49120"}],"wp:term":[{"taxonomy":"product_brand","embeddable":true,"href":"https:\/\/www.kamadobbq.be\/fr\/wp-json\/wp\/v2\/product_brand?post=49120"},{"taxonomy":"product_cat","embeddable":true,"href":"https:\/\/www.kamadobbq.be\/fr\/wp-json\/wp\/v2\/product_cat?post=49120"},{"taxonomy":"product_tag","embeddable":true,"href":"https:\/\/www.kamadobbq.be\/fr\/wp-json\/wp\/v2\/product_tag?post=49120"}],"curies":[{"name":"wp","href":"https:\/\/api.w.org\/{rel}","templated":true}]}}