{"id":45130,"date":"2023-03-20T15:48:46","date_gmt":"2023-03-20T14:48:46","guid":{"rendered":"https:\/\/www.kamadobbq.be\/shop\/non%20class\u00e9\/kamado-joe-karbon-steel-griddle\/"},"modified":"2026-04-06T08:30:43","modified_gmt":"2026-04-06T06:30:43","slug":"kamado-joe-karbon-steel-griddle","status":"publish","type":"product","link":"https:\/\/www.kamadobbq.be\/fr\/shop\/kamado-joe-fr\/accessoires\/kamado-joe-karbon-steel-griddle\/","title":{"rendered":"Kamado Joe Karbon Steel Griddle"},"content":{"rendered":"<p>Connue pour son poids plus l\u00e9ger que la fonte, la plaque de cuisson en acier au carbone chauffe plus rapidement et maintient une temp\u00e9rature uniforme.<\/p>\n<div style=\"width: 1080px;\" class=\"wp-video\"><!--[if lt IE 9]><script>document.createElement('video');<\/script><![endif]-->\n<video class=\"wp-video-shortcode\" id=\"video-45130-1\" width=\"1080\" height=\"608\" preload=\"metadata\" controls=\"controls\"><source type=\"video\/mp4\" src=\"https:\/\/www.kamadobbq.be\/wp-content\/uploads\/2023\/03\/KamadoJoe_KarbonSteel_Griddle_V2.mp4?_=1\" \/><a href=\"https:\/\/www.kamadobbq.be\/wp-content\/uploads\/2023\/03\/KamadoJoe_KarbonSteel_Griddle_V2.mp4\">https:\/\/www.kamadobbq.be\/wp-content\/uploads\/2023\/03\/KamadoJoe_KarbonSteel_Griddle_V2.mp4<\/a><\/video><\/div>\n<p>&nbsp;<\/p>\n<h2>Sp\u00e9cifications<\/h2>\n<ul>\n<li>La plaque de cuisson en acier au carbone pr\u00e9-assaisonn\u00e9e de grande taille est parfaite pour le petit-d\u00e9jeuner, saisir, r\u00f4tir et sauter.<\/li>\n<li>La plaque antiadh\u00e9sive chauffe rapidement et maintient des temp\u00e9ratures constantes.<\/li>\n<li>Comprend un dispositif d&#8217;\u00e9vacuation des graisses pour un nettoyage rapide et facile.<\/li>\n<li>Poign\u00e9es en acier inoxydable pour faciliter le service.<\/li>\n<li>L&#8217;acier au carbone est aussi polyvalent que l&#8217;acier inoxydable et aussi conducteur que la fonte.<\/li>\n<li>La plaque de cuisson Classic Joe est compatible avec toutes les s\u00e9ries Kamado Joe Classic Joe, Big Green Egg et autres grils \u00e0 charbon ronds de 46 cm.<\/li>\n<li>La plaque de cuisson de taille Big Joe\u2122 compatible avec toutes les s\u00e9ries Kamado Joe Big Joe, XL Big Green Egg et autres grils \u00e0 charbon ronds de 61 cm.<\/li>\n<\/ul>\n<h2>Dimensions<\/h2>\n<ul>\n<li><strong>Diam\u00e8tre Classic <\/strong>\u00d8 47,5 cm<\/li>\n<li><strong>Hauteur Classic <\/strong>5 cm<\/li>\n<li><strong>Diam\u00e8tre Big Joe<\/strong> \u00d8 59 cm<\/li>\n<li><strong>Hauteur Big Joe<\/strong> 5 cm<\/li>\n<\/ul>\n","protected":false},"excerpt":{"rendered":"<p>\u00c9largissez la polyvalence de votre gril en c\u00e9ramique Kamado Joe avec l&#8217;insert Griddle de notre collection Karbon Steel.<\/p>\n<p>Transformez instantan\u00e9ment votre gril en une plancha de taille normale et cuisinez facilement le petit-d\u00e9jeuner, saisissez la viande et les l\u00e9gumes, ou faites sauter votre plat pr\u00e9f\u00e9r\u00e9.<\/p>\n<p>&nbsp;<\/p>\n","protected":false},"featured_media":45104,"template":"","meta":{"_acf_changed":false,"_et_pb_use_builder":"","_et_pb_old_content":"","_et_gb_content_width":""},"product_brand":[],"product_cat":[682,628],"product_tag":[],"class_list":{"0":"post-45130","1":"product","2":"type-product","3":"status-publish","4":"has-post-thumbnail","6":"product_cat-kamado-joe-fr","7":"product_cat-accessoires","9":"first","10":"instock","11":"taxable","12":"shipping-taxable","13":"purchasable","14":"product-type-variable","15":"has-default-attributes"},"acf":[],"yoast_head":"<!-- This site is optimized with the Yoast SEO Premium plugin v25.4 (Yoast SEO v25.4) - https:\/\/yoast.com\/wordpress\/plugins\/seo\/ -->\n<title>Kamado Joe Karbon Steel Griddle - Kamado BBQ!<\/title>\n<meta name=\"description\" content=\"Kamado Joe Karbon Steel Griddle! Transformez imm\u00e9diatement votre gril en une v\u00e9ritable plaque de cuisson. Chauffe rapidement!\" \/>\n<meta name=\"robots\" content=\"index, follow, max-snippet:-1, max-image-preview:large, max-video-preview:-1\" \/>\n<link rel=\"canonical\" href=\"https:\/\/www.kamadobbq.be\/fr\/shop\/kamado-joe-fr\/accessoires\/kamado-joe-karbon-steel-griddle\/\" \/>\n<meta property=\"og:locale\" content=\"fr_FR\" \/>\n<meta property=\"og:type\" content=\"article\" \/>\n<meta property=\"og:title\" content=\"Kamado Joe Karbon Steel Griddle - Kamado BBQ!\" \/>\n<meta property=\"og:description\" content=\"Kamado Joe Karbon Steel Griddle! Transformez imm\u00e9diatement votre gril en une v\u00e9ritable plaque de cuisson. Chauffe rapidement!\" \/>\n<meta property=\"og:url\" content=\"https:\/\/www.kamadobbq.be\/fr\/shop\/kamado-joe-fr\/accessoires\/kamado-joe-karbon-steel-griddle\/\" \/>\n<meta property=\"og:site_name\" content=\"Kamado BBQ | De Kamado &amp; BBQ Specialist!\" \/>\n<meta property=\"article:publisher\" content=\"https:\/\/www.facebook.com\/KamadoBBQ\/\" \/>\n<meta property=\"article:modified_time\" content=\"2026-04-06T06:30:43+00:00\" \/>\n<meta property=\"og:image\" content=\"https:\/\/www.kamadobbq.be\/wp-content\/uploads\/2023\/03\/KJ15094522_01_Hero-compress.jpg\" \/>\n\t<meta property=\"og:image:width\" content=\"1080\" \/>\n\t<meta property=\"og:image:height\" content=\"1080\" \/>\n\t<meta property=\"og:image:type\" content=\"image\/jpeg\" \/>\n<meta name=\"twitter:card\" content=\"summary_large_image\" \/>\n<meta name=\"twitter:label1\" content=\"Est. reading time\" \/>\n\t<meta name=\"twitter:data1\" content=\"2 minutes\" \/>\n<script type=\"application\/ld+json\" class=\"yoast-schema-graph\">{\"@context\":\"https:\/\/schema.org\",\"@graph\":[{\"@type\":\"WebPage\",\"@id\":\"https:\/\/www.kamadobbq.be\/fr\/shop\/kamado-joe-fr\/accessoires\/kamado-joe-karbon-steel-griddle\/\",\"url\":\"https:\/\/www.kamadobbq.be\/fr\/shop\/kamado-joe-fr\/accessoires\/kamado-joe-karbon-steel-griddle\/\",\"name\":\"Kamado Joe Karbon Steel Griddle - Kamado BBQ!\",\"isPartOf\":{\"@id\":\"https:\/\/www.kamadobbq.be\/fr\/#website\"},\"primaryImageOfPage\":{\"@id\":\"https:\/\/www.kamadobbq.be\/fr\/shop\/kamado-joe-fr\/accessoires\/kamado-joe-karbon-steel-griddle\/#primaryimage\"},\"image\":{\"@id\":\"https:\/\/www.kamadobbq.be\/fr\/shop\/kamado-joe-fr\/accessoires\/kamado-joe-karbon-steel-griddle\/#primaryimage\"},\"thumbnailUrl\":\"https:\/\/www.kamadobbq.be\/wp-content\/uploads\/2023\/03\/KJ15094522_01_Hero-compress.jpg\",\"datePublished\":\"2023-03-20T14:48:46+00:00\",\"dateModified\":\"2026-04-06T06:30:43+00:00\",\"description\":\"Kamado Joe Karbon Steel Griddle! Transformez imm\u00e9diatement votre gril en une v\u00e9ritable plaque de cuisson. Chauffe rapidement!\",\"breadcrumb\":{\"@id\":\"https:\/\/www.kamadobbq.be\/fr\/shop\/kamado-joe-fr\/accessoires\/kamado-joe-karbon-steel-griddle\/#breadcrumb\"},\"inLanguage\":\"fr-BE\",\"potentialAction\":[{\"@type\":\"ReadAction\",\"target\":[\"https:\/\/www.kamadobbq.be\/fr\/shop\/kamado-joe-fr\/accessoires\/kamado-joe-karbon-steel-griddle\/\"]}]},{\"@type\":\"ImageObject\",\"inLanguage\":\"fr-BE\",\"@id\":\"https:\/\/www.kamadobbq.be\/fr\/shop\/kamado-joe-fr\/accessoires\/kamado-joe-karbon-steel-griddle\/#primaryimage\",\"url\":\"https:\/\/www.kamadobbq.be\/wp-content\/uploads\/2023\/03\/KJ15094522_01_Hero-compress.jpg\",\"contentUrl\":\"https:\/\/www.kamadobbq.be\/wp-content\/uploads\/2023\/03\/KJ15094522_01_Hero-compress.jpg\",\"width\":1080,\"height\":1080},{\"@type\":\"BreadcrumbList\",\"@id\":\"https:\/\/www.kamadobbq.be\/fr\/shop\/kamado-joe-fr\/accessoires\/kamado-joe-karbon-steel-griddle\/#breadcrumb\",\"itemListElement\":[{\"@type\":\"ListItem\",\"position\":1,\"name\":\"Shop\",\"item\":\"https:\/\/www.kamadobbq.be\/fr\/shop\/\"},{\"@type\":\"ListItem\",\"position\":2,\"name\":\"Kamado Joe Karbon Steel Griddle\"}]},{\"@type\":\"WebSite\",\"@id\":\"https:\/\/www.kamadobbq.be\/fr\/#website\",\"url\":\"https:\/\/www.kamadobbq.be\/fr\/\",\"name\":\"Kamado BBQ | De Kamado & BBQ Specialist!\",\"description\":\"Beleef de ultieme barbecue ervaring - Kamado BBQ\",\"publisher\":{\"@id\":\"https:\/\/www.kamadobbq.be\/fr\/#organization\"},\"alternateName\":\"Kamado BBQ\",\"potentialAction\":[{\"@type\":\"SearchAction\",\"target\":{\"@type\":\"EntryPoint\",\"urlTemplate\":\"https:\/\/www.kamadobbq.be\/fr\/?s={search_term_string}\"},\"query-input\":{\"@type\":\"PropertyValueSpecification\",\"valueRequired\":true,\"valueName\":\"search_term_string\"}}],\"inLanguage\":\"fr-BE\"},{\"@type\":[\"Organization\",\"Place\",\"Store\"],\"@id\":\"https:\/\/www.kamadobbq.be\/fr\/#organization\",\"name\":\"Kamado BBQ | De Kamado & BBQ Specialist!\",\"url\":\"https:\/\/www.kamadobbq.be\/fr\/\",\"logo\":{\"@id\":\"https:\/\/www.kamadobbq.be\/fr\/shop\/kamado-joe-fr\/accessoires\/kamado-joe-karbon-steel-griddle\/#local-main-organization-logo\"},\"image\":{\"@id\":\"https:\/\/www.kamadobbq.be\/fr\/shop\/kamado-joe-fr\/accessoires\/kamado-joe-karbon-steel-griddle\/#local-main-organization-logo\"},\"sameAs\":[\"https:\/\/www.facebook.com\/KamadoBBQ\/\",\"https:\/\/www.instagram.com\/kamado_bbq\/\"],\"address\":{\"@id\":\"https:\/\/www.kamadobbq.be\/fr\/shop\/kamado-joe-fr\/accessoires\/kamado-joe-karbon-steel-griddle\/#local-main-place-address\"},\"geo\":{\"@type\":\"GeoCoordinates\",\"latitude\":\"50.979225960799056\",\"longitude\":\"5.122391337257679\"},\"telephone\":[\"+32 13 661 636\"],\"openingHoursSpecification\":[{\"@type\":\"OpeningHoursSpecification\",\"dayOfWeek\":[\"Monday\",\"Tuesday\",\"Wednesday\",\"Thursday\",\"Friday\"],\"opens\":\"10:00\",\"closes\":\"17:30\"},{\"@type\":\"OpeningHoursSpecification\",\"dayOfWeek\":[\"Saturday\"],\"opens\":\"10:00\",\"closes\":\"16:00\"},{\"@type\":\"OpeningHoursSpecification\",\"dayOfWeek\":[\"Sunday\"],\"opens\":\"00:00\",\"closes\":\"00:00\"}],\"email\":\"info@kamadobbq.be\",\"areaServed\":\"Europe\",\"currenciesAccepted\":\"Eur\"},{\"@type\":\"PostalAddress\",\"@id\":\"https:\/\/www.kamadobbq.be\/fr\/shop\/kamado-joe-fr\/accessoires\/kamado-joe-karbon-steel-griddle\/#local-main-place-address\",\"streetAddress\":\"Meldertsestraat 8\",\"addressLocality\":\"Zelem\",\"postalCode\":\"3545\",\"addressRegion\":\"Belgi\u00eb\",\"addressCountry\":\"BE\"},{\"@type\":\"ImageObject\",\"inLanguage\":\"fr-BE\",\"@id\":\"https:\/\/www.kamadobbq.be\/fr\/shop\/kamado-joe-fr\/accessoires\/kamado-joe-karbon-steel-griddle\/#local-main-organization-logo\",\"url\":\"https:\/\/www.kamadobbq.be\/wp-content\/uploads\/2022\/02\/kamadobbq-logo-2.svg\",\"contentUrl\":\"https:\/\/www.kamadobbq.be\/wp-content\/uploads\/2022\/02\/kamadobbq-logo-2.svg\",\"caption\":\"Kamado BBQ | De Kamado & BBQ Specialist!\"}]}<\/script>\n<meta name=\"geo.placename\" content=\"Zelem\" \/>\n<meta name=\"geo.position\" content=\"50.979225960799056;5.122391337257679\" \/>\n<meta name=\"geo.region\" content=\"Belgium\" \/>\n<!-- \/ Yoast SEO Premium plugin. -->","yoast_head_json":{"title":"Kamado Joe Karbon Steel Griddle - Kamado BBQ!","description":"Kamado Joe Karbon Steel Griddle! Transformez imm\u00e9diatement votre gril en une v\u00e9ritable plaque de cuisson. Chauffe rapidement!","robots":{"index":"index","follow":"follow","max-snippet":"max-snippet:-1","max-image-preview":"max-image-preview:large","max-video-preview":"max-video-preview:-1"},"canonical":"https:\/\/www.kamadobbq.be\/fr\/shop\/kamado-joe-fr\/accessoires\/kamado-joe-karbon-steel-griddle\/","og_locale":"fr_FR","og_type":"article","og_title":"Kamado Joe Karbon Steel Griddle - Kamado BBQ!","og_description":"Kamado Joe Karbon Steel Griddle! Transformez imm\u00e9diatement votre gril en une v\u00e9ritable plaque de cuisson. Chauffe rapidement!","og_url":"https:\/\/www.kamadobbq.be\/fr\/shop\/kamado-joe-fr\/accessoires\/kamado-joe-karbon-steel-griddle\/","og_site_name":"Kamado BBQ | De Kamado &amp; BBQ Specialist!","article_publisher":"https:\/\/www.facebook.com\/KamadoBBQ\/","article_modified_time":"2026-04-06T06:30:43+00:00","og_image":[{"width":1080,"height":1080,"url":"https:\/\/www.kamadobbq.be\/wp-content\/uploads\/2023\/03\/KJ15094522_01_Hero-compress.jpg","type":"image\/jpeg"}],"twitter_card":"summary_large_image","twitter_misc":{"Est. reading time":"2 minutes"},"schema":{"@context":"https:\/\/schema.org","@graph":[{"@type":"WebPage","@id":"https:\/\/www.kamadobbq.be\/fr\/shop\/kamado-joe-fr\/accessoires\/kamado-joe-karbon-steel-griddle\/","url":"https:\/\/www.kamadobbq.be\/fr\/shop\/kamado-joe-fr\/accessoires\/kamado-joe-karbon-steel-griddle\/","name":"Kamado Joe Karbon Steel Griddle - Kamado BBQ!","isPartOf":{"@id":"https:\/\/www.kamadobbq.be\/fr\/#website"},"primaryImageOfPage":{"@id":"https:\/\/www.kamadobbq.be\/fr\/shop\/kamado-joe-fr\/accessoires\/kamado-joe-karbon-steel-griddle\/#primaryimage"},"image":{"@id":"https:\/\/www.kamadobbq.be\/fr\/shop\/kamado-joe-fr\/accessoires\/kamado-joe-karbon-steel-griddle\/#primaryimage"},"thumbnailUrl":"https:\/\/www.kamadobbq.be\/wp-content\/uploads\/2023\/03\/KJ15094522_01_Hero-compress.jpg","datePublished":"2023-03-20T14:48:46+00:00","dateModified":"2026-04-06T06:30:43+00:00","description":"Kamado Joe Karbon Steel Griddle! Transformez imm\u00e9diatement votre gril en une v\u00e9ritable plaque de cuisson. Chauffe rapidement!","breadcrumb":{"@id":"https:\/\/www.kamadobbq.be\/fr\/shop\/kamado-joe-fr\/accessoires\/kamado-joe-karbon-steel-griddle\/#breadcrumb"},"inLanguage":"fr-BE","potentialAction":[{"@type":"ReadAction","target":["https:\/\/www.kamadobbq.be\/fr\/shop\/kamado-joe-fr\/accessoires\/kamado-joe-karbon-steel-griddle\/"]}]},{"@type":"ImageObject","inLanguage":"fr-BE","@id":"https:\/\/www.kamadobbq.be\/fr\/shop\/kamado-joe-fr\/accessoires\/kamado-joe-karbon-steel-griddle\/#primaryimage","url":"https:\/\/www.kamadobbq.be\/wp-content\/uploads\/2023\/03\/KJ15094522_01_Hero-compress.jpg","contentUrl":"https:\/\/www.kamadobbq.be\/wp-content\/uploads\/2023\/03\/KJ15094522_01_Hero-compress.jpg","width":1080,"height":1080},{"@type":"BreadcrumbList","@id":"https:\/\/www.kamadobbq.be\/fr\/shop\/kamado-joe-fr\/accessoires\/kamado-joe-karbon-steel-griddle\/#breadcrumb","itemListElement":[{"@type":"ListItem","position":1,"name":"Shop","item":"https:\/\/www.kamadobbq.be\/fr\/shop\/"},{"@type":"ListItem","position":2,"name":"Kamado Joe Karbon Steel Griddle"}]},{"@type":"WebSite","@id":"https:\/\/www.kamadobbq.be\/fr\/#website","url":"https:\/\/www.kamadobbq.be\/fr\/","name":"Kamado BBQ | De Kamado & BBQ Specialist!","description":"Beleef de ultieme barbecue ervaring - Kamado BBQ","publisher":{"@id":"https:\/\/www.kamadobbq.be\/fr\/#organization"},"alternateName":"Kamado BBQ","potentialAction":[{"@type":"SearchAction","target":{"@type":"EntryPoint","urlTemplate":"https:\/\/www.kamadobbq.be\/fr\/?s={search_term_string}"},"query-input":{"@type":"PropertyValueSpecification","valueRequired":true,"valueName":"search_term_string"}}],"inLanguage":"fr-BE"},{"@type":["Organization","Place","Store"],"@id":"https:\/\/www.kamadobbq.be\/fr\/#organization","name":"Kamado BBQ | De Kamado & BBQ Specialist!","url":"https:\/\/www.kamadobbq.be\/fr\/","logo":{"@id":"https:\/\/www.kamadobbq.be\/fr\/shop\/kamado-joe-fr\/accessoires\/kamado-joe-karbon-steel-griddle\/#local-main-organization-logo"},"image":{"@id":"https:\/\/www.kamadobbq.be\/fr\/shop\/kamado-joe-fr\/accessoires\/kamado-joe-karbon-steel-griddle\/#local-main-organization-logo"},"sameAs":["https:\/\/www.facebook.com\/KamadoBBQ\/","https:\/\/www.instagram.com\/kamado_bbq\/"],"address":{"@id":"https:\/\/www.kamadobbq.be\/fr\/shop\/kamado-joe-fr\/accessoires\/kamado-joe-karbon-steel-griddle\/#local-main-place-address"},"geo":{"@type":"GeoCoordinates","latitude":"50.979225960799056","longitude":"5.122391337257679"},"telephone":["+32 13 661 636"],"openingHoursSpecification":[{"@type":"OpeningHoursSpecification","dayOfWeek":["Monday","Tuesday","Wednesday","Thursday","Friday"],"opens":"10:00","closes":"17:30"},{"@type":"OpeningHoursSpecification","dayOfWeek":["Saturday"],"opens":"10:00","closes":"16:00"},{"@type":"OpeningHoursSpecification","dayOfWeek":["Sunday"],"opens":"00:00","closes":"00:00"}],"email":"info@kamadobbq.be","areaServed":"Europe","currenciesAccepted":"Eur"},{"@type":"PostalAddress","@id":"https:\/\/www.kamadobbq.be\/fr\/shop\/kamado-joe-fr\/accessoires\/kamado-joe-karbon-steel-griddle\/#local-main-place-address","streetAddress":"Meldertsestraat 8","addressLocality":"Zelem","postalCode":"3545","addressRegion":"Belgi\u00eb","addressCountry":"BE"},{"@type":"ImageObject","inLanguage":"fr-BE","@id":"https:\/\/www.kamadobbq.be\/fr\/shop\/kamado-joe-fr\/accessoires\/kamado-joe-karbon-steel-griddle\/#local-main-organization-logo","url":"https:\/\/www.kamadobbq.be\/wp-content\/uploads\/2022\/02\/kamadobbq-logo-2.svg","contentUrl":"https:\/\/www.kamadobbq.be\/wp-content\/uploads\/2022\/02\/kamadobbq-logo-2.svg","caption":"Kamado BBQ | De Kamado & BBQ Specialist!"}]},"geo.placename":"Zelem","geo.position":{"lat":"50.979225960799056","long":"5.122391337257679"},"geo.region":"Belgium"},"_links":{"self":[{"href":"https:\/\/www.kamadobbq.be\/fr\/wp-json\/wp\/v2\/product\/45130","targetHints":{"allow":["GET"]}}],"collection":[{"href":"https:\/\/www.kamadobbq.be\/fr\/wp-json\/wp\/v2\/product"}],"about":[{"href":"https:\/\/www.kamadobbq.be\/fr\/wp-json\/wp\/v2\/types\/product"}],"wp:featuredmedia":[{"embeddable":true,"href":"https:\/\/www.kamadobbq.be\/fr\/wp-json\/wp\/v2\/media\/45104"}],"wp:attachment":[{"href":"https:\/\/www.kamadobbq.be\/fr\/wp-json\/wp\/v2\/media?parent=45130"}],"wp:term":[{"taxonomy":"product_brand","embeddable":true,"href":"https:\/\/www.kamadobbq.be\/fr\/wp-json\/wp\/v2\/product_brand?post=45130"},{"taxonomy":"product_cat","embeddable":true,"href":"https:\/\/www.kamadobbq.be\/fr\/wp-json\/wp\/v2\/product_cat?post=45130"},{"taxonomy":"product_tag","embeddable":true,"href":"https:\/\/www.kamadobbq.be\/fr\/wp-json\/wp\/v2\/product_tag?post=45130"}],"curies":[{"name":"wp","href":"https:\/\/api.w.org\/{rel}","templated":true}]}}