{"id":35794,"date":"2022-10-11T09:32:07","date_gmt":"2022-10-11T07:32:07","guid":{"rendered":"https:\/\/www.kamadobbq.be\/shop\/non%20class\u00e9\/housse-de-protection-pour-ooni-karu-16\/"},"modified":"2025-12-02T00:04:17","modified_gmt":"2025-12-01T23:04:17","slug":"housse-de-protection-pour-ooni-karu-16","status":"publish","type":"product","link":"https:\/\/www.kamadobbq.be\/fr\/shop\/pizza-ooni\/accessoires-pizza-ooni\/housse-de-protection-pour-ooni-karu-16\/","title":{"rendered":"Housse de protection pour Ooni Karu 2 Pro &#038; Karu 16"},"content":{"rendered":"<h2>Principales caract\u00e9ristiques<\/h2>\n<div class=\"panel panel-open\">\n<div class=\"rte\">\n<ul>\n<li>Housse 100 % \u00e9tanche<\/li>\n<li>Bord \u00e9lastique assurant un maintien optimal<\/li>\n<li>Facile \u00e0 enfiler sur le four Karu 2 Pro &amp; Karu 16 et tient bien en place gr\u00e2ce au bord \u00e9lastique retenu par le pieds<\/li>\n<\/ul>\n<h2>Caract\u00e9ristiques techniques<\/h2>\n<div id=\"product-title--accordion-content2\" class=\"panel\">\n<div class=\"rte\">\n<ul>\n<li><strong>Dimensions (produit emball\u00e9)<\/strong> 28 x 22 x 5cm (11 x 9 x 2\u2033)<\/li>\n<li><strong>Poids (produit emball\u00e9)<\/strong> 0,6kg (1.3lb)<\/li>\n<li><strong>Poids (produit d\u00e9ball\u00e9)<\/strong> 0,24kg (0.5lb)<\/li>\n<li><strong>Mat\u00e9riau<\/strong> Aluminium, Polyester<\/li>\n<\/ul>\n<\/div>\n<\/div>\n<\/div>\n<\/div>\n","protected":false},"excerpt":{"rendered":"<p>Lorsque vous avez fini de cuisiner, prot\u00e9gez votre four Ooni Karu 16 ou Karu 2 Pro contre les intemp\u00e9ries gr\u00e2ce \u00e0 cette housse de protection sur-mesure.<\/p>\n<p>Gr\u00e2ce aux bords \u00e9lastiques et aux courroies r\u00e9glables, cette housse 100 % imperm\u00e9able est facile \u00e0 enfiler sur votre four.<\/p>\n<p>Et comme elle est retenue par les pieds, elle assure de prot\u00e9ger votre four et de le tenir bien en place lorsque que vous ne l&#8217;utilisez pas.<\/p>\n<p>&nbsp;<\/p>\n","protected":false},"featured_media":35769,"template":"","meta":{"_acf_changed":false,"_et_pb_use_builder":"","_et_pb_old_content":"","_et_gb_content_width":""},"product_brand":[],"product_cat":[611,822],"product_tag":[],"class_list":{"0":"post-35794","1":"product","2":"type-product","3":"status-publish","4":"has-post-thumbnail","6":"product_cat-pizza-ooni","7":"product_cat-accessoires-pizza-ooni","9":"first","10":"instock","11":"taxable","12":"shipping-taxable","13":"purchasable","14":"product-type-simple"},"acf":[],"yoast_head":"<!-- This site is optimized with the Yoast SEO Premium plugin v25.4 (Yoast SEO v25.4) - https:\/\/yoast.com\/wordpress\/plugins\/seo\/ -->\n<title>Housse de protection pour Ooni Karu 2 Pro &amp; Karu 16<\/title>\n<meta name=\"description\" content=\"Housse de protection pour Ooni Karu 16! La meilleure protection pour votre Ooni Karu 16 avec cette housse! Housse 100 % \u00e9tanche.\" \/>\n<meta name=\"robots\" content=\"index, follow, max-snippet:-1, max-image-preview:large, max-video-preview:-1\" \/>\n<link rel=\"canonical\" href=\"https:\/\/www.kamadobbq.be\/fr\/shop\/pizza-ooni\/accessoires-pizza-ooni\/housse-de-protection-pour-ooni-karu-16\/\" \/>\n<meta property=\"og:locale\" content=\"fr_FR\" \/>\n<meta property=\"og:type\" content=\"article\" \/>\n<meta property=\"og:title\" content=\"Housse de protection pour Ooni Karu 2 Pro &amp; Karu 16\" \/>\n<meta property=\"og:description\" content=\"Housse de protection pour Ooni Karu 16! La meilleure protection pour votre Ooni Karu 16 avec cette housse! Housse 100 % \u00e9tanche.\" \/>\n<meta property=\"og:url\" content=\"https:\/\/www.kamadobbq.be\/fr\/shop\/pizza-ooni\/accessoires-pizza-ooni\/housse-de-protection-pour-ooni-karu-16\/\" \/>\n<meta property=\"og:site_name\" content=\"Kamado BBQ | De Kamado &amp; BBQ Specialist!\" \/>\n<meta property=\"article:publisher\" content=\"https:\/\/www.facebook.com\/KamadoBBQ\/\" \/>\n<meta property=\"article:modified_time\" content=\"2025-12-01T23:04:17+00:00\" \/>\n<meta property=\"og:image\" content=\"https:\/\/www.kamadobbq.be\/wp-content\/uploads\/2022\/10\/Ooni-Karu-16-Cover-Front-1-compress.webp\" \/>\n\t<meta property=\"og:image:width\" content=\"1080\" \/>\n\t<meta property=\"og:image:height\" content=\"1080\" \/>\n\t<meta property=\"og:image:type\" content=\"image\/webp\" \/>\n<meta name=\"twitter:card\" content=\"summary_large_image\" \/>\n<meta name=\"twitter:label1\" content=\"Est. reading time\" \/>\n\t<meta name=\"twitter:data1\" content=\"1 minute\" \/>\n<script type=\"application\/ld+json\" class=\"yoast-schema-graph\">{\"@context\":\"https:\/\/schema.org\",\"@graph\":[{\"@type\":\"WebPage\",\"@id\":\"https:\/\/www.kamadobbq.be\/fr\/shop\/pizza-ooni\/accessoires-pizza-ooni\/housse-de-protection-pour-ooni-karu-16\/\",\"url\":\"https:\/\/www.kamadobbq.be\/fr\/shop\/pizza-ooni\/accessoires-pizza-ooni\/housse-de-protection-pour-ooni-karu-16\/\",\"name\":\"Housse de protection pour Ooni Karu 2 Pro & Karu 16\",\"isPartOf\":{\"@id\":\"https:\/\/www.kamadobbq.be\/fr\/#website\"},\"primaryImageOfPage\":{\"@id\":\"https:\/\/www.kamadobbq.be\/fr\/shop\/pizza-ooni\/accessoires-pizza-ooni\/housse-de-protection-pour-ooni-karu-16\/#primaryimage\"},\"image\":{\"@id\":\"https:\/\/www.kamadobbq.be\/fr\/shop\/pizza-ooni\/accessoires-pizza-ooni\/housse-de-protection-pour-ooni-karu-16\/#primaryimage\"},\"thumbnailUrl\":\"https:\/\/www.kamadobbq.be\/wp-content\/uploads\/2022\/10\/Ooni-Karu-16-Cover-Front-1-compress.webp\",\"datePublished\":\"2022-10-11T07:32:07+00:00\",\"dateModified\":\"2025-12-01T23:04:17+00:00\",\"description\":\"Housse de protection pour Ooni Karu 16! La meilleure protection pour votre Ooni Karu 16 avec cette housse! Housse 100 % \u00e9tanche.\",\"breadcrumb\":{\"@id\":\"https:\/\/www.kamadobbq.be\/fr\/shop\/pizza-ooni\/accessoires-pizza-ooni\/housse-de-protection-pour-ooni-karu-16\/#breadcrumb\"},\"inLanguage\":\"fr-BE\",\"potentialAction\":[{\"@type\":\"ReadAction\",\"target\":[\"https:\/\/www.kamadobbq.be\/fr\/shop\/pizza-ooni\/accessoires-pizza-ooni\/housse-de-protection-pour-ooni-karu-16\/\"]}]},{\"@type\":\"ImageObject\",\"inLanguage\":\"fr-BE\",\"@id\":\"https:\/\/www.kamadobbq.be\/fr\/shop\/pizza-ooni\/accessoires-pizza-ooni\/housse-de-protection-pour-ooni-karu-16\/#primaryimage\",\"url\":\"https:\/\/www.kamadobbq.be\/wp-content\/uploads\/2022\/10\/Ooni-Karu-16-Cover-Front-1-compress.webp\",\"contentUrl\":\"https:\/\/www.kamadobbq.be\/wp-content\/uploads\/2022\/10\/Ooni-Karu-16-Cover-Front-1-compress.webp\",\"width\":1080,\"height\":1080},{\"@type\":\"BreadcrumbList\",\"@id\":\"https:\/\/www.kamadobbq.be\/fr\/shop\/pizza-ooni\/accessoires-pizza-ooni\/housse-de-protection-pour-ooni-karu-16\/#breadcrumb\",\"itemListElement\":[{\"@type\":\"ListItem\",\"position\":1,\"name\":\"Shop\",\"item\":\"https:\/\/www.kamadobbq.be\/fr\/shop\/\"},{\"@type\":\"ListItem\",\"position\":2,\"name\":\"Housse de protection pour Ooni Karu 2 Pro &#038; Karu 16\"}]},{\"@type\":\"WebSite\",\"@id\":\"https:\/\/www.kamadobbq.be\/fr\/#website\",\"url\":\"https:\/\/www.kamadobbq.be\/fr\/\",\"name\":\"Kamado BBQ | De Kamado & BBQ Specialist!\",\"description\":\"Beleef de ultieme barbecue ervaring - Kamado BBQ\",\"publisher\":{\"@id\":\"https:\/\/www.kamadobbq.be\/fr\/#organization\"},\"alternateName\":\"Kamado BBQ\",\"potentialAction\":[{\"@type\":\"SearchAction\",\"target\":{\"@type\":\"EntryPoint\",\"urlTemplate\":\"https:\/\/www.kamadobbq.be\/fr\/?s={search_term_string}\"},\"query-input\":{\"@type\":\"PropertyValueSpecification\",\"valueRequired\":true,\"valueName\":\"search_term_string\"}}],\"inLanguage\":\"fr-BE\"},{\"@type\":[\"Organization\",\"Place\",\"Store\"],\"@id\":\"https:\/\/www.kamadobbq.be\/fr\/#organization\",\"name\":\"Kamado BBQ | De Kamado & BBQ Specialist!\",\"url\":\"https:\/\/www.kamadobbq.be\/fr\/\",\"logo\":{\"@id\":\"https:\/\/www.kamadobbq.be\/fr\/shop\/pizza-ooni\/accessoires-pizza-ooni\/housse-de-protection-pour-ooni-karu-16\/#local-main-organization-logo\"},\"image\":{\"@id\":\"https:\/\/www.kamadobbq.be\/fr\/shop\/pizza-ooni\/accessoires-pizza-ooni\/housse-de-protection-pour-ooni-karu-16\/#local-main-organization-logo\"},\"sameAs\":[\"https:\/\/www.facebook.com\/KamadoBBQ\/\",\"https:\/\/www.instagram.com\/kamado_bbq\/\"],\"address\":{\"@id\":\"https:\/\/www.kamadobbq.be\/fr\/shop\/pizza-ooni\/accessoires-pizza-ooni\/housse-de-protection-pour-ooni-karu-16\/#local-main-place-address\"},\"geo\":{\"@type\":\"GeoCoordinates\",\"latitude\":\"50.979225960799056\",\"longitude\":\"5.122391337257679\"},\"telephone\":[\"+32 13 661 636\"],\"openingHoursSpecification\":[{\"@type\":\"OpeningHoursSpecification\",\"dayOfWeek\":[\"Monday\",\"Tuesday\",\"Wednesday\",\"Thursday\",\"Friday\"],\"opens\":\"10:00\",\"closes\":\"17:30\"},{\"@type\":\"OpeningHoursSpecification\",\"dayOfWeek\":[\"Saturday\"],\"opens\":\"10:00\",\"closes\":\"16:00\"},{\"@type\":\"OpeningHoursSpecification\",\"dayOfWeek\":[\"Sunday\"],\"opens\":\"00:00\",\"closes\":\"00:00\"}],\"email\":\"info@kamadobbq.be\",\"areaServed\":\"Europe\",\"currenciesAccepted\":\"Eur\"},{\"@type\":\"PostalAddress\",\"@id\":\"https:\/\/www.kamadobbq.be\/fr\/shop\/pizza-ooni\/accessoires-pizza-ooni\/housse-de-protection-pour-ooni-karu-16\/#local-main-place-address\",\"streetAddress\":\"Meldertsestraat 8\",\"addressLocality\":\"Zelem\",\"postalCode\":\"3545\",\"addressRegion\":\"Belgi\u00eb\",\"addressCountry\":\"BE\"},{\"@type\":\"ImageObject\",\"inLanguage\":\"fr-BE\",\"@id\":\"https:\/\/www.kamadobbq.be\/fr\/shop\/pizza-ooni\/accessoires-pizza-ooni\/housse-de-protection-pour-ooni-karu-16\/#local-main-organization-logo\",\"url\":\"https:\/\/www.kamadobbq.be\/wp-content\/uploads\/2022\/02\/kamadobbq-logo-2.svg\",\"contentUrl\":\"https:\/\/www.kamadobbq.be\/wp-content\/uploads\/2022\/02\/kamadobbq-logo-2.svg\",\"caption\":\"Kamado BBQ | De Kamado & BBQ Specialist!\"}]}<\/script>\n<meta name=\"geo.placename\" content=\"Zelem\" \/>\n<meta name=\"geo.position\" content=\"50.979225960799056;5.122391337257679\" \/>\n<meta name=\"geo.region\" content=\"Belgium\" \/>\n<!-- \/ Yoast SEO Premium plugin. -->","yoast_head_json":{"title":"Housse de protection pour Ooni Karu 2 Pro & Karu 16","description":"Housse de protection pour Ooni Karu 16! La meilleure protection pour votre Ooni Karu 16 avec cette housse! Housse 100 % \u00e9tanche.","robots":{"index":"index","follow":"follow","max-snippet":"max-snippet:-1","max-image-preview":"max-image-preview:large","max-video-preview":"max-video-preview:-1"},"canonical":"https:\/\/www.kamadobbq.be\/fr\/shop\/pizza-ooni\/accessoires-pizza-ooni\/housse-de-protection-pour-ooni-karu-16\/","og_locale":"fr_FR","og_type":"article","og_title":"Housse de protection pour Ooni Karu 2 Pro & Karu 16","og_description":"Housse de protection pour Ooni Karu 16! La meilleure protection pour votre Ooni Karu 16 avec cette housse! Housse 100 % \u00e9tanche.","og_url":"https:\/\/www.kamadobbq.be\/fr\/shop\/pizza-ooni\/accessoires-pizza-ooni\/housse-de-protection-pour-ooni-karu-16\/","og_site_name":"Kamado BBQ | De Kamado &amp; BBQ Specialist!","article_publisher":"https:\/\/www.facebook.com\/KamadoBBQ\/","article_modified_time":"2025-12-01T23:04:17+00:00","og_image":[{"width":1080,"height":1080,"url":"https:\/\/www.kamadobbq.be\/wp-content\/uploads\/2022\/10\/Ooni-Karu-16-Cover-Front-1-compress.webp","type":"image\/webp"}],"twitter_card":"summary_large_image","twitter_misc":{"Est. reading time":"1 minute"},"schema":{"@context":"https:\/\/schema.org","@graph":[{"@type":"WebPage","@id":"https:\/\/www.kamadobbq.be\/fr\/shop\/pizza-ooni\/accessoires-pizza-ooni\/housse-de-protection-pour-ooni-karu-16\/","url":"https:\/\/www.kamadobbq.be\/fr\/shop\/pizza-ooni\/accessoires-pizza-ooni\/housse-de-protection-pour-ooni-karu-16\/","name":"Housse de protection pour Ooni Karu 2 Pro & Karu 16","isPartOf":{"@id":"https:\/\/www.kamadobbq.be\/fr\/#website"},"primaryImageOfPage":{"@id":"https:\/\/www.kamadobbq.be\/fr\/shop\/pizza-ooni\/accessoires-pizza-ooni\/housse-de-protection-pour-ooni-karu-16\/#primaryimage"},"image":{"@id":"https:\/\/www.kamadobbq.be\/fr\/shop\/pizza-ooni\/accessoires-pizza-ooni\/housse-de-protection-pour-ooni-karu-16\/#primaryimage"},"thumbnailUrl":"https:\/\/www.kamadobbq.be\/wp-content\/uploads\/2022\/10\/Ooni-Karu-16-Cover-Front-1-compress.webp","datePublished":"2022-10-11T07:32:07+00:00","dateModified":"2025-12-01T23:04:17+00:00","description":"Housse de protection pour Ooni Karu 16! La meilleure protection pour votre Ooni Karu 16 avec cette housse! Housse 100 % \u00e9tanche.","breadcrumb":{"@id":"https:\/\/www.kamadobbq.be\/fr\/shop\/pizza-ooni\/accessoires-pizza-ooni\/housse-de-protection-pour-ooni-karu-16\/#breadcrumb"},"inLanguage":"fr-BE","potentialAction":[{"@type":"ReadAction","target":["https:\/\/www.kamadobbq.be\/fr\/shop\/pizza-ooni\/accessoires-pizza-ooni\/housse-de-protection-pour-ooni-karu-16\/"]}]},{"@type":"ImageObject","inLanguage":"fr-BE","@id":"https:\/\/www.kamadobbq.be\/fr\/shop\/pizza-ooni\/accessoires-pizza-ooni\/housse-de-protection-pour-ooni-karu-16\/#primaryimage","url":"https:\/\/www.kamadobbq.be\/wp-content\/uploads\/2022\/10\/Ooni-Karu-16-Cover-Front-1-compress.webp","contentUrl":"https:\/\/www.kamadobbq.be\/wp-content\/uploads\/2022\/10\/Ooni-Karu-16-Cover-Front-1-compress.webp","width":1080,"height":1080},{"@type":"BreadcrumbList","@id":"https:\/\/www.kamadobbq.be\/fr\/shop\/pizza-ooni\/accessoires-pizza-ooni\/housse-de-protection-pour-ooni-karu-16\/#breadcrumb","itemListElement":[{"@type":"ListItem","position":1,"name":"Shop","item":"https:\/\/www.kamadobbq.be\/fr\/shop\/"},{"@type":"ListItem","position":2,"name":"Housse de protection pour Ooni Karu 2 Pro &#038; Karu 16"}]},{"@type":"WebSite","@id":"https:\/\/www.kamadobbq.be\/fr\/#website","url":"https:\/\/www.kamadobbq.be\/fr\/","name":"Kamado BBQ | De Kamado & BBQ Specialist!","description":"Beleef de ultieme barbecue ervaring - Kamado BBQ","publisher":{"@id":"https:\/\/www.kamadobbq.be\/fr\/#organization"},"alternateName":"Kamado BBQ","potentialAction":[{"@type":"SearchAction","target":{"@type":"EntryPoint","urlTemplate":"https:\/\/www.kamadobbq.be\/fr\/?s={search_term_string}"},"query-input":{"@type":"PropertyValueSpecification","valueRequired":true,"valueName":"search_term_string"}}],"inLanguage":"fr-BE"},{"@type":["Organization","Place","Store"],"@id":"https:\/\/www.kamadobbq.be\/fr\/#organization","name":"Kamado BBQ | De Kamado & BBQ Specialist!","url":"https:\/\/www.kamadobbq.be\/fr\/","logo":{"@id":"https:\/\/www.kamadobbq.be\/fr\/shop\/pizza-ooni\/accessoires-pizza-ooni\/housse-de-protection-pour-ooni-karu-16\/#local-main-organization-logo"},"image":{"@id":"https:\/\/www.kamadobbq.be\/fr\/shop\/pizza-ooni\/accessoires-pizza-ooni\/housse-de-protection-pour-ooni-karu-16\/#local-main-organization-logo"},"sameAs":["https:\/\/www.facebook.com\/KamadoBBQ\/","https:\/\/www.instagram.com\/kamado_bbq\/"],"address":{"@id":"https:\/\/www.kamadobbq.be\/fr\/shop\/pizza-ooni\/accessoires-pizza-ooni\/housse-de-protection-pour-ooni-karu-16\/#local-main-place-address"},"geo":{"@type":"GeoCoordinates","latitude":"50.979225960799056","longitude":"5.122391337257679"},"telephone":["+32 13 661 636"],"openingHoursSpecification":[{"@type":"OpeningHoursSpecification","dayOfWeek":["Monday","Tuesday","Wednesday","Thursday","Friday"],"opens":"10:00","closes":"17:30"},{"@type":"OpeningHoursSpecification","dayOfWeek":["Saturday"],"opens":"10:00","closes":"16:00"},{"@type":"OpeningHoursSpecification","dayOfWeek":["Sunday"],"opens":"00:00","closes":"00:00"}],"email":"info@kamadobbq.be","areaServed":"Europe","currenciesAccepted":"Eur"},{"@type":"PostalAddress","@id":"https:\/\/www.kamadobbq.be\/fr\/shop\/pizza-ooni\/accessoires-pizza-ooni\/housse-de-protection-pour-ooni-karu-16\/#local-main-place-address","streetAddress":"Meldertsestraat 8","addressLocality":"Zelem","postalCode":"3545","addressRegion":"Belgi\u00eb","addressCountry":"BE"},{"@type":"ImageObject","inLanguage":"fr-BE","@id":"https:\/\/www.kamadobbq.be\/fr\/shop\/pizza-ooni\/accessoires-pizza-ooni\/housse-de-protection-pour-ooni-karu-16\/#local-main-organization-logo","url":"https:\/\/www.kamadobbq.be\/wp-content\/uploads\/2022\/02\/kamadobbq-logo-2.svg","contentUrl":"https:\/\/www.kamadobbq.be\/wp-content\/uploads\/2022\/02\/kamadobbq-logo-2.svg","caption":"Kamado BBQ | De Kamado & BBQ Specialist!"}]},"geo.placename":"Zelem","geo.position":{"lat":"50.979225960799056","long":"5.122391337257679"},"geo.region":"Belgium"},"_links":{"self":[{"href":"https:\/\/www.kamadobbq.be\/fr\/wp-json\/wp\/v2\/product\/35794","targetHints":{"allow":["GET"]}}],"collection":[{"href":"https:\/\/www.kamadobbq.be\/fr\/wp-json\/wp\/v2\/product"}],"about":[{"href":"https:\/\/www.kamadobbq.be\/fr\/wp-json\/wp\/v2\/types\/product"}],"wp:featuredmedia":[{"embeddable":true,"href":"https:\/\/www.kamadobbq.be\/fr\/wp-json\/wp\/v2\/media\/35769"}],"wp:attachment":[{"href":"https:\/\/www.kamadobbq.be\/fr\/wp-json\/wp\/v2\/media?parent=35794"}],"wp:term":[{"taxonomy":"product_brand","embeddable":true,"href":"https:\/\/www.kamadobbq.be\/fr\/wp-json\/wp\/v2\/product_brand?post=35794"},{"taxonomy":"product_cat","embeddable":true,"href":"https:\/\/www.kamadobbq.be\/fr\/wp-json\/wp\/v2\/product_cat?post=35794"},{"taxonomy":"product_tag","embeddable":true,"href":"https:\/\/www.kamadobbq.be\/fr\/wp-json\/wp\/v2\/product_tag?post=35794"}],"curies":[{"name":"wp","href":"https:\/\/api.w.org\/{rel}","templated":true}]}}