{"id":25566,"date":"2022-04-08T16:34:06","date_gmt":"2022-04-08T14:34:10","guid":{"rendered":"https:\/\/www.kamadobbq.be\/?post_type=product&#038;p=25566"},"modified":"2025-12-02T00:12:50","modified_gmt":"2025-12-01T23:12:50","slug":"table-barbecue-chene-inox","status":"publish","type":"product","link":"https:\/\/www.kamadobbq.be\/fr\/shop\/tables-de-barbecue\/table-barbecue-chene-inox\/","title":{"rendered":"Table Barbecue Ch\u00eane &#038; Inox"},"content":{"rendered":"<p>Cette belle table de barbecue en bois dur est fabriqu\u00e9e en bois ip\u00e9 avec une grande surface de travail en acier inoxydable (inox). Ch\u00eane est un bois dur tr\u00e8s durable et stable avec une structure fine, id\u00e9al pour les meubles d&#8217;ext\u00e9rieur.<\/p>\n<p>Nous vous recommandons de prot\u00e9ger votre table et votre kamado des \u00e9l\u00e9ments, de la poussi\u00e8re et de la salet\u00e9 avec notre <a href=\"https:\/\/www.kamadobbq.be\/fr\/shop\/tables-de-barbecue\/housse-de-protection-durable-table-barbecue\/\" target=\"_blank\" rel=\"noopener\">Housse de Protection Durable<\/a>. Epargnez-vous de nombreux travaux de nettoyage et prot\u00e9gez \u00e0 la fois la table et votre kamado!<\/p>\n<p>Les dimensions de la table sont:<\/p>\n<p><strong>Classic Joe<\/strong><\/p>\n<ul>\n<li>Long:\u00a0\u00a0 180 cm<\/li>\n<li>Large:\u00a0 80 cm<\/li>\n<li>Haut:\u00a0 \u00a090 cm<\/li>\n<\/ul>\n<p>&nbsp;<\/p>\n<p><strong>Big Joe<\/strong><\/p>\n<ul>\n<li>Long:\u00a0 \u00a0180 cm<\/li>\n<li>Large:\u00a0 100 cm<\/li>\n<li>Haut:\u00a0 \u00a090 cm<\/li>\n<\/ul>\n<p>&nbsp;<\/p>\n<p><strong>Junior<\/strong><\/p>\n<ul>\n<li>Long:\u00a0 \u00a0150 cm<\/li>\n<li>Large:\u00a0 80 cm<\/li>\n<li>Haut:\u00a0 \u00a090 cm<\/li>\n<\/ul>\n<p>&nbsp;<\/p>\n<div>\n<p>Le plan de travail est enti\u00e8rement en acier inoxydable, hygi\u00e9nique mais aussi tr\u00e8s pratique \u00e0 utiliser et \u00e0 entretenir.<\/p>\n<p>Pr\u00e9f\u00e9rez-vous une table sur mesure?\u00a0<a href=\"https:\/\/www.kamadobbq.be\/fr\/contact\/\" target=\"_blank\" rel=\"noopener\">Contactez-nous<\/a>!<\/p>\n<\/div>\n","protected":false},"excerpt":{"rendered":"<p>Gr\u00e2ce \u00e0 cette table de barbecue en ch\u00eane de haute qualit\u00e9 et durable, vous disposez d&#8217;une grande surface de travail en acier inoxydable pratique et facile \u00e0 entretenir.<\/p>\n<p>Un grand espace est pr\u00e9vu pour ranger vos accessoires.<\/p>\n<p>&nbsp;<\/p>\n","protected":false},"featured_media":35557,"template":"","meta":{"_acf_changed":false,"_et_pb_use_builder":"","_et_pb_old_content":"","_et_gb_content_width":""},"product_brand":[],"product_cat":[891],"product_tag":[],"class_list":{"0":"post-25566","1":"product","2":"type-product","3":"status-publish","4":"has-post-thumbnail","6":"product_cat-tables-de-barbecue","8":"first","9":"onbackorder","10":"taxable","11":"shipping-taxable","12":"purchasable","13":"product-type-variable","14":"has-default-attributes"},"acf":[],"yoast_head":"<!-- This site is optimized with the Yoast SEO Premium plugin v25.4 (Yoast SEO v25.4) - https:\/\/yoast.com\/wordpress\/plugins\/seo\/ -->\n<title>Table Barbecue Ch\u00eane &amp; Inox - Kamado BBQ<\/title>\n<meta name=\"description\" content=\"Table Barbecue Ch\u00eane &amp; Inox! Table de barbecue en ch\u00eane durable avec une grande surface de travail en acier inoxydable facile \u00e0 entretenir.\" \/>\n<meta name=\"robots\" content=\"index, follow, max-snippet:-1, max-image-preview:large, max-video-preview:-1\" \/>\n<link rel=\"canonical\" href=\"https:\/\/www.kamadobbq.be\/fr\/shop\/tables-de-barbecue\/table-barbecue-chene-inox\/\" \/>\n<meta property=\"og:locale\" content=\"fr_FR\" \/>\n<meta property=\"og:type\" content=\"article\" \/>\n<meta property=\"og:title\" content=\"Table Barbecue Ch\u00eane &amp; Inox - Kamado BBQ\" \/>\n<meta property=\"og:description\" content=\"Table Barbecue Ch\u00eane &amp; Inox! Table de barbecue en ch\u00eane durable avec une grande surface de travail en acier inoxydable facile \u00e0 entretenir.\" \/>\n<meta property=\"og:url\" content=\"https:\/\/www.kamadobbq.be\/fr\/shop\/tables-de-barbecue\/table-barbecue-chene-inox\/\" \/>\n<meta property=\"og:site_name\" content=\"Kamado BBQ | De Kamado &amp; BBQ Specialist!\" \/>\n<meta property=\"article:publisher\" content=\"https:\/\/www.facebook.com\/KamadoBBQ\/\" \/>\n<meta property=\"article:modified_time\" content=\"2025-12-01T23:12:50+00:00\" \/>\n<meta property=\"og:image\" content=\"https:\/\/www.kamadobbq.be\/wp-content\/uploads\/2022\/04\/Eiken-BBQ-Tafel-met-RVS-Werkblad_1.png\" \/>\n\t<meta property=\"og:image:width\" content=\"1000\" \/>\n\t<meta property=\"og:image:height\" content=\"1000\" \/>\n\t<meta property=\"og:image:type\" content=\"image\/png\" \/>\n<meta name=\"twitter:card\" content=\"summary_large_image\" \/>\n<meta name=\"twitter:label1\" content=\"Est. reading time\" \/>\n\t<meta name=\"twitter:data1\" content=\"1 minute\" \/>\n<script type=\"application\/ld+json\" class=\"yoast-schema-graph\">{\"@context\":\"https:\/\/schema.org\",\"@graph\":[{\"@type\":\"WebPage\",\"@id\":\"https:\/\/www.kamadobbq.be\/fr\/shop\/tables-de-barbecue\/table-barbecue-chene-inox\/\",\"url\":\"https:\/\/www.kamadobbq.be\/fr\/shop\/tables-de-barbecue\/table-barbecue-chene-inox\/\",\"name\":\"Table Barbecue Ch\u00eane & Inox - Kamado BBQ\",\"isPartOf\":{\"@id\":\"https:\/\/www.kamadobbq.be\/fr\/#website\"},\"primaryImageOfPage\":{\"@id\":\"https:\/\/www.kamadobbq.be\/fr\/shop\/tables-de-barbecue\/table-barbecue-chene-inox\/#primaryimage\"},\"image\":{\"@id\":\"https:\/\/www.kamadobbq.be\/fr\/shop\/tables-de-barbecue\/table-barbecue-chene-inox\/#primaryimage\"},\"thumbnailUrl\":\"https:\/\/www.kamadobbq.be\/wp-content\/uploads\/2022\/04\/Eiken-BBQ-Tafel-met-RVS-Werkblad_1.png\",\"datePublished\":\"2022-04-08T14:34:10+00:00\",\"dateModified\":\"2025-12-01T23:12:50+00:00\",\"description\":\"Table Barbecue Ch\u00eane & Inox! Table de barbecue en ch\u00eane durable avec une grande surface de travail en acier inoxydable facile \u00e0 entretenir.\",\"breadcrumb\":{\"@id\":\"https:\/\/www.kamadobbq.be\/fr\/shop\/tables-de-barbecue\/table-barbecue-chene-inox\/#breadcrumb\"},\"inLanguage\":\"fr-BE\",\"potentialAction\":[{\"@type\":\"ReadAction\",\"target\":[\"https:\/\/www.kamadobbq.be\/fr\/shop\/tables-de-barbecue\/table-barbecue-chene-inox\/\"]}]},{\"@type\":\"ImageObject\",\"inLanguage\":\"fr-BE\",\"@id\":\"https:\/\/www.kamadobbq.be\/fr\/shop\/tables-de-barbecue\/table-barbecue-chene-inox\/#primaryimage\",\"url\":\"https:\/\/www.kamadobbq.be\/wp-content\/uploads\/2022\/04\/Eiken-BBQ-Tafel-met-RVS-Werkblad_1.png\",\"contentUrl\":\"https:\/\/www.kamadobbq.be\/wp-content\/uploads\/2022\/04\/Eiken-BBQ-Tafel-met-RVS-Werkblad_1.png\",\"width\":1000,\"height\":1000,\"caption\":\"Eiken BBQ Tafel met RVS Werkblad\"},{\"@type\":\"BreadcrumbList\",\"@id\":\"https:\/\/www.kamadobbq.be\/fr\/shop\/tables-de-barbecue\/table-barbecue-chene-inox\/#breadcrumb\",\"itemListElement\":[{\"@type\":\"ListItem\",\"position\":1,\"name\":\"Shop\",\"item\":\"https:\/\/www.kamadobbq.be\/fr\/shop\/\"},{\"@type\":\"ListItem\",\"position\":2,\"name\":\"Table Barbecue Ch\u00eane &#038; Inox\"}]},{\"@type\":\"WebSite\",\"@id\":\"https:\/\/www.kamadobbq.be\/fr\/#website\",\"url\":\"https:\/\/www.kamadobbq.be\/fr\/\",\"name\":\"Kamado BBQ | De Kamado & BBQ Specialist!\",\"description\":\"Beleef de ultieme barbecue ervaring - Kamado BBQ\",\"publisher\":{\"@id\":\"https:\/\/www.kamadobbq.be\/fr\/#organization\"},\"alternateName\":\"Kamado BBQ\",\"potentialAction\":[{\"@type\":\"SearchAction\",\"target\":{\"@type\":\"EntryPoint\",\"urlTemplate\":\"https:\/\/www.kamadobbq.be\/fr\/?s={search_term_string}\"},\"query-input\":{\"@type\":\"PropertyValueSpecification\",\"valueRequired\":true,\"valueName\":\"search_term_string\"}}],\"inLanguage\":\"fr-BE\"},{\"@type\":[\"Organization\",\"Place\",\"Store\"],\"@id\":\"https:\/\/www.kamadobbq.be\/fr\/#organization\",\"name\":\"Kamado BBQ | De Kamado & BBQ Specialist!\",\"url\":\"https:\/\/www.kamadobbq.be\/fr\/\",\"logo\":{\"@id\":\"https:\/\/www.kamadobbq.be\/fr\/shop\/tables-de-barbecue\/table-barbecue-chene-inox\/#local-main-organization-logo\"},\"image\":{\"@id\":\"https:\/\/www.kamadobbq.be\/fr\/shop\/tables-de-barbecue\/table-barbecue-chene-inox\/#local-main-organization-logo\"},\"sameAs\":[\"https:\/\/www.facebook.com\/KamadoBBQ\/\",\"https:\/\/www.instagram.com\/kamado_bbq\/\"],\"address\":{\"@id\":\"https:\/\/www.kamadobbq.be\/fr\/shop\/tables-de-barbecue\/table-barbecue-chene-inox\/#local-main-place-address\"},\"geo\":{\"@type\":\"GeoCoordinates\",\"latitude\":\"50.979225960799056\",\"longitude\":\"5.122391337257679\"},\"telephone\":[\"+32 13 661 636\"],\"openingHoursSpecification\":[{\"@type\":\"OpeningHoursSpecification\",\"dayOfWeek\":[\"Monday\",\"Tuesday\",\"Wednesday\",\"Thursday\",\"Friday\"],\"opens\":\"10:00\",\"closes\":\"17:30\"},{\"@type\":\"OpeningHoursSpecification\",\"dayOfWeek\":[\"Saturday\"],\"opens\":\"10:00\",\"closes\":\"16:00\"},{\"@type\":\"OpeningHoursSpecification\",\"dayOfWeek\":[\"Sunday\"],\"opens\":\"00:00\",\"closes\":\"00:00\"}],\"email\":\"info@kamadobbq.be\",\"areaServed\":\"Europe\",\"currenciesAccepted\":\"Eur\"},{\"@type\":\"PostalAddress\",\"@id\":\"https:\/\/www.kamadobbq.be\/fr\/shop\/tables-de-barbecue\/table-barbecue-chene-inox\/#local-main-place-address\",\"streetAddress\":\"Meldertsestraat 8\",\"addressLocality\":\"Zelem\",\"postalCode\":\"3545\",\"addressRegion\":\"Belgi\u00eb\",\"addressCountry\":\"BE\"},{\"@type\":\"ImageObject\",\"inLanguage\":\"fr-BE\",\"@id\":\"https:\/\/www.kamadobbq.be\/fr\/shop\/tables-de-barbecue\/table-barbecue-chene-inox\/#local-main-organization-logo\",\"url\":\"https:\/\/www.kamadobbq.be\/wp-content\/uploads\/2022\/02\/kamadobbq-logo-2.svg\",\"contentUrl\":\"https:\/\/www.kamadobbq.be\/wp-content\/uploads\/2022\/02\/kamadobbq-logo-2.svg\",\"caption\":\"Kamado BBQ | De Kamado & BBQ Specialist!\"}]}<\/script>\n<meta name=\"geo.placename\" content=\"Zelem\" \/>\n<meta name=\"geo.position\" content=\"50.979225960799056;5.122391337257679\" \/>\n<meta name=\"geo.region\" content=\"Belgium\" \/>\n<!-- \/ Yoast SEO Premium plugin. -->","yoast_head_json":{"title":"Table Barbecue Ch\u00eane & Inox - Kamado BBQ","description":"Table Barbecue Ch\u00eane & Inox! Table de barbecue en ch\u00eane durable avec une grande surface de travail en acier inoxydable facile \u00e0 entretenir.","robots":{"index":"index","follow":"follow","max-snippet":"max-snippet:-1","max-image-preview":"max-image-preview:large","max-video-preview":"max-video-preview:-1"},"canonical":"https:\/\/www.kamadobbq.be\/fr\/shop\/tables-de-barbecue\/table-barbecue-chene-inox\/","og_locale":"fr_FR","og_type":"article","og_title":"Table Barbecue Ch\u00eane & Inox - Kamado BBQ","og_description":"Table Barbecue Ch\u00eane & Inox! Table de barbecue en ch\u00eane durable avec une grande surface de travail en acier inoxydable facile \u00e0 entretenir.","og_url":"https:\/\/www.kamadobbq.be\/fr\/shop\/tables-de-barbecue\/table-barbecue-chene-inox\/","og_site_name":"Kamado BBQ | De Kamado &amp; BBQ Specialist!","article_publisher":"https:\/\/www.facebook.com\/KamadoBBQ\/","article_modified_time":"2025-12-01T23:12:50+00:00","og_image":[{"width":1000,"height":1000,"url":"https:\/\/www.kamadobbq.be\/wp-content\/uploads\/2022\/04\/Eiken-BBQ-Tafel-met-RVS-Werkblad_1.png","type":"image\/png"}],"twitter_card":"summary_large_image","twitter_misc":{"Est. reading time":"1 minute"},"schema":{"@context":"https:\/\/schema.org","@graph":[{"@type":"WebPage","@id":"https:\/\/www.kamadobbq.be\/fr\/shop\/tables-de-barbecue\/table-barbecue-chene-inox\/","url":"https:\/\/www.kamadobbq.be\/fr\/shop\/tables-de-barbecue\/table-barbecue-chene-inox\/","name":"Table Barbecue Ch\u00eane & Inox - Kamado BBQ","isPartOf":{"@id":"https:\/\/www.kamadobbq.be\/fr\/#website"},"primaryImageOfPage":{"@id":"https:\/\/www.kamadobbq.be\/fr\/shop\/tables-de-barbecue\/table-barbecue-chene-inox\/#primaryimage"},"image":{"@id":"https:\/\/www.kamadobbq.be\/fr\/shop\/tables-de-barbecue\/table-barbecue-chene-inox\/#primaryimage"},"thumbnailUrl":"https:\/\/www.kamadobbq.be\/wp-content\/uploads\/2022\/04\/Eiken-BBQ-Tafel-met-RVS-Werkblad_1.png","datePublished":"2022-04-08T14:34:10+00:00","dateModified":"2025-12-01T23:12:50+00:00","description":"Table Barbecue Ch\u00eane & Inox! Table de barbecue en ch\u00eane durable avec une grande surface de travail en acier inoxydable facile \u00e0 entretenir.","breadcrumb":{"@id":"https:\/\/www.kamadobbq.be\/fr\/shop\/tables-de-barbecue\/table-barbecue-chene-inox\/#breadcrumb"},"inLanguage":"fr-BE","potentialAction":[{"@type":"ReadAction","target":["https:\/\/www.kamadobbq.be\/fr\/shop\/tables-de-barbecue\/table-barbecue-chene-inox\/"]}]},{"@type":"ImageObject","inLanguage":"fr-BE","@id":"https:\/\/www.kamadobbq.be\/fr\/shop\/tables-de-barbecue\/table-barbecue-chene-inox\/#primaryimage","url":"https:\/\/www.kamadobbq.be\/wp-content\/uploads\/2022\/04\/Eiken-BBQ-Tafel-met-RVS-Werkblad_1.png","contentUrl":"https:\/\/www.kamadobbq.be\/wp-content\/uploads\/2022\/04\/Eiken-BBQ-Tafel-met-RVS-Werkblad_1.png","width":1000,"height":1000,"caption":"Eiken BBQ Tafel met RVS Werkblad"},{"@type":"BreadcrumbList","@id":"https:\/\/www.kamadobbq.be\/fr\/shop\/tables-de-barbecue\/table-barbecue-chene-inox\/#breadcrumb","itemListElement":[{"@type":"ListItem","position":1,"name":"Shop","item":"https:\/\/www.kamadobbq.be\/fr\/shop\/"},{"@type":"ListItem","position":2,"name":"Table Barbecue Ch\u00eane &#038; Inox"}]},{"@type":"WebSite","@id":"https:\/\/www.kamadobbq.be\/fr\/#website","url":"https:\/\/www.kamadobbq.be\/fr\/","name":"Kamado BBQ | De Kamado & BBQ Specialist!","description":"Beleef de ultieme barbecue ervaring - Kamado BBQ","publisher":{"@id":"https:\/\/www.kamadobbq.be\/fr\/#organization"},"alternateName":"Kamado BBQ","potentialAction":[{"@type":"SearchAction","target":{"@type":"EntryPoint","urlTemplate":"https:\/\/www.kamadobbq.be\/fr\/?s={search_term_string}"},"query-input":{"@type":"PropertyValueSpecification","valueRequired":true,"valueName":"search_term_string"}}],"inLanguage":"fr-BE"},{"@type":["Organization","Place","Store"],"@id":"https:\/\/www.kamadobbq.be\/fr\/#organization","name":"Kamado BBQ | De Kamado & BBQ Specialist!","url":"https:\/\/www.kamadobbq.be\/fr\/","logo":{"@id":"https:\/\/www.kamadobbq.be\/fr\/shop\/tables-de-barbecue\/table-barbecue-chene-inox\/#local-main-organization-logo"},"image":{"@id":"https:\/\/www.kamadobbq.be\/fr\/shop\/tables-de-barbecue\/table-barbecue-chene-inox\/#local-main-organization-logo"},"sameAs":["https:\/\/www.facebook.com\/KamadoBBQ\/","https:\/\/www.instagram.com\/kamado_bbq\/"],"address":{"@id":"https:\/\/www.kamadobbq.be\/fr\/shop\/tables-de-barbecue\/table-barbecue-chene-inox\/#local-main-place-address"},"geo":{"@type":"GeoCoordinates","latitude":"50.979225960799056","longitude":"5.122391337257679"},"telephone":["+32 13 661 636"],"openingHoursSpecification":[{"@type":"OpeningHoursSpecification","dayOfWeek":["Monday","Tuesday","Wednesday","Thursday","Friday"],"opens":"10:00","closes":"17:30"},{"@type":"OpeningHoursSpecification","dayOfWeek":["Saturday"],"opens":"10:00","closes":"16:00"},{"@type":"OpeningHoursSpecification","dayOfWeek":["Sunday"],"opens":"00:00","closes":"00:00"}],"email":"info@kamadobbq.be","areaServed":"Europe","currenciesAccepted":"Eur"},{"@type":"PostalAddress","@id":"https:\/\/www.kamadobbq.be\/fr\/shop\/tables-de-barbecue\/table-barbecue-chene-inox\/#local-main-place-address","streetAddress":"Meldertsestraat 8","addressLocality":"Zelem","postalCode":"3545","addressRegion":"Belgi\u00eb","addressCountry":"BE"},{"@type":"ImageObject","inLanguage":"fr-BE","@id":"https:\/\/www.kamadobbq.be\/fr\/shop\/tables-de-barbecue\/table-barbecue-chene-inox\/#local-main-organization-logo","url":"https:\/\/www.kamadobbq.be\/wp-content\/uploads\/2022\/02\/kamadobbq-logo-2.svg","contentUrl":"https:\/\/www.kamadobbq.be\/wp-content\/uploads\/2022\/02\/kamadobbq-logo-2.svg","caption":"Kamado BBQ | De Kamado & BBQ Specialist!"}]},"geo.placename":"Zelem","geo.position":{"lat":"50.979225960799056","long":"5.122391337257679"},"geo.region":"Belgium"},"_links":{"self":[{"href":"https:\/\/www.kamadobbq.be\/fr\/wp-json\/wp\/v2\/product\/25566","targetHints":{"allow":["GET"]}}],"collection":[{"href":"https:\/\/www.kamadobbq.be\/fr\/wp-json\/wp\/v2\/product"}],"about":[{"href":"https:\/\/www.kamadobbq.be\/fr\/wp-json\/wp\/v2\/types\/product"}],"wp:featuredmedia":[{"embeddable":true,"href":"https:\/\/www.kamadobbq.be\/fr\/wp-json\/wp\/v2\/media\/35557"}],"wp:attachment":[{"href":"https:\/\/www.kamadobbq.be\/fr\/wp-json\/wp\/v2\/media?parent=25566"}],"wp:term":[{"taxonomy":"product_brand","embeddable":true,"href":"https:\/\/www.kamadobbq.be\/fr\/wp-json\/wp\/v2\/product_brand?post=25566"},{"taxonomy":"product_cat","embeddable":true,"href":"https:\/\/www.kamadobbq.be\/fr\/wp-json\/wp\/v2\/product_cat?post=25566"},{"taxonomy":"product_tag","embeddable":true,"href":"https:\/\/www.kamadobbq.be\/fr\/wp-json\/wp\/v2\/product_tag?post=25566"}],"curies":[{"name":"wp","href":"https:\/\/api.w.org\/{rel}","templated":true}]}}