{"id":21086,"date":"2022-01-24T15:01:03","date_gmt":"2022-01-24T14:01:03","guid":{"rendered":"https:\/\/www.kamadobbq.be\/shop\/non%20class\u00e9\/supports-de-grille-en-acier-inoxydable\/"},"modified":"2025-12-02T00:12:47","modified_gmt":"2025-12-01T23:12:47","slug":"supports-de-grille-en-acier-inoxydable","status":"publish","type":"product","link":"https:\/\/www.kamadobbq.be\/fr\/shop\/kamado-joe-fr\/pieces_de_kamado\/supports-de-grille-en-acier-inoxydable\/","title":{"rendered":"Supports de Grilles en Acier Inoxydable"},"content":{"rendered":"<p>Ce supports de grilles est compos\u00e9 de deux parties, ce qui vous permet d&#8217;y placer en toute s\u00e9curit\u00e9 vos grilles et vos d\u00e9flecteurs de charleurs.<\/p>\n<p>Dans la section des grilles, vous pouvez placer 2 grilles demi-lune standard (par exemple, Grille Demi-Lune en Acier Inoxydable \/ Grille en Fonte Demi-Lune) et 1 grille \u00e9paisse (par exemple, Grille en Fonte R\u00e9versible Demi-Lune \/ Pierre St\u00e9atite Demi-Lune), mais vous pouvez \u00e9galement y placer 4 grilles standard.<\/p>\n<p>Dans la partie destin\u00e9e aux D\u00e9flecteurs Chaleur, vous pouvez placer deux d\u00e9flecteurs de chaleur demi-lune.<\/p>\n<p>Outre l&#8217;espace de rangement pratique, ces supports sont \u00e9galement con\u00e7us de mani\u00e8re \u00e0 ce que vous puissiez y placer en toute s\u00e9curit\u00e9 des grilles chaudes et des boucliers thermiques sans risquer d&#8217;endommager ou de salir votre cuisine ext\u00e9rieure.<\/p>\n<p>Les supports sont fabriqu\u00e9s en acier inoxydable K320 de qualit\u00e9 sup\u00e9rieure.<\/p>\n<h2>Tailles<\/h2>\n<ul>\n<li>Junior: 36 x 36 x 7,5 cm<\/li>\n<li>Classic: 39 x 20,2 x 5,2 cm &amp; 48 x 24,7 x 7,3 cm<\/li>\n<li>Big Joe: 61 x 31,3 x 7,6 cm &amp; 52 x 26 x 5,5 cm<\/li>\n<\/ul>\n<p>Les supports sont \u00e9galement disponibles s\u00e9par\u00e9ment sur demande. N&#8217;h\u00e9sitez pas \u00e0 nous <a href=\"https:\/\/www.kamadobbq.be\/fr\/contact\/\" target=\"_blank\" rel=\"noopener\">contacter<\/a>!<\/p>\n","protected":false},"excerpt":{"rendered":"<p>Compl\u00e9tez votre cuisine ext\u00e9rieure avec ces Supports de Grilles en Acier Inoxydable tr\u00e8s pratiques!<\/p>\n<p>&nbsp;<\/p>\n","protected":false},"featured_media":21080,"template":"","meta":{"_acf_changed":false,"_et_pb_use_builder":"","_et_pb_old_content":"","_et_gb_content_width":""},"product_brand":[],"product_cat":[1093,682,891],"product_tag":[],"class_list":{"0":"post-21086","1":"product","2":"type-product","3":"status-publish","4":"has-post-thumbnail","6":"product_cat-pieces_de_kamado","7":"product_cat-kamado-joe-fr","8":"product_cat-tables-de-barbecue","10":"first","11":"instock","12":"taxable","13":"shipping-taxable","14":"purchasable","15":"product-type-variable","16":"has-default-attributes"},"acf":[],"yoast_head":"<!-- This site is optimized with the Yoast SEO Premium plugin v25.4 (Yoast SEO v25.4) - https:\/\/yoast.com\/wordpress\/plugins\/seo\/ -->\n<title>Supports de Grilles en Acier Inoxydable - Kamado BBQ<\/title>\n<meta name=\"description\" content=\"Supports de Grilles en Acier Inoxydable! Compl\u00e9tez votre cuisine ext\u00e9rieure avec ces Supports de Grilles en Acier Inoxydable tr\u00e8s pratiques!\" \/>\n<meta name=\"robots\" content=\"index, follow, max-snippet:-1, max-image-preview:large, max-video-preview:-1\" \/>\n<link rel=\"canonical\" href=\"https:\/\/www.kamadobbq.be\/fr\/shop\/kamado-joe-fr\/pieces_de_kamado\/supports-de-grille-en-acier-inoxydable\/\" \/>\n<meta property=\"og:locale\" content=\"fr_FR\" \/>\n<meta property=\"og:type\" content=\"article\" \/>\n<meta property=\"og:title\" content=\"Supports de Grilles en Acier Inoxydable - Kamado BBQ\" \/>\n<meta property=\"og:description\" content=\"Supports de Grilles en Acier Inoxydable! Compl\u00e9tez votre cuisine ext\u00e9rieure avec ces Supports de Grilles en Acier Inoxydable tr\u00e8s pratiques!\" \/>\n<meta property=\"og:url\" content=\"https:\/\/www.kamadobbq.be\/fr\/shop\/kamado-joe-fr\/pieces_de_kamado\/supports-de-grille-en-acier-inoxydable\/\" \/>\n<meta property=\"og:site_name\" content=\"Kamado BBQ | De Kamado &amp; BBQ Specialist!\" \/>\n<meta property=\"article:publisher\" content=\"https:\/\/www.facebook.com\/KamadoBBQ\/\" \/>\n<meta property=\"article:modified_time\" content=\"2025-12-01T23:12:47+00:00\" \/>\n<meta property=\"og:image\" content=\"https:\/\/www.kamadobbq.be\/wp-content\/uploads\/2022\/01\/RVS-Roosterhouders-scaled.jpg\" \/>\n\t<meta property=\"og:image:width\" content=\"1440\" \/>\n\t<meta property=\"og:image:height\" content=\"1080\" \/>\n\t<meta property=\"og:image:type\" content=\"image\/jpeg\" \/>\n<meta name=\"twitter:card\" content=\"summary_large_image\" \/>\n<meta name=\"twitter:label1\" content=\"Est. reading time\" \/>\n\t<meta name=\"twitter:data1\" content=\"1 minute\" \/>\n<script type=\"application\/ld+json\" class=\"yoast-schema-graph\">{\"@context\":\"https:\/\/schema.org\",\"@graph\":[{\"@type\":\"WebPage\",\"@id\":\"https:\/\/www.kamadobbq.be\/fr\/shop\/kamado-joe-fr\/pieces_de_kamado\/supports-de-grille-en-acier-inoxydable\/\",\"url\":\"https:\/\/www.kamadobbq.be\/fr\/shop\/kamado-joe-fr\/pieces_de_kamado\/supports-de-grille-en-acier-inoxydable\/\",\"name\":\"Supports de Grilles en Acier Inoxydable - Kamado BBQ\",\"isPartOf\":{\"@id\":\"https:\/\/www.kamadobbq.be\/fr\/#website\"},\"primaryImageOfPage\":{\"@id\":\"https:\/\/www.kamadobbq.be\/fr\/shop\/kamado-joe-fr\/pieces_de_kamado\/supports-de-grille-en-acier-inoxydable\/#primaryimage\"},\"image\":{\"@id\":\"https:\/\/www.kamadobbq.be\/fr\/shop\/kamado-joe-fr\/pieces_de_kamado\/supports-de-grille-en-acier-inoxydable\/#primaryimage\"},\"thumbnailUrl\":\"https:\/\/www.kamadobbq.be\/wp-content\/uploads\/2022\/01\/RVS-Roosterhouders-scaled.jpg\",\"datePublished\":\"2022-01-24T14:01:03+00:00\",\"dateModified\":\"2025-12-01T23:12:47+00:00\",\"description\":\"Supports de Grilles en Acier Inoxydable! Compl\u00e9tez votre cuisine ext\u00e9rieure avec ces Supports de Grilles en Acier Inoxydable tr\u00e8s pratiques!\",\"breadcrumb\":{\"@id\":\"https:\/\/www.kamadobbq.be\/fr\/shop\/kamado-joe-fr\/pieces_de_kamado\/supports-de-grille-en-acier-inoxydable\/#breadcrumb\"},\"inLanguage\":\"fr-BE\",\"potentialAction\":[{\"@type\":\"ReadAction\",\"target\":[\"https:\/\/www.kamadobbq.be\/fr\/shop\/kamado-joe-fr\/pieces_de_kamado\/supports-de-grille-en-acier-inoxydable\/\"]}]},{\"@type\":\"ImageObject\",\"inLanguage\":\"fr-BE\",\"@id\":\"https:\/\/www.kamadobbq.be\/fr\/shop\/kamado-joe-fr\/pieces_de_kamado\/supports-de-grille-en-acier-inoxydable\/#primaryimage\",\"url\":\"https:\/\/www.kamadobbq.be\/wp-content\/uploads\/2022\/01\/RVS-Roosterhouders-scaled.jpg\",\"contentUrl\":\"https:\/\/www.kamadobbq.be\/wp-content\/uploads\/2022\/01\/RVS-Roosterhouders-scaled.jpg\",\"width\":1440,\"height\":1080},{\"@type\":\"BreadcrumbList\",\"@id\":\"https:\/\/www.kamadobbq.be\/fr\/shop\/kamado-joe-fr\/pieces_de_kamado\/supports-de-grille-en-acier-inoxydable\/#breadcrumb\",\"itemListElement\":[{\"@type\":\"ListItem\",\"position\":1,\"name\":\"Shop\",\"item\":\"https:\/\/www.kamadobbq.be\/fr\/shop\/\"},{\"@type\":\"ListItem\",\"position\":2,\"name\":\"Supports de Grilles en Acier Inoxydable\"}]},{\"@type\":\"WebSite\",\"@id\":\"https:\/\/www.kamadobbq.be\/fr\/#website\",\"url\":\"https:\/\/www.kamadobbq.be\/fr\/\",\"name\":\"Kamado BBQ | De Kamado & BBQ Specialist!\",\"description\":\"Beleef de ultieme barbecue ervaring - Kamado BBQ\",\"publisher\":{\"@id\":\"https:\/\/www.kamadobbq.be\/fr\/#organization\"},\"alternateName\":\"Kamado BBQ\",\"potentialAction\":[{\"@type\":\"SearchAction\",\"target\":{\"@type\":\"EntryPoint\",\"urlTemplate\":\"https:\/\/www.kamadobbq.be\/fr\/?s={search_term_string}\"},\"query-input\":{\"@type\":\"PropertyValueSpecification\",\"valueRequired\":true,\"valueName\":\"search_term_string\"}}],\"inLanguage\":\"fr-BE\"},{\"@type\":[\"Organization\",\"Place\",\"Store\"],\"@id\":\"https:\/\/www.kamadobbq.be\/fr\/#organization\",\"name\":\"Kamado BBQ | De Kamado & BBQ Specialist!\",\"url\":\"https:\/\/www.kamadobbq.be\/fr\/\",\"logo\":{\"@id\":\"https:\/\/www.kamadobbq.be\/fr\/shop\/kamado-joe-fr\/pieces_de_kamado\/supports-de-grille-en-acier-inoxydable\/#local-main-organization-logo\"},\"image\":{\"@id\":\"https:\/\/www.kamadobbq.be\/fr\/shop\/kamado-joe-fr\/pieces_de_kamado\/supports-de-grille-en-acier-inoxydable\/#local-main-organization-logo\"},\"sameAs\":[\"https:\/\/www.facebook.com\/KamadoBBQ\/\",\"https:\/\/www.instagram.com\/kamado_bbq\/\"],\"address\":{\"@id\":\"https:\/\/www.kamadobbq.be\/fr\/shop\/kamado-joe-fr\/pieces_de_kamado\/supports-de-grille-en-acier-inoxydable\/#local-main-place-address\"},\"geo\":{\"@type\":\"GeoCoordinates\",\"latitude\":\"50.979225960799056\",\"longitude\":\"5.122391337257679\"},\"telephone\":[\"+32 13 661 636\"],\"openingHoursSpecification\":[{\"@type\":\"OpeningHoursSpecification\",\"dayOfWeek\":[\"Monday\",\"Tuesday\",\"Wednesday\",\"Thursday\",\"Friday\"],\"opens\":\"10:00\",\"closes\":\"17:30\"},{\"@type\":\"OpeningHoursSpecification\",\"dayOfWeek\":[\"Saturday\"],\"opens\":\"10:00\",\"closes\":\"16:00\"},{\"@type\":\"OpeningHoursSpecification\",\"dayOfWeek\":[\"Sunday\"],\"opens\":\"00:00\",\"closes\":\"00:00\"}],\"email\":\"info@kamadobbq.be\",\"areaServed\":\"Europe\",\"currenciesAccepted\":\"Eur\"},{\"@type\":\"PostalAddress\",\"@id\":\"https:\/\/www.kamadobbq.be\/fr\/shop\/kamado-joe-fr\/pieces_de_kamado\/supports-de-grille-en-acier-inoxydable\/#local-main-place-address\",\"streetAddress\":\"Meldertsestraat 8\",\"addressLocality\":\"Zelem\",\"postalCode\":\"3545\",\"addressRegion\":\"Belgi\u00eb\",\"addressCountry\":\"BE\"},{\"@type\":\"ImageObject\",\"inLanguage\":\"fr-BE\",\"@id\":\"https:\/\/www.kamadobbq.be\/fr\/shop\/kamado-joe-fr\/pieces_de_kamado\/supports-de-grille-en-acier-inoxydable\/#local-main-organization-logo\",\"url\":\"https:\/\/www.kamadobbq.be\/wp-content\/uploads\/2022\/02\/kamadobbq-logo-2.svg\",\"contentUrl\":\"https:\/\/www.kamadobbq.be\/wp-content\/uploads\/2022\/02\/kamadobbq-logo-2.svg\",\"caption\":\"Kamado BBQ | De Kamado & BBQ Specialist!\"}]}<\/script>\n<meta name=\"geo.placename\" content=\"Zelem\" \/>\n<meta name=\"geo.position\" content=\"50.979225960799056;5.122391337257679\" \/>\n<meta name=\"geo.region\" content=\"Belgium\" \/>\n<!-- \/ Yoast SEO Premium plugin. -->","yoast_head_json":{"title":"Supports de Grilles en Acier Inoxydable - Kamado BBQ","description":"Supports de Grilles en Acier Inoxydable! Compl\u00e9tez votre cuisine ext\u00e9rieure avec ces Supports de Grilles en Acier Inoxydable tr\u00e8s pratiques!","robots":{"index":"index","follow":"follow","max-snippet":"max-snippet:-1","max-image-preview":"max-image-preview:large","max-video-preview":"max-video-preview:-1"},"canonical":"https:\/\/www.kamadobbq.be\/fr\/shop\/kamado-joe-fr\/pieces_de_kamado\/supports-de-grille-en-acier-inoxydable\/","og_locale":"fr_FR","og_type":"article","og_title":"Supports de Grilles en Acier Inoxydable - Kamado BBQ","og_description":"Supports de Grilles en Acier Inoxydable! Compl\u00e9tez votre cuisine ext\u00e9rieure avec ces Supports de Grilles en Acier Inoxydable tr\u00e8s pratiques!","og_url":"https:\/\/www.kamadobbq.be\/fr\/shop\/kamado-joe-fr\/pieces_de_kamado\/supports-de-grille-en-acier-inoxydable\/","og_site_name":"Kamado BBQ | De Kamado &amp; BBQ Specialist!","article_publisher":"https:\/\/www.facebook.com\/KamadoBBQ\/","article_modified_time":"2025-12-01T23:12:47+00:00","og_image":[{"width":1440,"height":1080,"url":"https:\/\/www.kamadobbq.be\/wp-content\/uploads\/2022\/01\/RVS-Roosterhouders-scaled.jpg","type":"image\/jpeg"}],"twitter_card":"summary_large_image","twitter_misc":{"Est. reading time":"1 minute"},"schema":{"@context":"https:\/\/schema.org","@graph":[{"@type":"WebPage","@id":"https:\/\/www.kamadobbq.be\/fr\/shop\/kamado-joe-fr\/pieces_de_kamado\/supports-de-grille-en-acier-inoxydable\/","url":"https:\/\/www.kamadobbq.be\/fr\/shop\/kamado-joe-fr\/pieces_de_kamado\/supports-de-grille-en-acier-inoxydable\/","name":"Supports de Grilles en Acier Inoxydable - Kamado BBQ","isPartOf":{"@id":"https:\/\/www.kamadobbq.be\/fr\/#website"},"primaryImageOfPage":{"@id":"https:\/\/www.kamadobbq.be\/fr\/shop\/kamado-joe-fr\/pieces_de_kamado\/supports-de-grille-en-acier-inoxydable\/#primaryimage"},"image":{"@id":"https:\/\/www.kamadobbq.be\/fr\/shop\/kamado-joe-fr\/pieces_de_kamado\/supports-de-grille-en-acier-inoxydable\/#primaryimage"},"thumbnailUrl":"https:\/\/www.kamadobbq.be\/wp-content\/uploads\/2022\/01\/RVS-Roosterhouders-scaled.jpg","datePublished":"2022-01-24T14:01:03+00:00","dateModified":"2025-12-01T23:12:47+00:00","description":"Supports de Grilles en Acier Inoxydable! Compl\u00e9tez votre cuisine ext\u00e9rieure avec ces Supports de Grilles en Acier Inoxydable tr\u00e8s pratiques!","breadcrumb":{"@id":"https:\/\/www.kamadobbq.be\/fr\/shop\/kamado-joe-fr\/pieces_de_kamado\/supports-de-grille-en-acier-inoxydable\/#breadcrumb"},"inLanguage":"fr-BE","potentialAction":[{"@type":"ReadAction","target":["https:\/\/www.kamadobbq.be\/fr\/shop\/kamado-joe-fr\/pieces_de_kamado\/supports-de-grille-en-acier-inoxydable\/"]}]},{"@type":"ImageObject","inLanguage":"fr-BE","@id":"https:\/\/www.kamadobbq.be\/fr\/shop\/kamado-joe-fr\/pieces_de_kamado\/supports-de-grille-en-acier-inoxydable\/#primaryimage","url":"https:\/\/www.kamadobbq.be\/wp-content\/uploads\/2022\/01\/RVS-Roosterhouders-scaled.jpg","contentUrl":"https:\/\/www.kamadobbq.be\/wp-content\/uploads\/2022\/01\/RVS-Roosterhouders-scaled.jpg","width":1440,"height":1080},{"@type":"BreadcrumbList","@id":"https:\/\/www.kamadobbq.be\/fr\/shop\/kamado-joe-fr\/pieces_de_kamado\/supports-de-grille-en-acier-inoxydable\/#breadcrumb","itemListElement":[{"@type":"ListItem","position":1,"name":"Shop","item":"https:\/\/www.kamadobbq.be\/fr\/shop\/"},{"@type":"ListItem","position":2,"name":"Supports de Grilles en Acier Inoxydable"}]},{"@type":"WebSite","@id":"https:\/\/www.kamadobbq.be\/fr\/#website","url":"https:\/\/www.kamadobbq.be\/fr\/","name":"Kamado BBQ | De Kamado & BBQ Specialist!","description":"Beleef de ultieme barbecue ervaring - Kamado BBQ","publisher":{"@id":"https:\/\/www.kamadobbq.be\/fr\/#organization"},"alternateName":"Kamado BBQ","potentialAction":[{"@type":"SearchAction","target":{"@type":"EntryPoint","urlTemplate":"https:\/\/www.kamadobbq.be\/fr\/?s={search_term_string}"},"query-input":{"@type":"PropertyValueSpecification","valueRequired":true,"valueName":"search_term_string"}}],"inLanguage":"fr-BE"},{"@type":["Organization","Place","Store"],"@id":"https:\/\/www.kamadobbq.be\/fr\/#organization","name":"Kamado BBQ | De Kamado & BBQ Specialist!","url":"https:\/\/www.kamadobbq.be\/fr\/","logo":{"@id":"https:\/\/www.kamadobbq.be\/fr\/shop\/kamado-joe-fr\/pieces_de_kamado\/supports-de-grille-en-acier-inoxydable\/#local-main-organization-logo"},"image":{"@id":"https:\/\/www.kamadobbq.be\/fr\/shop\/kamado-joe-fr\/pieces_de_kamado\/supports-de-grille-en-acier-inoxydable\/#local-main-organization-logo"},"sameAs":["https:\/\/www.facebook.com\/KamadoBBQ\/","https:\/\/www.instagram.com\/kamado_bbq\/"],"address":{"@id":"https:\/\/www.kamadobbq.be\/fr\/shop\/kamado-joe-fr\/pieces_de_kamado\/supports-de-grille-en-acier-inoxydable\/#local-main-place-address"},"geo":{"@type":"GeoCoordinates","latitude":"50.979225960799056","longitude":"5.122391337257679"},"telephone":["+32 13 661 636"],"openingHoursSpecification":[{"@type":"OpeningHoursSpecification","dayOfWeek":["Monday","Tuesday","Wednesday","Thursday","Friday"],"opens":"10:00","closes":"17:30"},{"@type":"OpeningHoursSpecification","dayOfWeek":["Saturday"],"opens":"10:00","closes":"16:00"},{"@type":"OpeningHoursSpecification","dayOfWeek":["Sunday"],"opens":"00:00","closes":"00:00"}],"email":"info@kamadobbq.be","areaServed":"Europe","currenciesAccepted":"Eur"},{"@type":"PostalAddress","@id":"https:\/\/www.kamadobbq.be\/fr\/shop\/kamado-joe-fr\/pieces_de_kamado\/supports-de-grille-en-acier-inoxydable\/#local-main-place-address","streetAddress":"Meldertsestraat 8","addressLocality":"Zelem","postalCode":"3545","addressRegion":"Belgi\u00eb","addressCountry":"BE"},{"@type":"ImageObject","inLanguage":"fr-BE","@id":"https:\/\/www.kamadobbq.be\/fr\/shop\/kamado-joe-fr\/pieces_de_kamado\/supports-de-grille-en-acier-inoxydable\/#local-main-organization-logo","url":"https:\/\/www.kamadobbq.be\/wp-content\/uploads\/2022\/02\/kamadobbq-logo-2.svg","contentUrl":"https:\/\/www.kamadobbq.be\/wp-content\/uploads\/2022\/02\/kamadobbq-logo-2.svg","caption":"Kamado BBQ | De Kamado & BBQ Specialist!"}]},"geo.placename":"Zelem","geo.position":{"lat":"50.979225960799056","long":"5.122391337257679"},"geo.region":"Belgium"},"_links":{"self":[{"href":"https:\/\/www.kamadobbq.be\/fr\/wp-json\/wp\/v2\/product\/21086","targetHints":{"allow":["GET"]}}],"collection":[{"href":"https:\/\/www.kamadobbq.be\/fr\/wp-json\/wp\/v2\/product"}],"about":[{"href":"https:\/\/www.kamadobbq.be\/fr\/wp-json\/wp\/v2\/types\/product"}],"wp:featuredmedia":[{"embeddable":true,"href":"https:\/\/www.kamadobbq.be\/fr\/wp-json\/wp\/v2\/media\/21080"}],"wp:attachment":[{"href":"https:\/\/www.kamadobbq.be\/fr\/wp-json\/wp\/v2\/media?parent=21086"}],"wp:term":[{"taxonomy":"product_brand","embeddable":true,"href":"https:\/\/www.kamadobbq.be\/fr\/wp-json\/wp\/v2\/product_brand?post=21086"},{"taxonomy":"product_cat","embeddable":true,"href":"https:\/\/www.kamadobbq.be\/fr\/wp-json\/wp\/v2\/product_cat?post=21086"},{"taxonomy":"product_tag","embeddable":true,"href":"https:\/\/www.kamadobbq.be\/fr\/wp-json\/wp\/v2\/product_tag?post=21086"}],"curies":[{"name":"wp","href":"https:\/\/api.w.org\/{rel}","templated":true}]}}