{"id":20828,"date":"2021-04-02T21:34:45","date_gmt":"2021-04-02T19:34:45","guid":{"rendered":"https:\/\/www.kamadobbq.be\/shop\/non%20class\u00e9\/poele-en-fonte\/"},"modified":"2026-03-17T16:25:30","modified_gmt":"2026-03-17T15:25:30","slug":"poele-en-fonte","status":"publish","type":"product","link":"https:\/\/www.kamadobbq.be\/fr\/shop\/accessoires-outils-bbq\/accessoires-de-barbecue\/poele-en-fonte\/","title":{"rendered":"Po\u00eale en Fonte"},"content":{"rendered":"<p>Ce Po\u00eale en Fonte avec fond plat et diam\u00e8tre de 35cm est l\u2019accessoire id\u00e9al pour la cuisson de morceaux de viande et de l\u00e9gumes plus fins dans votre Kamado. Un \u0153uf, du bacon, des l\u00e9gumes raffin\u00e9s, nommez-le et vous obtenez le go\u00fbt d\u00e9licieux d&#8217;un vrai feu de bois dans vos plats. La fonte est parfaitement adapt\u00e9e pour retenir la chaleur et la r\u00e9partir uniform\u00e9ment sur toute la casserole. La conception \u00e9quilibr\u00e9e et les deux poign\u00e9es rendent le pan facile \u00e0 manipuler.<\/p>\n<p>La casserole est pr\u00e9-assaisonn\u00e9e avec de l&#8217;huile v\u00e9g\u00e9tale et pr\u00eate \u00e0 l&#8217;emploi.<\/p>\n<p>Vous aurez la garantie de profiter \u00e0 vie de cet accessoire.<\/p>\n<p><a href=\"https:\/\/www.kamadobbq.be\/fr\/service-expedition-collection\/traitement-de-la-fonte\/\" target=\"_blank\" rel=\"noopener\">D\u00e9couvrez ici comment entretenir au mieux la fonte &gt;&gt;<\/a><\/p>\n<p>&nbsp;<\/p>\n<h2>Caract\u00e9ristiques<\/h2>\n<ul>\n<li><strong>Diam\u00e8tre<\/strong> 35 cm<\/li>\n<li><strong>Largeur<\/strong> 42 cm<\/li>\n<li><strong>Hauteur<\/strong> 2,5 cm<\/li>\n<\/ul>\n","protected":false},"excerpt":{"rendered":"<p>Cette po\u00eale peut \u00e9galement \u00eatre utilis\u00e9e sur un feu ouvert ou sur tout type de cuiseur, m\u00eame \u00e0 induction.<\/p>\n<p>Utilisable dans Medium, Large, XL, Classic Joe et Big Joe ou OFYR.<\/p>\n<p>&nbsp;<\/p>\n","protected":false},"featured_media":15665,"template":"","meta":{"_acf_changed":false,"_et_pb_use_builder":"","_et_pb_old_content":"","_et_gb_content_width":""},"product_brand":[],"product_cat":[1253,650,675],"product_tag":[],"class_list":{"0":"post-20828","1":"product","2":"type-product","3":"status-publish","4":"has-post-thumbnail","6":"product_cat-fonte","7":"product_cat-accessoires-outils-bbq","8":"product_cat-accessoires-de-barbecue","10":"first","11":"instock","12":"taxable","13":"shipping-taxable","14":"purchasable","15":"product-type-simple"},"acf":[],"yoast_head":"<!-- This site is optimized with the Yoast SEO Premium plugin v25.4 (Yoast SEO v25.4) - https:\/\/yoast.com\/wordpress\/plugins\/seo\/ -->\n<title>Po\u00eale en Fonte - Kamado BBQ | De Kamado &amp; BBQ Specialist!<\/title>\n<meta name=\"description\" content=\"Po\u00eale en Fonte peut \u00e9galement \u00eatre utilis\u00e9e sur un feu ouvert ou sur tout type de cuiseur, m\u00eame \u00e0 induction. La casserole est pr\u00e9-assaisonn\u00e9e!\" \/>\n<meta name=\"robots\" content=\"index, follow, max-snippet:-1, max-image-preview:large, max-video-preview:-1\" \/>\n<link rel=\"canonical\" href=\"https:\/\/www.kamadobbq.be\/fr\/shop\/accessoires-outils-bbq\/accessoires-de-barbecue\/poele-en-fonte\/\" \/>\n<meta property=\"og:locale\" content=\"fr_FR\" \/>\n<meta property=\"og:type\" content=\"article\" \/>\n<meta property=\"og:title\" content=\"Po\u00eale en Fonte - Kamado BBQ | De Kamado &amp; BBQ Specialist!\" \/>\n<meta property=\"og:description\" content=\"Po\u00eale en Fonte peut \u00e9galement \u00eatre utilis\u00e9e sur un feu ouvert ou sur tout type de cuiseur, m\u00eame \u00e0 induction. La casserole est pr\u00e9-assaisonn\u00e9e!\" \/>\n<meta property=\"og:url\" content=\"https:\/\/www.kamadobbq.be\/fr\/shop\/accessoires-outils-bbq\/accessoires-de-barbecue\/poele-en-fonte\/\" \/>\n<meta property=\"og:site_name\" content=\"Kamado BBQ | De Kamado &amp; BBQ Specialist!\" \/>\n<meta property=\"article:publisher\" content=\"https:\/\/www.facebook.com\/KamadoBBQ\/\" \/>\n<meta property=\"article:modified_time\" content=\"2026-03-17T15:25:30+00:00\" \/>\n<meta property=\"og:image\" content=\"https:\/\/www.kamadobbq.be\/wp-content\/uploads\/2021\/02\/castironpan3_bew-compress.jpg\" \/>\n\t<meta property=\"og:image:width\" content=\"500\" \/>\n\t<meta property=\"og:image:height\" content=\"500\" \/>\n\t<meta property=\"og:image:type\" content=\"image\/jpeg\" \/>\n<meta name=\"twitter:card\" content=\"summary_large_image\" \/>\n<meta name=\"twitter:label1\" content=\"Est. reading time\" \/>\n\t<meta name=\"twitter:data1\" content=\"1 minute\" \/>\n<script type=\"application\/ld+json\" class=\"yoast-schema-graph\">{\"@context\":\"https:\/\/schema.org\",\"@graph\":[{\"@type\":\"WebPage\",\"@id\":\"https:\/\/www.kamadobbq.be\/fr\/shop\/accessoires-outils-bbq\/accessoires-de-barbecue\/poele-en-fonte\/\",\"url\":\"https:\/\/www.kamadobbq.be\/fr\/shop\/accessoires-outils-bbq\/accessoires-de-barbecue\/poele-en-fonte\/\",\"name\":\"Po\u00eale en Fonte - Kamado BBQ | De Kamado &amp; BBQ Specialist!\",\"isPartOf\":{\"@id\":\"https:\/\/www.kamadobbq.be\/fr\/#website\"},\"primaryImageOfPage\":{\"@id\":\"https:\/\/www.kamadobbq.be\/fr\/shop\/accessoires-outils-bbq\/accessoires-de-barbecue\/poele-en-fonte\/#primaryimage\"},\"image\":{\"@id\":\"https:\/\/www.kamadobbq.be\/fr\/shop\/accessoires-outils-bbq\/accessoires-de-barbecue\/poele-en-fonte\/#primaryimage\"},\"thumbnailUrl\":\"https:\/\/www.kamadobbq.be\/wp-content\/uploads\/2021\/02\/castironpan3_bew-compress.jpg\",\"datePublished\":\"2021-04-02T19:34:45+00:00\",\"dateModified\":\"2026-03-17T15:25:30+00:00\",\"description\":\"Po\u00eale en Fonte peut \u00e9galement \u00eatre utilis\u00e9e sur un feu ouvert ou sur tout type de cuiseur, m\u00eame \u00e0 induction. La casserole est pr\u00e9-assaisonn\u00e9e!\",\"breadcrumb\":{\"@id\":\"https:\/\/www.kamadobbq.be\/fr\/shop\/accessoires-outils-bbq\/accessoires-de-barbecue\/poele-en-fonte\/#breadcrumb\"},\"inLanguage\":\"fr-BE\",\"potentialAction\":[{\"@type\":\"ReadAction\",\"target\":[\"https:\/\/www.kamadobbq.be\/fr\/shop\/accessoires-outils-bbq\/accessoires-de-barbecue\/poele-en-fonte\/\"]}]},{\"@type\":\"ImageObject\",\"inLanguage\":\"fr-BE\",\"@id\":\"https:\/\/www.kamadobbq.be\/fr\/shop\/accessoires-outils-bbq\/accessoires-de-barbecue\/poele-en-fonte\/#primaryimage\",\"url\":\"https:\/\/www.kamadobbq.be\/wp-content\/uploads\/2021\/02\/castironpan3_bew-compress.jpg\",\"contentUrl\":\"https:\/\/www.kamadobbq.be\/wp-content\/uploads\/2021\/02\/castironpan3_bew-compress.jpg\",\"width\":500,\"height\":500,\"caption\":\"Po\u00eale en Fonte\"},{\"@type\":\"BreadcrumbList\",\"@id\":\"https:\/\/www.kamadobbq.be\/fr\/shop\/accessoires-outils-bbq\/accessoires-de-barbecue\/poele-en-fonte\/#breadcrumb\",\"itemListElement\":[{\"@type\":\"ListItem\",\"position\":1,\"name\":\"Shop\",\"item\":\"https:\/\/www.kamadobbq.be\/fr\/shop\/\"},{\"@type\":\"ListItem\",\"position\":2,\"name\":\"Po\u00eale en Fonte\"}]},{\"@type\":\"WebSite\",\"@id\":\"https:\/\/www.kamadobbq.be\/fr\/#website\",\"url\":\"https:\/\/www.kamadobbq.be\/fr\/\",\"name\":\"Kamado BBQ | De Kamado & BBQ Specialist!\",\"description\":\"Beleef de ultieme barbecue ervaring - Kamado BBQ\",\"publisher\":{\"@id\":\"https:\/\/www.kamadobbq.be\/fr\/#organization\"},\"alternateName\":\"Kamado BBQ\",\"potentialAction\":[{\"@type\":\"SearchAction\",\"target\":{\"@type\":\"EntryPoint\",\"urlTemplate\":\"https:\/\/www.kamadobbq.be\/fr\/?s={search_term_string}\"},\"query-input\":{\"@type\":\"PropertyValueSpecification\",\"valueRequired\":true,\"valueName\":\"search_term_string\"}}],\"inLanguage\":\"fr-BE\"},{\"@type\":[\"Organization\",\"Place\",\"Store\"],\"@id\":\"https:\/\/www.kamadobbq.be\/fr\/#organization\",\"name\":\"Kamado BBQ | De Kamado & BBQ Specialist!\",\"url\":\"https:\/\/www.kamadobbq.be\/fr\/\",\"logo\":{\"@id\":\"https:\/\/www.kamadobbq.be\/fr\/shop\/accessoires-outils-bbq\/accessoires-de-barbecue\/poele-en-fonte\/#local-main-organization-logo\"},\"image\":{\"@id\":\"https:\/\/www.kamadobbq.be\/fr\/shop\/accessoires-outils-bbq\/accessoires-de-barbecue\/poele-en-fonte\/#local-main-organization-logo\"},\"sameAs\":[\"https:\/\/www.facebook.com\/KamadoBBQ\/\",\"https:\/\/www.instagram.com\/kamado_bbq\/\"],\"address\":{\"@id\":\"https:\/\/www.kamadobbq.be\/fr\/shop\/accessoires-outils-bbq\/accessoires-de-barbecue\/poele-en-fonte\/#local-main-place-address\"},\"geo\":{\"@type\":\"GeoCoordinates\",\"latitude\":\"50.979225960799056\",\"longitude\":\"5.122391337257679\"},\"telephone\":[\"+32 13 661 636\"],\"openingHoursSpecification\":[{\"@type\":\"OpeningHoursSpecification\",\"dayOfWeek\":[\"Monday\",\"Tuesday\",\"Wednesday\",\"Thursday\",\"Friday\"],\"opens\":\"10:00\",\"closes\":\"17:30\"},{\"@type\":\"OpeningHoursSpecification\",\"dayOfWeek\":[\"Saturday\"],\"opens\":\"10:00\",\"closes\":\"16:00\"},{\"@type\":\"OpeningHoursSpecification\",\"dayOfWeek\":[\"Sunday\"],\"opens\":\"00:00\",\"closes\":\"00:00\"}],\"email\":\"info@kamadobbq.be\",\"areaServed\":\"Europe\",\"currenciesAccepted\":\"Eur\"},{\"@type\":\"PostalAddress\",\"@id\":\"https:\/\/www.kamadobbq.be\/fr\/shop\/accessoires-outils-bbq\/accessoires-de-barbecue\/poele-en-fonte\/#local-main-place-address\",\"streetAddress\":\"Meldertsestraat 8\",\"addressLocality\":\"Zelem\",\"postalCode\":\"3545\",\"addressRegion\":\"Belgi\u00eb\",\"addressCountry\":\"BE\"},{\"@type\":\"ImageObject\",\"inLanguage\":\"fr-BE\",\"@id\":\"https:\/\/www.kamadobbq.be\/fr\/shop\/accessoires-outils-bbq\/accessoires-de-barbecue\/poele-en-fonte\/#local-main-organization-logo\",\"url\":\"https:\/\/www.kamadobbq.be\/wp-content\/uploads\/2022\/02\/kamadobbq-logo-2.svg\",\"contentUrl\":\"https:\/\/www.kamadobbq.be\/wp-content\/uploads\/2022\/02\/kamadobbq-logo-2.svg\",\"caption\":\"Kamado BBQ | De Kamado & BBQ Specialist!\"}]}<\/script>\n<meta name=\"geo.placename\" content=\"Zelem\" \/>\n<meta name=\"geo.position\" content=\"50.979225960799056;5.122391337257679\" \/>\n<meta name=\"geo.region\" content=\"Belgium\" \/>\n<!-- \/ Yoast SEO Premium plugin. -->","yoast_head_json":{"title":"Po\u00eale en Fonte - Kamado BBQ | De Kamado &amp; BBQ Specialist!","description":"Po\u00eale en Fonte peut \u00e9galement \u00eatre utilis\u00e9e sur un feu ouvert ou sur tout type de cuiseur, m\u00eame \u00e0 induction. La casserole est pr\u00e9-assaisonn\u00e9e!","robots":{"index":"index","follow":"follow","max-snippet":"max-snippet:-1","max-image-preview":"max-image-preview:large","max-video-preview":"max-video-preview:-1"},"canonical":"https:\/\/www.kamadobbq.be\/fr\/shop\/accessoires-outils-bbq\/accessoires-de-barbecue\/poele-en-fonte\/","og_locale":"fr_FR","og_type":"article","og_title":"Po\u00eale en Fonte - Kamado BBQ | De Kamado &amp; BBQ Specialist!","og_description":"Po\u00eale en Fonte peut \u00e9galement \u00eatre utilis\u00e9e sur un feu ouvert ou sur tout type de cuiseur, m\u00eame \u00e0 induction. La casserole est pr\u00e9-assaisonn\u00e9e!","og_url":"https:\/\/www.kamadobbq.be\/fr\/shop\/accessoires-outils-bbq\/accessoires-de-barbecue\/poele-en-fonte\/","og_site_name":"Kamado BBQ | De Kamado &amp; BBQ Specialist!","article_publisher":"https:\/\/www.facebook.com\/KamadoBBQ\/","article_modified_time":"2026-03-17T15:25:30+00:00","og_image":[{"width":500,"height":500,"url":"https:\/\/www.kamadobbq.be\/wp-content\/uploads\/2021\/02\/castironpan3_bew-compress.jpg","type":"image\/jpeg"}],"twitter_card":"summary_large_image","twitter_misc":{"Est. reading time":"1 minute"},"schema":{"@context":"https:\/\/schema.org","@graph":[{"@type":"WebPage","@id":"https:\/\/www.kamadobbq.be\/fr\/shop\/accessoires-outils-bbq\/accessoires-de-barbecue\/poele-en-fonte\/","url":"https:\/\/www.kamadobbq.be\/fr\/shop\/accessoires-outils-bbq\/accessoires-de-barbecue\/poele-en-fonte\/","name":"Po\u00eale en Fonte - Kamado BBQ | De Kamado &amp; BBQ Specialist!","isPartOf":{"@id":"https:\/\/www.kamadobbq.be\/fr\/#website"},"primaryImageOfPage":{"@id":"https:\/\/www.kamadobbq.be\/fr\/shop\/accessoires-outils-bbq\/accessoires-de-barbecue\/poele-en-fonte\/#primaryimage"},"image":{"@id":"https:\/\/www.kamadobbq.be\/fr\/shop\/accessoires-outils-bbq\/accessoires-de-barbecue\/poele-en-fonte\/#primaryimage"},"thumbnailUrl":"https:\/\/www.kamadobbq.be\/wp-content\/uploads\/2021\/02\/castironpan3_bew-compress.jpg","datePublished":"2021-04-02T19:34:45+00:00","dateModified":"2026-03-17T15:25:30+00:00","description":"Po\u00eale en Fonte peut \u00e9galement \u00eatre utilis\u00e9e sur un feu ouvert ou sur tout type de cuiseur, m\u00eame \u00e0 induction. La casserole est pr\u00e9-assaisonn\u00e9e!","breadcrumb":{"@id":"https:\/\/www.kamadobbq.be\/fr\/shop\/accessoires-outils-bbq\/accessoires-de-barbecue\/poele-en-fonte\/#breadcrumb"},"inLanguage":"fr-BE","potentialAction":[{"@type":"ReadAction","target":["https:\/\/www.kamadobbq.be\/fr\/shop\/accessoires-outils-bbq\/accessoires-de-barbecue\/poele-en-fonte\/"]}]},{"@type":"ImageObject","inLanguage":"fr-BE","@id":"https:\/\/www.kamadobbq.be\/fr\/shop\/accessoires-outils-bbq\/accessoires-de-barbecue\/poele-en-fonte\/#primaryimage","url":"https:\/\/www.kamadobbq.be\/wp-content\/uploads\/2021\/02\/castironpan3_bew-compress.jpg","contentUrl":"https:\/\/www.kamadobbq.be\/wp-content\/uploads\/2021\/02\/castironpan3_bew-compress.jpg","width":500,"height":500,"caption":"Po\u00eale en Fonte"},{"@type":"BreadcrumbList","@id":"https:\/\/www.kamadobbq.be\/fr\/shop\/accessoires-outils-bbq\/accessoires-de-barbecue\/poele-en-fonte\/#breadcrumb","itemListElement":[{"@type":"ListItem","position":1,"name":"Shop","item":"https:\/\/www.kamadobbq.be\/fr\/shop\/"},{"@type":"ListItem","position":2,"name":"Po\u00eale en Fonte"}]},{"@type":"WebSite","@id":"https:\/\/www.kamadobbq.be\/fr\/#website","url":"https:\/\/www.kamadobbq.be\/fr\/","name":"Kamado BBQ | De Kamado & BBQ Specialist!","description":"Beleef de ultieme barbecue ervaring - Kamado BBQ","publisher":{"@id":"https:\/\/www.kamadobbq.be\/fr\/#organization"},"alternateName":"Kamado BBQ","potentialAction":[{"@type":"SearchAction","target":{"@type":"EntryPoint","urlTemplate":"https:\/\/www.kamadobbq.be\/fr\/?s={search_term_string}"},"query-input":{"@type":"PropertyValueSpecification","valueRequired":true,"valueName":"search_term_string"}}],"inLanguage":"fr-BE"},{"@type":["Organization","Place","Store"],"@id":"https:\/\/www.kamadobbq.be\/fr\/#organization","name":"Kamado BBQ | De Kamado & BBQ Specialist!","url":"https:\/\/www.kamadobbq.be\/fr\/","logo":{"@id":"https:\/\/www.kamadobbq.be\/fr\/shop\/accessoires-outils-bbq\/accessoires-de-barbecue\/poele-en-fonte\/#local-main-organization-logo"},"image":{"@id":"https:\/\/www.kamadobbq.be\/fr\/shop\/accessoires-outils-bbq\/accessoires-de-barbecue\/poele-en-fonte\/#local-main-organization-logo"},"sameAs":["https:\/\/www.facebook.com\/KamadoBBQ\/","https:\/\/www.instagram.com\/kamado_bbq\/"],"address":{"@id":"https:\/\/www.kamadobbq.be\/fr\/shop\/accessoires-outils-bbq\/accessoires-de-barbecue\/poele-en-fonte\/#local-main-place-address"},"geo":{"@type":"GeoCoordinates","latitude":"50.979225960799056","longitude":"5.122391337257679"},"telephone":["+32 13 661 636"],"openingHoursSpecification":[{"@type":"OpeningHoursSpecification","dayOfWeek":["Monday","Tuesday","Wednesday","Thursday","Friday"],"opens":"10:00","closes":"17:30"},{"@type":"OpeningHoursSpecification","dayOfWeek":["Saturday"],"opens":"10:00","closes":"16:00"},{"@type":"OpeningHoursSpecification","dayOfWeek":["Sunday"],"opens":"00:00","closes":"00:00"}],"email":"info@kamadobbq.be","areaServed":"Europe","currenciesAccepted":"Eur"},{"@type":"PostalAddress","@id":"https:\/\/www.kamadobbq.be\/fr\/shop\/accessoires-outils-bbq\/accessoires-de-barbecue\/poele-en-fonte\/#local-main-place-address","streetAddress":"Meldertsestraat 8","addressLocality":"Zelem","postalCode":"3545","addressRegion":"Belgi\u00eb","addressCountry":"BE"},{"@type":"ImageObject","inLanguage":"fr-BE","@id":"https:\/\/www.kamadobbq.be\/fr\/shop\/accessoires-outils-bbq\/accessoires-de-barbecue\/poele-en-fonte\/#local-main-organization-logo","url":"https:\/\/www.kamadobbq.be\/wp-content\/uploads\/2022\/02\/kamadobbq-logo-2.svg","contentUrl":"https:\/\/www.kamadobbq.be\/wp-content\/uploads\/2022\/02\/kamadobbq-logo-2.svg","caption":"Kamado BBQ | De Kamado & BBQ Specialist!"}]},"geo.placename":"Zelem","geo.position":{"lat":"50.979225960799056","long":"5.122391337257679"},"geo.region":"Belgium"},"_links":{"self":[{"href":"https:\/\/www.kamadobbq.be\/fr\/wp-json\/wp\/v2\/product\/20828","targetHints":{"allow":["GET"]}}],"collection":[{"href":"https:\/\/www.kamadobbq.be\/fr\/wp-json\/wp\/v2\/product"}],"about":[{"href":"https:\/\/www.kamadobbq.be\/fr\/wp-json\/wp\/v2\/types\/product"}],"wp:featuredmedia":[{"embeddable":true,"href":"https:\/\/www.kamadobbq.be\/fr\/wp-json\/wp\/v2\/media\/15665"}],"wp:attachment":[{"href":"https:\/\/www.kamadobbq.be\/fr\/wp-json\/wp\/v2\/media?parent=20828"}],"wp:term":[{"taxonomy":"product_brand","embeddable":true,"href":"https:\/\/www.kamadobbq.be\/fr\/wp-json\/wp\/v2\/product_brand?post=20828"},{"taxonomy":"product_cat","embeddable":true,"href":"https:\/\/www.kamadobbq.be\/fr\/wp-json\/wp\/v2\/product_cat?post=20828"},{"taxonomy":"product_tag","embeddable":true,"href":"https:\/\/www.kamadobbq.be\/fr\/wp-json\/wp\/v2\/product_tag?post=20828"}],"curies":[{"name":"wp","href":"https:\/\/api.w.org\/{rel}","templated":true}]}}