{"id":20631,"date":"2021-04-02T21:16:31","date_gmt":"2021-04-02T19:16:31","guid":{"rendered":"https:\/\/www.kamadobbq.be\/shop\/non%20class\u00e9\/kamado-joe-classic\/"},"modified":"2026-03-30T13:00:13","modified_gmt":"2026-03-30T11:00:13","slug":"kamado-joe-classic-joe","status":"publish","type":"product","link":"https:\/\/www.kamadobbq.be\/fr\/shop\/kamado-joe-fr\/barbecues\/kamado-joe-classic-joe\/","title":{"rendered":"Kamado Joe Classic I"},"content":{"rendered":"<p>Le Classic Joe est le pr\u00e9d\u00e9cesseur des Classic II et Classic III, plus innovants. Il comporte moins d&#8217;innovations, mais il est d\u00e9j\u00e0 \u00e9quip\u00e9 du syst\u00e8me Divide &amp; Conquer et du tiroir \u00e0 cendres amovible. Aujourd&#8217;hui, Classic Joe propose \u00e9galement un Firebox AMP incassable et des tablettes lat\u00e9rales en m\u00e9tal avec un rev\u00eatement en poudre noir.<\/p>\n<h2>Innovations uniques<\/h2>\n<ul>\n<li>Le syst\u00e8me de cuisson Divide &amp; Conquer vous permet d&#8217;utiliser diff\u00e9rentes surfaces de cuisson et de combiner la grillade directe et indirecte sans devoir proc\u00e9der \u00e0 une conversion en cours de session<\/li>\n<li>Tiroir de r\u00e9cup\u00e9ration de cendres permettant de retirer facilement les cendres<\/li>\n<li>AMP Firebox le foyer incassable brevet\u00e9 compos\u00e9 de 6 pi\u00e8ces<\/li>\n<li><strong>Mise \u00e0 jour:<\/strong> depuis 2021, la Classic I a des tablettes lat\u00e9rales rabattables en m\u00e9tal avec un rev\u00eatement en poudre noir<\/li>\n<\/ul>\n<p><iframe title=\"YouTube video player\" src=\"https:\/\/www.youtube.com\/embed\/0qAdUJsgCMc\" width=\"560\" height=\"315\" frameborder=\"0\" allowfullscreen=\"allowfullscreen\"><\/iframe> The Kamado Joe Classic a le m\u00eame diam\u00e8tre\u00a0 (\u00d8 46 cm) que les autres mod\u00e8les Classic et peut utiliser la m\u00eame gamme d&#8217;accessoires: JoeTisserie, Pierre \u00e0 Pizza, Support C\u00e9ramique Cuisson Poulet, Support C\u00f4tes, Extension de Grille et beaucoup plus! Gr\u00e2ce \u00e0 son solide chariot avec des roues frein\u00e9es, il est facile \u00e0 d\u00e9placer.<\/p>\n<h2>Kamado\u00a0Joe Classic<\/h2>\n<ul>\n<li>Surface de cuisson \u00d8 46 cm<\/li>\n<li>Capacit\u00e9 de cuisson pour 2 \u00e0 6 personnes<\/li>\n<li>Poids total 85 kg<\/li>\n<\/ul>\n<p><strong>Le Kamado Joe Classic est livr\u00e9 tr\u00e8s bien \u00e9quip\u00e9, ceci est inclus<\/strong><strong>:<\/strong><\/p>\n<ul>\n<li>Kamado\u00a0Joe\u00a0Classic BBQ\u00a0en c\u00e9ramique<\/li>\n<li>AMP Firebox (foyer)\u202f compos\u00e9 de 6 pi\u00e8ces<\/li>\n<li>Syst\u00e8me d\u2019a\u00e9ration performant<\/li>\n<li>Charni\u00e8re du couvercle avec deux ressorts<\/li>\n<li>Feutre de haute qualit\u00e9 pour la fermeture du couvercle<\/li>\n<li>Tiroir de r\u00e9cup\u00e9ration de cendres brevet\u00e9<\/li>\n<li>Grille de fond en fer forg\u00e9<\/li>\n<li>Solide chariot avec des roues frein\u00e9es<\/li>\n<li>Tablettes lat\u00e9rales rabattables en m\u00e9tal avec un rev\u00eatement en poudre noir<\/li>\n<li>Tisonnier<\/li>\n<li>Pince de gril<\/li>\n<li>Thermom\u00e8tre \u00e0 couvercle int\u00e9gr\u00e9<\/li>\n<li>Divide\u00a0&amp;\u00a0Conquer\u00a0Flexible\u00a0Cooking System\n<ul>\n<li>Grille Flexible (deux \u00e9tages de grille)<\/li>\n<li>2x Grille Demi-Lune en Acier Inoxydable (\u00d8 46 cm)<\/li>\n<li>2x D\u00e9flecteur de Chaleur Demi-Lune<\/li>\n<\/ul>\n<\/li>\n<\/ul>\n<p>&nbsp;<\/p>\n<h2>Versatile<\/h2>\n<p>Pourquoi un Kamado Joe est un barbecue si merveilleusement versatile et facile \u00e0 utiliser que tout le monde veut avoir chez soi? <strong>Les deux principes de base:<\/strong><\/p>\n<ul>\n<li>Masse: La grande masse, le poids \u00e9lev\u00e9 de votre Kamado Joe permet de le maintenir tr\u00e8s facilement \u00e0 une temp\u00e9rature constante pendant une longue p\u00e9riode, m\u00eame en cas de temps froid ou venteux.<\/li>\n<li>Fermeture herm\u00e9tique: Le couvercle de votre Kamado Joe s&#8217;adapte tr\u00e8s bien au fond gr\u00e2ce au feutre de haute qualit\u00e9. Vous pouvez ainsi d\u00e9terminer la quantit\u00e9 exacte d&#8217;air qui peut entrer dans l&#8217;appareil. Vous contr\u00f4lez tr\u00e8s pr\u00e9cis\u00e9ment la temp\u00e9rature et limitez au maximum le flux d&#8217;air dans votre kamado. Le r\u00e9sultat : une tr\u00e8s basse consommation de charbon de bois et une r\u00e9tention maximale de l&#8217;humidit\u00e9 dans vos viandes et autres plats.<\/li>\n<\/ul>\n<p><strong>Cela rend le Kamado Joe tr\u00e8s pratique \u00e0 utiliser et versatile!<\/strong><\/p>\n<ul>\n<li>Slow cooking &amp; fumoir \u00e0 100\u00b0C (fumer)<\/li>\n<li>Grillade rapide \u00e0 180\u00b0C chaud en seulement 15 minutes (griller)<\/li>\n<li>Grillage de steak \u00e0 haute temp\u00e9rature \u00e0 300\u00b0C (saisir)<\/li>\n<li>Pizzas at 380\u00b0C, pain, quiche &amp; plats du four (cuisson au four)<\/li>\n<\/ul>\n<p>*<a href=\"https:\/\/www.kamadobbq.be\/fr\/service-expedition-collection\/\">Conditions de livraison et d&#8217;installation personnalis\u00e9es.<\/a> <strong>Dimensions de l\u2019emballage :<\/strong> 75 cm \u00d7 75 cm \u00d7 89 cm<br data-start=\"158\" data-end=\"161\" data-is-only-node=\"\" \/><strong>Poids :<\/strong> \u00b1 123 kg<\/p>\n","protected":false},"excerpt":{"rendered":"<p>Le Classic Joe est le mod\u00e8le original de Kamado Joe qui a tout lanc\u00e9 en 2009! Il est grand, polyvalent et livr\u00e9 avec tous les accessoires n\u00e9cessaires!<\/p>\n<ul>\n<li>Obtenez cette incroyable saveur de fum\u00e9<\/li>\n<li>Facile \u00e0 maintenir en temp\u00e9rature pour les longues sessions de cuisson<\/li>\n<li>Pr\u00e9parez des casseroles, des pains et des pizzas d\u00e9licieux<\/li>\n<li>Surface de cuisson \u00d8 46 cm, adaptable sur deux hauteurs<\/li>\n<li>Utilise tr\u00e8s peu de charbon de bois<\/li>\n<li>Des capacit\u00e9s et une utilisation sans pr\u00e9c\u00e9dent<\/li>\n<li>Un kamado tr\u00e8s complet<\/li>\n<li>Garantie \u00e0 vie<\/li>\n<\/ul>\n<p>&nbsp;<\/p>\n","protected":false},"featured_media":40390,"template":"","meta":{"_acf_changed":false,"_et_pb_use_builder":"","_et_pb_old_content":"","_et_gb_content_width":""},"product_brand":[],"product_cat":[682,683],"product_tag":[],"class_list":{"0":"post-20631","1":"product","2":"type-product","3":"status-publish","4":"has-post-thumbnail","6":"product_cat-kamado-joe-fr","7":"product_cat-barbecues","9":"first","10":"instock","11":"taxable","12":"shipping-taxable","13":"purchasable","14":"product-type-simple"},"acf":[],"yoast_head":"<!-- This site is optimized with the Yoast SEO Premium plugin v25.4 (Yoast SEO v25.4) - https:\/\/yoast.com\/wordpress\/plugins\/seo\/ -->\n<title>Kamado Joe Classic I - Kamado BBQ | De Kamado &amp; BBQ Specialist!<\/title>\n<meta name=\"description\" content=\"Le Classic Joe est le mod\u00e8le original de Kamado Joe qui a tout lanc\u00e9 en 2009! Il est grand, polyvalent et livr\u00e9 avec tous les accessoires n\u00e9cessaires!\" \/>\n<meta name=\"robots\" content=\"index, follow, max-snippet:-1, max-image-preview:large, max-video-preview:-1\" \/>\n<link rel=\"canonical\" href=\"https:\/\/www.kamadobbq.be\/fr\/shop\/kamado-joe-fr\/barbecues\/kamado-joe-classic-joe\/\" \/>\n<meta property=\"og:locale\" content=\"fr_FR\" \/>\n<meta property=\"og:type\" content=\"article\" \/>\n<meta property=\"og:title\" content=\"Kamado Joe Classic I - Kamado BBQ | De Kamado &amp; BBQ Specialist!\" \/>\n<meta property=\"og:description\" content=\"Le Classic Joe est le mod\u00e8le original de Kamado Joe qui a tout lanc\u00e9 en 2009! Il est grand, polyvalent et livr\u00e9 avec tous les accessoires n\u00e9cessaires!\" \/>\n<meta property=\"og:url\" content=\"https:\/\/www.kamadobbq.be\/fr\/shop\/kamado-joe-fr\/barbecues\/kamado-joe-classic-joe\/\" \/>\n<meta property=\"og:site_name\" content=\"Kamado BBQ | De Kamado &amp; BBQ Specialist!\" \/>\n<meta property=\"article:publisher\" content=\"https:\/\/www.facebook.com\/KamadoBBQ\/\" \/>\n<meta property=\"article:modified_time\" content=\"2026-03-30T11:00:13+00:00\" \/>\n<meta property=\"og:image\" content=\"https:\/\/www.kamadobbq.be\/wp-content\/uploads\/2021\/04\/Classic-I_G-compress.png\" \/>\n\t<meta property=\"og:image:width\" content=\"1000\" \/>\n\t<meta property=\"og:image:height\" content=\"1000\" \/>\n\t<meta property=\"og:image:type\" content=\"image\/png\" \/>\n<meta name=\"twitter:card\" content=\"summary_large_image\" \/>\n<meta name=\"twitter:label1\" content=\"Est. reading time\" \/>\n\t<meta name=\"twitter:data1\" content=\"3 minutes\" \/>\n<script type=\"application\/ld+json\" class=\"yoast-schema-graph\">{\"@context\":\"https:\/\/schema.org\",\"@graph\":[{\"@type\":\"WebPage\",\"@id\":\"https:\/\/www.kamadobbq.be\/fr\/shop\/kamado-joe-fr\/barbecues\/kamado-joe-classic-joe\/\",\"url\":\"https:\/\/www.kamadobbq.be\/fr\/shop\/kamado-joe-fr\/barbecues\/kamado-joe-classic-joe\/\",\"name\":\"Kamado Joe Classic I - Kamado BBQ | De Kamado &amp; BBQ Specialist!\",\"isPartOf\":{\"@id\":\"https:\/\/www.kamadobbq.be\/fr\/#website\"},\"primaryImageOfPage\":{\"@id\":\"https:\/\/www.kamadobbq.be\/fr\/shop\/kamado-joe-fr\/barbecues\/kamado-joe-classic-joe\/#primaryimage\"},\"image\":{\"@id\":\"https:\/\/www.kamadobbq.be\/fr\/shop\/kamado-joe-fr\/barbecues\/kamado-joe-classic-joe\/#primaryimage\"},\"thumbnailUrl\":\"https:\/\/www.kamadobbq.be\/wp-content\/uploads\/2021\/04\/Classic-I_G-compress.png\",\"datePublished\":\"2021-04-02T19:16:31+00:00\",\"dateModified\":\"2026-03-30T11:00:13+00:00\",\"description\":\"Le Classic Joe est le mod\u00e8le original de Kamado Joe qui a tout lanc\u00e9 en 2009! Il est grand, polyvalent et livr\u00e9 avec tous les accessoires n\u00e9cessaires!\",\"breadcrumb\":{\"@id\":\"https:\/\/www.kamadobbq.be\/fr\/shop\/kamado-joe-fr\/barbecues\/kamado-joe-classic-joe\/#breadcrumb\"},\"inLanguage\":\"fr-BE\",\"potentialAction\":[{\"@type\":\"ReadAction\",\"target\":[\"https:\/\/www.kamadobbq.be\/fr\/shop\/kamado-joe-fr\/barbecues\/kamado-joe-classic-joe\/\"]}]},{\"@type\":\"ImageObject\",\"inLanguage\":\"fr-BE\",\"@id\":\"https:\/\/www.kamadobbq.be\/fr\/shop\/kamado-joe-fr\/barbecues\/kamado-joe-classic-joe\/#primaryimage\",\"url\":\"https:\/\/www.kamadobbq.be\/wp-content\/uploads\/2021\/04\/Classic-I_G-compress.png\",\"contentUrl\":\"https:\/\/www.kamadobbq.be\/wp-content\/uploads\/2021\/04\/Classic-I_G-compress.png\",\"width\":1000,\"height\":1000},{\"@type\":\"BreadcrumbList\",\"@id\":\"https:\/\/www.kamadobbq.be\/fr\/shop\/kamado-joe-fr\/barbecues\/kamado-joe-classic-joe\/#breadcrumb\",\"itemListElement\":[{\"@type\":\"ListItem\",\"position\":1,\"name\":\"Shop\",\"item\":\"https:\/\/www.kamadobbq.be\/fr\/shop\/\"},{\"@type\":\"ListItem\",\"position\":2,\"name\":\"Kamado Joe Classic I\"}]},{\"@type\":\"WebSite\",\"@id\":\"https:\/\/www.kamadobbq.be\/fr\/#website\",\"url\":\"https:\/\/www.kamadobbq.be\/fr\/\",\"name\":\"Kamado BBQ | De Kamado & BBQ Specialist!\",\"description\":\"Beleef de ultieme barbecue ervaring - Kamado BBQ\",\"publisher\":{\"@id\":\"https:\/\/www.kamadobbq.be\/fr\/#organization\"},\"alternateName\":\"Kamado BBQ\",\"potentialAction\":[{\"@type\":\"SearchAction\",\"target\":{\"@type\":\"EntryPoint\",\"urlTemplate\":\"https:\/\/www.kamadobbq.be\/fr\/?s={search_term_string}\"},\"query-input\":{\"@type\":\"PropertyValueSpecification\",\"valueRequired\":true,\"valueName\":\"search_term_string\"}}],\"inLanguage\":\"fr-BE\"},{\"@type\":[\"Organization\",\"Place\",\"Store\"],\"@id\":\"https:\/\/www.kamadobbq.be\/fr\/#organization\",\"name\":\"Kamado BBQ | De Kamado & BBQ Specialist!\",\"url\":\"https:\/\/www.kamadobbq.be\/fr\/\",\"logo\":{\"@id\":\"https:\/\/www.kamadobbq.be\/fr\/shop\/kamado-joe-fr\/barbecues\/kamado-joe-classic-joe\/#local-main-organization-logo\"},\"image\":{\"@id\":\"https:\/\/www.kamadobbq.be\/fr\/shop\/kamado-joe-fr\/barbecues\/kamado-joe-classic-joe\/#local-main-organization-logo\"},\"sameAs\":[\"https:\/\/www.facebook.com\/KamadoBBQ\/\",\"https:\/\/www.instagram.com\/kamado_bbq\/\"],\"address\":{\"@id\":\"https:\/\/www.kamadobbq.be\/fr\/shop\/kamado-joe-fr\/barbecues\/kamado-joe-classic-joe\/#local-main-place-address\"},\"geo\":{\"@type\":\"GeoCoordinates\",\"latitude\":\"50.979225960799056\",\"longitude\":\"5.122391337257679\"},\"telephone\":[\"+32 13 661 636\"],\"openingHoursSpecification\":[{\"@type\":\"OpeningHoursSpecification\",\"dayOfWeek\":[\"Monday\",\"Tuesday\",\"Wednesday\",\"Thursday\",\"Friday\"],\"opens\":\"10:00\",\"closes\":\"17:30\"},{\"@type\":\"OpeningHoursSpecification\",\"dayOfWeek\":[\"Saturday\"],\"opens\":\"10:00\",\"closes\":\"16:00\"},{\"@type\":\"OpeningHoursSpecification\",\"dayOfWeek\":[\"Sunday\"],\"opens\":\"00:00\",\"closes\":\"00:00\"}],\"email\":\"info@kamadobbq.be\",\"areaServed\":\"Europe\",\"currenciesAccepted\":\"Eur\"},{\"@type\":\"PostalAddress\",\"@id\":\"https:\/\/www.kamadobbq.be\/fr\/shop\/kamado-joe-fr\/barbecues\/kamado-joe-classic-joe\/#local-main-place-address\",\"streetAddress\":\"Meldertsestraat 8\",\"addressLocality\":\"Zelem\",\"postalCode\":\"3545\",\"addressRegion\":\"Belgi\u00eb\",\"addressCountry\":\"BE\"},{\"@type\":\"ImageObject\",\"inLanguage\":\"fr-BE\",\"@id\":\"https:\/\/www.kamadobbq.be\/fr\/shop\/kamado-joe-fr\/barbecues\/kamado-joe-classic-joe\/#local-main-organization-logo\",\"url\":\"https:\/\/www.kamadobbq.be\/wp-content\/uploads\/2022\/02\/kamadobbq-logo-2.svg\",\"contentUrl\":\"https:\/\/www.kamadobbq.be\/wp-content\/uploads\/2022\/02\/kamadobbq-logo-2.svg\",\"caption\":\"Kamado BBQ | De Kamado & BBQ Specialist!\"}]}<\/script>\n<meta property=\"og:video\" content=\"https:\/\/www.youtube.com\/embed\/0qAdUJsgCMc\" \/>\n<meta property=\"og:video:type\" content=\"text\/html\" \/>\n<meta property=\"og:video:duration\" content=\"280\" \/>\n<meta property=\"og:video:width\" content=\"480\" \/>\n<meta property=\"og:video:height\" content=\"270\" \/>\n<meta property=\"ya:ovs:adult\" content=\"false\" \/>\n<meta property=\"ya:ovs:upload_date\" content=\"2021-04-02T19:16:31+00:00\" \/>\n<meta property=\"ya:ovs:allow_embed\" content=\"true\" \/>\n<meta name=\"geo.placename\" content=\"Zelem\" \/>\n<meta name=\"geo.position\" content=\"50.979225960799056;5.122391337257679\" \/>\n<meta name=\"geo.region\" content=\"Belgium\" \/>\n<!-- \/ Yoast SEO Premium plugin. -->","yoast_head_json":{"title":"Kamado Joe Classic I - Kamado BBQ | De Kamado &amp; BBQ Specialist!","description":"Le Classic Joe est le mod\u00e8le original de Kamado Joe qui a tout lanc\u00e9 en 2009! Il est grand, polyvalent et livr\u00e9 avec tous les accessoires n\u00e9cessaires!","robots":{"index":"index","follow":"follow","max-snippet":"max-snippet:-1","max-image-preview":"max-image-preview:large","max-video-preview":"max-video-preview:-1"},"canonical":"https:\/\/www.kamadobbq.be\/fr\/shop\/kamado-joe-fr\/barbecues\/kamado-joe-classic-joe\/","og_locale":"fr_FR","og_type":"article","og_title":"Kamado Joe Classic I - Kamado BBQ | De Kamado &amp; BBQ Specialist!","og_description":"Le Classic Joe est le mod\u00e8le original de Kamado Joe qui a tout lanc\u00e9 en 2009! Il est grand, polyvalent et livr\u00e9 avec tous les accessoires n\u00e9cessaires!","og_url":"https:\/\/www.kamadobbq.be\/fr\/shop\/kamado-joe-fr\/barbecues\/kamado-joe-classic-joe\/","og_site_name":"Kamado BBQ | De Kamado &amp; BBQ Specialist!","article_publisher":"https:\/\/www.facebook.com\/KamadoBBQ\/","article_modified_time":"2026-03-30T11:00:13+00:00","og_image":[{"width":1000,"height":1000,"url":"https:\/\/www.kamadobbq.be\/wp-content\/uploads\/2021\/04\/Classic-I_G-compress.png","type":"image\/png"}],"twitter_card":"summary_large_image","twitter_misc":{"Est. reading time":"3 minutes"},"schema":{"@context":"https:\/\/schema.org","@graph":[{"@type":"WebPage","@id":"https:\/\/www.kamadobbq.be\/fr\/shop\/kamado-joe-fr\/barbecues\/kamado-joe-classic-joe\/","url":"https:\/\/www.kamadobbq.be\/fr\/shop\/kamado-joe-fr\/barbecues\/kamado-joe-classic-joe\/","name":"Kamado Joe Classic I - Kamado BBQ | De Kamado &amp; BBQ Specialist!","isPartOf":{"@id":"https:\/\/www.kamadobbq.be\/fr\/#website"},"primaryImageOfPage":{"@id":"https:\/\/www.kamadobbq.be\/fr\/shop\/kamado-joe-fr\/barbecues\/kamado-joe-classic-joe\/#primaryimage"},"image":{"@id":"https:\/\/www.kamadobbq.be\/fr\/shop\/kamado-joe-fr\/barbecues\/kamado-joe-classic-joe\/#primaryimage"},"thumbnailUrl":"https:\/\/www.kamadobbq.be\/wp-content\/uploads\/2021\/04\/Classic-I_G-compress.png","datePublished":"2021-04-02T19:16:31+00:00","dateModified":"2026-03-30T11:00:13+00:00","description":"Le Classic Joe est le mod\u00e8le original de Kamado Joe qui a tout lanc\u00e9 en 2009! Il est grand, polyvalent et livr\u00e9 avec tous les accessoires n\u00e9cessaires!","breadcrumb":{"@id":"https:\/\/www.kamadobbq.be\/fr\/shop\/kamado-joe-fr\/barbecues\/kamado-joe-classic-joe\/#breadcrumb"},"inLanguage":"fr-BE","potentialAction":[{"@type":"ReadAction","target":["https:\/\/www.kamadobbq.be\/fr\/shop\/kamado-joe-fr\/barbecues\/kamado-joe-classic-joe\/"]}]},{"@type":"ImageObject","inLanguage":"fr-BE","@id":"https:\/\/www.kamadobbq.be\/fr\/shop\/kamado-joe-fr\/barbecues\/kamado-joe-classic-joe\/#primaryimage","url":"https:\/\/www.kamadobbq.be\/wp-content\/uploads\/2021\/04\/Classic-I_G-compress.png","contentUrl":"https:\/\/www.kamadobbq.be\/wp-content\/uploads\/2021\/04\/Classic-I_G-compress.png","width":1000,"height":1000},{"@type":"BreadcrumbList","@id":"https:\/\/www.kamadobbq.be\/fr\/shop\/kamado-joe-fr\/barbecues\/kamado-joe-classic-joe\/#breadcrumb","itemListElement":[{"@type":"ListItem","position":1,"name":"Shop","item":"https:\/\/www.kamadobbq.be\/fr\/shop\/"},{"@type":"ListItem","position":2,"name":"Kamado Joe Classic I"}]},{"@type":"WebSite","@id":"https:\/\/www.kamadobbq.be\/fr\/#website","url":"https:\/\/www.kamadobbq.be\/fr\/","name":"Kamado BBQ | De Kamado & BBQ Specialist!","description":"Beleef de ultieme barbecue ervaring - Kamado BBQ","publisher":{"@id":"https:\/\/www.kamadobbq.be\/fr\/#organization"},"alternateName":"Kamado BBQ","potentialAction":[{"@type":"SearchAction","target":{"@type":"EntryPoint","urlTemplate":"https:\/\/www.kamadobbq.be\/fr\/?s={search_term_string}"},"query-input":{"@type":"PropertyValueSpecification","valueRequired":true,"valueName":"search_term_string"}}],"inLanguage":"fr-BE"},{"@type":["Organization","Place","Store"],"@id":"https:\/\/www.kamadobbq.be\/fr\/#organization","name":"Kamado BBQ | De Kamado & BBQ Specialist!","url":"https:\/\/www.kamadobbq.be\/fr\/","logo":{"@id":"https:\/\/www.kamadobbq.be\/fr\/shop\/kamado-joe-fr\/barbecues\/kamado-joe-classic-joe\/#local-main-organization-logo"},"image":{"@id":"https:\/\/www.kamadobbq.be\/fr\/shop\/kamado-joe-fr\/barbecues\/kamado-joe-classic-joe\/#local-main-organization-logo"},"sameAs":["https:\/\/www.facebook.com\/KamadoBBQ\/","https:\/\/www.instagram.com\/kamado_bbq\/"],"address":{"@id":"https:\/\/www.kamadobbq.be\/fr\/shop\/kamado-joe-fr\/barbecues\/kamado-joe-classic-joe\/#local-main-place-address"},"geo":{"@type":"GeoCoordinates","latitude":"50.979225960799056","longitude":"5.122391337257679"},"telephone":["+32 13 661 636"],"openingHoursSpecification":[{"@type":"OpeningHoursSpecification","dayOfWeek":["Monday","Tuesday","Wednesday","Thursday","Friday"],"opens":"10:00","closes":"17:30"},{"@type":"OpeningHoursSpecification","dayOfWeek":["Saturday"],"opens":"10:00","closes":"16:00"},{"@type":"OpeningHoursSpecification","dayOfWeek":["Sunday"],"opens":"00:00","closes":"00:00"}],"email":"info@kamadobbq.be","areaServed":"Europe","currenciesAccepted":"Eur"},{"@type":"PostalAddress","@id":"https:\/\/www.kamadobbq.be\/fr\/shop\/kamado-joe-fr\/barbecues\/kamado-joe-classic-joe\/#local-main-place-address","streetAddress":"Meldertsestraat 8","addressLocality":"Zelem","postalCode":"3545","addressRegion":"Belgi\u00eb","addressCountry":"BE"},{"@type":"ImageObject","inLanguage":"fr-BE","@id":"https:\/\/www.kamadobbq.be\/fr\/shop\/kamado-joe-fr\/barbecues\/kamado-joe-classic-joe\/#local-main-organization-logo","url":"https:\/\/www.kamadobbq.be\/wp-content\/uploads\/2022\/02\/kamadobbq-logo-2.svg","contentUrl":"https:\/\/www.kamadobbq.be\/wp-content\/uploads\/2022\/02\/kamadobbq-logo-2.svg","caption":"Kamado BBQ | De Kamado & BBQ Specialist!"}]},"og_video":"https:\/\/www.youtube.com\/embed\/0qAdUJsgCMc","og_video_type":"text\/html","og_video_duration":"280","og_video_width":"480","og_video_height":"270","ya_ovs_adult":"false","ya_ovs_upload_date":"2021-04-02T19:16:31+00:00","ya_ovs_allow_embed":"true","geo.placename":"Zelem","geo.position":{"lat":"50.979225960799056","long":"5.122391337257679"},"geo.region":"Belgium"},"_links":{"self":[{"href":"https:\/\/www.kamadobbq.be\/fr\/wp-json\/wp\/v2\/product\/20631","targetHints":{"allow":["GET"]}}],"collection":[{"href":"https:\/\/www.kamadobbq.be\/fr\/wp-json\/wp\/v2\/product"}],"about":[{"href":"https:\/\/www.kamadobbq.be\/fr\/wp-json\/wp\/v2\/types\/product"}],"wp:featuredmedia":[{"embeddable":true,"href":"https:\/\/www.kamadobbq.be\/fr\/wp-json\/wp\/v2\/media\/40390"}],"wp:attachment":[{"href":"https:\/\/www.kamadobbq.be\/fr\/wp-json\/wp\/v2\/media?parent=20631"}],"wp:term":[{"taxonomy":"product_brand","embeddable":true,"href":"https:\/\/www.kamadobbq.be\/fr\/wp-json\/wp\/v2\/product_brand?post=20631"},{"taxonomy":"product_cat","embeddable":true,"href":"https:\/\/www.kamadobbq.be\/fr\/wp-json\/wp\/v2\/product_cat?post=20631"},{"taxonomy":"product_tag","embeddable":true,"href":"https:\/\/www.kamadobbq.be\/fr\/wp-json\/wp\/v2\/product_tag?post=20631"}],"curies":[{"name":"wp","href":"https:\/\/api.w.org\/{rel}","templated":true}]}}