{"id":19851,"date":"2021-04-02T21:17:08","date_gmt":"2021-04-02T19:17:08","guid":{"rendered":"https:\/\/www.kamadobbq.be\/shop\/non%20class\u00e9\/deflecteurs-ceramiques-demi-lune\/"},"modified":"2026-03-28T09:37:13","modified_gmt":"2026-03-28T08:37:13","slug":"deflecteurs-thermiques-demi-lune","status":"publish","type":"product","link":"https:\/\/www.kamadobbq.be\/fr\/shop\/kamado-joe-fr\/accessoires\/deflecteurs-thermiques-demi-lune\/","title":{"rendered":"Kamado Joe D\u00e9flecteurs de Chaleur Demi-Lune"},"content":{"rendered":"<p>Avec les d\u00e9flecteurs chaleur Kamado Joe en demi-lune, vous pouvez pr\u00e9parer les aliments gr\u00e2ce \u00e0 la chaleur indirecte! Cr\u00e9er diff\u00e9rentes zones de chaleur dans votre Kamado Joe, et ainsi pr\u00e9parer simultan\u00e9ment viandes et l\u00e9gumes.<\/p>\n<p>Les d\u00e9flecteurs chaleur sont faits en c\u00e9ramique ce qui ne n\u00e9cessite pas d&#8217;entretien, et ils laissent circuler la chaleur tout autour de la viande afin qu&#8217;elle cuise de mani\u00e8re homog\u00e8ne.<\/p>\n<p>Le design en deux parties est pr\u00e9vu pour une meilleure utilisation du syst\u00e8me de cuisson Diviser pour Mieux R\u00e9gner. (Divide &amp; Conquer System)<\/p>\n<p><strong>Cet ensemble contient 2 d\u00e9flecteurs chaleur.<\/strong><\/p>\n<p>&nbsp;<\/p>\n<h2>Taille<\/h2>\n<ul>\n<li><strong>Classic Joe<\/strong>\u00a0 \u00d8 38 cm<\/li>\n<li><strong>Big Joe<\/strong> \u00d8 50 cm<\/li>\n<\/ul>\n","protected":false},"excerpt":{"rendered":"<p><strong>Cet ensemble contient 2 d\u00e9flecteurs chaleur.<\/strong><\/p>\n<p>Divisez votre Kamado en 2 zones et r\u00e9gnez votre barbecue!<\/p>\n<p>Disponible pour le Classic &amp; Big Joe.<\/p>\n<p>&nbsp;<\/p>\n","protected":false},"featured_media":14608,"template":"","meta":{"_acf_changed":false,"_et_pb_use_builder":"","_et_pb_old_content":"","_et_gb_content_width":""},"product_brand":[],"product_cat":[1093,682,628],"product_tag":[],"class_list":{"0":"post-19851","1":"product","2":"type-product","3":"status-publish","4":"has-post-thumbnail","6":"product_cat-pieces_de_kamado","7":"product_cat-kamado-joe-fr","8":"product_cat-accessoires","10":"first","11":"instock","12":"taxable","13":"shipping-taxable","14":"purchasable","15":"product-type-variable","16":"has-default-attributes"},"acf":[],"yoast_head":"<!-- This site is optimized with the Yoast SEO Premium plugin v25.4 (Yoast SEO v25.4) - https:\/\/yoast.com\/wordpress\/plugins\/seo\/ -->\n<title>Kamado Joe D\u00e9flecteurs de Chaleur Demi-Lune - Kamado BBQ<\/title>\n<meta name=\"description\" content=\"Kamado Joe D\u00e9flecteurs de Chaleur Demi-Lune! Cet ensemble contient 2 d\u00e9flecteurs chaleur. Divisez votre Kamado en 2 zones!\" \/>\n<meta name=\"robots\" content=\"index, follow, max-snippet:-1, max-image-preview:large, max-video-preview:-1\" \/>\n<link rel=\"canonical\" href=\"https:\/\/www.kamadobbq.be\/fr\/shop\/kamado-joe-fr\/accessoires\/deflecteurs-thermiques-demi-lune\/\" \/>\n<meta property=\"og:locale\" content=\"fr_FR\" \/>\n<meta property=\"og:type\" content=\"article\" \/>\n<meta property=\"og:title\" content=\"Kamado Joe D\u00e9flecteurs de Chaleur Demi-Lune - Kamado BBQ\" \/>\n<meta property=\"og:description\" content=\"Kamado Joe D\u00e9flecteurs de Chaleur Demi-Lune! Cet ensemble contient 2 d\u00e9flecteurs chaleur. Divisez votre Kamado en 2 zones!\" \/>\n<meta property=\"og:url\" content=\"https:\/\/www.kamadobbq.be\/fr\/shop\/kamado-joe-fr\/accessoires\/deflecteurs-thermiques-demi-lune\/\" \/>\n<meta property=\"og:site_name\" content=\"Kamado BBQ | De Kamado &amp; BBQ Specialist!\" \/>\n<meta property=\"article:publisher\" content=\"https:\/\/www.facebook.com\/KamadoBBQ\/\" \/>\n<meta property=\"article:modified_time\" content=\"2026-03-28T08:37:13+00:00\" \/>\n<meta property=\"og:image\" content=\"https:\/\/www.kamadobbq.be\/wp-content\/uploads\/2021\/02\/13.HalfMoonHeatDeflectorsClassicJoebew-compress-0.jpg\" \/>\n\t<meta property=\"og:image:width\" content=\"768\" \/>\n\t<meta property=\"og:image:height\" content=\"867\" \/>\n\t<meta property=\"og:image:type\" content=\"image\/jpeg\" \/>\n<meta name=\"twitter:card\" content=\"summary_large_image\" \/>\n<meta name=\"twitter:label1\" content=\"Est. reading time\" \/>\n\t<meta name=\"twitter:data1\" content=\"1 minute\" \/>\n<script type=\"application\/ld+json\" class=\"yoast-schema-graph\">{\"@context\":\"https:\/\/schema.org\",\"@graph\":[{\"@type\":\"WebPage\",\"@id\":\"https:\/\/www.kamadobbq.be\/fr\/shop\/kamado-joe-fr\/accessoires\/deflecteurs-thermiques-demi-lune\/\",\"url\":\"https:\/\/www.kamadobbq.be\/fr\/shop\/kamado-joe-fr\/accessoires\/deflecteurs-thermiques-demi-lune\/\",\"name\":\"Kamado Joe D\u00e9flecteurs de Chaleur Demi-Lune - Kamado BBQ\",\"isPartOf\":{\"@id\":\"https:\/\/www.kamadobbq.be\/fr\/#website\"},\"primaryImageOfPage\":{\"@id\":\"https:\/\/www.kamadobbq.be\/fr\/shop\/kamado-joe-fr\/accessoires\/deflecteurs-thermiques-demi-lune\/#primaryimage\"},\"image\":{\"@id\":\"https:\/\/www.kamadobbq.be\/fr\/shop\/kamado-joe-fr\/accessoires\/deflecteurs-thermiques-demi-lune\/#primaryimage\"},\"thumbnailUrl\":\"https:\/\/www.kamadobbq.be\/wp-content\/uploads\/2021\/02\/13.HalfMoonHeatDeflectorsClassicJoebew-compress-0.jpg\",\"datePublished\":\"2021-04-02T19:17:08+00:00\",\"dateModified\":\"2026-03-28T08:37:13+00:00\",\"description\":\"Kamado Joe D\u00e9flecteurs de Chaleur Demi-Lune! Cet ensemble contient 2 d\u00e9flecteurs chaleur. Divisez votre Kamado en 2 zones!\",\"breadcrumb\":{\"@id\":\"https:\/\/www.kamadobbq.be\/fr\/shop\/kamado-joe-fr\/accessoires\/deflecteurs-thermiques-demi-lune\/#breadcrumb\"},\"inLanguage\":\"fr-BE\",\"potentialAction\":[{\"@type\":\"ReadAction\",\"target\":[\"https:\/\/www.kamadobbq.be\/fr\/shop\/kamado-joe-fr\/accessoires\/deflecteurs-thermiques-demi-lune\/\"]}]},{\"@type\":\"ImageObject\",\"inLanguage\":\"fr-BE\",\"@id\":\"https:\/\/www.kamadobbq.be\/fr\/shop\/kamado-joe-fr\/accessoires\/deflecteurs-thermiques-demi-lune\/#primaryimage\",\"url\":\"https:\/\/www.kamadobbq.be\/wp-content\/uploads\/2021\/02\/13.HalfMoonHeatDeflectorsClassicJoebew-compress-0.jpg\",\"contentUrl\":\"https:\/\/www.kamadobbq.be\/wp-content\/uploads\/2021\/02\/13.HalfMoonHeatDeflectorsClassicJoebew-compress-0.jpg\",\"width\":768,\"height\":867},{\"@type\":\"BreadcrumbList\",\"@id\":\"https:\/\/www.kamadobbq.be\/fr\/shop\/kamado-joe-fr\/accessoires\/deflecteurs-thermiques-demi-lune\/#breadcrumb\",\"itemListElement\":[{\"@type\":\"ListItem\",\"position\":1,\"name\":\"Shop\",\"item\":\"https:\/\/www.kamadobbq.be\/fr\/shop\/\"},{\"@type\":\"ListItem\",\"position\":2,\"name\":\"Kamado Joe D\u00e9flecteurs de Chaleur Demi-Lune\"}]},{\"@type\":\"WebSite\",\"@id\":\"https:\/\/www.kamadobbq.be\/fr\/#website\",\"url\":\"https:\/\/www.kamadobbq.be\/fr\/\",\"name\":\"Kamado BBQ | De Kamado & BBQ Specialist!\",\"description\":\"Beleef de ultieme barbecue ervaring - Kamado BBQ\",\"publisher\":{\"@id\":\"https:\/\/www.kamadobbq.be\/fr\/#organization\"},\"alternateName\":\"Kamado BBQ\",\"potentialAction\":[{\"@type\":\"SearchAction\",\"target\":{\"@type\":\"EntryPoint\",\"urlTemplate\":\"https:\/\/www.kamadobbq.be\/fr\/?s={search_term_string}\"},\"query-input\":{\"@type\":\"PropertyValueSpecification\",\"valueRequired\":true,\"valueName\":\"search_term_string\"}}],\"inLanguage\":\"fr-BE\"},{\"@type\":[\"Organization\",\"Place\",\"Store\"],\"@id\":\"https:\/\/www.kamadobbq.be\/fr\/#organization\",\"name\":\"Kamado BBQ | De Kamado & BBQ Specialist!\",\"url\":\"https:\/\/www.kamadobbq.be\/fr\/\",\"logo\":{\"@id\":\"https:\/\/www.kamadobbq.be\/fr\/shop\/kamado-joe-fr\/accessoires\/deflecteurs-thermiques-demi-lune\/#local-main-organization-logo\"},\"image\":{\"@id\":\"https:\/\/www.kamadobbq.be\/fr\/shop\/kamado-joe-fr\/accessoires\/deflecteurs-thermiques-demi-lune\/#local-main-organization-logo\"},\"sameAs\":[\"https:\/\/www.facebook.com\/KamadoBBQ\/\",\"https:\/\/www.instagram.com\/kamado_bbq\/\"],\"address\":{\"@id\":\"https:\/\/www.kamadobbq.be\/fr\/shop\/kamado-joe-fr\/accessoires\/deflecteurs-thermiques-demi-lune\/#local-main-place-address\"},\"geo\":{\"@type\":\"GeoCoordinates\",\"latitude\":\"50.979225960799056\",\"longitude\":\"5.122391337257679\"},\"telephone\":[\"+32 13 661 636\"],\"openingHoursSpecification\":[{\"@type\":\"OpeningHoursSpecification\",\"dayOfWeek\":[\"Monday\",\"Tuesday\",\"Wednesday\",\"Thursday\",\"Friday\"],\"opens\":\"10:00\",\"closes\":\"17:30\"},{\"@type\":\"OpeningHoursSpecification\",\"dayOfWeek\":[\"Saturday\"],\"opens\":\"10:00\",\"closes\":\"16:00\"},{\"@type\":\"OpeningHoursSpecification\",\"dayOfWeek\":[\"Sunday\"],\"opens\":\"00:00\",\"closes\":\"00:00\"}],\"email\":\"info@kamadobbq.be\",\"areaServed\":\"Europe\",\"currenciesAccepted\":\"Eur\"},{\"@type\":\"PostalAddress\",\"@id\":\"https:\/\/www.kamadobbq.be\/fr\/shop\/kamado-joe-fr\/accessoires\/deflecteurs-thermiques-demi-lune\/#local-main-place-address\",\"streetAddress\":\"Meldertsestraat 8\",\"addressLocality\":\"Zelem\",\"postalCode\":\"3545\",\"addressRegion\":\"Belgi\u00eb\",\"addressCountry\":\"BE\"},{\"@type\":\"ImageObject\",\"inLanguage\":\"fr-BE\",\"@id\":\"https:\/\/www.kamadobbq.be\/fr\/shop\/kamado-joe-fr\/accessoires\/deflecteurs-thermiques-demi-lune\/#local-main-organization-logo\",\"url\":\"https:\/\/www.kamadobbq.be\/wp-content\/uploads\/2022\/02\/kamadobbq-logo-2.svg\",\"contentUrl\":\"https:\/\/www.kamadobbq.be\/wp-content\/uploads\/2022\/02\/kamadobbq-logo-2.svg\",\"caption\":\"Kamado BBQ | De Kamado & BBQ Specialist!\"}]}<\/script>\n<meta name=\"geo.placename\" content=\"Zelem\" \/>\n<meta name=\"geo.position\" content=\"50.979225960799056;5.122391337257679\" \/>\n<meta name=\"geo.region\" content=\"Belgium\" \/>\n<!-- \/ Yoast SEO Premium plugin. -->","yoast_head_json":{"title":"Kamado Joe D\u00e9flecteurs de Chaleur Demi-Lune - Kamado BBQ","description":"Kamado Joe D\u00e9flecteurs de Chaleur Demi-Lune! Cet ensemble contient 2 d\u00e9flecteurs chaleur. Divisez votre Kamado en 2 zones!","robots":{"index":"index","follow":"follow","max-snippet":"max-snippet:-1","max-image-preview":"max-image-preview:large","max-video-preview":"max-video-preview:-1"},"canonical":"https:\/\/www.kamadobbq.be\/fr\/shop\/kamado-joe-fr\/accessoires\/deflecteurs-thermiques-demi-lune\/","og_locale":"fr_FR","og_type":"article","og_title":"Kamado Joe D\u00e9flecteurs de Chaleur Demi-Lune - Kamado BBQ","og_description":"Kamado Joe D\u00e9flecteurs de Chaleur Demi-Lune! Cet ensemble contient 2 d\u00e9flecteurs chaleur. Divisez votre Kamado en 2 zones!","og_url":"https:\/\/www.kamadobbq.be\/fr\/shop\/kamado-joe-fr\/accessoires\/deflecteurs-thermiques-demi-lune\/","og_site_name":"Kamado BBQ | De Kamado &amp; BBQ Specialist!","article_publisher":"https:\/\/www.facebook.com\/KamadoBBQ\/","article_modified_time":"2026-03-28T08:37:13+00:00","og_image":[{"width":768,"height":867,"url":"https:\/\/www.kamadobbq.be\/wp-content\/uploads\/2021\/02\/13.HalfMoonHeatDeflectorsClassicJoebew-compress-0.jpg","type":"image\/jpeg"}],"twitter_card":"summary_large_image","twitter_misc":{"Est. reading time":"1 minute"},"schema":{"@context":"https:\/\/schema.org","@graph":[{"@type":"WebPage","@id":"https:\/\/www.kamadobbq.be\/fr\/shop\/kamado-joe-fr\/accessoires\/deflecteurs-thermiques-demi-lune\/","url":"https:\/\/www.kamadobbq.be\/fr\/shop\/kamado-joe-fr\/accessoires\/deflecteurs-thermiques-demi-lune\/","name":"Kamado Joe D\u00e9flecteurs de Chaleur Demi-Lune - Kamado BBQ","isPartOf":{"@id":"https:\/\/www.kamadobbq.be\/fr\/#website"},"primaryImageOfPage":{"@id":"https:\/\/www.kamadobbq.be\/fr\/shop\/kamado-joe-fr\/accessoires\/deflecteurs-thermiques-demi-lune\/#primaryimage"},"image":{"@id":"https:\/\/www.kamadobbq.be\/fr\/shop\/kamado-joe-fr\/accessoires\/deflecteurs-thermiques-demi-lune\/#primaryimage"},"thumbnailUrl":"https:\/\/www.kamadobbq.be\/wp-content\/uploads\/2021\/02\/13.HalfMoonHeatDeflectorsClassicJoebew-compress-0.jpg","datePublished":"2021-04-02T19:17:08+00:00","dateModified":"2026-03-28T08:37:13+00:00","description":"Kamado Joe D\u00e9flecteurs de Chaleur Demi-Lune! Cet ensemble contient 2 d\u00e9flecteurs chaleur. Divisez votre Kamado en 2 zones!","breadcrumb":{"@id":"https:\/\/www.kamadobbq.be\/fr\/shop\/kamado-joe-fr\/accessoires\/deflecteurs-thermiques-demi-lune\/#breadcrumb"},"inLanguage":"fr-BE","potentialAction":[{"@type":"ReadAction","target":["https:\/\/www.kamadobbq.be\/fr\/shop\/kamado-joe-fr\/accessoires\/deflecteurs-thermiques-demi-lune\/"]}]},{"@type":"ImageObject","inLanguage":"fr-BE","@id":"https:\/\/www.kamadobbq.be\/fr\/shop\/kamado-joe-fr\/accessoires\/deflecteurs-thermiques-demi-lune\/#primaryimage","url":"https:\/\/www.kamadobbq.be\/wp-content\/uploads\/2021\/02\/13.HalfMoonHeatDeflectorsClassicJoebew-compress-0.jpg","contentUrl":"https:\/\/www.kamadobbq.be\/wp-content\/uploads\/2021\/02\/13.HalfMoonHeatDeflectorsClassicJoebew-compress-0.jpg","width":768,"height":867},{"@type":"BreadcrumbList","@id":"https:\/\/www.kamadobbq.be\/fr\/shop\/kamado-joe-fr\/accessoires\/deflecteurs-thermiques-demi-lune\/#breadcrumb","itemListElement":[{"@type":"ListItem","position":1,"name":"Shop","item":"https:\/\/www.kamadobbq.be\/fr\/shop\/"},{"@type":"ListItem","position":2,"name":"Kamado Joe D\u00e9flecteurs de Chaleur Demi-Lune"}]},{"@type":"WebSite","@id":"https:\/\/www.kamadobbq.be\/fr\/#website","url":"https:\/\/www.kamadobbq.be\/fr\/","name":"Kamado BBQ | De Kamado & BBQ Specialist!","description":"Beleef de ultieme barbecue ervaring - Kamado BBQ","publisher":{"@id":"https:\/\/www.kamadobbq.be\/fr\/#organization"},"alternateName":"Kamado BBQ","potentialAction":[{"@type":"SearchAction","target":{"@type":"EntryPoint","urlTemplate":"https:\/\/www.kamadobbq.be\/fr\/?s={search_term_string}"},"query-input":{"@type":"PropertyValueSpecification","valueRequired":true,"valueName":"search_term_string"}}],"inLanguage":"fr-BE"},{"@type":["Organization","Place","Store"],"@id":"https:\/\/www.kamadobbq.be\/fr\/#organization","name":"Kamado BBQ | De Kamado & BBQ Specialist!","url":"https:\/\/www.kamadobbq.be\/fr\/","logo":{"@id":"https:\/\/www.kamadobbq.be\/fr\/shop\/kamado-joe-fr\/accessoires\/deflecteurs-thermiques-demi-lune\/#local-main-organization-logo"},"image":{"@id":"https:\/\/www.kamadobbq.be\/fr\/shop\/kamado-joe-fr\/accessoires\/deflecteurs-thermiques-demi-lune\/#local-main-organization-logo"},"sameAs":["https:\/\/www.facebook.com\/KamadoBBQ\/","https:\/\/www.instagram.com\/kamado_bbq\/"],"address":{"@id":"https:\/\/www.kamadobbq.be\/fr\/shop\/kamado-joe-fr\/accessoires\/deflecteurs-thermiques-demi-lune\/#local-main-place-address"},"geo":{"@type":"GeoCoordinates","latitude":"50.979225960799056","longitude":"5.122391337257679"},"telephone":["+32 13 661 636"],"openingHoursSpecification":[{"@type":"OpeningHoursSpecification","dayOfWeek":["Monday","Tuesday","Wednesday","Thursday","Friday"],"opens":"10:00","closes":"17:30"},{"@type":"OpeningHoursSpecification","dayOfWeek":["Saturday"],"opens":"10:00","closes":"16:00"},{"@type":"OpeningHoursSpecification","dayOfWeek":["Sunday"],"opens":"00:00","closes":"00:00"}],"email":"info@kamadobbq.be","areaServed":"Europe","currenciesAccepted":"Eur"},{"@type":"PostalAddress","@id":"https:\/\/www.kamadobbq.be\/fr\/shop\/kamado-joe-fr\/accessoires\/deflecteurs-thermiques-demi-lune\/#local-main-place-address","streetAddress":"Meldertsestraat 8","addressLocality":"Zelem","postalCode":"3545","addressRegion":"Belgi\u00eb","addressCountry":"BE"},{"@type":"ImageObject","inLanguage":"fr-BE","@id":"https:\/\/www.kamadobbq.be\/fr\/shop\/kamado-joe-fr\/accessoires\/deflecteurs-thermiques-demi-lune\/#local-main-organization-logo","url":"https:\/\/www.kamadobbq.be\/wp-content\/uploads\/2022\/02\/kamadobbq-logo-2.svg","contentUrl":"https:\/\/www.kamadobbq.be\/wp-content\/uploads\/2022\/02\/kamadobbq-logo-2.svg","caption":"Kamado BBQ | De Kamado & BBQ Specialist!"}]},"geo.placename":"Zelem","geo.position":{"lat":"50.979225960799056","long":"5.122391337257679"},"geo.region":"Belgium"},"_links":{"self":[{"href":"https:\/\/www.kamadobbq.be\/fr\/wp-json\/wp\/v2\/product\/19851","targetHints":{"allow":["GET"]}}],"collection":[{"href":"https:\/\/www.kamadobbq.be\/fr\/wp-json\/wp\/v2\/product"}],"about":[{"href":"https:\/\/www.kamadobbq.be\/fr\/wp-json\/wp\/v2\/types\/product"}],"wp:featuredmedia":[{"embeddable":true,"href":"https:\/\/www.kamadobbq.be\/fr\/wp-json\/wp\/v2\/media\/14608"}],"wp:attachment":[{"href":"https:\/\/www.kamadobbq.be\/fr\/wp-json\/wp\/v2\/media?parent=19851"}],"wp:term":[{"taxonomy":"product_brand","embeddable":true,"href":"https:\/\/www.kamadobbq.be\/fr\/wp-json\/wp\/v2\/product_brand?post=19851"},{"taxonomy":"product_cat","embeddable":true,"href":"https:\/\/www.kamadobbq.be\/fr\/wp-json\/wp\/v2\/product_cat?post=19851"},{"taxonomy":"product_tag","embeddable":true,"href":"https:\/\/www.kamadobbq.be\/fr\/wp-json\/wp\/v2\/product_tag?post=19851"}],"curies":[{"name":"wp","href":"https:\/\/api.w.org\/{rel}","templated":true}]}}