{"id":19762,"date":"2021-04-02T21:36:31","date_gmt":"2021-04-02T19:36:31","guid":{"rendered":"https:\/\/www.kamadobbq.be\/shop\/non%20class\u00e9\/plat-a-griller-universel-en-acier-inoxydable\/"},"modified":"2025-12-02T00:03:13","modified_gmt":"2025-12-01T23:03:13","slug":"plat-a-griller-universel-en-acier-inoxydable","status":"publish","type":"product","link":"https:\/\/www.kamadobbq.be\/fr\/shop\/accessoires-outils-bbq\/accessoires-de-barbecue\/plat-a-griller-universel-en-acier-inoxydable\/","title":{"rendered":"Plat \u00e0 Griller Universel en Acier Inoxydable"},"content":{"rendered":"<p>Ce Plat \u00e0 Griller en Acier Inoxydable r\u00e9utilisable est id\u00e9al pour pr\u00e9parer des petits morceaux de l\u00e9gumes ou de viande plus fins dans votre barbecue. Si vous souhaitez conserver le jus ou la sauce dans votre plat, ce plat tr\u00e8s pratique vous sera utile.<\/p>\n<p>Faire griller des tomates cerises, pr\u00e9parer des &#8216;Pork Belly Burnt Ends&#8217;, griller des champignons farcis, griller vos lasagnes, pr\u00e9parer un mille-feuilles aux l\u00e9gumes ou un g\u00e2teau cuit au four, c&#8217;est tout tr\u00e8s facilement avec cette plat.<\/p>\n<p>Enti\u00e8rement en acier inoxydable, il est permis au lave-vaisselle!<\/p>\n<p>&nbsp;<\/p>\n<h2>Dimensions<\/h2>\n<ul>\n<li><strong>Diam\u00e8tre<\/strong> \u00d8 25 cm<\/li>\n<li><strong>Hauteur<\/strong> 5,5 cm<\/li>\n<\/ul>\n","protected":false},"excerpt":{"rendered":"<p>Plat \u00e0 Griller pratique, universellement utilisable, l\u00e9gumes fins, sauces, nommez-le avec ce plat vous pouvez le faire!<\/p>\n","protected":false},"featured_media":4190,"template":"","meta":{"_acf_changed":false,"_et_pb_use_builder":"","_et_pb_old_content":"","_et_gb_content_width":""},"product_brand":[],"product_cat":[675],"product_tag":[],"class_list":{"0":"post-19762","1":"product","2":"type-product","3":"status-publish","4":"has-post-thumbnail","6":"product_cat-accessoires-de-barbecue","8":"first","9":"instock","10":"taxable","11":"shipping-taxable","12":"purchasable","13":"product-type-simple"},"acf":[],"yoast_head":"<!-- This site is optimized with the Yoast SEO Premium plugin v25.4 (Yoast SEO v25.4) - https:\/\/yoast.com\/wordpress\/plugins\/seo\/ -->\n<title>Plat \u00e0 Griller Universel en Acier Inoxydable | Polyvalent<\/title>\n<meta name=\"description\" content=\"Plat \u00e0 Griller pratique, universellement utilisable, l\u00e9gumes fins, sauces, nommez-le avec ce plat vous pouvez le faire! Diam\u00e8tre \u00d8 25 cm. Hauteur 5,5 cm\" \/>\n<meta name=\"robots\" content=\"index, follow, max-snippet:-1, max-image-preview:large, max-video-preview:-1\" \/>\n<link rel=\"canonical\" href=\"https:\/\/www.kamadobbq.be\/fr\/shop\/accessoires-outils-bbq\/accessoires-de-barbecue\/plat-a-griller-universel-en-acier-inoxydable\/\" \/>\n<meta property=\"og:locale\" content=\"fr_FR\" \/>\n<meta property=\"og:type\" content=\"article\" \/>\n<meta property=\"og:title\" content=\"Plat \u00e0 Griller Universel en Acier Inoxydable | Polyvalent\" \/>\n<meta property=\"og:description\" content=\"Plat \u00e0 Griller pratique, universellement utilisable, l\u00e9gumes fins, sauces, nommez-le avec ce plat vous pouvez le faire! Diam\u00e8tre \u00d8 25 cm. Hauteur 5,5 cm\" \/>\n<meta property=\"og:url\" content=\"https:\/\/www.kamadobbq.be\/fr\/shop\/accessoires-outils-bbq\/accessoires-de-barbecue\/plat-a-griller-universel-en-acier-inoxydable\/\" \/>\n<meta property=\"og:site_name\" content=\"Kamado BBQ | De Kamado &amp; BBQ Specialist!\" \/>\n<meta property=\"article:publisher\" content=\"https:\/\/www.facebook.com\/KamadoBBQ\/\" \/>\n<meta property=\"article:modified_time\" content=\"2025-12-01T23:03:13+00:00\" \/>\n<meta name=\"twitter:card\" content=\"summary_large_image\" \/>\n<meta name=\"twitter:label1\" content=\"Est. reading time\" \/>\n\t<meta name=\"twitter:data1\" content=\"1 minute\" \/>\n<script type=\"application\/ld+json\" class=\"yoast-schema-graph\">{\"@context\":\"https:\/\/schema.org\",\"@graph\":[{\"@type\":\"WebPage\",\"@id\":\"https:\/\/www.kamadobbq.be\/fr\/shop\/accessoires-outils-bbq\/accessoires-de-barbecue\/plat-a-griller-universel-en-acier-inoxydable\/\",\"url\":\"https:\/\/www.kamadobbq.be\/fr\/shop\/accessoires-outils-bbq\/accessoires-de-barbecue\/plat-a-griller-universel-en-acier-inoxydable\/\",\"name\":\"Plat \u00e0 Griller Universel en Acier Inoxydable | Polyvalent\",\"isPartOf\":{\"@id\":\"https:\/\/www.kamadobbq.be\/fr\/#website\"},\"primaryImageOfPage\":{\"@id\":\"https:\/\/www.kamadobbq.be\/fr\/shop\/accessoires-outils-bbq\/accessoires-de-barbecue\/plat-a-griller-universel-en-acier-inoxydable\/#primaryimage\"},\"image\":{\"@id\":\"https:\/\/www.kamadobbq.be\/fr\/shop\/accessoires-outils-bbq\/accessoires-de-barbecue\/plat-a-griller-universel-en-acier-inoxydable\/#primaryimage\"},\"thumbnailUrl\":\"https:\/\/www.kamadobbq.be\/wp-content\/uploads\/2021\/02\/UniverseleRVSGrillSchaal_bew-compress-1.jpg\",\"datePublished\":\"2021-04-02T19:36:31+00:00\",\"dateModified\":\"2025-12-01T23:03:13+00:00\",\"description\":\"Plat \u00e0 Griller pratique, universellement utilisable, l\u00e9gumes fins, sauces, nommez-le avec ce plat vous pouvez le faire! Diam\u00e8tre \u00d8 25 cm. Hauteur 5,5 cm\",\"breadcrumb\":{\"@id\":\"https:\/\/www.kamadobbq.be\/fr\/shop\/accessoires-outils-bbq\/accessoires-de-barbecue\/plat-a-griller-universel-en-acier-inoxydable\/#breadcrumb\"},\"inLanguage\":\"fr-BE\",\"potentialAction\":[{\"@type\":\"ReadAction\",\"target\":[\"https:\/\/www.kamadobbq.be\/fr\/shop\/accessoires-outils-bbq\/accessoires-de-barbecue\/plat-a-griller-universel-en-acier-inoxydable\/\"]}]},{\"@type\":\"ImageObject\",\"inLanguage\":\"fr-BE\",\"@id\":\"https:\/\/www.kamadobbq.be\/fr\/shop\/accessoires-outils-bbq\/accessoires-de-barbecue\/plat-a-griller-universel-en-acier-inoxydable\/#primaryimage\",\"url\":\"https:\/\/www.kamadobbq.be\/wp-content\/uploads\/2021\/02\/UniverseleRVSGrillSchaal_bew-compress-1.jpg\",\"contentUrl\":\"https:\/\/www.kamadobbq.be\/wp-content\/uploads\/2021\/02\/UniverseleRVSGrillSchaal_bew-compress-1.jpg\",\"width\":500,\"height\":500},{\"@type\":\"BreadcrumbList\",\"@id\":\"https:\/\/www.kamadobbq.be\/fr\/shop\/accessoires-outils-bbq\/accessoires-de-barbecue\/plat-a-griller-universel-en-acier-inoxydable\/#breadcrumb\",\"itemListElement\":[{\"@type\":\"ListItem\",\"position\":1,\"name\":\"Shop\",\"item\":\"https:\/\/www.kamadobbq.be\/fr\/shop\/\"},{\"@type\":\"ListItem\",\"position\":2,\"name\":\"Plat \u00e0 Griller Universel en Acier Inoxydable\"}]},{\"@type\":\"WebSite\",\"@id\":\"https:\/\/www.kamadobbq.be\/fr\/#website\",\"url\":\"https:\/\/www.kamadobbq.be\/fr\/\",\"name\":\"Kamado BBQ | De Kamado & BBQ Specialist!\",\"description\":\"Beleef de ultieme barbecue ervaring - Kamado BBQ\",\"publisher\":{\"@id\":\"https:\/\/www.kamadobbq.be\/fr\/#organization\"},\"alternateName\":\"Kamado BBQ\",\"potentialAction\":[{\"@type\":\"SearchAction\",\"target\":{\"@type\":\"EntryPoint\",\"urlTemplate\":\"https:\/\/www.kamadobbq.be\/fr\/?s={search_term_string}\"},\"query-input\":{\"@type\":\"PropertyValueSpecification\",\"valueRequired\":true,\"valueName\":\"search_term_string\"}}],\"inLanguage\":\"fr-BE\"},{\"@type\":[\"Organization\",\"Place\",\"Store\"],\"@id\":\"https:\/\/www.kamadobbq.be\/fr\/#organization\",\"name\":\"Kamado BBQ | De Kamado & BBQ Specialist!\",\"url\":\"https:\/\/www.kamadobbq.be\/fr\/\",\"logo\":{\"@id\":\"https:\/\/www.kamadobbq.be\/fr\/shop\/accessoires-outils-bbq\/accessoires-de-barbecue\/plat-a-griller-universel-en-acier-inoxydable\/#local-main-organization-logo\"},\"image\":{\"@id\":\"https:\/\/www.kamadobbq.be\/fr\/shop\/accessoires-outils-bbq\/accessoires-de-barbecue\/plat-a-griller-universel-en-acier-inoxydable\/#local-main-organization-logo\"},\"sameAs\":[\"https:\/\/www.facebook.com\/KamadoBBQ\/\",\"https:\/\/www.instagram.com\/kamado_bbq\/\"],\"address\":{\"@id\":\"https:\/\/www.kamadobbq.be\/fr\/shop\/accessoires-outils-bbq\/accessoires-de-barbecue\/plat-a-griller-universel-en-acier-inoxydable\/#local-main-place-address\"},\"geo\":{\"@type\":\"GeoCoordinates\",\"latitude\":\"50.979225960799056\",\"longitude\":\"5.122391337257679\"},\"telephone\":[\"+32 13 661 636\"],\"openingHoursSpecification\":[{\"@type\":\"OpeningHoursSpecification\",\"dayOfWeek\":[\"Monday\",\"Tuesday\",\"Wednesday\",\"Thursday\",\"Friday\"],\"opens\":\"10:00\",\"closes\":\"17:30\"},{\"@type\":\"OpeningHoursSpecification\",\"dayOfWeek\":[\"Saturday\"],\"opens\":\"10:00\",\"closes\":\"16:00\"},{\"@type\":\"OpeningHoursSpecification\",\"dayOfWeek\":[\"Sunday\"],\"opens\":\"00:00\",\"closes\":\"00:00\"}],\"email\":\"info@kamadobbq.be\",\"areaServed\":\"Europe\",\"currenciesAccepted\":\"Eur\"},{\"@type\":\"PostalAddress\",\"@id\":\"https:\/\/www.kamadobbq.be\/fr\/shop\/accessoires-outils-bbq\/accessoires-de-barbecue\/plat-a-griller-universel-en-acier-inoxydable\/#local-main-place-address\",\"streetAddress\":\"Meldertsestraat 8\",\"addressLocality\":\"Zelem\",\"postalCode\":\"3545\",\"addressRegion\":\"Belgi\u00eb\",\"addressCountry\":\"BE\"},{\"@type\":\"ImageObject\",\"inLanguage\":\"fr-BE\",\"@id\":\"https:\/\/www.kamadobbq.be\/fr\/shop\/accessoires-outils-bbq\/accessoires-de-barbecue\/plat-a-griller-universel-en-acier-inoxydable\/#local-main-organization-logo\",\"url\":\"https:\/\/www.kamadobbq.be\/wp-content\/uploads\/2022\/02\/kamadobbq-logo-2.svg\",\"contentUrl\":\"https:\/\/www.kamadobbq.be\/wp-content\/uploads\/2022\/02\/kamadobbq-logo-2.svg\",\"caption\":\"Kamado BBQ | De Kamado & BBQ Specialist!\"}]}<\/script>\n<meta name=\"geo.placename\" content=\"Zelem\" \/>\n<meta name=\"geo.position\" content=\"50.979225960799056;5.122391337257679\" \/>\n<meta name=\"geo.region\" content=\"Belgium\" \/>\n<!-- \/ Yoast SEO Premium plugin. -->","yoast_head_json":{"title":"Plat \u00e0 Griller Universel en Acier Inoxydable | Polyvalent","description":"Plat \u00e0 Griller pratique, universellement utilisable, l\u00e9gumes fins, sauces, nommez-le avec ce plat vous pouvez le faire! Diam\u00e8tre \u00d8 25 cm. Hauteur 5,5 cm","robots":{"index":"index","follow":"follow","max-snippet":"max-snippet:-1","max-image-preview":"max-image-preview:large","max-video-preview":"max-video-preview:-1"},"canonical":"https:\/\/www.kamadobbq.be\/fr\/shop\/accessoires-outils-bbq\/accessoires-de-barbecue\/plat-a-griller-universel-en-acier-inoxydable\/","og_locale":"fr_FR","og_type":"article","og_title":"Plat \u00e0 Griller Universel en Acier Inoxydable | Polyvalent","og_description":"Plat \u00e0 Griller pratique, universellement utilisable, l\u00e9gumes fins, sauces, nommez-le avec ce plat vous pouvez le faire! Diam\u00e8tre \u00d8 25 cm. Hauteur 5,5 cm","og_url":"https:\/\/www.kamadobbq.be\/fr\/shop\/accessoires-outils-bbq\/accessoires-de-barbecue\/plat-a-griller-universel-en-acier-inoxydable\/","og_site_name":"Kamado BBQ | De Kamado &amp; BBQ Specialist!","article_publisher":"https:\/\/www.facebook.com\/KamadoBBQ\/","article_modified_time":"2025-12-01T23:03:13+00:00","twitter_card":"summary_large_image","twitter_misc":{"Est. reading time":"1 minute"},"schema":{"@context":"https:\/\/schema.org","@graph":[{"@type":"WebPage","@id":"https:\/\/www.kamadobbq.be\/fr\/shop\/accessoires-outils-bbq\/accessoires-de-barbecue\/plat-a-griller-universel-en-acier-inoxydable\/","url":"https:\/\/www.kamadobbq.be\/fr\/shop\/accessoires-outils-bbq\/accessoires-de-barbecue\/plat-a-griller-universel-en-acier-inoxydable\/","name":"Plat \u00e0 Griller Universel en Acier Inoxydable | Polyvalent","isPartOf":{"@id":"https:\/\/www.kamadobbq.be\/fr\/#website"},"primaryImageOfPage":{"@id":"https:\/\/www.kamadobbq.be\/fr\/shop\/accessoires-outils-bbq\/accessoires-de-barbecue\/plat-a-griller-universel-en-acier-inoxydable\/#primaryimage"},"image":{"@id":"https:\/\/www.kamadobbq.be\/fr\/shop\/accessoires-outils-bbq\/accessoires-de-barbecue\/plat-a-griller-universel-en-acier-inoxydable\/#primaryimage"},"thumbnailUrl":"https:\/\/www.kamadobbq.be\/wp-content\/uploads\/2021\/02\/UniverseleRVSGrillSchaal_bew-compress-1.jpg","datePublished":"2021-04-02T19:36:31+00:00","dateModified":"2025-12-01T23:03:13+00:00","description":"Plat \u00e0 Griller pratique, universellement utilisable, l\u00e9gumes fins, sauces, nommez-le avec ce plat vous pouvez le faire! Diam\u00e8tre \u00d8 25 cm. Hauteur 5,5 cm","breadcrumb":{"@id":"https:\/\/www.kamadobbq.be\/fr\/shop\/accessoires-outils-bbq\/accessoires-de-barbecue\/plat-a-griller-universel-en-acier-inoxydable\/#breadcrumb"},"inLanguage":"fr-BE","potentialAction":[{"@type":"ReadAction","target":["https:\/\/www.kamadobbq.be\/fr\/shop\/accessoires-outils-bbq\/accessoires-de-barbecue\/plat-a-griller-universel-en-acier-inoxydable\/"]}]},{"@type":"ImageObject","inLanguage":"fr-BE","@id":"https:\/\/www.kamadobbq.be\/fr\/shop\/accessoires-outils-bbq\/accessoires-de-barbecue\/plat-a-griller-universel-en-acier-inoxydable\/#primaryimage","url":"https:\/\/www.kamadobbq.be\/wp-content\/uploads\/2021\/02\/UniverseleRVSGrillSchaal_bew-compress-1.jpg","contentUrl":"https:\/\/www.kamadobbq.be\/wp-content\/uploads\/2021\/02\/UniverseleRVSGrillSchaal_bew-compress-1.jpg","width":500,"height":500},{"@type":"BreadcrumbList","@id":"https:\/\/www.kamadobbq.be\/fr\/shop\/accessoires-outils-bbq\/accessoires-de-barbecue\/plat-a-griller-universel-en-acier-inoxydable\/#breadcrumb","itemListElement":[{"@type":"ListItem","position":1,"name":"Shop","item":"https:\/\/www.kamadobbq.be\/fr\/shop\/"},{"@type":"ListItem","position":2,"name":"Plat \u00e0 Griller Universel en Acier Inoxydable"}]},{"@type":"WebSite","@id":"https:\/\/www.kamadobbq.be\/fr\/#website","url":"https:\/\/www.kamadobbq.be\/fr\/","name":"Kamado BBQ | De Kamado & BBQ Specialist!","description":"Beleef de ultieme barbecue ervaring - Kamado BBQ","publisher":{"@id":"https:\/\/www.kamadobbq.be\/fr\/#organization"},"alternateName":"Kamado BBQ","potentialAction":[{"@type":"SearchAction","target":{"@type":"EntryPoint","urlTemplate":"https:\/\/www.kamadobbq.be\/fr\/?s={search_term_string}"},"query-input":{"@type":"PropertyValueSpecification","valueRequired":true,"valueName":"search_term_string"}}],"inLanguage":"fr-BE"},{"@type":["Organization","Place","Store"],"@id":"https:\/\/www.kamadobbq.be\/fr\/#organization","name":"Kamado BBQ | De Kamado & BBQ Specialist!","url":"https:\/\/www.kamadobbq.be\/fr\/","logo":{"@id":"https:\/\/www.kamadobbq.be\/fr\/shop\/accessoires-outils-bbq\/accessoires-de-barbecue\/plat-a-griller-universel-en-acier-inoxydable\/#local-main-organization-logo"},"image":{"@id":"https:\/\/www.kamadobbq.be\/fr\/shop\/accessoires-outils-bbq\/accessoires-de-barbecue\/plat-a-griller-universel-en-acier-inoxydable\/#local-main-organization-logo"},"sameAs":["https:\/\/www.facebook.com\/KamadoBBQ\/","https:\/\/www.instagram.com\/kamado_bbq\/"],"address":{"@id":"https:\/\/www.kamadobbq.be\/fr\/shop\/accessoires-outils-bbq\/accessoires-de-barbecue\/plat-a-griller-universel-en-acier-inoxydable\/#local-main-place-address"},"geo":{"@type":"GeoCoordinates","latitude":"50.979225960799056","longitude":"5.122391337257679"},"telephone":["+32 13 661 636"],"openingHoursSpecification":[{"@type":"OpeningHoursSpecification","dayOfWeek":["Monday","Tuesday","Wednesday","Thursday","Friday"],"opens":"10:00","closes":"17:30"},{"@type":"OpeningHoursSpecification","dayOfWeek":["Saturday"],"opens":"10:00","closes":"16:00"},{"@type":"OpeningHoursSpecification","dayOfWeek":["Sunday"],"opens":"00:00","closes":"00:00"}],"email":"info@kamadobbq.be","areaServed":"Europe","currenciesAccepted":"Eur"},{"@type":"PostalAddress","@id":"https:\/\/www.kamadobbq.be\/fr\/shop\/accessoires-outils-bbq\/accessoires-de-barbecue\/plat-a-griller-universel-en-acier-inoxydable\/#local-main-place-address","streetAddress":"Meldertsestraat 8","addressLocality":"Zelem","postalCode":"3545","addressRegion":"Belgi\u00eb","addressCountry":"BE"},{"@type":"ImageObject","inLanguage":"fr-BE","@id":"https:\/\/www.kamadobbq.be\/fr\/shop\/accessoires-outils-bbq\/accessoires-de-barbecue\/plat-a-griller-universel-en-acier-inoxydable\/#local-main-organization-logo","url":"https:\/\/www.kamadobbq.be\/wp-content\/uploads\/2022\/02\/kamadobbq-logo-2.svg","contentUrl":"https:\/\/www.kamadobbq.be\/wp-content\/uploads\/2022\/02\/kamadobbq-logo-2.svg","caption":"Kamado BBQ | De Kamado & BBQ Specialist!"}]},"geo.placename":"Zelem","geo.position":{"lat":"50.979225960799056","long":"5.122391337257679"},"geo.region":"Belgium"},"_links":{"self":[{"href":"https:\/\/www.kamadobbq.be\/fr\/wp-json\/wp\/v2\/product\/19762","targetHints":{"allow":["GET"]}}],"collection":[{"href":"https:\/\/www.kamadobbq.be\/fr\/wp-json\/wp\/v2\/product"}],"about":[{"href":"https:\/\/www.kamadobbq.be\/fr\/wp-json\/wp\/v2\/types\/product"}],"wp:featuredmedia":[{"embeddable":true,"href":"https:\/\/www.kamadobbq.be\/fr\/wp-json\/wp\/v2\/media\/4190"}],"wp:attachment":[{"href":"https:\/\/www.kamadobbq.be\/fr\/wp-json\/wp\/v2\/media?parent=19762"}],"wp:term":[{"taxonomy":"product_brand","embeddable":true,"href":"https:\/\/www.kamadobbq.be\/fr\/wp-json\/wp\/v2\/product_brand?post=19762"},{"taxonomy":"product_cat","embeddable":true,"href":"https:\/\/www.kamadobbq.be\/fr\/wp-json\/wp\/v2\/product_cat?post=19762"},{"taxonomy":"product_tag","embeddable":true,"href":"https:\/\/www.kamadobbq.be\/fr\/wp-json\/wp\/v2\/product_tag?post=19762"}],"curies":[{"name":"wp","href":"https:\/\/api.w.org\/{rel}","templated":true}]}}