{"id":16290,"date":"2021-04-14T11:17:31","date_gmt":"2021-04-14T09:17:31","guid":{"rendered":"https:\/\/www.kamadobbq.be\/shop\/non%20class\u00e9\/blaze-kamado-4-en-1-plaque-o-38cm\/"},"modified":"2025-12-02T00:03:03","modified_gmt":"2025-12-01T23:03:03","slug":"blaze-kamado-4-en-1-plaque-o-38cm","status":"publish","type":"product","link":"https:\/\/www.kamadobbq.be\/fr\/shop\/blaze-kamado-fr\/blaze-kamado-4-en-1-plaque-o-38cm\/","title":{"rendered":"Blaze Kamado 4 en 1 Plaque (\u00d8 38cm)"},"content":{"rendered":"<div>La plaque en acier inoxydable Blaze 4 en 1 est l&#8217;accessoire id\u00e9al pour rendre votre Blaze Kamado encore plus polyvalent.<\/div>\n<div><\/div>\n<div>Il peut \u00eatre utilis\u00e9 comme d\u00e9flecteur thermique pour la cuisson\u00a0lente (low &amp; slow), alors faites de votre kamado le fumeur ultime!<\/div>\n<div><\/div>\n<div>C&#8217;est une alternative plus durable \u00e0 la pierre \u00e0 pizza classique.<\/div>\n<div><\/div>\n<div>Il peut \u00eatre utilis\u00e9 comme plaque de cuisson pour placer des casseroles et des marmites en fontes (Dutch Oven). Vous permettant de donner une petite touche de fum\u00e9e \u00e0 votre sauce ou \u00e0 votre plat.<\/div>\n<div><\/div>\n<div>Mais il peut \u00e9galement \u00eatre utilis\u00e9 comme plaque de gril compl\u00e8te. Vous pouvez y cuire un \u0153uf ou griller votre steak, poisson ou autre viande.<\/div>\n<div><\/div>\n<div>Ce produit est couvert par une garantie \u00e0 vie.<\/div>\n","protected":false},"excerpt":{"rendered":"<ul>\n<li>5 mm d&#8217;\u00e9paisseur en acier inoxydable 304, r\u00e9sistant \u00e0 toutes les conditions m\u00e9t\u00e9orologiques<\/li>\n<li>D\u00e9flecteur thermique pour la cuisson lente (low &amp; slow, le fumage et cuisson au four<\/li>\n<li>La surface de 38cm est id\u00e9ale pour poser vos fours et marmites en fontes<\/li>\n<li>Alternative durable \u00e0 la pierre \u00e0 pizza en c\u00e9ramique<\/li>\n<li>Peut \u00eatre utilis\u00e9 comme plaque de gril pour saisir de la viande ou du poisson<\/li>\n<li>Garantie \u00e0 vie comme sur votre Blaze Kamado<\/li>\n<\/ul>\n","protected":false},"featured_media":16286,"template":"","meta":{"_acf_changed":false,"_et_pb_use_builder":"","_et_pb_old_content":"","_et_gb_content_width":""},"product_brand":[],"product_cat":[754],"product_tag":[],"class_list":{"0":"post-16290","1":"product","2":"type-product","3":"status-publish","4":"has-post-thumbnail","6":"product_cat-blaze-kamado-fr","8":"first","9":"instock","10":"taxable","11":"shipping-taxable","12":"purchasable","13":"product-type-simple"},"acf":[],"yoast_head":"<!-- This site is optimized with the Yoast SEO Premium plugin v25.4 (Yoast SEO v25.4) - https:\/\/yoast.com\/wordpress\/plugins\/seo\/ -->\n<title>Blaze Kamado 4 en 1 Plaque (\u00d8 38cm) | La cuisson indirecte<\/title>\n<meta name=\"description\" content=\"La plaque en acier inoxydable Blaze 4 en 1 est l&#039;accessoire id\u00e9al pour rendre votre Blaze Kamado encore plus polyvalent. Peut \u00eatre utilis\u00e9 comme d\u00e9flecteur.\" \/>\n<meta name=\"robots\" content=\"index, follow, max-snippet:-1, max-image-preview:large, max-video-preview:-1\" \/>\n<link rel=\"canonical\" href=\"https:\/\/www.kamadobbq.be\/fr\/shop\/blaze-kamado-fr\/blaze-kamado-4-en-1-plaque-o-38cm\/\" \/>\n<meta property=\"og:locale\" content=\"fr_FR\" \/>\n<meta property=\"og:type\" content=\"article\" \/>\n<meta property=\"og:title\" content=\"Blaze Kamado 4 en 1 Plaque (\u00d8 38cm) | La cuisson indirecte\" \/>\n<meta property=\"og:description\" content=\"La plaque en acier inoxydable Blaze 4 en 1 est l&#039;accessoire id\u00e9al pour rendre votre Blaze Kamado encore plus polyvalent. Peut \u00eatre utilis\u00e9 comme d\u00e9flecteur.\" \/>\n<meta property=\"og:url\" content=\"https:\/\/www.kamadobbq.be\/fr\/shop\/blaze-kamado-fr\/blaze-kamado-4-en-1-plaque-o-38cm\/\" \/>\n<meta property=\"og:site_name\" content=\"Kamado BBQ | De Kamado &amp; BBQ Specialist!\" \/>\n<meta property=\"article:publisher\" content=\"https:\/\/www.facebook.com\/KamadoBBQ\/\" \/>\n<meta property=\"article:modified_time\" content=\"2025-12-01T23:03:03+00:00\" \/>\n<meta property=\"og:image\" content=\"https:\/\/www.kamadobbq.be\/wp-content\/uploads\/2021\/04\/Blaze_Kamado-10_0-1-scaled-compress.jpg\" \/>\n\t<meta property=\"og:image:width\" content=\"982\" \/>\n\t<meta property=\"og:image:height\" content=\"1080\" \/>\n\t<meta property=\"og:image:type\" content=\"image\/jpeg\" \/>\n<meta name=\"twitter:card\" content=\"summary_large_image\" \/>\n<meta name=\"twitter:label1\" content=\"Est. reading time\" \/>\n\t<meta name=\"twitter:data1\" content=\"1 minute\" \/>\n<script type=\"application\/ld+json\" class=\"yoast-schema-graph\">{\"@context\":\"https:\/\/schema.org\",\"@graph\":[{\"@type\":\"WebPage\",\"@id\":\"https:\/\/www.kamadobbq.be\/fr\/shop\/blaze-kamado-fr\/blaze-kamado-4-en-1-plaque-o-38cm\/\",\"url\":\"https:\/\/www.kamadobbq.be\/fr\/shop\/blaze-kamado-fr\/blaze-kamado-4-en-1-plaque-o-38cm\/\",\"name\":\"Blaze Kamado 4 en 1 Plaque (\u00d8 38cm) | La cuisson indirecte\",\"isPartOf\":{\"@id\":\"https:\/\/www.kamadobbq.be\/fr\/#website\"},\"primaryImageOfPage\":{\"@id\":\"https:\/\/www.kamadobbq.be\/fr\/shop\/blaze-kamado-fr\/blaze-kamado-4-en-1-plaque-o-38cm\/#primaryimage\"},\"image\":{\"@id\":\"https:\/\/www.kamadobbq.be\/fr\/shop\/blaze-kamado-fr\/blaze-kamado-4-en-1-plaque-o-38cm\/#primaryimage\"},\"thumbnailUrl\":\"https:\/\/www.kamadobbq.be\/wp-content\/uploads\/2021\/04\/Blaze_Kamado-10_0-1-scaled-compress.jpg\",\"datePublished\":\"2021-04-14T09:17:31+00:00\",\"dateModified\":\"2025-12-01T23:03:03+00:00\",\"description\":\"La plaque en acier inoxydable Blaze 4 en 1 est l'accessoire id\u00e9al pour rendre votre Blaze Kamado encore plus polyvalent. Peut \u00eatre utilis\u00e9 comme d\u00e9flecteur.\",\"breadcrumb\":{\"@id\":\"https:\/\/www.kamadobbq.be\/fr\/shop\/blaze-kamado-fr\/blaze-kamado-4-en-1-plaque-o-38cm\/#breadcrumb\"},\"inLanguage\":\"fr-BE\",\"potentialAction\":[{\"@type\":\"ReadAction\",\"target\":[\"https:\/\/www.kamadobbq.be\/fr\/shop\/blaze-kamado-fr\/blaze-kamado-4-en-1-plaque-o-38cm\/\"]}]},{\"@type\":\"ImageObject\",\"inLanguage\":\"fr-BE\",\"@id\":\"https:\/\/www.kamadobbq.be\/fr\/shop\/blaze-kamado-fr\/blaze-kamado-4-en-1-plaque-o-38cm\/#primaryimage\",\"url\":\"https:\/\/www.kamadobbq.be\/wp-content\/uploads\/2021\/04\/Blaze_Kamado-10_0-1-scaled-compress.jpg\",\"contentUrl\":\"https:\/\/www.kamadobbq.be\/wp-content\/uploads\/2021\/04\/Blaze_Kamado-10_0-1-scaled-compress.jpg\",\"width\":982,\"height\":1080},{\"@type\":\"BreadcrumbList\",\"@id\":\"https:\/\/www.kamadobbq.be\/fr\/shop\/blaze-kamado-fr\/blaze-kamado-4-en-1-plaque-o-38cm\/#breadcrumb\",\"itemListElement\":[{\"@type\":\"ListItem\",\"position\":1,\"name\":\"Shop\",\"item\":\"https:\/\/www.kamadobbq.be\/fr\/shop\/\"},{\"@type\":\"ListItem\",\"position\":2,\"name\":\"Blaze Kamado 4 en 1 Plaque (\u00d8 38cm)\"}]},{\"@type\":\"WebSite\",\"@id\":\"https:\/\/www.kamadobbq.be\/fr\/#website\",\"url\":\"https:\/\/www.kamadobbq.be\/fr\/\",\"name\":\"Kamado BBQ | De Kamado & BBQ Specialist!\",\"description\":\"Beleef de ultieme barbecue ervaring - Kamado BBQ\",\"publisher\":{\"@id\":\"https:\/\/www.kamadobbq.be\/fr\/#organization\"},\"alternateName\":\"Kamado BBQ\",\"potentialAction\":[{\"@type\":\"SearchAction\",\"target\":{\"@type\":\"EntryPoint\",\"urlTemplate\":\"https:\/\/www.kamadobbq.be\/fr\/?s={search_term_string}\"},\"query-input\":{\"@type\":\"PropertyValueSpecification\",\"valueRequired\":true,\"valueName\":\"search_term_string\"}}],\"inLanguage\":\"fr-BE\"},{\"@type\":[\"Organization\",\"Place\",\"Store\"],\"@id\":\"https:\/\/www.kamadobbq.be\/fr\/#organization\",\"name\":\"Kamado BBQ | De Kamado & BBQ Specialist!\",\"url\":\"https:\/\/www.kamadobbq.be\/fr\/\",\"logo\":{\"@id\":\"https:\/\/www.kamadobbq.be\/fr\/shop\/blaze-kamado-fr\/blaze-kamado-4-en-1-plaque-o-38cm\/#local-main-organization-logo\"},\"image\":{\"@id\":\"https:\/\/www.kamadobbq.be\/fr\/shop\/blaze-kamado-fr\/blaze-kamado-4-en-1-plaque-o-38cm\/#local-main-organization-logo\"},\"sameAs\":[\"https:\/\/www.facebook.com\/KamadoBBQ\/\",\"https:\/\/www.instagram.com\/kamado_bbq\/\"],\"address\":{\"@id\":\"https:\/\/www.kamadobbq.be\/fr\/shop\/blaze-kamado-fr\/blaze-kamado-4-en-1-plaque-o-38cm\/#local-main-place-address\"},\"geo\":{\"@type\":\"GeoCoordinates\",\"latitude\":\"50.979225960799056\",\"longitude\":\"5.122391337257679\"},\"telephone\":[\"+32 13 661 636\"],\"openingHoursSpecification\":[{\"@type\":\"OpeningHoursSpecification\",\"dayOfWeek\":[\"Monday\",\"Tuesday\",\"Wednesday\",\"Thursday\",\"Friday\"],\"opens\":\"10:00\",\"closes\":\"17:30\"},{\"@type\":\"OpeningHoursSpecification\",\"dayOfWeek\":[\"Saturday\"],\"opens\":\"10:00\",\"closes\":\"16:00\"},{\"@type\":\"OpeningHoursSpecification\",\"dayOfWeek\":[\"Sunday\"],\"opens\":\"00:00\",\"closes\":\"00:00\"}],\"email\":\"info@kamadobbq.be\",\"areaServed\":\"Europe\",\"currenciesAccepted\":\"Eur\"},{\"@type\":\"PostalAddress\",\"@id\":\"https:\/\/www.kamadobbq.be\/fr\/shop\/blaze-kamado-fr\/blaze-kamado-4-en-1-plaque-o-38cm\/#local-main-place-address\",\"streetAddress\":\"Meldertsestraat 8\",\"addressLocality\":\"Zelem\",\"postalCode\":\"3545\",\"addressRegion\":\"Belgi\u00eb\",\"addressCountry\":\"BE\"},{\"@type\":\"ImageObject\",\"inLanguage\":\"fr-BE\",\"@id\":\"https:\/\/www.kamadobbq.be\/fr\/shop\/blaze-kamado-fr\/blaze-kamado-4-en-1-plaque-o-38cm\/#local-main-organization-logo\",\"url\":\"https:\/\/www.kamadobbq.be\/wp-content\/uploads\/2022\/02\/kamadobbq-logo-2.svg\",\"contentUrl\":\"https:\/\/www.kamadobbq.be\/wp-content\/uploads\/2022\/02\/kamadobbq-logo-2.svg\",\"caption\":\"Kamado BBQ | De Kamado & BBQ Specialist!\"}]}<\/script>\n<meta name=\"geo.placename\" content=\"Zelem\" \/>\n<meta name=\"geo.position\" content=\"50.979225960799056;5.122391337257679\" \/>\n<meta name=\"geo.region\" content=\"Belgium\" \/>\n<!-- \/ Yoast SEO Premium plugin. -->","yoast_head_json":{"title":"Blaze Kamado 4 en 1 Plaque (\u00d8 38cm) | La cuisson indirecte","description":"La plaque en acier inoxydable Blaze 4 en 1 est l'accessoire id\u00e9al pour rendre votre Blaze Kamado encore plus polyvalent. Peut \u00eatre utilis\u00e9 comme d\u00e9flecteur.","robots":{"index":"index","follow":"follow","max-snippet":"max-snippet:-1","max-image-preview":"max-image-preview:large","max-video-preview":"max-video-preview:-1"},"canonical":"https:\/\/www.kamadobbq.be\/fr\/shop\/blaze-kamado-fr\/blaze-kamado-4-en-1-plaque-o-38cm\/","og_locale":"fr_FR","og_type":"article","og_title":"Blaze Kamado 4 en 1 Plaque (\u00d8 38cm) | La cuisson indirecte","og_description":"La plaque en acier inoxydable Blaze 4 en 1 est l'accessoire id\u00e9al pour rendre votre Blaze Kamado encore plus polyvalent. Peut \u00eatre utilis\u00e9 comme d\u00e9flecteur.","og_url":"https:\/\/www.kamadobbq.be\/fr\/shop\/blaze-kamado-fr\/blaze-kamado-4-en-1-plaque-o-38cm\/","og_site_name":"Kamado BBQ | De Kamado &amp; BBQ Specialist!","article_publisher":"https:\/\/www.facebook.com\/KamadoBBQ\/","article_modified_time":"2025-12-01T23:03:03+00:00","og_image":[{"width":982,"height":1080,"url":"https:\/\/www.kamadobbq.be\/wp-content\/uploads\/2021\/04\/Blaze_Kamado-10_0-1-scaled-compress.jpg","type":"image\/jpeg"}],"twitter_card":"summary_large_image","twitter_misc":{"Est. reading time":"1 minute"},"schema":{"@context":"https:\/\/schema.org","@graph":[{"@type":"WebPage","@id":"https:\/\/www.kamadobbq.be\/fr\/shop\/blaze-kamado-fr\/blaze-kamado-4-en-1-plaque-o-38cm\/","url":"https:\/\/www.kamadobbq.be\/fr\/shop\/blaze-kamado-fr\/blaze-kamado-4-en-1-plaque-o-38cm\/","name":"Blaze Kamado 4 en 1 Plaque (\u00d8 38cm) | La cuisson indirecte","isPartOf":{"@id":"https:\/\/www.kamadobbq.be\/fr\/#website"},"primaryImageOfPage":{"@id":"https:\/\/www.kamadobbq.be\/fr\/shop\/blaze-kamado-fr\/blaze-kamado-4-en-1-plaque-o-38cm\/#primaryimage"},"image":{"@id":"https:\/\/www.kamadobbq.be\/fr\/shop\/blaze-kamado-fr\/blaze-kamado-4-en-1-plaque-o-38cm\/#primaryimage"},"thumbnailUrl":"https:\/\/www.kamadobbq.be\/wp-content\/uploads\/2021\/04\/Blaze_Kamado-10_0-1-scaled-compress.jpg","datePublished":"2021-04-14T09:17:31+00:00","dateModified":"2025-12-01T23:03:03+00:00","description":"La plaque en acier inoxydable Blaze 4 en 1 est l'accessoire id\u00e9al pour rendre votre Blaze Kamado encore plus polyvalent. Peut \u00eatre utilis\u00e9 comme d\u00e9flecteur.","breadcrumb":{"@id":"https:\/\/www.kamadobbq.be\/fr\/shop\/blaze-kamado-fr\/blaze-kamado-4-en-1-plaque-o-38cm\/#breadcrumb"},"inLanguage":"fr-BE","potentialAction":[{"@type":"ReadAction","target":["https:\/\/www.kamadobbq.be\/fr\/shop\/blaze-kamado-fr\/blaze-kamado-4-en-1-plaque-o-38cm\/"]}]},{"@type":"ImageObject","inLanguage":"fr-BE","@id":"https:\/\/www.kamadobbq.be\/fr\/shop\/blaze-kamado-fr\/blaze-kamado-4-en-1-plaque-o-38cm\/#primaryimage","url":"https:\/\/www.kamadobbq.be\/wp-content\/uploads\/2021\/04\/Blaze_Kamado-10_0-1-scaled-compress.jpg","contentUrl":"https:\/\/www.kamadobbq.be\/wp-content\/uploads\/2021\/04\/Blaze_Kamado-10_0-1-scaled-compress.jpg","width":982,"height":1080},{"@type":"BreadcrumbList","@id":"https:\/\/www.kamadobbq.be\/fr\/shop\/blaze-kamado-fr\/blaze-kamado-4-en-1-plaque-o-38cm\/#breadcrumb","itemListElement":[{"@type":"ListItem","position":1,"name":"Shop","item":"https:\/\/www.kamadobbq.be\/fr\/shop\/"},{"@type":"ListItem","position":2,"name":"Blaze Kamado 4 en 1 Plaque (\u00d8 38cm)"}]},{"@type":"WebSite","@id":"https:\/\/www.kamadobbq.be\/fr\/#website","url":"https:\/\/www.kamadobbq.be\/fr\/","name":"Kamado BBQ | De Kamado & BBQ Specialist!","description":"Beleef de ultieme barbecue ervaring - Kamado BBQ","publisher":{"@id":"https:\/\/www.kamadobbq.be\/fr\/#organization"},"alternateName":"Kamado BBQ","potentialAction":[{"@type":"SearchAction","target":{"@type":"EntryPoint","urlTemplate":"https:\/\/www.kamadobbq.be\/fr\/?s={search_term_string}"},"query-input":{"@type":"PropertyValueSpecification","valueRequired":true,"valueName":"search_term_string"}}],"inLanguage":"fr-BE"},{"@type":["Organization","Place","Store"],"@id":"https:\/\/www.kamadobbq.be\/fr\/#organization","name":"Kamado BBQ | De Kamado & BBQ Specialist!","url":"https:\/\/www.kamadobbq.be\/fr\/","logo":{"@id":"https:\/\/www.kamadobbq.be\/fr\/shop\/blaze-kamado-fr\/blaze-kamado-4-en-1-plaque-o-38cm\/#local-main-organization-logo"},"image":{"@id":"https:\/\/www.kamadobbq.be\/fr\/shop\/blaze-kamado-fr\/blaze-kamado-4-en-1-plaque-o-38cm\/#local-main-organization-logo"},"sameAs":["https:\/\/www.facebook.com\/KamadoBBQ\/","https:\/\/www.instagram.com\/kamado_bbq\/"],"address":{"@id":"https:\/\/www.kamadobbq.be\/fr\/shop\/blaze-kamado-fr\/blaze-kamado-4-en-1-plaque-o-38cm\/#local-main-place-address"},"geo":{"@type":"GeoCoordinates","latitude":"50.979225960799056","longitude":"5.122391337257679"},"telephone":["+32 13 661 636"],"openingHoursSpecification":[{"@type":"OpeningHoursSpecification","dayOfWeek":["Monday","Tuesday","Wednesday","Thursday","Friday"],"opens":"10:00","closes":"17:30"},{"@type":"OpeningHoursSpecification","dayOfWeek":["Saturday"],"opens":"10:00","closes":"16:00"},{"@type":"OpeningHoursSpecification","dayOfWeek":["Sunday"],"opens":"00:00","closes":"00:00"}],"email":"info@kamadobbq.be","areaServed":"Europe","currenciesAccepted":"Eur"},{"@type":"PostalAddress","@id":"https:\/\/www.kamadobbq.be\/fr\/shop\/blaze-kamado-fr\/blaze-kamado-4-en-1-plaque-o-38cm\/#local-main-place-address","streetAddress":"Meldertsestraat 8","addressLocality":"Zelem","postalCode":"3545","addressRegion":"Belgi\u00eb","addressCountry":"BE"},{"@type":"ImageObject","inLanguage":"fr-BE","@id":"https:\/\/www.kamadobbq.be\/fr\/shop\/blaze-kamado-fr\/blaze-kamado-4-en-1-plaque-o-38cm\/#local-main-organization-logo","url":"https:\/\/www.kamadobbq.be\/wp-content\/uploads\/2022\/02\/kamadobbq-logo-2.svg","contentUrl":"https:\/\/www.kamadobbq.be\/wp-content\/uploads\/2022\/02\/kamadobbq-logo-2.svg","caption":"Kamado BBQ | De Kamado & BBQ Specialist!"}]},"geo.placename":"Zelem","geo.position":{"lat":"50.979225960799056","long":"5.122391337257679"},"geo.region":"Belgium"},"_links":{"self":[{"href":"https:\/\/www.kamadobbq.be\/fr\/wp-json\/wp\/v2\/product\/16290","targetHints":{"allow":["GET"]}}],"collection":[{"href":"https:\/\/www.kamadobbq.be\/fr\/wp-json\/wp\/v2\/product"}],"about":[{"href":"https:\/\/www.kamadobbq.be\/fr\/wp-json\/wp\/v2\/types\/product"}],"wp:featuredmedia":[{"embeddable":true,"href":"https:\/\/www.kamadobbq.be\/fr\/wp-json\/wp\/v2\/media\/16286"}],"wp:attachment":[{"href":"https:\/\/www.kamadobbq.be\/fr\/wp-json\/wp\/v2\/media?parent=16290"}],"wp:term":[{"taxonomy":"product_brand","embeddable":true,"href":"https:\/\/www.kamadobbq.be\/fr\/wp-json\/wp\/v2\/product_brand?post=16290"},{"taxonomy":"product_cat","embeddable":true,"href":"https:\/\/www.kamadobbq.be\/fr\/wp-json\/wp\/v2\/product_cat?post=16290"},{"taxonomy":"product_tag","embeddable":true,"href":"https:\/\/www.kamadobbq.be\/fr\/wp-json\/wp\/v2\/product_tag?post=16290"}],"curies":[{"name":"wp","href":"https:\/\/api.w.org\/{rel}","templated":true}]}}