{"id":15439,"date":"2021-04-02T21:39:32","date_gmt":"2021-04-02T19:39:32","guid":{"rendered":"https:\/\/www.kamadobbq.be\/shop\/non%20class\u00e9\/cuisine-exterieure-en-ipe\/"},"modified":"2025-12-02T00:12:32","modified_gmt":"2025-12-01T23:12:32","slug":"cuisine-exterieure-en-ipe","status":"publish","type":"product","link":"https:\/\/www.kamadobbq.be\/fr\/shop\/tables-de-barbecue\/cuisine-exterieure-en-ipe\/","title":{"rendered":"Cuisine Ext\u00e9rieure en Ip\u00e9"},"content":{"rendered":"<p>Cette belle cuisine ext\u00e9rieure en bois dur est fabriqu\u00e9e en bois ip\u00e9. Ip\u00e9 est un bois dur du Br\u00e9sil tr\u00e8s durable et stable avec une structure fine, id\u00e9al pour les meubles d&#8217;ext\u00e9rieur. Le bois peut rester non trait\u00e9 et se d\u00e9velopper magnifiquement \u00e0 l&#8217;ext\u00e9rieur.<\/p>\n<p>Tout est pr\u00e9vu pour que vous puissiez d\u00e9marrer rapidement et que vous pouvez tout ranger pr\u00e8s de votre barbecue. En haut, il y a un tiroir pratique pour ranger vos outils de barbecue. Sous le kamado, un tiroir haut est utile pour ranger les morceaux de bois, les allume-feux, le br\u00fbleur \u00e0 gaz et autres accessoires. De plus, une grande armoire double o\u00f9 vous pouvez facilement ranger un sac de charbon de bois et m\u00eame les plus gros accessoires tels que DoJoe et JoeTisserie.<\/p>\n<p>Des supports en acier inoxydable sont fournis le long du kamado o\u00f9 vous pouvez facilement ranger les grilles chaudes et les d\u00e9flecteurs de chaleur! Sur le c\u00f4t\u00e9 gauche, vous pouvez ranger 2 grilles standard et 1 grille large (comme le Grille en Fonte R\u00e9versible Demi-Lune ou le Pierre St\u00e9atite Demi-Lune). \u00c0 droite, il y a un support en acier inoxydable avec un espace pour les deux D\u00e9flecteurs de Chaleur Demi Lune en c\u00e9ramique.<\/p>\n<p>La cuisine ext\u00e9rieure est \u00e9quip\u00e9e de 4 grandes roulettes de haute qualit\u00e9, dont les deux avant sont \u00e9quip\u00e9es d&#8217;un frein.<\/p>\n<p>Nous vous recommandons de prot\u00e9ger votre table et votre kamado des \u00e9l\u00e9ments, de la poussi\u00e8re et de la salet\u00e9 avec notre Housse de Protection Durable. Epargnez-vous de nombreux travaux de nettoyage et prot\u00e9gez \u00e0 la fois la table et votre kamado!<\/p>\n<h2>Dimensions de la table<\/h2>\n<ul>\n<li><strong>Longueur<\/strong> 180 cm<\/li>\n<li><strong>Largeur<\/strong>\u00a080 cm<\/li>\n<li><strong>Hauteur<\/strong> 90 cm<\/li>\n<\/ul>\n<p>Il y a un insert en pierre bleue avec des dimensions de 80 cm sur 60 cm.<\/p>\n<p>Pr\u00e9f\u00e9rez-vous une cuisine ext\u00e9rieure sur mesure? <a href=\"https:\/\/www.kamadobbq.be\/fr\/contact\/\" target=\"_blank\" rel=\"noopener\">Contactez-nous<\/a>!<\/p>\n","protected":false},"excerpt":{"rendered":"<div>\n<p>Cuisine Ext\u00e9rieure en Ip\u00e9 tr\u00e8s pratique et de grande qualit\u00e9!<\/p>\n<p>Cette cuisine ext\u00e9rieure Ip\u00e9 offre la solution totale pour cuisiner avec votre kamado. Tout ce dont vous avez besoin est \u00e0 proximit\u00e9, beaucoup d\u2019espace de rangement, une surface de travail en pierre bleue r\u00e9sistante au feu et l\u2019ensemble est facile \u00e0 d\u00e9placer!<\/p>\n<p>&nbsp;<\/p>\n<\/div>\n","protected":false},"featured_media":40888,"template":"","meta":{"_acf_changed":false,"_et_pb_use_builder":"","_et_pb_old_content":"","_et_gb_content_width":""},"product_brand":[],"product_cat":[891],"product_tag":[],"class_list":{"0":"post-15439","1":"product","2":"type-product","3":"status-publish","4":"has-post-thumbnail","6":"product_cat-tables-de-barbecue","8":"first","9":"instock","10":"taxable","11":"shipping-taxable","12":"purchasable","13":"product-type-variable"},"acf":[],"yoast_head":"<!-- This site is optimized with the Yoast SEO Premium plugin v25.4 (Yoast SEO v25.4) - https:\/\/yoast.com\/wordpress\/plugins\/seo\/ -->\n<title>Cuisine Ext\u00e9rieure en Ip\u00e9 | Kamado BBQ<\/title>\n<meta name=\"description\" content=\"Cuisine Ext\u00e9rieure en Ip\u00e9! Tout ce que vous avez besoin est \u00e0 proximit\u00e9, beaucoup d\u2019espace de rangement, surface de travail en pierre bleue.\" \/>\n<meta name=\"robots\" content=\"index, follow, max-snippet:-1, max-image-preview:large, max-video-preview:-1\" \/>\n<link rel=\"canonical\" href=\"https:\/\/www.kamadobbq.be\/fr\/shop\/tables-de-barbecue\/cuisine-exterieure-en-ipe\/\" \/>\n<meta property=\"og:locale\" content=\"fr_FR\" \/>\n<meta property=\"og:type\" content=\"article\" \/>\n<meta property=\"og:title\" content=\"Cuisine Ext\u00e9rieure en Ip\u00e9 | Kamado BBQ\" \/>\n<meta property=\"og:description\" content=\"Cuisine Ext\u00e9rieure en Ip\u00e9! Tout ce que vous avez besoin est \u00e0 proximit\u00e9, beaucoup d\u2019espace de rangement, surface de travail en pierre bleue.\" \/>\n<meta property=\"og:url\" content=\"https:\/\/www.kamadobbq.be\/fr\/shop\/tables-de-barbecue\/cuisine-exterieure-en-ipe\/\" \/>\n<meta property=\"og:site_name\" content=\"Kamado BBQ | De Kamado &amp; BBQ Specialist!\" \/>\n<meta property=\"article:publisher\" content=\"https:\/\/www.facebook.com\/KamadoBBQ\/\" \/>\n<meta property=\"article:modified_time\" content=\"2025-12-01T23:12:32+00:00\" \/>\n<meta property=\"og:image\" content=\"https:\/\/www.kamadobbq.be\/wp-content\/uploads\/2021\/04\/BS-IPE-Buitenkeuken-compress.png\" \/>\n\t<meta property=\"og:image:width\" content=\"1000\" \/>\n\t<meta property=\"og:image:height\" content=\"1000\" \/>\n\t<meta property=\"og:image:type\" content=\"image\/png\" \/>\n<meta name=\"twitter:card\" content=\"summary_large_image\" \/>\n<meta name=\"twitter:label1\" content=\"Est. reading time\" \/>\n\t<meta name=\"twitter:data1\" content=\"2 minutes\" \/>\n<script type=\"application\/ld+json\" class=\"yoast-schema-graph\">{\"@context\":\"https:\/\/schema.org\",\"@graph\":[{\"@type\":\"WebPage\",\"@id\":\"https:\/\/www.kamadobbq.be\/fr\/shop\/tables-de-barbecue\/cuisine-exterieure-en-ipe\/\",\"url\":\"https:\/\/www.kamadobbq.be\/fr\/shop\/tables-de-barbecue\/cuisine-exterieure-en-ipe\/\",\"name\":\"Cuisine Ext\u00e9rieure en Ip\u00e9 | Kamado BBQ\",\"isPartOf\":{\"@id\":\"https:\/\/www.kamadobbq.be\/fr\/#website\"},\"primaryImageOfPage\":{\"@id\":\"https:\/\/www.kamadobbq.be\/fr\/shop\/tables-de-barbecue\/cuisine-exterieure-en-ipe\/#primaryimage\"},\"image\":{\"@id\":\"https:\/\/www.kamadobbq.be\/fr\/shop\/tables-de-barbecue\/cuisine-exterieure-en-ipe\/#primaryimage\"},\"thumbnailUrl\":\"https:\/\/www.kamadobbq.be\/wp-content\/uploads\/2021\/04\/BS-IPE-Buitenkeuken-compress.png\",\"datePublished\":\"2021-04-02T19:39:32+00:00\",\"dateModified\":\"2025-12-01T23:12:32+00:00\",\"description\":\"Cuisine Ext\u00e9rieure en Ip\u00e9! Tout ce que vous avez besoin est \u00e0 proximit\u00e9, beaucoup d\u2019espace de rangement, surface de travail en pierre bleue.\",\"breadcrumb\":{\"@id\":\"https:\/\/www.kamadobbq.be\/fr\/shop\/tables-de-barbecue\/cuisine-exterieure-en-ipe\/#breadcrumb\"},\"inLanguage\":\"fr-BE\",\"potentialAction\":[{\"@type\":\"ReadAction\",\"target\":[\"https:\/\/www.kamadobbq.be\/fr\/shop\/tables-de-barbecue\/cuisine-exterieure-en-ipe\/\"]}]},{\"@type\":\"ImageObject\",\"inLanguage\":\"fr-BE\",\"@id\":\"https:\/\/www.kamadobbq.be\/fr\/shop\/tables-de-barbecue\/cuisine-exterieure-en-ipe\/#primaryimage\",\"url\":\"https:\/\/www.kamadobbq.be\/wp-content\/uploads\/2021\/04\/BS-IPE-Buitenkeuken-compress.png\",\"contentUrl\":\"https:\/\/www.kamadobbq.be\/wp-content\/uploads\/2021\/04\/BS-IPE-Buitenkeuken-compress.png\",\"width\":1000,\"height\":1000,\"caption\":\"Blauwe Steen Ip\u00e9 Buitenkeuken\"},{\"@type\":\"BreadcrumbList\",\"@id\":\"https:\/\/www.kamadobbq.be\/fr\/shop\/tables-de-barbecue\/cuisine-exterieure-en-ipe\/#breadcrumb\",\"itemListElement\":[{\"@type\":\"ListItem\",\"position\":1,\"name\":\"Shop\",\"item\":\"https:\/\/www.kamadobbq.be\/fr\/shop\/\"},{\"@type\":\"ListItem\",\"position\":2,\"name\":\"Cuisine Ext\u00e9rieure en Ip\u00e9\"}]},{\"@type\":\"WebSite\",\"@id\":\"https:\/\/www.kamadobbq.be\/fr\/#website\",\"url\":\"https:\/\/www.kamadobbq.be\/fr\/\",\"name\":\"Kamado BBQ | De Kamado & BBQ Specialist!\",\"description\":\"Beleef de ultieme barbecue ervaring - Kamado BBQ\",\"publisher\":{\"@id\":\"https:\/\/www.kamadobbq.be\/fr\/#organization\"},\"alternateName\":\"Kamado BBQ\",\"potentialAction\":[{\"@type\":\"SearchAction\",\"target\":{\"@type\":\"EntryPoint\",\"urlTemplate\":\"https:\/\/www.kamadobbq.be\/fr\/?s={search_term_string}\"},\"query-input\":{\"@type\":\"PropertyValueSpecification\",\"valueRequired\":true,\"valueName\":\"search_term_string\"}}],\"inLanguage\":\"fr-BE\"},{\"@type\":[\"Organization\",\"Place\",\"Store\"],\"@id\":\"https:\/\/www.kamadobbq.be\/fr\/#organization\",\"name\":\"Kamado BBQ | De Kamado & BBQ Specialist!\",\"url\":\"https:\/\/www.kamadobbq.be\/fr\/\",\"logo\":{\"@id\":\"https:\/\/www.kamadobbq.be\/fr\/shop\/tables-de-barbecue\/cuisine-exterieure-en-ipe\/#local-main-organization-logo\"},\"image\":{\"@id\":\"https:\/\/www.kamadobbq.be\/fr\/shop\/tables-de-barbecue\/cuisine-exterieure-en-ipe\/#local-main-organization-logo\"},\"sameAs\":[\"https:\/\/www.facebook.com\/KamadoBBQ\/\",\"https:\/\/www.instagram.com\/kamado_bbq\/\"],\"address\":{\"@id\":\"https:\/\/www.kamadobbq.be\/fr\/shop\/tables-de-barbecue\/cuisine-exterieure-en-ipe\/#local-main-place-address\"},\"geo\":{\"@type\":\"GeoCoordinates\",\"latitude\":\"50.979225960799056\",\"longitude\":\"5.122391337257679\"},\"telephone\":[\"+32 13 661 636\"],\"openingHoursSpecification\":[{\"@type\":\"OpeningHoursSpecification\",\"dayOfWeek\":[\"Monday\",\"Tuesday\",\"Wednesday\",\"Thursday\",\"Friday\"],\"opens\":\"10:00\",\"closes\":\"17:30\"},{\"@type\":\"OpeningHoursSpecification\",\"dayOfWeek\":[\"Saturday\"],\"opens\":\"10:00\",\"closes\":\"16:00\"},{\"@type\":\"OpeningHoursSpecification\",\"dayOfWeek\":[\"Sunday\"],\"opens\":\"00:00\",\"closes\":\"00:00\"}],\"email\":\"info@kamadobbq.be\",\"areaServed\":\"Europe\",\"currenciesAccepted\":\"Eur\"},{\"@type\":\"PostalAddress\",\"@id\":\"https:\/\/www.kamadobbq.be\/fr\/shop\/tables-de-barbecue\/cuisine-exterieure-en-ipe\/#local-main-place-address\",\"streetAddress\":\"Meldertsestraat 8\",\"addressLocality\":\"Zelem\",\"postalCode\":\"3545\",\"addressRegion\":\"Belgi\u00eb\",\"addressCountry\":\"BE\"},{\"@type\":\"ImageObject\",\"inLanguage\":\"fr-BE\",\"@id\":\"https:\/\/www.kamadobbq.be\/fr\/shop\/tables-de-barbecue\/cuisine-exterieure-en-ipe\/#local-main-organization-logo\",\"url\":\"https:\/\/www.kamadobbq.be\/wp-content\/uploads\/2022\/02\/kamadobbq-logo-2.svg\",\"contentUrl\":\"https:\/\/www.kamadobbq.be\/wp-content\/uploads\/2022\/02\/kamadobbq-logo-2.svg\",\"caption\":\"Kamado BBQ | De Kamado & BBQ Specialist!\"}]}<\/script>\n<meta name=\"geo.placename\" content=\"Zelem\" \/>\n<meta name=\"geo.position\" content=\"50.979225960799056;5.122391337257679\" \/>\n<meta name=\"geo.region\" content=\"Belgium\" \/>\n<!-- \/ Yoast SEO Premium plugin. -->","yoast_head_json":{"title":"Cuisine Ext\u00e9rieure en Ip\u00e9 | Kamado BBQ","description":"Cuisine Ext\u00e9rieure en Ip\u00e9! Tout ce que vous avez besoin est \u00e0 proximit\u00e9, beaucoup d\u2019espace de rangement, surface de travail en pierre bleue.","robots":{"index":"index","follow":"follow","max-snippet":"max-snippet:-1","max-image-preview":"max-image-preview:large","max-video-preview":"max-video-preview:-1"},"canonical":"https:\/\/www.kamadobbq.be\/fr\/shop\/tables-de-barbecue\/cuisine-exterieure-en-ipe\/","og_locale":"fr_FR","og_type":"article","og_title":"Cuisine Ext\u00e9rieure en Ip\u00e9 | Kamado BBQ","og_description":"Cuisine Ext\u00e9rieure en Ip\u00e9! Tout ce que vous avez besoin est \u00e0 proximit\u00e9, beaucoup d\u2019espace de rangement, surface de travail en pierre bleue.","og_url":"https:\/\/www.kamadobbq.be\/fr\/shop\/tables-de-barbecue\/cuisine-exterieure-en-ipe\/","og_site_name":"Kamado BBQ | De Kamado &amp; BBQ Specialist!","article_publisher":"https:\/\/www.facebook.com\/KamadoBBQ\/","article_modified_time":"2025-12-01T23:12:32+00:00","og_image":[{"width":1000,"height":1000,"url":"https:\/\/www.kamadobbq.be\/wp-content\/uploads\/2021\/04\/BS-IPE-Buitenkeuken-compress.png","type":"image\/png"}],"twitter_card":"summary_large_image","twitter_misc":{"Est. reading time":"2 minutes"},"schema":{"@context":"https:\/\/schema.org","@graph":[{"@type":"WebPage","@id":"https:\/\/www.kamadobbq.be\/fr\/shop\/tables-de-barbecue\/cuisine-exterieure-en-ipe\/","url":"https:\/\/www.kamadobbq.be\/fr\/shop\/tables-de-barbecue\/cuisine-exterieure-en-ipe\/","name":"Cuisine Ext\u00e9rieure en Ip\u00e9 | Kamado BBQ","isPartOf":{"@id":"https:\/\/www.kamadobbq.be\/fr\/#website"},"primaryImageOfPage":{"@id":"https:\/\/www.kamadobbq.be\/fr\/shop\/tables-de-barbecue\/cuisine-exterieure-en-ipe\/#primaryimage"},"image":{"@id":"https:\/\/www.kamadobbq.be\/fr\/shop\/tables-de-barbecue\/cuisine-exterieure-en-ipe\/#primaryimage"},"thumbnailUrl":"https:\/\/www.kamadobbq.be\/wp-content\/uploads\/2021\/04\/BS-IPE-Buitenkeuken-compress.png","datePublished":"2021-04-02T19:39:32+00:00","dateModified":"2025-12-01T23:12:32+00:00","description":"Cuisine Ext\u00e9rieure en Ip\u00e9! Tout ce que vous avez besoin est \u00e0 proximit\u00e9, beaucoup d\u2019espace de rangement, surface de travail en pierre bleue.","breadcrumb":{"@id":"https:\/\/www.kamadobbq.be\/fr\/shop\/tables-de-barbecue\/cuisine-exterieure-en-ipe\/#breadcrumb"},"inLanguage":"fr-BE","potentialAction":[{"@type":"ReadAction","target":["https:\/\/www.kamadobbq.be\/fr\/shop\/tables-de-barbecue\/cuisine-exterieure-en-ipe\/"]}]},{"@type":"ImageObject","inLanguage":"fr-BE","@id":"https:\/\/www.kamadobbq.be\/fr\/shop\/tables-de-barbecue\/cuisine-exterieure-en-ipe\/#primaryimage","url":"https:\/\/www.kamadobbq.be\/wp-content\/uploads\/2021\/04\/BS-IPE-Buitenkeuken-compress.png","contentUrl":"https:\/\/www.kamadobbq.be\/wp-content\/uploads\/2021\/04\/BS-IPE-Buitenkeuken-compress.png","width":1000,"height":1000,"caption":"Blauwe Steen Ip\u00e9 Buitenkeuken"},{"@type":"BreadcrumbList","@id":"https:\/\/www.kamadobbq.be\/fr\/shop\/tables-de-barbecue\/cuisine-exterieure-en-ipe\/#breadcrumb","itemListElement":[{"@type":"ListItem","position":1,"name":"Shop","item":"https:\/\/www.kamadobbq.be\/fr\/shop\/"},{"@type":"ListItem","position":2,"name":"Cuisine Ext\u00e9rieure en Ip\u00e9"}]},{"@type":"WebSite","@id":"https:\/\/www.kamadobbq.be\/fr\/#website","url":"https:\/\/www.kamadobbq.be\/fr\/","name":"Kamado BBQ | De Kamado & BBQ Specialist!","description":"Beleef de ultieme barbecue ervaring - Kamado BBQ","publisher":{"@id":"https:\/\/www.kamadobbq.be\/fr\/#organization"},"alternateName":"Kamado BBQ","potentialAction":[{"@type":"SearchAction","target":{"@type":"EntryPoint","urlTemplate":"https:\/\/www.kamadobbq.be\/fr\/?s={search_term_string}"},"query-input":{"@type":"PropertyValueSpecification","valueRequired":true,"valueName":"search_term_string"}}],"inLanguage":"fr-BE"},{"@type":["Organization","Place","Store"],"@id":"https:\/\/www.kamadobbq.be\/fr\/#organization","name":"Kamado BBQ | De Kamado & BBQ Specialist!","url":"https:\/\/www.kamadobbq.be\/fr\/","logo":{"@id":"https:\/\/www.kamadobbq.be\/fr\/shop\/tables-de-barbecue\/cuisine-exterieure-en-ipe\/#local-main-organization-logo"},"image":{"@id":"https:\/\/www.kamadobbq.be\/fr\/shop\/tables-de-barbecue\/cuisine-exterieure-en-ipe\/#local-main-organization-logo"},"sameAs":["https:\/\/www.facebook.com\/KamadoBBQ\/","https:\/\/www.instagram.com\/kamado_bbq\/"],"address":{"@id":"https:\/\/www.kamadobbq.be\/fr\/shop\/tables-de-barbecue\/cuisine-exterieure-en-ipe\/#local-main-place-address"},"geo":{"@type":"GeoCoordinates","latitude":"50.979225960799056","longitude":"5.122391337257679"},"telephone":["+32 13 661 636"],"openingHoursSpecification":[{"@type":"OpeningHoursSpecification","dayOfWeek":["Monday","Tuesday","Wednesday","Thursday","Friday"],"opens":"10:00","closes":"17:30"},{"@type":"OpeningHoursSpecification","dayOfWeek":["Saturday"],"opens":"10:00","closes":"16:00"},{"@type":"OpeningHoursSpecification","dayOfWeek":["Sunday"],"opens":"00:00","closes":"00:00"}],"email":"info@kamadobbq.be","areaServed":"Europe","currenciesAccepted":"Eur"},{"@type":"PostalAddress","@id":"https:\/\/www.kamadobbq.be\/fr\/shop\/tables-de-barbecue\/cuisine-exterieure-en-ipe\/#local-main-place-address","streetAddress":"Meldertsestraat 8","addressLocality":"Zelem","postalCode":"3545","addressRegion":"Belgi\u00eb","addressCountry":"BE"},{"@type":"ImageObject","inLanguage":"fr-BE","@id":"https:\/\/www.kamadobbq.be\/fr\/shop\/tables-de-barbecue\/cuisine-exterieure-en-ipe\/#local-main-organization-logo","url":"https:\/\/www.kamadobbq.be\/wp-content\/uploads\/2022\/02\/kamadobbq-logo-2.svg","contentUrl":"https:\/\/www.kamadobbq.be\/wp-content\/uploads\/2022\/02\/kamadobbq-logo-2.svg","caption":"Kamado BBQ | De Kamado & BBQ Specialist!"}]},"geo.placename":"Zelem","geo.position":{"lat":"50.979225960799056","long":"5.122391337257679"},"geo.region":"Belgium"},"_links":{"self":[{"href":"https:\/\/www.kamadobbq.be\/fr\/wp-json\/wp\/v2\/product\/15439","targetHints":{"allow":["GET"]}}],"collection":[{"href":"https:\/\/www.kamadobbq.be\/fr\/wp-json\/wp\/v2\/product"}],"about":[{"href":"https:\/\/www.kamadobbq.be\/fr\/wp-json\/wp\/v2\/types\/product"}],"wp:featuredmedia":[{"embeddable":true,"href":"https:\/\/www.kamadobbq.be\/fr\/wp-json\/wp\/v2\/media\/40888"}],"wp:attachment":[{"href":"https:\/\/www.kamadobbq.be\/fr\/wp-json\/wp\/v2\/media?parent=15439"}],"wp:term":[{"taxonomy":"product_brand","embeddable":true,"href":"https:\/\/www.kamadobbq.be\/fr\/wp-json\/wp\/v2\/product_brand?post=15439"},{"taxonomy":"product_cat","embeddable":true,"href":"https:\/\/www.kamadobbq.be\/fr\/wp-json\/wp\/v2\/product_cat?post=15439"},{"taxonomy":"product_tag","embeddable":true,"href":"https:\/\/www.kamadobbq.be\/fr\/wp-json\/wp\/v2\/product_tag?post=15439"}],"curies":[{"name":"wp","href":"https:\/\/api.w.org\/{rel}","templated":true}]}}