{"id":13599,"date":"2021-04-02T21:36:20","date_gmt":"2021-04-02T22:06:46","guid":{"rendered":"https:\/\/www.kamadobbq.be\/?product=charbon-de-bois-qualite-restaurant-10kg"},"modified":"2025-12-31T10:51:26","modified_gmt":"2025-12-31T09:51:26","slug":"charbon-de-bois-qualite-restaurant-10-kg","status":"publish","type":"product","link":"https:\/\/www.kamadobbq.be\/fr\/shop\/accessoires-outils-bbq\/charbon-et-bois-de-fumage-combustibles\/charbon-de-bois-qualite-restaurant-10-kg\/","title":{"rendered":"Charbon de Bois Qualit\u00e9 Restaurant &#8211; 10 kg"},"content":{"rendered":"<p>Ce charbon de bois Restaurant Grade est fabriqu\u00e9 en Afrique du Sud \u00e0 partir de African Black Wattle, une vari\u00e9t\u00e9 d\u2019acacia (Acacia mearnsii). L\u2019African Black Wattle est une plante invasive, introduite \u00e0 l\u2019origine depuis l\u2019Australie, qui est aujourd\u2019hui activement combattue en Afrique afin de pr\u00e9server les esp\u00e8ces d\u2019arbres indig\u00e8nes.<\/p>\n<p>Le bois dur d\u2019acacia issu de l\u2019African Black Wattle est parfaitement adapt\u00e9 \u00e0 la fabrication d\u2019un charbon de bois de tr\u00e8s haute qualit\u00e9. Ce charbon est largement utilis\u00e9 par les professionnels et les restaurants et est souvent consid\u00e9r\u00e9 comme la Rolls Royce du charbon de bois \u2013 une qualit\u00e9 v\u00e9ritablement professionnelle.<\/p>\n<p>Il br\u00fble lentement, de mani\u00e8re stable et r\u00e9guli\u00e8re, permettant \u00e0 votre kamado d\u2019atteindre rapidement et pr\u00e9cis\u00e9ment la bonne temp\u00e9rature.<br \/>\nGr\u00e2ce aux gros morceaux, la circulation de l\u2019air reste optimale et l\u2019arriv\u00e9e d\u2019air du kamado ne se bouche pas.<\/p>\n<p>&nbsp;<\/p>\n<h2>Caract\u00e9ristiques<\/h2>\n<ul>\n<li>D\u00e9marrage rapide : \u00b1 15 minutes pour atteindre 180 \u00b0C<\/li>\n<li>Ar\u00f4me neutre<\/li>\n<li>Id\u00e9al pour la cuisson au gril et les pr\u00e9parations \u00e0 haute temp\u00e9rature<\/li>\n<li>Fabriqu\u00e9 \u00e0 partir de bois d\u2019African Black Wattle (Acacia)<\/li>\n<\/ul>\n","protected":false},"excerpt":{"rendered":"<p>Ce Charbon de Bois Qualit\u00e9 Restaurant contient de gros morceaux de charbon d\u2019une qualit\u00e9 exceptionnelle, sp\u00e9cialement adapt\u00e9e \u00e0 l\u2019usage professionnel et \u00e0 la restauration.<\/p>\n<p>&nbsp;<\/p>\n<p>&nbsp;<\/p>\n","protected":false},"featured_media":20498,"template":"","meta":{"_acf_changed":false,"_et_pb_use_builder":"","_et_pb_old_content":"","_et_gb_content_width":""},"product_brand":[],"product_cat":[650,693],"product_tag":[],"class_list":{"0":"post-13599","1":"product","2":"type-product","3":"status-publish","4":"has-post-thumbnail","6":"product_cat-accessoires-outils-bbq","7":"product_cat-charbon-et-bois-de-fumage-combustibles","9":"first","10":"instock","11":"taxable","12":"shipping-taxable","13":"purchasable","14":"product-type-simple"},"acf":[],"yoast_head":"<!-- This site is optimized with the Yoast SEO Premium plugin v25.4 (Yoast SEO v25.4) - https:\/\/yoast.com\/wordpress\/plugins\/seo\/ -->\n<title>Charbon de Bois Qualit\u00e9 Restaurant - 10 kg - Kamado BBQ<\/title>\n<meta name=\"description\" content=\"Charbon de Bois Qualit\u00e9 Restaurant contient de gros morceaux exceptionnelle. Empaquet\u00e9 dans des sacs de 10 kg emball\u00e9s pour plus de confort.\" \/>\n<meta name=\"robots\" content=\"index, follow, max-snippet:-1, max-image-preview:large, max-video-preview:-1\" \/>\n<link rel=\"canonical\" href=\"https:\/\/www.kamadobbq.be\/fr\/shop\/accessoires-outils-bbq\/charbon-et-bois-de-fumage-combustibles\/charbon-de-bois-qualite-restaurant-10-kg\/\" \/>\n<meta property=\"og:locale\" content=\"fr_FR\" \/>\n<meta property=\"og:type\" content=\"article\" \/>\n<meta property=\"og:title\" content=\"Charbon de Bois Qualit\u00e9 Restaurant - 10 kg - Kamado BBQ\" \/>\n<meta property=\"og:description\" content=\"Charbon de Bois Qualit\u00e9 Restaurant contient de gros morceaux exceptionnelle. Empaquet\u00e9 dans des sacs de 10 kg emball\u00e9s pour plus de confort.\" \/>\n<meta property=\"og:url\" content=\"https:\/\/www.kamadobbq.be\/fr\/shop\/accessoires-outils-bbq\/charbon-et-bois-de-fumage-combustibles\/charbon-de-bois-qualite-restaurant-10-kg\/\" \/>\n<meta property=\"og:site_name\" content=\"Kamado BBQ | De Kamado &amp; BBQ Specialist!\" \/>\n<meta property=\"article:publisher\" content=\"https:\/\/www.facebook.com\/KamadoBBQ\/\" \/>\n<meta property=\"article:modified_time\" content=\"2025-12-31T09:51:26+00:00\" \/>\n<meta property=\"og:image\" content=\"https:\/\/www.kamadobbq.be\/wp-content\/uploads\/2021\/04\/1293-Horeca-houtskool-10-kg-1-compress.png\" \/>\n\t<meta property=\"og:image:width\" content=\"720\" \/>\n\t<meta property=\"og:image:height\" content=\"1080\" \/>\n\t<meta property=\"og:image:type\" content=\"image\/png\" \/>\n<meta name=\"twitter:card\" content=\"summary_large_image\" \/>\n<meta name=\"twitter:label1\" content=\"Est. reading time\" \/>\n\t<meta name=\"twitter:data1\" content=\"2 minutes\" \/>\n<script type=\"application\/ld+json\" class=\"yoast-schema-graph\">{\"@context\":\"https:\/\/schema.org\",\"@graph\":[{\"@type\":\"WebPage\",\"@id\":\"https:\/\/www.kamadobbq.be\/fr\/shop\/accessoires-outils-bbq\/charbon-et-bois-de-fumage-combustibles\/charbon-de-bois-qualite-restaurant-10-kg\/\",\"url\":\"https:\/\/www.kamadobbq.be\/fr\/shop\/accessoires-outils-bbq\/charbon-et-bois-de-fumage-combustibles\/charbon-de-bois-qualite-restaurant-10-kg\/\",\"name\":\"Charbon de Bois Qualit\u00e9 Restaurant - 10 kg - Kamado BBQ\",\"isPartOf\":{\"@id\":\"https:\/\/www.kamadobbq.be\/fr\/#website\"},\"primaryImageOfPage\":{\"@id\":\"https:\/\/www.kamadobbq.be\/fr\/shop\/accessoires-outils-bbq\/charbon-et-bois-de-fumage-combustibles\/charbon-de-bois-qualite-restaurant-10-kg\/#primaryimage\"},\"image\":{\"@id\":\"https:\/\/www.kamadobbq.be\/fr\/shop\/accessoires-outils-bbq\/charbon-et-bois-de-fumage-combustibles\/charbon-de-bois-qualite-restaurant-10-kg\/#primaryimage\"},\"thumbnailUrl\":\"https:\/\/www.kamadobbq.be\/wp-content\/uploads\/2021\/04\/1293-Horeca-houtskool-10-kg-1-compress.png\",\"datePublished\":\"2021-04-02T22:06:46+00:00\",\"dateModified\":\"2025-12-31T09:51:26+00:00\",\"description\":\"Charbon de Bois Qualit\u00e9 Restaurant contient de gros morceaux exceptionnelle. Empaquet\u00e9 dans des sacs de 10 kg emball\u00e9s pour plus de confort.\",\"breadcrumb\":{\"@id\":\"https:\/\/www.kamadobbq.be\/fr\/shop\/accessoires-outils-bbq\/charbon-et-bois-de-fumage-combustibles\/charbon-de-bois-qualite-restaurant-10-kg\/#breadcrumb\"},\"inLanguage\":\"fr-BE\",\"potentialAction\":[{\"@type\":\"ReadAction\",\"target\":[\"https:\/\/www.kamadobbq.be\/fr\/shop\/accessoires-outils-bbq\/charbon-et-bois-de-fumage-combustibles\/charbon-de-bois-qualite-restaurant-10-kg\/\"]}]},{\"@type\":\"ImageObject\",\"inLanguage\":\"fr-BE\",\"@id\":\"https:\/\/www.kamadobbq.be\/fr\/shop\/accessoires-outils-bbq\/charbon-et-bois-de-fumage-combustibles\/charbon-de-bois-qualite-restaurant-10-kg\/#primaryimage\",\"url\":\"https:\/\/www.kamadobbq.be\/wp-content\/uploads\/2021\/04\/1293-Horeca-houtskool-10-kg-1-compress.png\",\"contentUrl\":\"https:\/\/www.kamadobbq.be\/wp-content\/uploads\/2021\/04\/1293-Horeca-houtskool-10-kg-1-compress.png\",\"width\":720,\"height\":1080},{\"@type\":\"BreadcrumbList\",\"@id\":\"https:\/\/www.kamadobbq.be\/fr\/shop\/accessoires-outils-bbq\/charbon-et-bois-de-fumage-combustibles\/charbon-de-bois-qualite-restaurant-10-kg\/#breadcrumb\",\"itemListElement\":[{\"@type\":\"ListItem\",\"position\":1,\"name\":\"Shop\",\"item\":\"https:\/\/www.kamadobbq.be\/fr\/shop\/\"},{\"@type\":\"ListItem\",\"position\":2,\"name\":\"Charbon de Bois Qualit\u00e9 Restaurant &#8211; 10 kg\"}]},{\"@type\":\"WebSite\",\"@id\":\"https:\/\/www.kamadobbq.be\/fr\/#website\",\"url\":\"https:\/\/www.kamadobbq.be\/fr\/\",\"name\":\"Kamado BBQ | De Kamado & BBQ Specialist!\",\"description\":\"Beleef de ultieme barbecue ervaring - Kamado BBQ\",\"publisher\":{\"@id\":\"https:\/\/www.kamadobbq.be\/fr\/#organization\"},\"alternateName\":\"Kamado BBQ\",\"potentialAction\":[{\"@type\":\"SearchAction\",\"target\":{\"@type\":\"EntryPoint\",\"urlTemplate\":\"https:\/\/www.kamadobbq.be\/fr\/?s={search_term_string}\"},\"query-input\":{\"@type\":\"PropertyValueSpecification\",\"valueRequired\":true,\"valueName\":\"search_term_string\"}}],\"inLanguage\":\"fr-BE\"},{\"@type\":[\"Organization\",\"Place\",\"Store\"],\"@id\":\"https:\/\/www.kamadobbq.be\/fr\/#organization\",\"name\":\"Kamado BBQ | De Kamado & BBQ Specialist!\",\"url\":\"https:\/\/www.kamadobbq.be\/fr\/\",\"logo\":{\"@id\":\"https:\/\/www.kamadobbq.be\/fr\/shop\/accessoires-outils-bbq\/charbon-et-bois-de-fumage-combustibles\/charbon-de-bois-qualite-restaurant-10-kg\/#local-main-organization-logo\"},\"image\":{\"@id\":\"https:\/\/www.kamadobbq.be\/fr\/shop\/accessoires-outils-bbq\/charbon-et-bois-de-fumage-combustibles\/charbon-de-bois-qualite-restaurant-10-kg\/#local-main-organization-logo\"},\"sameAs\":[\"https:\/\/www.facebook.com\/KamadoBBQ\/\",\"https:\/\/www.instagram.com\/kamado_bbq\/\"],\"address\":{\"@id\":\"https:\/\/www.kamadobbq.be\/fr\/shop\/accessoires-outils-bbq\/charbon-et-bois-de-fumage-combustibles\/charbon-de-bois-qualite-restaurant-10-kg\/#local-main-place-address\"},\"geo\":{\"@type\":\"GeoCoordinates\",\"latitude\":\"50.979225960799056\",\"longitude\":\"5.122391337257679\"},\"telephone\":[\"+32 13 661 636\"],\"openingHoursSpecification\":[{\"@type\":\"OpeningHoursSpecification\",\"dayOfWeek\":[\"Monday\",\"Tuesday\",\"Wednesday\",\"Thursday\",\"Friday\"],\"opens\":\"10:00\",\"closes\":\"17:30\"},{\"@type\":\"OpeningHoursSpecification\",\"dayOfWeek\":[\"Saturday\"],\"opens\":\"10:00\",\"closes\":\"16:00\"},{\"@type\":\"OpeningHoursSpecification\",\"dayOfWeek\":[\"Sunday\"],\"opens\":\"00:00\",\"closes\":\"00:00\"}],\"email\":\"info@kamadobbq.be\",\"areaServed\":\"Europe\",\"currenciesAccepted\":\"Eur\"},{\"@type\":\"PostalAddress\",\"@id\":\"https:\/\/www.kamadobbq.be\/fr\/shop\/accessoires-outils-bbq\/charbon-et-bois-de-fumage-combustibles\/charbon-de-bois-qualite-restaurant-10-kg\/#local-main-place-address\",\"streetAddress\":\"Meldertsestraat 8\",\"addressLocality\":\"Zelem\",\"postalCode\":\"3545\",\"addressRegion\":\"Belgi\u00eb\",\"addressCountry\":\"BE\"},{\"@type\":\"ImageObject\",\"inLanguage\":\"fr-BE\",\"@id\":\"https:\/\/www.kamadobbq.be\/fr\/shop\/accessoires-outils-bbq\/charbon-et-bois-de-fumage-combustibles\/charbon-de-bois-qualite-restaurant-10-kg\/#local-main-organization-logo\",\"url\":\"https:\/\/www.kamadobbq.be\/wp-content\/uploads\/2022\/02\/kamadobbq-logo-2.svg\",\"contentUrl\":\"https:\/\/www.kamadobbq.be\/wp-content\/uploads\/2022\/02\/kamadobbq-logo-2.svg\",\"caption\":\"Kamado BBQ | De Kamado & BBQ Specialist!\"}]}<\/script>\n<meta name=\"geo.placename\" content=\"Zelem\" \/>\n<meta name=\"geo.position\" content=\"50.979225960799056;5.122391337257679\" \/>\n<meta name=\"geo.region\" content=\"Belgium\" \/>\n<!-- \/ Yoast SEO Premium plugin. -->","yoast_head_json":{"title":"Charbon de Bois Qualit\u00e9 Restaurant - 10 kg - Kamado BBQ","description":"Charbon de Bois Qualit\u00e9 Restaurant contient de gros morceaux exceptionnelle. Empaquet\u00e9 dans des sacs de 10 kg emball\u00e9s pour plus de confort.","robots":{"index":"index","follow":"follow","max-snippet":"max-snippet:-1","max-image-preview":"max-image-preview:large","max-video-preview":"max-video-preview:-1"},"canonical":"https:\/\/www.kamadobbq.be\/fr\/shop\/accessoires-outils-bbq\/charbon-et-bois-de-fumage-combustibles\/charbon-de-bois-qualite-restaurant-10-kg\/","og_locale":"fr_FR","og_type":"article","og_title":"Charbon de Bois Qualit\u00e9 Restaurant - 10 kg - Kamado BBQ","og_description":"Charbon de Bois Qualit\u00e9 Restaurant contient de gros morceaux exceptionnelle. Empaquet\u00e9 dans des sacs de 10 kg emball\u00e9s pour plus de confort.","og_url":"https:\/\/www.kamadobbq.be\/fr\/shop\/accessoires-outils-bbq\/charbon-et-bois-de-fumage-combustibles\/charbon-de-bois-qualite-restaurant-10-kg\/","og_site_name":"Kamado BBQ | De Kamado &amp; BBQ Specialist!","article_publisher":"https:\/\/www.facebook.com\/KamadoBBQ\/","article_modified_time":"2025-12-31T09:51:26+00:00","og_image":[{"width":720,"height":1080,"url":"https:\/\/www.kamadobbq.be\/wp-content\/uploads\/2021\/04\/1293-Horeca-houtskool-10-kg-1-compress.png","type":"image\/png"}],"twitter_card":"summary_large_image","twitter_misc":{"Est. reading time":"2 minutes"},"schema":{"@context":"https:\/\/schema.org","@graph":[{"@type":"WebPage","@id":"https:\/\/www.kamadobbq.be\/fr\/shop\/accessoires-outils-bbq\/charbon-et-bois-de-fumage-combustibles\/charbon-de-bois-qualite-restaurant-10-kg\/","url":"https:\/\/www.kamadobbq.be\/fr\/shop\/accessoires-outils-bbq\/charbon-et-bois-de-fumage-combustibles\/charbon-de-bois-qualite-restaurant-10-kg\/","name":"Charbon de Bois Qualit\u00e9 Restaurant - 10 kg - Kamado BBQ","isPartOf":{"@id":"https:\/\/www.kamadobbq.be\/fr\/#website"},"primaryImageOfPage":{"@id":"https:\/\/www.kamadobbq.be\/fr\/shop\/accessoires-outils-bbq\/charbon-et-bois-de-fumage-combustibles\/charbon-de-bois-qualite-restaurant-10-kg\/#primaryimage"},"image":{"@id":"https:\/\/www.kamadobbq.be\/fr\/shop\/accessoires-outils-bbq\/charbon-et-bois-de-fumage-combustibles\/charbon-de-bois-qualite-restaurant-10-kg\/#primaryimage"},"thumbnailUrl":"https:\/\/www.kamadobbq.be\/wp-content\/uploads\/2021\/04\/1293-Horeca-houtskool-10-kg-1-compress.png","datePublished":"2021-04-02T22:06:46+00:00","dateModified":"2025-12-31T09:51:26+00:00","description":"Charbon de Bois Qualit\u00e9 Restaurant contient de gros morceaux exceptionnelle. Empaquet\u00e9 dans des sacs de 10 kg emball\u00e9s pour plus de confort.","breadcrumb":{"@id":"https:\/\/www.kamadobbq.be\/fr\/shop\/accessoires-outils-bbq\/charbon-et-bois-de-fumage-combustibles\/charbon-de-bois-qualite-restaurant-10-kg\/#breadcrumb"},"inLanguage":"fr-BE","potentialAction":[{"@type":"ReadAction","target":["https:\/\/www.kamadobbq.be\/fr\/shop\/accessoires-outils-bbq\/charbon-et-bois-de-fumage-combustibles\/charbon-de-bois-qualite-restaurant-10-kg\/"]}]},{"@type":"ImageObject","inLanguage":"fr-BE","@id":"https:\/\/www.kamadobbq.be\/fr\/shop\/accessoires-outils-bbq\/charbon-et-bois-de-fumage-combustibles\/charbon-de-bois-qualite-restaurant-10-kg\/#primaryimage","url":"https:\/\/www.kamadobbq.be\/wp-content\/uploads\/2021\/04\/1293-Horeca-houtskool-10-kg-1-compress.png","contentUrl":"https:\/\/www.kamadobbq.be\/wp-content\/uploads\/2021\/04\/1293-Horeca-houtskool-10-kg-1-compress.png","width":720,"height":1080},{"@type":"BreadcrumbList","@id":"https:\/\/www.kamadobbq.be\/fr\/shop\/accessoires-outils-bbq\/charbon-et-bois-de-fumage-combustibles\/charbon-de-bois-qualite-restaurant-10-kg\/#breadcrumb","itemListElement":[{"@type":"ListItem","position":1,"name":"Shop","item":"https:\/\/www.kamadobbq.be\/fr\/shop\/"},{"@type":"ListItem","position":2,"name":"Charbon de Bois Qualit\u00e9 Restaurant &#8211; 10 kg"}]},{"@type":"WebSite","@id":"https:\/\/www.kamadobbq.be\/fr\/#website","url":"https:\/\/www.kamadobbq.be\/fr\/","name":"Kamado BBQ | De Kamado & BBQ Specialist!","description":"Beleef de ultieme barbecue ervaring - Kamado BBQ","publisher":{"@id":"https:\/\/www.kamadobbq.be\/fr\/#organization"},"alternateName":"Kamado BBQ","potentialAction":[{"@type":"SearchAction","target":{"@type":"EntryPoint","urlTemplate":"https:\/\/www.kamadobbq.be\/fr\/?s={search_term_string}"},"query-input":{"@type":"PropertyValueSpecification","valueRequired":true,"valueName":"search_term_string"}}],"inLanguage":"fr-BE"},{"@type":["Organization","Place","Store"],"@id":"https:\/\/www.kamadobbq.be\/fr\/#organization","name":"Kamado BBQ | De Kamado & BBQ Specialist!","url":"https:\/\/www.kamadobbq.be\/fr\/","logo":{"@id":"https:\/\/www.kamadobbq.be\/fr\/shop\/accessoires-outils-bbq\/charbon-et-bois-de-fumage-combustibles\/charbon-de-bois-qualite-restaurant-10-kg\/#local-main-organization-logo"},"image":{"@id":"https:\/\/www.kamadobbq.be\/fr\/shop\/accessoires-outils-bbq\/charbon-et-bois-de-fumage-combustibles\/charbon-de-bois-qualite-restaurant-10-kg\/#local-main-organization-logo"},"sameAs":["https:\/\/www.facebook.com\/KamadoBBQ\/","https:\/\/www.instagram.com\/kamado_bbq\/"],"address":{"@id":"https:\/\/www.kamadobbq.be\/fr\/shop\/accessoires-outils-bbq\/charbon-et-bois-de-fumage-combustibles\/charbon-de-bois-qualite-restaurant-10-kg\/#local-main-place-address"},"geo":{"@type":"GeoCoordinates","latitude":"50.979225960799056","longitude":"5.122391337257679"},"telephone":["+32 13 661 636"],"openingHoursSpecification":[{"@type":"OpeningHoursSpecification","dayOfWeek":["Monday","Tuesday","Wednesday","Thursday","Friday"],"opens":"10:00","closes":"17:30"},{"@type":"OpeningHoursSpecification","dayOfWeek":["Saturday"],"opens":"10:00","closes":"16:00"},{"@type":"OpeningHoursSpecification","dayOfWeek":["Sunday"],"opens":"00:00","closes":"00:00"}],"email":"info@kamadobbq.be","areaServed":"Europe","currenciesAccepted":"Eur"},{"@type":"PostalAddress","@id":"https:\/\/www.kamadobbq.be\/fr\/shop\/accessoires-outils-bbq\/charbon-et-bois-de-fumage-combustibles\/charbon-de-bois-qualite-restaurant-10-kg\/#local-main-place-address","streetAddress":"Meldertsestraat 8","addressLocality":"Zelem","postalCode":"3545","addressRegion":"Belgi\u00eb","addressCountry":"BE"},{"@type":"ImageObject","inLanguage":"fr-BE","@id":"https:\/\/www.kamadobbq.be\/fr\/shop\/accessoires-outils-bbq\/charbon-et-bois-de-fumage-combustibles\/charbon-de-bois-qualite-restaurant-10-kg\/#local-main-organization-logo","url":"https:\/\/www.kamadobbq.be\/wp-content\/uploads\/2022\/02\/kamadobbq-logo-2.svg","contentUrl":"https:\/\/www.kamadobbq.be\/wp-content\/uploads\/2022\/02\/kamadobbq-logo-2.svg","caption":"Kamado BBQ | De Kamado & BBQ Specialist!"}]},"geo.placename":"Zelem","geo.position":{"lat":"50.979225960799056","long":"5.122391337257679"},"geo.region":"Belgium"},"_links":{"self":[{"href":"https:\/\/www.kamadobbq.be\/fr\/wp-json\/wp\/v2\/product\/13599","targetHints":{"allow":["GET"]}}],"collection":[{"href":"https:\/\/www.kamadobbq.be\/fr\/wp-json\/wp\/v2\/product"}],"about":[{"href":"https:\/\/www.kamadobbq.be\/fr\/wp-json\/wp\/v2\/types\/product"}],"wp:featuredmedia":[{"embeddable":true,"href":"https:\/\/www.kamadobbq.be\/fr\/wp-json\/wp\/v2\/media\/20498"}],"wp:attachment":[{"href":"https:\/\/www.kamadobbq.be\/fr\/wp-json\/wp\/v2\/media?parent=13599"}],"wp:term":[{"taxonomy":"product_brand","embeddable":true,"href":"https:\/\/www.kamadobbq.be\/fr\/wp-json\/wp\/v2\/product_brand?post=13599"},{"taxonomy":"product_cat","embeddable":true,"href":"https:\/\/www.kamadobbq.be\/fr\/wp-json\/wp\/v2\/product_cat?post=13599"},{"taxonomy":"product_tag","embeddable":true,"href":"https:\/\/www.kamadobbq.be\/fr\/wp-json\/wp\/v2\/product_tag?post=13599"}],"curies":[{"name":"wp","href":"https:\/\/api.w.org\/{rel}","templated":true}]}}