{"id":13544,"date":"2021-04-02T21:28:04","date_gmt":"2021-04-02T22:04:13","guid":{"rendered":"https:\/\/www.kamadobbq.be\/?product=pierre-a-pizza-xxl-big-joe-o-51cm"},"modified":"2025-12-08T09:40:27","modified_gmt":"2025-12-08T08:40:27","slug":"pierre-a-pizza-xxl-big-joe-o-51cm","status":"publish","type":"product","link":"https:\/\/www.kamadobbq.be\/fr\/shop\/kamado-joe-fr\/accessoires\/pierre-a-pizza-xxl-big-joe-o-51cm\/","title":{"rendered":"Kamado Joe Pierre \u00e0 Pizza XXL (Big Joe) \u00d851cm"},"content":{"rendered":"<div>Avec le Kamado Joe Pierre \u00e0 Pizza XXL, vous pouvez cuire des pizzas authentiques dans le Kamado Joe, comme si elles sortaient du four \u00e0 bois de la pizzeria. La pierre en c\u00e9ramique distribue la chaleur et absorbe l&#8217;exc\u00e8s d&#8217;humidit\u00e9, de sorte que la pizza est parfaitement cuite et obtient une d\u00e9licieuse cro\u00fbte croustillante. Avec un diam\u00e8tre de 51cm, ce Pierre \u00e0 Pizza XXL est id\u00e9al pour faire de grosses pizzas dans votre Big Joe ou pour cuire de grands groupes d&#8217;autres plats dans votre Big Joe.<\/div>\n<div><\/div>\n<div><strong>Diam\u00e8tre\u00a0Pierre \u00e0 Pizza: 51cm<\/strong><\/div>\n","protected":false},"excerpt":{"rendered":"<p>Utilisable dans le Big Joe.<\/p>\n<p>&nbsp;<\/p>\n","protected":false},"featured_media":14352,"template":"","meta":{"_acf_changed":false,"_et_pb_use_builder":"","_et_pb_old_content":"","_et_gb_content_width":""},"product_brand":[],"product_cat":[682,628,774],"product_tag":[],"class_list":{"0":"post-13544","1":"product","2":"type-product","3":"status-publish","4":"has-post-thumbnail","6":"product_cat-kamado-joe-fr","7":"product_cat-accessoires","8":"product_cat-accessoires-de-pizza","10":"first","11":"instock","12":"taxable","13":"shipping-taxable","14":"purchasable","15":"product-type-simple"},"acf":[],"yoast_head":"<!-- This site is optimized with the Yoast SEO Premium plugin v25.4 (Yoast SEO v25.4) - https:\/\/yoast.com\/wordpress\/plugins\/seo\/ -->\n<title>Kamado Joe Pierre \u00e0 Pizza XXL (Big Joe) \u00d851cm - Kamado BBQ<\/title>\n<meta name=\"description\" content=\"Kamado Joe !Pierre \u00e0 Pizza XXL avec lequel vous pouvez cuire des pizzas authentiques dans le Kamado Joe, comme si chez la pizzeria!\" \/>\n<meta name=\"robots\" content=\"index, follow, max-snippet:-1, max-image-preview:large, max-video-preview:-1\" \/>\n<link rel=\"canonical\" href=\"https:\/\/www.kamadobbq.be\/fr\/shop\/kamado-joe-fr\/accessoires\/pierre-a-pizza-xxl-big-joe-o-51cm\/\" \/>\n<meta property=\"og:locale\" content=\"fr_FR\" \/>\n<meta property=\"og:type\" content=\"article\" \/>\n<meta property=\"og:title\" content=\"Kamado Joe Pierre \u00e0 Pizza XXL (Big Joe) \u00d851cm - Kamado BBQ\" \/>\n<meta property=\"og:description\" content=\"Kamado Joe !Pierre \u00e0 Pizza XXL avec lequel vous pouvez cuire des pizzas authentiques dans le Kamado Joe, comme si chez la pizzeria!\" \/>\n<meta property=\"og:url\" content=\"https:\/\/www.kamadobbq.be\/fr\/shop\/kamado-joe-fr\/accessoires\/pierre-a-pizza-xxl-big-joe-o-51cm\/\" \/>\n<meta property=\"og:site_name\" content=\"Kamado BBQ | De Kamado &amp; BBQ Specialist!\" \/>\n<meta property=\"article:publisher\" content=\"https:\/\/www.facebook.com\/KamadoBBQ\/\" \/>\n<meta property=\"article:modified_time\" content=\"2025-12-08T08:40:27+00:00\" \/>\n<meta property=\"og:image\" content=\"https:\/\/www.kamadobbq.be\/wp-content\/uploads\/2021\/02\/3PizzaStonevierkantbew._1-compress-0.jpg\" \/>\n\t<meta property=\"og:image:width\" content=\"560\" \/>\n\t<meta property=\"og:image:height\" content=\"632\" \/>\n\t<meta property=\"og:image:type\" content=\"image\/jpeg\" \/>\n<meta name=\"twitter:card\" content=\"summary_large_image\" \/>\n<meta name=\"twitter:label1\" content=\"Est. reading time\" \/>\n\t<meta name=\"twitter:data1\" content=\"1 minute\" \/>\n<script type=\"application\/ld+json\" class=\"yoast-schema-graph\">{\"@context\":\"https:\/\/schema.org\",\"@graph\":[{\"@type\":\"WebPage\",\"@id\":\"https:\/\/www.kamadobbq.be\/fr\/shop\/kamado-joe-fr\/accessoires\/pierre-a-pizza-xxl-big-joe-o-51cm\/\",\"url\":\"https:\/\/www.kamadobbq.be\/fr\/shop\/kamado-joe-fr\/accessoires\/pierre-a-pizza-xxl-big-joe-o-51cm\/\",\"name\":\"Kamado Joe Pierre \u00e0 Pizza XXL (Big Joe) \u00d851cm - Kamado BBQ\",\"isPartOf\":{\"@id\":\"https:\/\/www.kamadobbq.be\/fr\/#website\"},\"primaryImageOfPage\":{\"@id\":\"https:\/\/www.kamadobbq.be\/fr\/shop\/kamado-joe-fr\/accessoires\/pierre-a-pizza-xxl-big-joe-o-51cm\/#primaryimage\"},\"image\":{\"@id\":\"https:\/\/www.kamadobbq.be\/fr\/shop\/kamado-joe-fr\/accessoires\/pierre-a-pizza-xxl-big-joe-o-51cm\/#primaryimage\"},\"thumbnailUrl\":\"https:\/\/www.kamadobbq.be\/wp-content\/uploads\/2021\/02\/3PizzaStonevierkantbew._1-compress-0.jpg\",\"datePublished\":\"2021-04-02T22:04:13+00:00\",\"dateModified\":\"2025-12-08T08:40:27+00:00\",\"description\":\"Kamado Joe !Pierre \u00e0 Pizza XXL avec lequel vous pouvez cuire des pizzas authentiques dans le Kamado Joe, comme si chez la pizzeria!\",\"breadcrumb\":{\"@id\":\"https:\/\/www.kamadobbq.be\/fr\/shop\/kamado-joe-fr\/accessoires\/pierre-a-pizza-xxl-big-joe-o-51cm\/#breadcrumb\"},\"inLanguage\":\"fr-BE\",\"potentialAction\":[{\"@type\":\"ReadAction\",\"target\":[\"https:\/\/www.kamadobbq.be\/fr\/shop\/kamado-joe-fr\/accessoires\/pierre-a-pizza-xxl-big-joe-o-51cm\/\"]}]},{\"@type\":\"ImageObject\",\"inLanguage\":\"fr-BE\",\"@id\":\"https:\/\/www.kamadobbq.be\/fr\/shop\/kamado-joe-fr\/accessoires\/pierre-a-pizza-xxl-big-joe-o-51cm\/#primaryimage\",\"url\":\"https:\/\/www.kamadobbq.be\/wp-content\/uploads\/2021\/02\/3PizzaStonevierkantbew._1-compress-0.jpg\",\"contentUrl\":\"https:\/\/www.kamadobbq.be\/wp-content\/uploads\/2021\/02\/3PizzaStonevierkantbew._1-compress-0.jpg\",\"width\":560,\"height\":632},{\"@type\":\"BreadcrumbList\",\"@id\":\"https:\/\/www.kamadobbq.be\/fr\/shop\/kamado-joe-fr\/accessoires\/pierre-a-pizza-xxl-big-joe-o-51cm\/#breadcrumb\",\"itemListElement\":[{\"@type\":\"ListItem\",\"position\":1,\"name\":\"Shop\",\"item\":\"https:\/\/www.kamadobbq.be\/fr\/shop\/\"},{\"@type\":\"ListItem\",\"position\":2,\"name\":\"Kamado Joe Pierre \u00e0 Pizza XXL (Big Joe) \u00d851cm\"}]},{\"@type\":\"WebSite\",\"@id\":\"https:\/\/www.kamadobbq.be\/fr\/#website\",\"url\":\"https:\/\/www.kamadobbq.be\/fr\/\",\"name\":\"Kamado BBQ | De Kamado & BBQ Specialist!\",\"description\":\"Beleef de ultieme barbecue ervaring - Kamado BBQ\",\"publisher\":{\"@id\":\"https:\/\/www.kamadobbq.be\/fr\/#organization\"},\"alternateName\":\"Kamado BBQ\",\"potentialAction\":[{\"@type\":\"SearchAction\",\"target\":{\"@type\":\"EntryPoint\",\"urlTemplate\":\"https:\/\/www.kamadobbq.be\/fr\/?s={search_term_string}\"},\"query-input\":{\"@type\":\"PropertyValueSpecification\",\"valueRequired\":true,\"valueName\":\"search_term_string\"}}],\"inLanguage\":\"fr-BE\"},{\"@type\":[\"Organization\",\"Place\",\"Store\"],\"@id\":\"https:\/\/www.kamadobbq.be\/fr\/#organization\",\"name\":\"Kamado BBQ | De Kamado & BBQ Specialist!\",\"url\":\"https:\/\/www.kamadobbq.be\/fr\/\",\"logo\":{\"@id\":\"https:\/\/www.kamadobbq.be\/fr\/shop\/kamado-joe-fr\/accessoires\/pierre-a-pizza-xxl-big-joe-o-51cm\/#local-main-organization-logo\"},\"image\":{\"@id\":\"https:\/\/www.kamadobbq.be\/fr\/shop\/kamado-joe-fr\/accessoires\/pierre-a-pizza-xxl-big-joe-o-51cm\/#local-main-organization-logo\"},\"sameAs\":[\"https:\/\/www.facebook.com\/KamadoBBQ\/\",\"https:\/\/www.instagram.com\/kamado_bbq\/\"],\"address\":{\"@id\":\"https:\/\/www.kamadobbq.be\/fr\/shop\/kamado-joe-fr\/accessoires\/pierre-a-pizza-xxl-big-joe-o-51cm\/#local-main-place-address\"},\"geo\":{\"@type\":\"GeoCoordinates\",\"latitude\":\"50.979225960799056\",\"longitude\":\"5.122391337257679\"},\"telephone\":[\"+32 13 661 636\"],\"openingHoursSpecification\":[{\"@type\":\"OpeningHoursSpecification\",\"dayOfWeek\":[\"Monday\",\"Tuesday\",\"Wednesday\",\"Thursday\",\"Friday\"],\"opens\":\"10:00\",\"closes\":\"17:30\"},{\"@type\":\"OpeningHoursSpecification\",\"dayOfWeek\":[\"Saturday\"],\"opens\":\"10:00\",\"closes\":\"16:00\"},{\"@type\":\"OpeningHoursSpecification\",\"dayOfWeek\":[\"Sunday\"],\"opens\":\"00:00\",\"closes\":\"00:00\"}],\"email\":\"info@kamadobbq.be\",\"areaServed\":\"Europe\",\"currenciesAccepted\":\"Eur\"},{\"@type\":\"PostalAddress\",\"@id\":\"https:\/\/www.kamadobbq.be\/fr\/shop\/kamado-joe-fr\/accessoires\/pierre-a-pizza-xxl-big-joe-o-51cm\/#local-main-place-address\",\"streetAddress\":\"Meldertsestraat 8\",\"addressLocality\":\"Zelem\",\"postalCode\":\"3545\",\"addressRegion\":\"Belgi\u00eb\",\"addressCountry\":\"BE\"},{\"@type\":\"ImageObject\",\"inLanguage\":\"fr-BE\",\"@id\":\"https:\/\/www.kamadobbq.be\/fr\/shop\/kamado-joe-fr\/accessoires\/pierre-a-pizza-xxl-big-joe-o-51cm\/#local-main-organization-logo\",\"url\":\"https:\/\/www.kamadobbq.be\/wp-content\/uploads\/2022\/02\/kamadobbq-logo-2.svg\",\"contentUrl\":\"https:\/\/www.kamadobbq.be\/wp-content\/uploads\/2022\/02\/kamadobbq-logo-2.svg\",\"caption\":\"Kamado BBQ | De Kamado & BBQ Specialist!\"}]}<\/script>\n<meta name=\"geo.placename\" content=\"Zelem\" \/>\n<meta name=\"geo.position\" content=\"50.979225960799056;5.122391337257679\" \/>\n<meta name=\"geo.region\" content=\"Belgium\" \/>\n<!-- \/ Yoast SEO Premium plugin. -->","yoast_head_json":{"title":"Kamado Joe Pierre \u00e0 Pizza XXL (Big Joe) \u00d851cm - Kamado BBQ","description":"Kamado Joe !Pierre \u00e0 Pizza XXL avec lequel vous pouvez cuire des pizzas authentiques dans le Kamado Joe, comme si chez la pizzeria!","robots":{"index":"index","follow":"follow","max-snippet":"max-snippet:-1","max-image-preview":"max-image-preview:large","max-video-preview":"max-video-preview:-1"},"canonical":"https:\/\/www.kamadobbq.be\/fr\/shop\/kamado-joe-fr\/accessoires\/pierre-a-pizza-xxl-big-joe-o-51cm\/","og_locale":"fr_FR","og_type":"article","og_title":"Kamado Joe Pierre \u00e0 Pizza XXL (Big Joe) \u00d851cm - Kamado BBQ","og_description":"Kamado Joe !Pierre \u00e0 Pizza XXL avec lequel vous pouvez cuire des pizzas authentiques dans le Kamado Joe, comme si chez la pizzeria!","og_url":"https:\/\/www.kamadobbq.be\/fr\/shop\/kamado-joe-fr\/accessoires\/pierre-a-pizza-xxl-big-joe-o-51cm\/","og_site_name":"Kamado BBQ | De Kamado &amp; BBQ Specialist!","article_publisher":"https:\/\/www.facebook.com\/KamadoBBQ\/","article_modified_time":"2025-12-08T08:40:27+00:00","og_image":[{"width":560,"height":632,"url":"https:\/\/www.kamadobbq.be\/wp-content\/uploads\/2021\/02\/3PizzaStonevierkantbew._1-compress-0.jpg","type":"image\/jpeg"}],"twitter_card":"summary_large_image","twitter_misc":{"Est. reading time":"1 minute"},"schema":{"@context":"https:\/\/schema.org","@graph":[{"@type":"WebPage","@id":"https:\/\/www.kamadobbq.be\/fr\/shop\/kamado-joe-fr\/accessoires\/pierre-a-pizza-xxl-big-joe-o-51cm\/","url":"https:\/\/www.kamadobbq.be\/fr\/shop\/kamado-joe-fr\/accessoires\/pierre-a-pizza-xxl-big-joe-o-51cm\/","name":"Kamado Joe Pierre \u00e0 Pizza XXL (Big Joe) \u00d851cm - Kamado BBQ","isPartOf":{"@id":"https:\/\/www.kamadobbq.be\/fr\/#website"},"primaryImageOfPage":{"@id":"https:\/\/www.kamadobbq.be\/fr\/shop\/kamado-joe-fr\/accessoires\/pierre-a-pizza-xxl-big-joe-o-51cm\/#primaryimage"},"image":{"@id":"https:\/\/www.kamadobbq.be\/fr\/shop\/kamado-joe-fr\/accessoires\/pierre-a-pizza-xxl-big-joe-o-51cm\/#primaryimage"},"thumbnailUrl":"https:\/\/www.kamadobbq.be\/wp-content\/uploads\/2021\/02\/3PizzaStonevierkantbew._1-compress-0.jpg","datePublished":"2021-04-02T22:04:13+00:00","dateModified":"2025-12-08T08:40:27+00:00","description":"Kamado Joe !Pierre \u00e0 Pizza XXL avec lequel vous pouvez cuire des pizzas authentiques dans le Kamado Joe, comme si chez la pizzeria!","breadcrumb":{"@id":"https:\/\/www.kamadobbq.be\/fr\/shop\/kamado-joe-fr\/accessoires\/pierre-a-pizza-xxl-big-joe-o-51cm\/#breadcrumb"},"inLanguage":"fr-BE","potentialAction":[{"@type":"ReadAction","target":["https:\/\/www.kamadobbq.be\/fr\/shop\/kamado-joe-fr\/accessoires\/pierre-a-pizza-xxl-big-joe-o-51cm\/"]}]},{"@type":"ImageObject","inLanguage":"fr-BE","@id":"https:\/\/www.kamadobbq.be\/fr\/shop\/kamado-joe-fr\/accessoires\/pierre-a-pizza-xxl-big-joe-o-51cm\/#primaryimage","url":"https:\/\/www.kamadobbq.be\/wp-content\/uploads\/2021\/02\/3PizzaStonevierkantbew._1-compress-0.jpg","contentUrl":"https:\/\/www.kamadobbq.be\/wp-content\/uploads\/2021\/02\/3PizzaStonevierkantbew._1-compress-0.jpg","width":560,"height":632},{"@type":"BreadcrumbList","@id":"https:\/\/www.kamadobbq.be\/fr\/shop\/kamado-joe-fr\/accessoires\/pierre-a-pizza-xxl-big-joe-o-51cm\/#breadcrumb","itemListElement":[{"@type":"ListItem","position":1,"name":"Shop","item":"https:\/\/www.kamadobbq.be\/fr\/shop\/"},{"@type":"ListItem","position":2,"name":"Kamado Joe Pierre \u00e0 Pizza XXL (Big Joe) \u00d851cm"}]},{"@type":"WebSite","@id":"https:\/\/www.kamadobbq.be\/fr\/#website","url":"https:\/\/www.kamadobbq.be\/fr\/","name":"Kamado BBQ | De Kamado & BBQ Specialist!","description":"Beleef de ultieme barbecue ervaring - Kamado BBQ","publisher":{"@id":"https:\/\/www.kamadobbq.be\/fr\/#organization"},"alternateName":"Kamado BBQ","potentialAction":[{"@type":"SearchAction","target":{"@type":"EntryPoint","urlTemplate":"https:\/\/www.kamadobbq.be\/fr\/?s={search_term_string}"},"query-input":{"@type":"PropertyValueSpecification","valueRequired":true,"valueName":"search_term_string"}}],"inLanguage":"fr-BE"},{"@type":["Organization","Place","Store"],"@id":"https:\/\/www.kamadobbq.be\/fr\/#organization","name":"Kamado BBQ | De Kamado & BBQ Specialist!","url":"https:\/\/www.kamadobbq.be\/fr\/","logo":{"@id":"https:\/\/www.kamadobbq.be\/fr\/shop\/kamado-joe-fr\/accessoires\/pierre-a-pizza-xxl-big-joe-o-51cm\/#local-main-organization-logo"},"image":{"@id":"https:\/\/www.kamadobbq.be\/fr\/shop\/kamado-joe-fr\/accessoires\/pierre-a-pizza-xxl-big-joe-o-51cm\/#local-main-organization-logo"},"sameAs":["https:\/\/www.facebook.com\/KamadoBBQ\/","https:\/\/www.instagram.com\/kamado_bbq\/"],"address":{"@id":"https:\/\/www.kamadobbq.be\/fr\/shop\/kamado-joe-fr\/accessoires\/pierre-a-pizza-xxl-big-joe-o-51cm\/#local-main-place-address"},"geo":{"@type":"GeoCoordinates","latitude":"50.979225960799056","longitude":"5.122391337257679"},"telephone":["+32 13 661 636"],"openingHoursSpecification":[{"@type":"OpeningHoursSpecification","dayOfWeek":["Monday","Tuesday","Wednesday","Thursday","Friday"],"opens":"10:00","closes":"17:30"},{"@type":"OpeningHoursSpecification","dayOfWeek":["Saturday"],"opens":"10:00","closes":"16:00"},{"@type":"OpeningHoursSpecification","dayOfWeek":["Sunday"],"opens":"00:00","closes":"00:00"}],"email":"info@kamadobbq.be","areaServed":"Europe","currenciesAccepted":"Eur"},{"@type":"PostalAddress","@id":"https:\/\/www.kamadobbq.be\/fr\/shop\/kamado-joe-fr\/accessoires\/pierre-a-pizza-xxl-big-joe-o-51cm\/#local-main-place-address","streetAddress":"Meldertsestraat 8","addressLocality":"Zelem","postalCode":"3545","addressRegion":"Belgi\u00eb","addressCountry":"BE"},{"@type":"ImageObject","inLanguage":"fr-BE","@id":"https:\/\/www.kamadobbq.be\/fr\/shop\/kamado-joe-fr\/accessoires\/pierre-a-pizza-xxl-big-joe-o-51cm\/#local-main-organization-logo","url":"https:\/\/www.kamadobbq.be\/wp-content\/uploads\/2022\/02\/kamadobbq-logo-2.svg","contentUrl":"https:\/\/www.kamadobbq.be\/wp-content\/uploads\/2022\/02\/kamadobbq-logo-2.svg","caption":"Kamado BBQ | De Kamado & BBQ Specialist!"}]},"geo.placename":"Zelem","geo.position":{"lat":"50.979225960799056","long":"5.122391337257679"},"geo.region":"Belgium"},"_links":{"self":[{"href":"https:\/\/www.kamadobbq.be\/fr\/wp-json\/wp\/v2\/product\/13544","targetHints":{"allow":["GET"]}}],"collection":[{"href":"https:\/\/www.kamadobbq.be\/fr\/wp-json\/wp\/v2\/product"}],"about":[{"href":"https:\/\/www.kamadobbq.be\/fr\/wp-json\/wp\/v2\/types\/product"}],"wp:featuredmedia":[{"embeddable":true,"href":"https:\/\/www.kamadobbq.be\/fr\/wp-json\/wp\/v2\/media\/14352"}],"wp:attachment":[{"href":"https:\/\/www.kamadobbq.be\/fr\/wp-json\/wp\/v2\/media?parent=13544"}],"wp:term":[{"taxonomy":"product_brand","embeddable":true,"href":"https:\/\/www.kamadobbq.be\/fr\/wp-json\/wp\/v2\/product_brand?post=13544"},{"taxonomy":"product_cat","embeddable":true,"href":"https:\/\/www.kamadobbq.be\/fr\/wp-json\/wp\/v2\/product_cat?post=13544"},{"taxonomy":"product_tag","embeddable":true,"href":"https:\/\/www.kamadobbq.be\/fr\/wp-json\/wp\/v2\/product_tag?post=13544"}],"curies":[{"name":"wp","href":"https:\/\/api.w.org\/{rel}","templated":true}]}}