{"id":13532,"date":"2021-04-02T21:29:19","date_gmt":"2021-04-02T22:03:40","guid":{"rendered":"https:\/\/www.kamadobbq.be\/?product=kamado-bbq-grille-en-fonte-reversible-demi-lune-classic"},"modified":"2026-03-17T16:25:41","modified_gmt":"2026-03-17T15:25:41","slug":"kamado-bbq-grille-en-fonte-reversible-demi-lune-classic","status":"publish","type":"product","link":"https:\/\/www.kamadobbq.be\/fr\/shop\/kamado-joe-fr\/accessoires\/kamado-bbq-grille-en-fonte-reversible-demi-lune-classic\/","title":{"rendered":"Kamado BBQ Grille en Fonte R\u00e9versible Demi-Lune &#8211; Classic"},"content":{"rendered":"<p>Cette plaque de cuisson peut \u00eatre invers\u00e9 , elle compos\u00e9 d\u2019un c\u00f4t\u00e9 lisse et d\u2019un c\u00f4t\u00e9 nervur\u00e9.<\/p>\n<p>Ce c\u00f4t\u00e9 peut \u00eatre utilis\u00e9 pour griller votre viande. Le c\u00f4t\u00e9 lisse est parfait pour cuire votre viande fine et vos l\u00e9gumes.<\/p>\n<p>Vous pouvez \u00e9galement y cuire vos pommes de terre ou vos \u0153ufs, ainsi que vos fameux \u2018Smash Burgers\u2019.<\/p>\n<p><a href=\"https:\/\/www.kamadobbq.be\/fr\/service-expedition-collection\/traitement-de-la-fonte\/\" target=\"_blank\" rel=\"noopener\">D\u00e9couvrez ici comment entretenir au mieux la fonte &gt;&gt;<\/a><\/p>\n<p>&nbsp;<\/p>\n<h2>Dimensions<\/h2>\n<ul>\n<li><strong>Longueur<\/strong> 46,0 cm<\/li>\n<li><strong>Largeur<\/strong> 22,5 cm<\/li>\n<\/ul>\n","protected":false},"excerpt":{"rendered":"<p>Plaque de cuisson r\u00e9versible en fonte. Peut \u00eatre mis dans le<a href=\"https:\/\/www.kamadobbq.be\/fr\/shop\/kamado-joe-fr\/accessoires\/divide-conquer-systeme\/\" target=\"_blank\" rel=\"noopener\"> &#8216;Divide &amp; Conquer&#8217; syst\u00e8me<\/a> de votre Classic Joe.<\/p>\n<p>&nbsp;<\/p>\n","protected":false},"featured_media":68271,"template":"","meta":{"_acf_changed":false,"_et_pb_use_builder":"","_et_pb_old_content":"","_et_gb_content_width":""},"product_brand":[],"product_cat":[1253,682,628],"product_tag":[],"class_list":{"0":"post-13532","1":"product","2":"type-product","3":"status-publish","4":"has-post-thumbnail","6":"product_cat-fonte","7":"product_cat-kamado-joe-fr","8":"product_cat-accessoires","10":"first","11":"instock","12":"taxable","13":"shipping-taxable","14":"purchasable","15":"product-type-simple"},"acf":[],"yoast_head":"<!-- This site is optimized with the Yoast SEO Premium plugin v25.4 (Yoast SEO v25.4) - https:\/\/yoast.com\/wordpress\/plugins\/seo\/ -->\n<title>Kamado BBQ Grille en Fonte R\u00e9versible Demi-Lune Classic - KamadoBBQ<\/title>\n<meta name=\"description\" content=\"Kamado BBQ Grille en Fonte R\u00e9versible Demi-Lune - Classic. Peut \u00eatre mis dans le &#039;Divide &amp; Conquer&#039; syst\u00e8me de votre Classic Joe.\" \/>\n<meta name=\"robots\" content=\"index, follow, max-snippet:-1, max-image-preview:large, max-video-preview:-1\" \/>\n<link rel=\"canonical\" href=\"https:\/\/www.kamadobbq.be\/fr\/shop\/kamado-joe-fr\/accessoires\/kamado-bbq-grille-en-fonte-reversible-demi-lune-classic\/\" \/>\n<meta property=\"og:locale\" content=\"fr_FR\" \/>\n<meta property=\"og:type\" content=\"article\" \/>\n<meta property=\"og:title\" content=\"Kamado BBQ Grille en Fonte R\u00e9versible Demi-Lune Classic - KamadoBBQ\" \/>\n<meta property=\"og:description\" content=\"Kamado BBQ Grille en Fonte R\u00e9versible Demi-Lune - Classic. Peut \u00eatre mis dans le &#039;Divide &amp; Conquer&#039; syst\u00e8me de votre Classic Joe.\" \/>\n<meta property=\"og:url\" content=\"https:\/\/www.kamadobbq.be\/fr\/shop\/kamado-joe-fr\/accessoires\/kamado-bbq-grille-en-fonte-reversible-demi-lune-classic\/\" \/>\n<meta property=\"og:site_name\" content=\"Kamado BBQ | De Kamado &amp; BBQ Specialist!\" \/>\n<meta property=\"article:publisher\" content=\"https:\/\/www.facebook.com\/KamadoBBQ\/\" \/>\n<meta property=\"article:modified_time\" content=\"2026-03-17T15:25:41+00:00\" \/>\n<meta property=\"og:image\" content=\"https:\/\/www.kamadobbq.be\/wp-content\/uploads\/2021\/04\/Kamado-BBQ-Cast-Iron-Half-Reversible-Griddle-Rib-compress.png\" \/>\n\t<meta property=\"og:image:width\" content=\"1000\" \/>\n\t<meta property=\"og:image:height\" content=\"1000\" \/>\n\t<meta property=\"og:image:type\" content=\"image\/png\" \/>\n<meta name=\"twitter:card\" content=\"summary_large_image\" \/>\n<meta name=\"twitter:label1\" content=\"Est. reading time\" \/>\n\t<meta name=\"twitter:data1\" content=\"1 minute\" \/>\n<script type=\"application\/ld+json\" class=\"yoast-schema-graph\">{\"@context\":\"https:\/\/schema.org\",\"@graph\":[{\"@type\":\"WebPage\",\"@id\":\"https:\/\/www.kamadobbq.be\/fr\/shop\/kamado-joe-fr\/accessoires\/kamado-bbq-grille-en-fonte-reversible-demi-lune-classic\/\",\"url\":\"https:\/\/www.kamadobbq.be\/fr\/shop\/kamado-joe-fr\/accessoires\/kamado-bbq-grille-en-fonte-reversible-demi-lune-classic\/\",\"name\":\"Kamado BBQ Grille en Fonte R\u00e9versible Demi-Lune Classic - KamadoBBQ\",\"isPartOf\":{\"@id\":\"https:\/\/www.kamadobbq.be\/fr\/#website\"},\"primaryImageOfPage\":{\"@id\":\"https:\/\/www.kamadobbq.be\/fr\/shop\/kamado-joe-fr\/accessoires\/kamado-bbq-grille-en-fonte-reversible-demi-lune-classic\/#primaryimage\"},\"image\":{\"@id\":\"https:\/\/www.kamadobbq.be\/fr\/shop\/kamado-joe-fr\/accessoires\/kamado-bbq-grille-en-fonte-reversible-demi-lune-classic\/#primaryimage\"},\"thumbnailUrl\":\"https:\/\/www.kamadobbq.be\/wp-content\/uploads\/2021\/04\/Kamado-BBQ-Cast-Iron-Half-Reversible-Griddle-Rib-compress.png\",\"datePublished\":\"2021-04-02T22:03:40+00:00\",\"dateModified\":\"2026-03-17T15:25:41+00:00\",\"description\":\"Kamado BBQ Grille en Fonte R\u00e9versible Demi-Lune - Classic. Peut \u00eatre mis dans le 'Divide & Conquer' syst\u00e8me de votre Classic Joe.\",\"breadcrumb\":{\"@id\":\"https:\/\/www.kamadobbq.be\/fr\/shop\/kamado-joe-fr\/accessoires\/kamado-bbq-grille-en-fonte-reversible-demi-lune-classic\/#breadcrumb\"},\"inLanguage\":\"fr-BE\",\"potentialAction\":[{\"@type\":\"ReadAction\",\"target\":[\"https:\/\/www.kamadobbq.be\/fr\/shop\/kamado-joe-fr\/accessoires\/kamado-bbq-grille-en-fonte-reversible-demi-lune-classic\/\"]}]},{\"@type\":\"ImageObject\",\"inLanguage\":\"fr-BE\",\"@id\":\"https:\/\/www.kamadobbq.be\/fr\/shop\/kamado-joe-fr\/accessoires\/kamado-bbq-grille-en-fonte-reversible-demi-lune-classic\/#primaryimage\",\"url\":\"https:\/\/www.kamadobbq.be\/wp-content\/uploads\/2021\/04\/Kamado-BBQ-Cast-Iron-Half-Reversible-Griddle-Rib-compress.png\",\"contentUrl\":\"https:\/\/www.kamadobbq.be\/wp-content\/uploads\/2021\/04\/Kamado-BBQ-Cast-Iron-Half-Reversible-Griddle-Rib-compress.png\",\"width\":1000,\"height\":1000,\"caption\":\"Kamado BBQ - Cast Iron Half Reversible Griddle Rib\"},{\"@type\":\"BreadcrumbList\",\"@id\":\"https:\/\/www.kamadobbq.be\/fr\/shop\/kamado-joe-fr\/accessoires\/kamado-bbq-grille-en-fonte-reversible-demi-lune-classic\/#breadcrumb\",\"itemListElement\":[{\"@type\":\"ListItem\",\"position\":1,\"name\":\"Shop\",\"item\":\"https:\/\/www.kamadobbq.be\/fr\/shop\/\"},{\"@type\":\"ListItem\",\"position\":2,\"name\":\"Kamado BBQ Grille en Fonte R\u00e9versible Demi-Lune &#8211; Classic\"}]},{\"@type\":\"WebSite\",\"@id\":\"https:\/\/www.kamadobbq.be\/fr\/#website\",\"url\":\"https:\/\/www.kamadobbq.be\/fr\/\",\"name\":\"Kamado BBQ | De Kamado & BBQ Specialist!\",\"description\":\"Beleef de ultieme barbecue ervaring - Kamado BBQ\",\"publisher\":{\"@id\":\"https:\/\/www.kamadobbq.be\/fr\/#organization\"},\"alternateName\":\"Kamado BBQ\",\"potentialAction\":[{\"@type\":\"SearchAction\",\"target\":{\"@type\":\"EntryPoint\",\"urlTemplate\":\"https:\/\/www.kamadobbq.be\/fr\/?s={search_term_string}\"},\"query-input\":{\"@type\":\"PropertyValueSpecification\",\"valueRequired\":true,\"valueName\":\"search_term_string\"}}],\"inLanguage\":\"fr-BE\"},{\"@type\":[\"Organization\",\"Place\",\"Store\"],\"@id\":\"https:\/\/www.kamadobbq.be\/fr\/#organization\",\"name\":\"Kamado BBQ | De Kamado & BBQ Specialist!\",\"url\":\"https:\/\/www.kamadobbq.be\/fr\/\",\"logo\":{\"@id\":\"https:\/\/www.kamadobbq.be\/fr\/shop\/kamado-joe-fr\/accessoires\/kamado-bbq-grille-en-fonte-reversible-demi-lune-classic\/#local-main-organization-logo\"},\"image\":{\"@id\":\"https:\/\/www.kamadobbq.be\/fr\/shop\/kamado-joe-fr\/accessoires\/kamado-bbq-grille-en-fonte-reversible-demi-lune-classic\/#local-main-organization-logo\"},\"sameAs\":[\"https:\/\/www.facebook.com\/KamadoBBQ\/\",\"https:\/\/www.instagram.com\/kamado_bbq\/\"],\"address\":{\"@id\":\"https:\/\/www.kamadobbq.be\/fr\/shop\/kamado-joe-fr\/accessoires\/kamado-bbq-grille-en-fonte-reversible-demi-lune-classic\/#local-main-place-address\"},\"geo\":{\"@type\":\"GeoCoordinates\",\"latitude\":\"50.979225960799056\",\"longitude\":\"5.122391337257679\"},\"telephone\":[\"+32 13 661 636\"],\"openingHoursSpecification\":[{\"@type\":\"OpeningHoursSpecification\",\"dayOfWeek\":[\"Monday\",\"Tuesday\",\"Wednesday\",\"Thursday\",\"Friday\"],\"opens\":\"10:00\",\"closes\":\"17:30\"},{\"@type\":\"OpeningHoursSpecification\",\"dayOfWeek\":[\"Saturday\"],\"opens\":\"10:00\",\"closes\":\"16:00\"},{\"@type\":\"OpeningHoursSpecification\",\"dayOfWeek\":[\"Sunday\"],\"opens\":\"00:00\",\"closes\":\"00:00\"}],\"email\":\"info@kamadobbq.be\",\"areaServed\":\"Europe\",\"currenciesAccepted\":\"Eur\"},{\"@type\":\"PostalAddress\",\"@id\":\"https:\/\/www.kamadobbq.be\/fr\/shop\/kamado-joe-fr\/accessoires\/kamado-bbq-grille-en-fonte-reversible-demi-lune-classic\/#local-main-place-address\",\"streetAddress\":\"Meldertsestraat 8\",\"addressLocality\":\"Zelem\",\"postalCode\":\"3545\",\"addressRegion\":\"Belgi\u00eb\",\"addressCountry\":\"BE\"},{\"@type\":\"ImageObject\",\"inLanguage\":\"fr-BE\",\"@id\":\"https:\/\/www.kamadobbq.be\/fr\/shop\/kamado-joe-fr\/accessoires\/kamado-bbq-grille-en-fonte-reversible-demi-lune-classic\/#local-main-organization-logo\",\"url\":\"https:\/\/www.kamadobbq.be\/wp-content\/uploads\/2022\/02\/kamadobbq-logo-2.svg\",\"contentUrl\":\"https:\/\/www.kamadobbq.be\/wp-content\/uploads\/2022\/02\/kamadobbq-logo-2.svg\",\"caption\":\"Kamado BBQ | De Kamado & BBQ Specialist!\"}]}<\/script>\n<meta name=\"geo.placename\" content=\"Zelem\" \/>\n<meta name=\"geo.position\" content=\"50.979225960799056;5.122391337257679\" \/>\n<meta name=\"geo.region\" content=\"Belgium\" \/>\n<!-- \/ Yoast SEO Premium plugin. -->","yoast_head_json":{"title":"Kamado BBQ Grille en Fonte R\u00e9versible Demi-Lune Classic - KamadoBBQ","description":"Kamado BBQ Grille en Fonte R\u00e9versible Demi-Lune - Classic. Peut \u00eatre mis dans le 'Divide & Conquer' syst\u00e8me de votre Classic Joe.","robots":{"index":"index","follow":"follow","max-snippet":"max-snippet:-1","max-image-preview":"max-image-preview:large","max-video-preview":"max-video-preview:-1"},"canonical":"https:\/\/www.kamadobbq.be\/fr\/shop\/kamado-joe-fr\/accessoires\/kamado-bbq-grille-en-fonte-reversible-demi-lune-classic\/","og_locale":"fr_FR","og_type":"article","og_title":"Kamado BBQ Grille en Fonte R\u00e9versible Demi-Lune Classic - KamadoBBQ","og_description":"Kamado BBQ Grille en Fonte R\u00e9versible Demi-Lune - Classic. Peut \u00eatre mis dans le 'Divide & Conquer' syst\u00e8me de votre Classic Joe.","og_url":"https:\/\/www.kamadobbq.be\/fr\/shop\/kamado-joe-fr\/accessoires\/kamado-bbq-grille-en-fonte-reversible-demi-lune-classic\/","og_site_name":"Kamado BBQ | De Kamado &amp; BBQ Specialist!","article_publisher":"https:\/\/www.facebook.com\/KamadoBBQ\/","article_modified_time":"2026-03-17T15:25:41+00:00","og_image":[{"width":1000,"height":1000,"url":"https:\/\/www.kamadobbq.be\/wp-content\/uploads\/2021\/04\/Kamado-BBQ-Cast-Iron-Half-Reversible-Griddle-Rib-compress.png","type":"image\/png"}],"twitter_card":"summary_large_image","twitter_misc":{"Est. reading time":"1 minute"},"schema":{"@context":"https:\/\/schema.org","@graph":[{"@type":"WebPage","@id":"https:\/\/www.kamadobbq.be\/fr\/shop\/kamado-joe-fr\/accessoires\/kamado-bbq-grille-en-fonte-reversible-demi-lune-classic\/","url":"https:\/\/www.kamadobbq.be\/fr\/shop\/kamado-joe-fr\/accessoires\/kamado-bbq-grille-en-fonte-reversible-demi-lune-classic\/","name":"Kamado BBQ Grille en Fonte R\u00e9versible Demi-Lune Classic - KamadoBBQ","isPartOf":{"@id":"https:\/\/www.kamadobbq.be\/fr\/#website"},"primaryImageOfPage":{"@id":"https:\/\/www.kamadobbq.be\/fr\/shop\/kamado-joe-fr\/accessoires\/kamado-bbq-grille-en-fonte-reversible-demi-lune-classic\/#primaryimage"},"image":{"@id":"https:\/\/www.kamadobbq.be\/fr\/shop\/kamado-joe-fr\/accessoires\/kamado-bbq-grille-en-fonte-reversible-demi-lune-classic\/#primaryimage"},"thumbnailUrl":"https:\/\/www.kamadobbq.be\/wp-content\/uploads\/2021\/04\/Kamado-BBQ-Cast-Iron-Half-Reversible-Griddle-Rib-compress.png","datePublished":"2021-04-02T22:03:40+00:00","dateModified":"2026-03-17T15:25:41+00:00","description":"Kamado BBQ Grille en Fonte R\u00e9versible Demi-Lune - Classic. Peut \u00eatre mis dans le 'Divide & Conquer' syst\u00e8me de votre Classic Joe.","breadcrumb":{"@id":"https:\/\/www.kamadobbq.be\/fr\/shop\/kamado-joe-fr\/accessoires\/kamado-bbq-grille-en-fonte-reversible-demi-lune-classic\/#breadcrumb"},"inLanguage":"fr-BE","potentialAction":[{"@type":"ReadAction","target":["https:\/\/www.kamadobbq.be\/fr\/shop\/kamado-joe-fr\/accessoires\/kamado-bbq-grille-en-fonte-reversible-demi-lune-classic\/"]}]},{"@type":"ImageObject","inLanguage":"fr-BE","@id":"https:\/\/www.kamadobbq.be\/fr\/shop\/kamado-joe-fr\/accessoires\/kamado-bbq-grille-en-fonte-reversible-demi-lune-classic\/#primaryimage","url":"https:\/\/www.kamadobbq.be\/wp-content\/uploads\/2021\/04\/Kamado-BBQ-Cast-Iron-Half-Reversible-Griddle-Rib-compress.png","contentUrl":"https:\/\/www.kamadobbq.be\/wp-content\/uploads\/2021\/04\/Kamado-BBQ-Cast-Iron-Half-Reversible-Griddle-Rib-compress.png","width":1000,"height":1000,"caption":"Kamado BBQ - Cast Iron Half Reversible Griddle Rib"},{"@type":"BreadcrumbList","@id":"https:\/\/www.kamadobbq.be\/fr\/shop\/kamado-joe-fr\/accessoires\/kamado-bbq-grille-en-fonte-reversible-demi-lune-classic\/#breadcrumb","itemListElement":[{"@type":"ListItem","position":1,"name":"Shop","item":"https:\/\/www.kamadobbq.be\/fr\/shop\/"},{"@type":"ListItem","position":2,"name":"Kamado BBQ Grille en Fonte R\u00e9versible Demi-Lune &#8211; Classic"}]},{"@type":"WebSite","@id":"https:\/\/www.kamadobbq.be\/fr\/#website","url":"https:\/\/www.kamadobbq.be\/fr\/","name":"Kamado BBQ | De Kamado & BBQ Specialist!","description":"Beleef de ultieme barbecue ervaring - Kamado BBQ","publisher":{"@id":"https:\/\/www.kamadobbq.be\/fr\/#organization"},"alternateName":"Kamado BBQ","potentialAction":[{"@type":"SearchAction","target":{"@type":"EntryPoint","urlTemplate":"https:\/\/www.kamadobbq.be\/fr\/?s={search_term_string}"},"query-input":{"@type":"PropertyValueSpecification","valueRequired":true,"valueName":"search_term_string"}}],"inLanguage":"fr-BE"},{"@type":["Organization","Place","Store"],"@id":"https:\/\/www.kamadobbq.be\/fr\/#organization","name":"Kamado BBQ | De Kamado & BBQ Specialist!","url":"https:\/\/www.kamadobbq.be\/fr\/","logo":{"@id":"https:\/\/www.kamadobbq.be\/fr\/shop\/kamado-joe-fr\/accessoires\/kamado-bbq-grille-en-fonte-reversible-demi-lune-classic\/#local-main-organization-logo"},"image":{"@id":"https:\/\/www.kamadobbq.be\/fr\/shop\/kamado-joe-fr\/accessoires\/kamado-bbq-grille-en-fonte-reversible-demi-lune-classic\/#local-main-organization-logo"},"sameAs":["https:\/\/www.facebook.com\/KamadoBBQ\/","https:\/\/www.instagram.com\/kamado_bbq\/"],"address":{"@id":"https:\/\/www.kamadobbq.be\/fr\/shop\/kamado-joe-fr\/accessoires\/kamado-bbq-grille-en-fonte-reversible-demi-lune-classic\/#local-main-place-address"},"geo":{"@type":"GeoCoordinates","latitude":"50.979225960799056","longitude":"5.122391337257679"},"telephone":["+32 13 661 636"],"openingHoursSpecification":[{"@type":"OpeningHoursSpecification","dayOfWeek":["Monday","Tuesday","Wednesday","Thursday","Friday"],"opens":"10:00","closes":"17:30"},{"@type":"OpeningHoursSpecification","dayOfWeek":["Saturday"],"opens":"10:00","closes":"16:00"},{"@type":"OpeningHoursSpecification","dayOfWeek":["Sunday"],"opens":"00:00","closes":"00:00"}],"email":"info@kamadobbq.be","areaServed":"Europe","currenciesAccepted":"Eur"},{"@type":"PostalAddress","@id":"https:\/\/www.kamadobbq.be\/fr\/shop\/kamado-joe-fr\/accessoires\/kamado-bbq-grille-en-fonte-reversible-demi-lune-classic\/#local-main-place-address","streetAddress":"Meldertsestraat 8","addressLocality":"Zelem","postalCode":"3545","addressRegion":"Belgi\u00eb","addressCountry":"BE"},{"@type":"ImageObject","inLanguage":"fr-BE","@id":"https:\/\/www.kamadobbq.be\/fr\/shop\/kamado-joe-fr\/accessoires\/kamado-bbq-grille-en-fonte-reversible-demi-lune-classic\/#local-main-organization-logo","url":"https:\/\/www.kamadobbq.be\/wp-content\/uploads\/2022\/02\/kamadobbq-logo-2.svg","contentUrl":"https:\/\/www.kamadobbq.be\/wp-content\/uploads\/2022\/02\/kamadobbq-logo-2.svg","caption":"Kamado BBQ | De Kamado & BBQ Specialist!"}]},"geo.placename":"Zelem","geo.position":{"lat":"50.979225960799056","long":"5.122391337257679"},"geo.region":"Belgium"},"_links":{"self":[{"href":"https:\/\/www.kamadobbq.be\/fr\/wp-json\/wp\/v2\/product\/13532","targetHints":{"allow":["GET"]}}],"collection":[{"href":"https:\/\/www.kamadobbq.be\/fr\/wp-json\/wp\/v2\/product"}],"about":[{"href":"https:\/\/www.kamadobbq.be\/fr\/wp-json\/wp\/v2\/types\/product"}],"wp:featuredmedia":[{"embeddable":true,"href":"https:\/\/www.kamadobbq.be\/fr\/wp-json\/wp\/v2\/media\/68271"}],"wp:attachment":[{"href":"https:\/\/www.kamadobbq.be\/fr\/wp-json\/wp\/v2\/media?parent=13532"}],"wp:term":[{"taxonomy":"product_brand","embeddable":true,"href":"https:\/\/www.kamadobbq.be\/fr\/wp-json\/wp\/v2\/product_brand?post=13532"},{"taxonomy":"product_cat","embeddable":true,"href":"https:\/\/www.kamadobbq.be\/fr\/wp-json\/wp\/v2\/product_cat?post=13532"},{"taxonomy":"product_tag","embeddable":true,"href":"https:\/\/www.kamadobbq.be\/fr\/wp-json\/wp\/v2\/product_tag?post=13532"}],"curies":[{"name":"wp","href":"https:\/\/api.w.org\/{rel}","templated":true}]}}