{"id":110033,"date":"2025-10-29T11:24:24","date_gmt":"2025-10-29T10:24:30","guid":{"rendered":"https:\/\/www.kamadobbq.be\/?post_type=product&#038;p=110033"},"modified":"2025-12-07T16:47:28","modified_gmt":"2025-12-07T15:47:28","slug":"kamado-joe-coffret-cadeau","status":"publish","type":"product","link":"https:\/\/www.kamadobbq.be\/fr\/shop\/kamado-joe-fr\/accessoires\/kamado-joe-coffret-cadeau\/","title":{"rendered":"Kamado Joe Coffret Cadeau"},"content":{"rendered":"<p>La Kamado Joe Gift Box est le cadeau parfait pour tout passionn\u00e9 de grillades.<\/p>\n<p>Ce coffret exclusif comprend deux accessoires haut de gamme: les gants de BBQ en cuir Kamado Joe, fabriqu\u00e9s en cuir de qualit\u00e9 sup\u00e9rieure pour une protection optimale contre la chaleur, et le ThermaPen One \u2013 \u00e9dition Kamado Joe, le thermom\u00e8tre \u00e0 viande num\u00e9rique le plus rapide et le plus pr\u00e9cis du march\u00e9.<\/p>\n<p>Pr\u00e9sent\u00e9 dans un coffret cadeau \u00e9l\u00e9gant \u2013 id\u00e9al pour les f\u00eates, les anniversaires ou simplement pour se faire plaisir.<\/p>\n","protected":false},"excerpt":{"rendered":"<p>D\u00e9couvrez la <strong>Kamado Joe Coffret Cadeau<\/strong>: le cadeau id\u00e9al pour les amateurs de barbecue, comprenant des <strong>gants de BBQ en cuir<\/strong> et le <strong>ThermaPen One \u2013 \u00e9dition Kamado Joe<\/strong>.<\/p>\n","protected":false},"featured_media":110042,"template":"","meta":{"_acf_changed":false,"_et_pb_use_builder":"","_et_pb_old_content":"","_et_gb_content_width":""},"product_brand":[],"product_cat":[1108,682,628,675],"product_tag":[],"class_list":{"0":"post-110033","1":"product","2":"type-product","3":"status-publish","4":"has-post-thumbnail","6":"product_cat-idees-de-cadeaux","7":"product_cat-kamado-joe-fr","8":"product_cat-accessoires","9":"product_cat-accessoires-de-barbecue","11":"first","12":"instock","13":"sale","14":"taxable","15":"shipping-taxable","16":"purchasable","17":"product-type-simple"},"acf":[],"yoast_head":"<!-- This site is optimized with the Yoast SEO Premium plugin v25.4 (Yoast SEO v25.4) - https:\/\/yoast.com\/wordpress\/plugins\/seo\/ -->\n<title>Kamado Joe Coffret Cadeau | Cadeau Unique Id\u00e9al<\/title>\n<meta name=\"description\" content=\"Le coffret cadeau Kamado Joe associe des gants de BBQ en cuir et le thermom\u00e8tre ultra-rapide ThermaPen One. Le cadeau parfait pour tout fan de Kamado Joe.\" \/>\n<meta name=\"robots\" content=\"index, follow, max-snippet:-1, max-image-preview:large, max-video-preview:-1\" \/>\n<link rel=\"canonical\" href=\"https:\/\/www.kamadobbq.be\/fr\/shop\/kamado-joe-fr\/accessoires\/kamado-joe-coffret-cadeau\/\" \/>\n<meta property=\"og:locale\" content=\"fr_FR\" \/>\n<meta property=\"og:type\" content=\"article\" \/>\n<meta property=\"og:title\" content=\"Kamado Joe Coffret Cadeau | Cadeau Unique Id\u00e9al\" \/>\n<meta property=\"og:description\" content=\"Le coffret cadeau Kamado Joe associe des gants de BBQ en cuir et le thermom\u00e8tre ultra-rapide ThermaPen One. Le cadeau parfait pour tout fan de Kamado Joe.\" \/>\n<meta property=\"og:url\" content=\"https:\/\/www.kamadobbq.be\/fr\/shop\/kamado-joe-fr\/accessoires\/kamado-joe-coffret-cadeau\/\" \/>\n<meta property=\"og:site_name\" content=\"Kamado BBQ | De Kamado &amp; BBQ Specialist!\" \/>\n<meta property=\"article:publisher\" content=\"https:\/\/www.facebook.com\/KamadoBBQ\/\" \/>\n<meta property=\"article:modified_time\" content=\"2025-12-07T15:47:28+00:00\" \/>\n<meta property=\"og:image\" content=\"https:\/\/www.kamadobbq.be\/wp-content\/uploads\/2025\/10\/Kamado-Joe-Gift-Box.jpg\" \/>\n\t<meta property=\"og:image:width\" content=\"1000\" \/>\n\t<meta property=\"og:image:height\" content=\"1000\" \/>\n\t<meta property=\"og:image:type\" content=\"image\/jpeg\" \/>\n<meta name=\"twitter:card\" content=\"summary_large_image\" \/>\n<meta name=\"twitter:label1\" content=\"Est. reading time\" \/>\n\t<meta name=\"twitter:data1\" content=\"1 minute\" \/>\n<script type=\"application\/ld+json\" class=\"yoast-schema-graph\">{\"@context\":\"https:\/\/schema.org\",\"@graph\":[{\"@type\":\"WebPage\",\"@id\":\"https:\/\/www.kamadobbq.be\/fr\/shop\/kamado-joe-fr\/accessoires\/kamado-joe-coffret-cadeau\/\",\"url\":\"https:\/\/www.kamadobbq.be\/fr\/shop\/kamado-joe-fr\/accessoires\/kamado-joe-coffret-cadeau\/\",\"name\":\"Kamado Joe Coffret Cadeau | Cadeau Unique Id\u00e9al\",\"isPartOf\":{\"@id\":\"https:\/\/www.kamadobbq.be\/fr\/#website\"},\"primaryImageOfPage\":{\"@id\":\"https:\/\/www.kamadobbq.be\/fr\/shop\/kamado-joe-fr\/accessoires\/kamado-joe-coffret-cadeau\/#primaryimage\"},\"image\":{\"@id\":\"https:\/\/www.kamadobbq.be\/fr\/shop\/kamado-joe-fr\/accessoires\/kamado-joe-coffret-cadeau\/#primaryimage\"},\"thumbnailUrl\":\"https:\/\/www.kamadobbq.be\/wp-content\/uploads\/2025\/10\/Kamado-Joe-Gift-Box.jpg\",\"datePublished\":\"2025-10-29T10:24:30+00:00\",\"dateModified\":\"2025-12-07T15:47:28+00:00\",\"description\":\"Le coffret cadeau Kamado Joe associe des gants de BBQ en cuir et le thermom\u00e8tre ultra-rapide ThermaPen One. Le cadeau parfait pour tout fan de Kamado Joe.\",\"breadcrumb\":{\"@id\":\"https:\/\/www.kamadobbq.be\/fr\/shop\/kamado-joe-fr\/accessoires\/kamado-joe-coffret-cadeau\/#breadcrumb\"},\"inLanguage\":\"fr-BE\",\"potentialAction\":[{\"@type\":\"ReadAction\",\"target\":[\"https:\/\/www.kamadobbq.be\/fr\/shop\/kamado-joe-fr\/accessoires\/kamado-joe-coffret-cadeau\/\"]}]},{\"@type\":\"ImageObject\",\"inLanguage\":\"fr-BE\",\"@id\":\"https:\/\/www.kamadobbq.be\/fr\/shop\/kamado-joe-fr\/accessoires\/kamado-joe-coffret-cadeau\/#primaryimage\",\"url\":\"https:\/\/www.kamadobbq.be\/wp-content\/uploads\/2025\/10\/Kamado-Joe-Gift-Box.jpg\",\"contentUrl\":\"https:\/\/www.kamadobbq.be\/wp-content\/uploads\/2025\/10\/Kamado-Joe-Gift-Box.jpg\",\"width\":1000,\"height\":1000},{\"@type\":\"BreadcrumbList\",\"@id\":\"https:\/\/www.kamadobbq.be\/fr\/shop\/kamado-joe-fr\/accessoires\/kamado-joe-coffret-cadeau\/#breadcrumb\",\"itemListElement\":[{\"@type\":\"ListItem\",\"position\":1,\"name\":\"Shop\",\"item\":\"https:\/\/www.kamadobbq.be\/fr\/shop\/\"},{\"@type\":\"ListItem\",\"position\":2,\"name\":\"Kamado Joe Coffret Cadeau\"}]},{\"@type\":\"WebSite\",\"@id\":\"https:\/\/www.kamadobbq.be\/fr\/#website\",\"url\":\"https:\/\/www.kamadobbq.be\/fr\/\",\"name\":\"Kamado BBQ | De Kamado & BBQ Specialist!\",\"description\":\"Beleef de ultieme barbecue ervaring - Kamado BBQ\",\"publisher\":{\"@id\":\"https:\/\/www.kamadobbq.be\/fr\/#organization\"},\"alternateName\":\"Kamado BBQ\",\"potentialAction\":[{\"@type\":\"SearchAction\",\"target\":{\"@type\":\"EntryPoint\",\"urlTemplate\":\"https:\/\/www.kamadobbq.be\/fr\/?s={search_term_string}\"},\"query-input\":{\"@type\":\"PropertyValueSpecification\",\"valueRequired\":true,\"valueName\":\"search_term_string\"}}],\"inLanguage\":\"fr-BE\"},{\"@type\":[\"Organization\",\"Place\",\"Store\"],\"@id\":\"https:\/\/www.kamadobbq.be\/fr\/#organization\",\"name\":\"Kamado BBQ | De Kamado & BBQ Specialist!\",\"url\":\"https:\/\/www.kamadobbq.be\/fr\/\",\"logo\":{\"@id\":\"https:\/\/www.kamadobbq.be\/fr\/shop\/kamado-joe-fr\/accessoires\/kamado-joe-coffret-cadeau\/#local-main-organization-logo\"},\"image\":{\"@id\":\"https:\/\/www.kamadobbq.be\/fr\/shop\/kamado-joe-fr\/accessoires\/kamado-joe-coffret-cadeau\/#local-main-organization-logo\"},\"sameAs\":[\"https:\/\/www.facebook.com\/KamadoBBQ\/\",\"https:\/\/www.instagram.com\/kamado_bbq\/\"],\"address\":{\"@id\":\"https:\/\/www.kamadobbq.be\/fr\/shop\/kamado-joe-fr\/accessoires\/kamado-joe-coffret-cadeau\/#local-main-place-address\"},\"geo\":{\"@type\":\"GeoCoordinates\",\"latitude\":\"50.979225960799056\",\"longitude\":\"5.122391337257679\"},\"telephone\":[\"+32 13 661 636\"],\"openingHoursSpecification\":[{\"@type\":\"OpeningHoursSpecification\",\"dayOfWeek\":[\"Monday\",\"Tuesday\",\"Wednesday\",\"Thursday\",\"Friday\"],\"opens\":\"10:00\",\"closes\":\"17:30\"},{\"@type\":\"OpeningHoursSpecification\",\"dayOfWeek\":[\"Saturday\"],\"opens\":\"10:00\",\"closes\":\"16:00\"},{\"@type\":\"OpeningHoursSpecification\",\"dayOfWeek\":[\"Sunday\"],\"opens\":\"00:00\",\"closes\":\"00:00\"}],\"email\":\"info@kamadobbq.be\",\"areaServed\":\"Europe\",\"currenciesAccepted\":\"Eur\"},{\"@type\":\"PostalAddress\",\"@id\":\"https:\/\/www.kamadobbq.be\/fr\/shop\/kamado-joe-fr\/accessoires\/kamado-joe-coffret-cadeau\/#local-main-place-address\",\"streetAddress\":\"Meldertsestraat 8\",\"addressLocality\":\"Zelem\",\"postalCode\":\"3545\",\"addressRegion\":\"Belgi\u00eb\",\"addressCountry\":\"BE\"},{\"@type\":\"ImageObject\",\"inLanguage\":\"fr-BE\",\"@id\":\"https:\/\/www.kamadobbq.be\/fr\/shop\/kamado-joe-fr\/accessoires\/kamado-joe-coffret-cadeau\/#local-main-organization-logo\",\"url\":\"https:\/\/www.kamadobbq.be\/wp-content\/uploads\/2022\/02\/kamadobbq-logo-2.svg\",\"contentUrl\":\"https:\/\/www.kamadobbq.be\/wp-content\/uploads\/2022\/02\/kamadobbq-logo-2.svg\",\"caption\":\"Kamado BBQ | De Kamado & BBQ Specialist!\"}]}<\/script>\n<meta name=\"geo.placename\" content=\"Zelem\" \/>\n<meta name=\"geo.position\" content=\"50.979225960799056;5.122391337257679\" \/>\n<meta name=\"geo.region\" content=\"Belgium\" \/>\n<!-- \/ Yoast SEO Premium plugin. -->","yoast_head_json":{"title":"Kamado Joe Coffret Cadeau | Cadeau Unique Id\u00e9al","description":"Le coffret cadeau Kamado Joe associe des gants de BBQ en cuir et le thermom\u00e8tre ultra-rapide ThermaPen One. Le cadeau parfait pour tout fan de Kamado Joe.","robots":{"index":"index","follow":"follow","max-snippet":"max-snippet:-1","max-image-preview":"max-image-preview:large","max-video-preview":"max-video-preview:-1"},"canonical":"https:\/\/www.kamadobbq.be\/fr\/shop\/kamado-joe-fr\/accessoires\/kamado-joe-coffret-cadeau\/","og_locale":"fr_FR","og_type":"article","og_title":"Kamado Joe Coffret Cadeau | Cadeau Unique Id\u00e9al","og_description":"Le coffret cadeau Kamado Joe associe des gants de BBQ en cuir et le thermom\u00e8tre ultra-rapide ThermaPen One. Le cadeau parfait pour tout fan de Kamado Joe.","og_url":"https:\/\/www.kamadobbq.be\/fr\/shop\/kamado-joe-fr\/accessoires\/kamado-joe-coffret-cadeau\/","og_site_name":"Kamado BBQ | De Kamado &amp; BBQ Specialist!","article_publisher":"https:\/\/www.facebook.com\/KamadoBBQ\/","article_modified_time":"2025-12-07T15:47:28+00:00","og_image":[{"width":1000,"height":1000,"url":"https:\/\/www.kamadobbq.be\/wp-content\/uploads\/2025\/10\/Kamado-Joe-Gift-Box.jpg","type":"image\/jpeg"}],"twitter_card":"summary_large_image","twitter_misc":{"Est. reading time":"1 minute"},"schema":{"@context":"https:\/\/schema.org","@graph":[{"@type":"WebPage","@id":"https:\/\/www.kamadobbq.be\/fr\/shop\/kamado-joe-fr\/accessoires\/kamado-joe-coffret-cadeau\/","url":"https:\/\/www.kamadobbq.be\/fr\/shop\/kamado-joe-fr\/accessoires\/kamado-joe-coffret-cadeau\/","name":"Kamado Joe Coffret Cadeau | Cadeau Unique Id\u00e9al","isPartOf":{"@id":"https:\/\/www.kamadobbq.be\/fr\/#website"},"primaryImageOfPage":{"@id":"https:\/\/www.kamadobbq.be\/fr\/shop\/kamado-joe-fr\/accessoires\/kamado-joe-coffret-cadeau\/#primaryimage"},"image":{"@id":"https:\/\/www.kamadobbq.be\/fr\/shop\/kamado-joe-fr\/accessoires\/kamado-joe-coffret-cadeau\/#primaryimage"},"thumbnailUrl":"https:\/\/www.kamadobbq.be\/wp-content\/uploads\/2025\/10\/Kamado-Joe-Gift-Box.jpg","datePublished":"2025-10-29T10:24:30+00:00","dateModified":"2025-12-07T15:47:28+00:00","description":"Le coffret cadeau Kamado Joe associe des gants de BBQ en cuir et le thermom\u00e8tre ultra-rapide ThermaPen One. Le cadeau parfait pour tout fan de Kamado Joe.","breadcrumb":{"@id":"https:\/\/www.kamadobbq.be\/fr\/shop\/kamado-joe-fr\/accessoires\/kamado-joe-coffret-cadeau\/#breadcrumb"},"inLanguage":"fr-BE","potentialAction":[{"@type":"ReadAction","target":["https:\/\/www.kamadobbq.be\/fr\/shop\/kamado-joe-fr\/accessoires\/kamado-joe-coffret-cadeau\/"]}]},{"@type":"ImageObject","inLanguage":"fr-BE","@id":"https:\/\/www.kamadobbq.be\/fr\/shop\/kamado-joe-fr\/accessoires\/kamado-joe-coffret-cadeau\/#primaryimage","url":"https:\/\/www.kamadobbq.be\/wp-content\/uploads\/2025\/10\/Kamado-Joe-Gift-Box.jpg","contentUrl":"https:\/\/www.kamadobbq.be\/wp-content\/uploads\/2025\/10\/Kamado-Joe-Gift-Box.jpg","width":1000,"height":1000},{"@type":"BreadcrumbList","@id":"https:\/\/www.kamadobbq.be\/fr\/shop\/kamado-joe-fr\/accessoires\/kamado-joe-coffret-cadeau\/#breadcrumb","itemListElement":[{"@type":"ListItem","position":1,"name":"Shop","item":"https:\/\/www.kamadobbq.be\/fr\/shop\/"},{"@type":"ListItem","position":2,"name":"Kamado Joe Coffret Cadeau"}]},{"@type":"WebSite","@id":"https:\/\/www.kamadobbq.be\/fr\/#website","url":"https:\/\/www.kamadobbq.be\/fr\/","name":"Kamado BBQ | De Kamado & BBQ Specialist!","description":"Beleef de ultieme barbecue ervaring - Kamado BBQ","publisher":{"@id":"https:\/\/www.kamadobbq.be\/fr\/#organization"},"alternateName":"Kamado BBQ","potentialAction":[{"@type":"SearchAction","target":{"@type":"EntryPoint","urlTemplate":"https:\/\/www.kamadobbq.be\/fr\/?s={search_term_string}"},"query-input":{"@type":"PropertyValueSpecification","valueRequired":true,"valueName":"search_term_string"}}],"inLanguage":"fr-BE"},{"@type":["Organization","Place","Store"],"@id":"https:\/\/www.kamadobbq.be\/fr\/#organization","name":"Kamado BBQ | De Kamado & BBQ Specialist!","url":"https:\/\/www.kamadobbq.be\/fr\/","logo":{"@id":"https:\/\/www.kamadobbq.be\/fr\/shop\/kamado-joe-fr\/accessoires\/kamado-joe-coffret-cadeau\/#local-main-organization-logo"},"image":{"@id":"https:\/\/www.kamadobbq.be\/fr\/shop\/kamado-joe-fr\/accessoires\/kamado-joe-coffret-cadeau\/#local-main-organization-logo"},"sameAs":["https:\/\/www.facebook.com\/KamadoBBQ\/","https:\/\/www.instagram.com\/kamado_bbq\/"],"address":{"@id":"https:\/\/www.kamadobbq.be\/fr\/shop\/kamado-joe-fr\/accessoires\/kamado-joe-coffret-cadeau\/#local-main-place-address"},"geo":{"@type":"GeoCoordinates","latitude":"50.979225960799056","longitude":"5.122391337257679"},"telephone":["+32 13 661 636"],"openingHoursSpecification":[{"@type":"OpeningHoursSpecification","dayOfWeek":["Monday","Tuesday","Wednesday","Thursday","Friday"],"opens":"10:00","closes":"17:30"},{"@type":"OpeningHoursSpecification","dayOfWeek":["Saturday"],"opens":"10:00","closes":"16:00"},{"@type":"OpeningHoursSpecification","dayOfWeek":["Sunday"],"opens":"00:00","closes":"00:00"}],"email":"info@kamadobbq.be","areaServed":"Europe","currenciesAccepted":"Eur"},{"@type":"PostalAddress","@id":"https:\/\/www.kamadobbq.be\/fr\/shop\/kamado-joe-fr\/accessoires\/kamado-joe-coffret-cadeau\/#local-main-place-address","streetAddress":"Meldertsestraat 8","addressLocality":"Zelem","postalCode":"3545","addressRegion":"Belgi\u00eb","addressCountry":"BE"},{"@type":"ImageObject","inLanguage":"fr-BE","@id":"https:\/\/www.kamadobbq.be\/fr\/shop\/kamado-joe-fr\/accessoires\/kamado-joe-coffret-cadeau\/#local-main-organization-logo","url":"https:\/\/www.kamadobbq.be\/wp-content\/uploads\/2022\/02\/kamadobbq-logo-2.svg","contentUrl":"https:\/\/www.kamadobbq.be\/wp-content\/uploads\/2022\/02\/kamadobbq-logo-2.svg","caption":"Kamado BBQ | De Kamado & BBQ Specialist!"}]},"geo.placename":"Zelem","geo.position":{"lat":"50.979225960799056","long":"5.122391337257679"},"geo.region":"Belgium"},"_links":{"self":[{"href":"https:\/\/www.kamadobbq.be\/fr\/wp-json\/wp\/v2\/product\/110033","targetHints":{"allow":["GET"]}}],"collection":[{"href":"https:\/\/www.kamadobbq.be\/fr\/wp-json\/wp\/v2\/product"}],"about":[{"href":"https:\/\/www.kamadobbq.be\/fr\/wp-json\/wp\/v2\/types\/product"}],"wp:featuredmedia":[{"embeddable":true,"href":"https:\/\/www.kamadobbq.be\/fr\/wp-json\/wp\/v2\/media\/110042"}],"wp:attachment":[{"href":"https:\/\/www.kamadobbq.be\/fr\/wp-json\/wp\/v2\/media?parent=110033"}],"wp:term":[{"taxonomy":"product_brand","embeddable":true,"href":"https:\/\/www.kamadobbq.be\/fr\/wp-json\/wp\/v2\/product_brand?post=110033"},{"taxonomy":"product_cat","embeddable":true,"href":"https:\/\/www.kamadobbq.be\/fr\/wp-json\/wp\/v2\/product_cat?post=110033"},{"taxonomy":"product_tag","embeddable":true,"href":"https:\/\/www.kamadobbq.be\/fr\/wp-json\/wp\/v2\/product_tag?post=110033"}],"curies":[{"name":"wp","href":"https:\/\/api.w.org\/{rel}","templated":true}]}}