{"id":100991,"date":"2025-07-16T14:01:52","date_gmt":"2025-07-16T12:01:59","guid":{"rendered":"https:\/\/www.kamadobbq.be\/?post_type=product&#038;p=100991"},"modified":"2026-03-30T16:06:31","modified_gmt":"2026-03-30T14:06:31","slug":"monolith-one-66","status":"publish","type":"product","link":"https:\/\/www.kamadobbq.be\/fr\/shop\/monolith-fr\/monolith-barbecues\/monolith-one-66\/","title":{"rendered":"Monolith ONE.66"},"content":{"rendered":"<p>Le nouveau MONOLITH ONE.66 &#8211; votre entr\u00e9e dans la classe sup\u00e9rieure des barbecues en c\u00e9ramique !<\/p>\n<p>Le nouveau MONOLITH ONE.66 est id\u00e9al pour tous ceux qui souhaitent s&#8217;immerger dans le monde des barbecues en c\u00e9ramique sans faire de compromis sur la qualit\u00e9 et la fonctionnalit\u00e9.<\/p>\n<p>Le MONOLITH ONE.66 allie la qualit\u00e9 de fabrication et la facilit\u00e9 d&#8217;utilisation \u00e0 un prix attractif. Avec un diam\u00e8tre de grille de 52 cm, il est enti\u00e8rement compatible avec les accessoires de la s\u00e9rie MONOLITH Classic et offre une multitude de possibilit\u00e9s culinaires.<\/p>\n<p>Le Monolith ONE.66 n&#8217;est certes plus \u00e9quip\u00e9 d&#8217;un dispositif d&#8217;alimentation en copeaux, mais il a \u00e9t\u00e9 dot\u00e9 d&#8217;une s\u00e9rie d&#8217;am\u00e9liorations impressionnantes, ce qui rend le kamado encore plus flexible :<\/p>\n<ul>\n<li><strong>LE MONOLIET SGS :<\/strong> Qu&#8217;il s&#8217;agisse de cuisson, de cuisson au four, de grillades directes ou indirectes, le nouveau Smart Grid System (SGS) int\u00e9gr\u00e9 garantit d\u00e9sormais une flexibilit\u00e9 maximale en mati\u00e8re de barbecue. La division modulaire pratique du SGS en deux sections permet m\u00eame d&#8217;utiliser simultan\u00e9ment diff\u00e9rentes techniques.<\/li>\n<li><strong>UN JOINT PARFAIT :<\/strong> le joint tubulaire en fibre de verre extr\u00eamement r\u00e9sistant sur le couvercle et le joint plat en fibre de verre robuste sur la base garantissent d\u00e9sormais que la chaleur et les ar\u00f4mes restent exactement l\u00e0 o\u00f9 ils doivent \u00eatre.<\/li>\n<li><strong>UNE CHARNI\u00c8RE SOLIDE :<\/strong> la charni\u00e8re en acier inoxydable retravaill\u00e9e de la s\u00e9rie PRO 2.0, avec ses ressorts renforc\u00e9s et son r\u00e9glage pr\u00e9cis de la hauteur, permet d\u00e9sormais une utilisation encore plus ais\u00e9e. Les sangles de tension renforc\u00e9es en acier de 4 mm, rev\u00eatues de poudre, garantissent la durabilit\u00e9 et la stabilit\u00e9, m\u00eame en cas d&#8217;utilisation intensive.<\/li>\n<\/ul>\n<h2>Structure interne*<\/h2>\n<p>Le syst\u00e8me de grille intelligent du Monolith offre un certain nombre de fonctions pratiques pour votre exp\u00e9rience du barbecue. Avec un diam\u00e8tre de grille de 52 cm, ce kamado est parfait pour griller, cuire, fumer et cuisiner. Le syst\u00e8me permet de pr\u00e9parer des repas sur plusieurs niveaux si n\u00e9cessaire.<\/p>\n<p><img decoding=\"async\" class=\"alignnone size-large wp-image-72450\" src=\"https:\/\/www.kamadobbq.be\/wp-content\/uploads\/2024\/04\/Monolith-uitleg-indirect-pizza-Classic-363x1024.webp\" alt=\"Monolith interne opbouw\" width=\"363\" height=\"1024\" \/><\/p>\n<p><em>*La pierre \u00e0 pizza est utilis\u00e9e \u00e0 des fins d&#8217;illustration et n&#8217;est pas incluse en standard. Illustration de deux s\u00e9ries, l&#8217;alimentateur de copeaux n&#8217;est pas applicable pour le mod\u00e8le UN.<\/em><\/p>\n<p>Ce syst\u00e8me innovant utilise des zones de barbecue divis\u00e9es \u00e0 diff\u00e9rentes hauteurs, o\u00f9 la grille de barbecue en acier inoxydable peut \u00eatre utilis\u00e9e en deux parties. Il en va de m\u00eame pour les grilles en fonte, les pierres d\u00e9flectrices, les planchas en fonte et les bacs de r\u00e9cup\u00e9ration en acier inoxydable.<\/p>\n<p>La 1\/2 division des bacs de r\u00e9cup\u00e9ration et des pierres d\u00e9flectrices permet m\u00eame d&#8217;utiliser simultan\u00e9ment une zone directe et une zone indirecte dans le barbecue, tout en r\u00e9duisant consid\u00e9rablement le risque de br\u00fblure des graisses.<\/p>\n<p>Le syst\u00e8me Smart Grid est \u00e9galement dot\u00e9 de deux poign\u00e9es pratiques qui vous permettent de retirer facilement l&#8217;ensemble du syst\u00e8me du kamado. La conception \u00e9tanche \u00e0 l&#8217;air assure des temp\u00e9ratures constantes dans le Monolith.<\/p>\n<p>Tous les \u00e9l\u00e9ments du barbecue en c\u00e9ramique Monolith ont \u00e9t\u00e9 con\u00e7us dans un souci d&#8217;\u00e9tanch\u00e9it\u00e9, avec notamment des joints de haute qualit\u00e9 et une hotte de ventilation en fonte pour un contr\u00f4le pr\u00e9cis de la temp\u00e9rature sans fluctuation.<\/p>\n<p>Gr\u00e2ce \u00e0 l&#8217;excellente \u00e9tanch\u00e9it\u00e9, les charbons sont rapidement incandescents et s&#8217;\u00e9teignent facilement en fermant simplement l&#8217;arriv\u00e9e d&#8217;air et la hotte de ventilation, de sorte que vous pouvez m\u00eame r\u00e9utiliser le charbon de bois pour votre prochaine s\u00e9ance de barbecue.<\/p>\n<p>Le foyer c\u00e9ramique Monolith comprend un cadre m\u00e9tallique avec cinq segments en c\u00e9ramique qui minimisent les fissures et garantissent une longue dur\u00e9e de vie. Le syst\u00e8me de collecte des cendres est rapide et pratique \u00e0 vider gr\u00e2ce \u00e0 la pelle \u00e0 cendres incluse.<\/p>\n<p>&nbsp;<\/p>\n<h2>Dimensions<\/h2>\n<ul>\n<li><strong>Dimensions<\/strong> 135 x 80 x 129 cm<\/li>\n<li><strong>Diam\u00e8tre de la grille<\/strong> 52 cm<\/li>\n<li><strong>Poids<\/strong> environ 165 kg<\/li>\n<\/ul>\n","protected":false},"excerpt":{"rendered":"<p>Le nouveau MONOLITH ONE.66 poss\u00e8de presque toutes les caract\u00e9ristiques qui font la popularit\u00e9 des barbecues MONOLITH. Qu&#8217;il s&#8217;agisse de fruits de mer juteux, d&#8217;une savoureuse pizza napolitaine ou d&#8217;un d\u00e9licieux osso buco, le gril kamado ONE peut tout faire.<\/p>\n<p>Avec sa c\u00e9ramique silicat\u00e9e MONOLITH de haute qualit\u00e9, il combine les atouts \u00e9prouv\u00e9s de la famille MONOLITH et permet aux novices du kamado de faire des barbecues de haut niveau.<\/p>\n","protected":false},"featured_media":102782,"template":"","meta":{"_acf_changed":false,"_et_pb_use_builder":"","_et_pb_old_content":"","_et_gb_content_width":""},"product_brand":[],"product_cat":[1177,1179],"product_tag":[],"class_list":{"0":"post-100991","1":"product","2":"type-product","3":"status-publish","4":"has-post-thumbnail","6":"product_cat-monolith-fr","7":"product_cat-monolith-barbecues","9":"first","10":"instock","11":"taxable","12":"shipping-taxable","13":"purchasable","14":"product-type-simple"},"acf":[],"yoast_head":"<!-- This site is optimized with the Yoast SEO Premium plugin v25.4 (Yoast SEO v25.4) - https:\/\/yoast.com\/wordpress\/plugins\/seo\/ -->\n<title>Monolith ONE.66 - Kamado BBQ | De Kamado &amp; BBQ Specialist!<\/title>\n<meta name=\"description\" content=\"Monolith ONE.66 avec chariot! Une technologie de gril avanc\u00e9e et des caract\u00e9ristiques innovantes: tout ce que vous voulez!\" \/>\n<meta name=\"robots\" content=\"index, follow, max-snippet:-1, max-image-preview:large, max-video-preview:-1\" \/>\n<link rel=\"canonical\" href=\"https:\/\/www.kamadobbq.be\/fr\/shop\/monolith-fr\/monolith-barbecues\/monolith-one-66\/\" \/>\n<meta property=\"og:locale\" content=\"fr_FR\" \/>\n<meta property=\"og:type\" content=\"article\" \/>\n<meta property=\"og:title\" content=\"Monolith ONE.66 - Kamado BBQ | De Kamado &amp; BBQ Specialist!\" \/>\n<meta property=\"og:description\" content=\"Monolith ONE.66 avec chariot! Une technologie de gril avanc\u00e9e et des caract\u00e9ristiques innovantes: tout ce que vous voulez!\" \/>\n<meta property=\"og:url\" content=\"https:\/\/www.kamadobbq.be\/fr\/shop\/monolith-fr\/monolith-barbecues\/monolith-one-66\/\" \/>\n<meta property=\"og:site_name\" content=\"Kamado BBQ | De Kamado &amp; BBQ Specialist!\" \/>\n<meta property=\"article:publisher\" content=\"https:\/\/www.facebook.com\/KamadoBBQ\/\" \/>\n<meta property=\"article:modified_time\" content=\"2026-03-30T14:06:31+00:00\" \/>\n<meta property=\"og:image\" content=\"https:\/\/www.kamadobbq.be\/wp-content\/uploads\/2025\/07\/ONE.66-1.jpg\" \/>\n\t<meta property=\"og:image:width\" content=\"1000\" \/>\n\t<meta property=\"og:image:height\" content=\"1000\" \/>\n\t<meta property=\"og:image:type\" content=\"image\/jpeg\" \/>\n<meta name=\"twitter:card\" content=\"summary_large_image\" \/>\n<meta name=\"twitter:label1\" content=\"Est. reading time\" \/>\n\t<meta name=\"twitter:data1\" content=\"4 minutes\" \/>\n<script type=\"application\/ld+json\" class=\"yoast-schema-graph\">{\"@context\":\"https:\/\/schema.org\",\"@graph\":[{\"@type\":\"WebPage\",\"@id\":\"https:\/\/www.kamadobbq.be\/fr\/shop\/monolith-fr\/monolith-barbecues\/monolith-one-66\/\",\"url\":\"https:\/\/www.kamadobbq.be\/fr\/shop\/monolith-fr\/monolith-barbecues\/monolith-one-66\/\",\"name\":\"Monolith ONE.66 - Kamado BBQ | De Kamado &amp; BBQ Specialist!\",\"isPartOf\":{\"@id\":\"https:\/\/www.kamadobbq.be\/fr\/#website\"},\"primaryImageOfPage\":{\"@id\":\"https:\/\/www.kamadobbq.be\/fr\/shop\/monolith-fr\/monolith-barbecues\/monolith-one-66\/#primaryimage\"},\"image\":{\"@id\":\"https:\/\/www.kamadobbq.be\/fr\/shop\/monolith-fr\/monolith-barbecues\/monolith-one-66\/#primaryimage\"},\"thumbnailUrl\":\"https:\/\/www.kamadobbq.be\/wp-content\/uploads\/2025\/07\/ONE.66-1.jpg\",\"datePublished\":\"2025-07-16T12:01:59+00:00\",\"dateModified\":\"2026-03-30T14:06:31+00:00\",\"description\":\"Monolith ONE.66 avec chariot! Une technologie de gril avanc\u00e9e et des caract\u00e9ristiques innovantes: tout ce que vous voulez!\",\"breadcrumb\":{\"@id\":\"https:\/\/www.kamadobbq.be\/fr\/shop\/monolith-fr\/monolith-barbecues\/monolith-one-66\/#breadcrumb\"},\"inLanguage\":\"fr-BE\",\"potentialAction\":[{\"@type\":\"ReadAction\",\"target\":[\"https:\/\/www.kamadobbq.be\/fr\/shop\/monolith-fr\/monolith-barbecues\/monolith-one-66\/\"]}]},{\"@type\":\"ImageObject\",\"inLanguage\":\"fr-BE\",\"@id\":\"https:\/\/www.kamadobbq.be\/fr\/shop\/monolith-fr\/monolith-barbecues\/monolith-one-66\/#primaryimage\",\"url\":\"https:\/\/www.kamadobbq.be\/wp-content\/uploads\/2025\/07\/ONE.66-1.jpg\",\"contentUrl\":\"https:\/\/www.kamadobbq.be\/wp-content\/uploads\/2025\/07\/ONE.66-1.jpg\",\"width\":1000,\"height\":1000},{\"@type\":\"BreadcrumbList\",\"@id\":\"https:\/\/www.kamadobbq.be\/fr\/shop\/monolith-fr\/monolith-barbecues\/monolith-one-66\/#breadcrumb\",\"itemListElement\":[{\"@type\":\"ListItem\",\"position\":1,\"name\":\"Shop\",\"item\":\"https:\/\/www.kamadobbq.be\/fr\/shop\/\"},{\"@type\":\"ListItem\",\"position\":2,\"name\":\"Monolith ONE.66\"}]},{\"@type\":\"WebSite\",\"@id\":\"https:\/\/www.kamadobbq.be\/fr\/#website\",\"url\":\"https:\/\/www.kamadobbq.be\/fr\/\",\"name\":\"Kamado BBQ | De Kamado & BBQ Specialist!\",\"description\":\"Beleef de ultieme barbecue ervaring - Kamado BBQ\",\"publisher\":{\"@id\":\"https:\/\/www.kamadobbq.be\/fr\/#organization\"},\"alternateName\":\"Kamado BBQ\",\"potentialAction\":[{\"@type\":\"SearchAction\",\"target\":{\"@type\":\"EntryPoint\",\"urlTemplate\":\"https:\/\/www.kamadobbq.be\/fr\/?s={search_term_string}\"},\"query-input\":{\"@type\":\"PropertyValueSpecification\",\"valueRequired\":true,\"valueName\":\"search_term_string\"}}],\"inLanguage\":\"fr-BE\"},{\"@type\":[\"Organization\",\"Place\",\"Store\"],\"@id\":\"https:\/\/www.kamadobbq.be\/fr\/#organization\",\"name\":\"Kamado BBQ | De Kamado & BBQ Specialist!\",\"url\":\"https:\/\/www.kamadobbq.be\/fr\/\",\"logo\":{\"@id\":\"https:\/\/www.kamadobbq.be\/fr\/shop\/monolith-fr\/monolith-barbecues\/monolith-one-66\/#local-main-organization-logo\"},\"image\":{\"@id\":\"https:\/\/www.kamadobbq.be\/fr\/shop\/monolith-fr\/monolith-barbecues\/monolith-one-66\/#local-main-organization-logo\"},\"sameAs\":[\"https:\/\/www.facebook.com\/KamadoBBQ\/\",\"https:\/\/www.instagram.com\/kamado_bbq\/\"],\"address\":{\"@id\":\"https:\/\/www.kamadobbq.be\/fr\/shop\/monolith-fr\/monolith-barbecues\/monolith-one-66\/#local-main-place-address\"},\"geo\":{\"@type\":\"GeoCoordinates\",\"latitude\":\"50.979225960799056\",\"longitude\":\"5.122391337257679\"},\"telephone\":[\"+32 13 661 636\"],\"openingHoursSpecification\":[{\"@type\":\"OpeningHoursSpecification\",\"dayOfWeek\":[\"Monday\",\"Tuesday\",\"Wednesday\",\"Thursday\",\"Friday\"],\"opens\":\"10:00\",\"closes\":\"17:30\"},{\"@type\":\"OpeningHoursSpecification\",\"dayOfWeek\":[\"Saturday\"],\"opens\":\"10:00\",\"closes\":\"16:00\"},{\"@type\":\"OpeningHoursSpecification\",\"dayOfWeek\":[\"Sunday\"],\"opens\":\"00:00\",\"closes\":\"00:00\"}],\"email\":\"info@kamadobbq.be\",\"areaServed\":\"Europe\",\"currenciesAccepted\":\"Eur\"},{\"@type\":\"PostalAddress\",\"@id\":\"https:\/\/www.kamadobbq.be\/fr\/shop\/monolith-fr\/monolith-barbecues\/monolith-one-66\/#local-main-place-address\",\"streetAddress\":\"Meldertsestraat 8\",\"addressLocality\":\"Zelem\",\"postalCode\":\"3545\",\"addressRegion\":\"Belgi\u00eb\",\"addressCountry\":\"BE\"},{\"@type\":\"ImageObject\",\"inLanguage\":\"fr-BE\",\"@id\":\"https:\/\/www.kamadobbq.be\/fr\/shop\/monolith-fr\/monolith-barbecues\/monolith-one-66\/#local-main-organization-logo\",\"url\":\"https:\/\/www.kamadobbq.be\/wp-content\/uploads\/2022\/02\/kamadobbq-logo-2.svg\",\"contentUrl\":\"https:\/\/www.kamadobbq.be\/wp-content\/uploads\/2022\/02\/kamadobbq-logo-2.svg\",\"caption\":\"Kamado BBQ | De Kamado & BBQ Specialist!\"}]}<\/script>\n<meta name=\"geo.placename\" content=\"Zelem\" \/>\n<meta name=\"geo.position\" content=\"50.979225960799056;5.122391337257679\" \/>\n<meta name=\"geo.region\" content=\"Belgium\" \/>\n<!-- \/ Yoast SEO Premium plugin. -->","yoast_head_json":{"title":"Monolith ONE.66 - Kamado BBQ | De Kamado &amp; BBQ Specialist!","description":"Monolith ONE.66 avec chariot! Une technologie de gril avanc\u00e9e et des caract\u00e9ristiques innovantes: tout ce que vous voulez!","robots":{"index":"index","follow":"follow","max-snippet":"max-snippet:-1","max-image-preview":"max-image-preview:large","max-video-preview":"max-video-preview:-1"},"canonical":"https:\/\/www.kamadobbq.be\/fr\/shop\/monolith-fr\/monolith-barbecues\/monolith-one-66\/","og_locale":"fr_FR","og_type":"article","og_title":"Monolith ONE.66 - Kamado BBQ | De Kamado &amp; BBQ Specialist!","og_description":"Monolith ONE.66 avec chariot! Une technologie de gril avanc\u00e9e et des caract\u00e9ristiques innovantes: tout ce que vous voulez!","og_url":"https:\/\/www.kamadobbq.be\/fr\/shop\/monolith-fr\/monolith-barbecues\/monolith-one-66\/","og_site_name":"Kamado BBQ | De Kamado &amp; BBQ Specialist!","article_publisher":"https:\/\/www.facebook.com\/KamadoBBQ\/","article_modified_time":"2026-03-30T14:06:31+00:00","og_image":[{"width":1000,"height":1000,"url":"https:\/\/www.kamadobbq.be\/wp-content\/uploads\/2025\/07\/ONE.66-1.jpg","type":"image\/jpeg"}],"twitter_card":"summary_large_image","twitter_misc":{"Est. reading time":"4 minutes"},"schema":{"@context":"https:\/\/schema.org","@graph":[{"@type":"WebPage","@id":"https:\/\/www.kamadobbq.be\/fr\/shop\/monolith-fr\/monolith-barbecues\/monolith-one-66\/","url":"https:\/\/www.kamadobbq.be\/fr\/shop\/monolith-fr\/monolith-barbecues\/monolith-one-66\/","name":"Monolith ONE.66 - Kamado BBQ | De Kamado &amp; BBQ Specialist!","isPartOf":{"@id":"https:\/\/www.kamadobbq.be\/fr\/#website"},"primaryImageOfPage":{"@id":"https:\/\/www.kamadobbq.be\/fr\/shop\/monolith-fr\/monolith-barbecues\/monolith-one-66\/#primaryimage"},"image":{"@id":"https:\/\/www.kamadobbq.be\/fr\/shop\/monolith-fr\/monolith-barbecues\/monolith-one-66\/#primaryimage"},"thumbnailUrl":"https:\/\/www.kamadobbq.be\/wp-content\/uploads\/2025\/07\/ONE.66-1.jpg","datePublished":"2025-07-16T12:01:59+00:00","dateModified":"2026-03-30T14:06:31+00:00","description":"Monolith ONE.66 avec chariot! Une technologie de gril avanc\u00e9e et des caract\u00e9ristiques innovantes: tout ce que vous voulez!","breadcrumb":{"@id":"https:\/\/www.kamadobbq.be\/fr\/shop\/monolith-fr\/monolith-barbecues\/monolith-one-66\/#breadcrumb"},"inLanguage":"fr-BE","potentialAction":[{"@type":"ReadAction","target":["https:\/\/www.kamadobbq.be\/fr\/shop\/monolith-fr\/monolith-barbecues\/monolith-one-66\/"]}]},{"@type":"ImageObject","inLanguage":"fr-BE","@id":"https:\/\/www.kamadobbq.be\/fr\/shop\/monolith-fr\/monolith-barbecues\/monolith-one-66\/#primaryimage","url":"https:\/\/www.kamadobbq.be\/wp-content\/uploads\/2025\/07\/ONE.66-1.jpg","contentUrl":"https:\/\/www.kamadobbq.be\/wp-content\/uploads\/2025\/07\/ONE.66-1.jpg","width":1000,"height":1000},{"@type":"BreadcrumbList","@id":"https:\/\/www.kamadobbq.be\/fr\/shop\/monolith-fr\/monolith-barbecues\/monolith-one-66\/#breadcrumb","itemListElement":[{"@type":"ListItem","position":1,"name":"Shop","item":"https:\/\/www.kamadobbq.be\/fr\/shop\/"},{"@type":"ListItem","position":2,"name":"Monolith ONE.66"}]},{"@type":"WebSite","@id":"https:\/\/www.kamadobbq.be\/fr\/#website","url":"https:\/\/www.kamadobbq.be\/fr\/","name":"Kamado BBQ | De Kamado & BBQ Specialist!","description":"Beleef de ultieme barbecue ervaring - Kamado BBQ","publisher":{"@id":"https:\/\/www.kamadobbq.be\/fr\/#organization"},"alternateName":"Kamado BBQ","potentialAction":[{"@type":"SearchAction","target":{"@type":"EntryPoint","urlTemplate":"https:\/\/www.kamadobbq.be\/fr\/?s={search_term_string}"},"query-input":{"@type":"PropertyValueSpecification","valueRequired":true,"valueName":"search_term_string"}}],"inLanguage":"fr-BE"},{"@type":["Organization","Place","Store"],"@id":"https:\/\/www.kamadobbq.be\/fr\/#organization","name":"Kamado BBQ | De Kamado & BBQ Specialist!","url":"https:\/\/www.kamadobbq.be\/fr\/","logo":{"@id":"https:\/\/www.kamadobbq.be\/fr\/shop\/monolith-fr\/monolith-barbecues\/monolith-one-66\/#local-main-organization-logo"},"image":{"@id":"https:\/\/www.kamadobbq.be\/fr\/shop\/monolith-fr\/monolith-barbecues\/monolith-one-66\/#local-main-organization-logo"},"sameAs":["https:\/\/www.facebook.com\/KamadoBBQ\/","https:\/\/www.instagram.com\/kamado_bbq\/"],"address":{"@id":"https:\/\/www.kamadobbq.be\/fr\/shop\/monolith-fr\/monolith-barbecues\/monolith-one-66\/#local-main-place-address"},"geo":{"@type":"GeoCoordinates","latitude":"50.979225960799056","longitude":"5.122391337257679"},"telephone":["+32 13 661 636"],"openingHoursSpecification":[{"@type":"OpeningHoursSpecification","dayOfWeek":["Monday","Tuesday","Wednesday","Thursday","Friday"],"opens":"10:00","closes":"17:30"},{"@type":"OpeningHoursSpecification","dayOfWeek":["Saturday"],"opens":"10:00","closes":"16:00"},{"@type":"OpeningHoursSpecification","dayOfWeek":["Sunday"],"opens":"00:00","closes":"00:00"}],"email":"info@kamadobbq.be","areaServed":"Europe","currenciesAccepted":"Eur"},{"@type":"PostalAddress","@id":"https:\/\/www.kamadobbq.be\/fr\/shop\/monolith-fr\/monolith-barbecues\/monolith-one-66\/#local-main-place-address","streetAddress":"Meldertsestraat 8","addressLocality":"Zelem","postalCode":"3545","addressRegion":"Belgi\u00eb","addressCountry":"BE"},{"@type":"ImageObject","inLanguage":"fr-BE","@id":"https:\/\/www.kamadobbq.be\/fr\/shop\/monolith-fr\/monolith-barbecues\/monolith-one-66\/#local-main-organization-logo","url":"https:\/\/www.kamadobbq.be\/wp-content\/uploads\/2022\/02\/kamadobbq-logo-2.svg","contentUrl":"https:\/\/www.kamadobbq.be\/wp-content\/uploads\/2022\/02\/kamadobbq-logo-2.svg","caption":"Kamado BBQ | De Kamado & BBQ Specialist!"}]},"geo.placename":"Zelem","geo.position":{"lat":"50.979225960799056","long":"5.122391337257679"},"geo.region":"Belgium"},"_links":{"self":[{"href":"https:\/\/www.kamadobbq.be\/fr\/wp-json\/wp\/v2\/product\/100991","targetHints":{"allow":["GET"]}}],"collection":[{"href":"https:\/\/www.kamadobbq.be\/fr\/wp-json\/wp\/v2\/product"}],"about":[{"href":"https:\/\/www.kamadobbq.be\/fr\/wp-json\/wp\/v2\/types\/product"}],"wp:featuredmedia":[{"embeddable":true,"href":"https:\/\/www.kamadobbq.be\/fr\/wp-json\/wp\/v2\/media\/102782"}],"wp:attachment":[{"href":"https:\/\/www.kamadobbq.be\/fr\/wp-json\/wp\/v2\/media?parent=100991"}],"wp:term":[{"taxonomy":"product_brand","embeddable":true,"href":"https:\/\/www.kamadobbq.be\/fr\/wp-json\/wp\/v2\/product_brand?post=100991"},{"taxonomy":"product_cat","embeddable":true,"href":"https:\/\/www.kamadobbq.be\/fr\/wp-json\/wp\/v2\/product_cat?post=100991"},{"taxonomy":"product_tag","embeddable":true,"href":"https:\/\/www.kamadobbq.be\/fr\/wp-json\/wp\/v2\/product_tag?post=100991"}],"curies":[{"name":"wp","href":"https:\/\/api.w.org\/{rel}","templated":true}]}}